{"id":9135,"date":"2023-01-29T15:39:13","date_gmt":"2023-01-29T15:39:13","guid":{"rendered":"https:\/\/das-montessori-spielzeug.de\/product\/wooden-concave-and-convex-groove-lettering-board-early-education-montessori"},"modified":"2023-07-21T13:35:28","modified_gmt":"2023-07-21T13:35:28","slug":"holztablett-buchstaben-montessori","status":"publish","type":"product","link":"https:\/\/das-montessori-spielzeug.de\/de\/product\/holztablett-buchstaben-montessori","title":{"rendered":"Montessori-Buchstaben-Holztablett"},"content":{"rendered":"<p><span data-sheets-value=\"{&quot;1&quot;:2,&quot;2&quot;:&quot;. \\n\\nLe Plateau en bois aux lettres creus\u00e9es est un produit id\u00e9al pour l'\u00e9ducation et le d\u00e9veloppement de l'enfant. Il convient parfaitement aux enfants \u00e2g\u00e9s de 2 ans et plus. Fabriqu\u00e9 en bois de qualit\u00e9, il est solide, durable et r\u00e9siste aux chocs. Ce plateau en bois aux lettres creus\u00e9es a un format de taille 29x29. Il est id\u00e9al pour apprendre aux enfants leur alphabet et les bases du langage. \\n\\nInspir\u00e9 des principes de la m\u00e9thode Montessori, ce plateau en bois permet aux enfants d'apprendre \u00e0 leur rythme et de renforcer leurs capacit\u00e9s \u00e0 l'aide d'un jeu \u00e9ducatif. Son jeu de lettres creus\u00e9es favorise le d\u00e9veloppement de la motricit\u00e9 fine et incite l'enfant \u00e0 apprendre \u00e0 reconna\u00eetre les lettres et m\u00eame \u00e0 les \u00e9crire en reliant les points.\\n\\nLe plateau en bois aux lettres creus\u00e9es est un jeu id\u00e9al pour encourager les enfants \u00e0 apprendre \u00e0 lire et \u00e9crire. Son design est \u00e9l\u00e9gant et intuitif, ce qui le rend tr\u00e8s facile \u00e0 utiliser. Il est \u00e9galement l\u00e9ger et pratique \u00e0 transporter pour s'amuser partout.\\n\\nCe plateau en bois aux lettres creus\u00e9es est le compagnon parfait pour apprendre aux enfants \u00e0 lire et \u00e9crire. Il est \u00e0 la fois s\u00fbr, durable et \u00e9ducatif. En plus de favoriser le d\u00e9veloppement de la motricit\u00e9 fine et de l'apprentissage de la langue, il leur permet de progresser \u00e0 leur rythme gr\u00e2ce \u00e0 l'approche Montessori. Ce produit est l'outil parfait pour apprendre aux plus jeunes \u00e0 lire et \u00e0 \u00e9crire tout en s\u2019amusant.&quot;}\" data-sheets-formula=\"=doIt(R[0]C[-1])\">Das Holztablett Montessori-Buchstaben ist ein ideales Produkt f\u00fcr die Erziehung und Entwicklung von Kindern. Es eignet sich hervorragend f\u00fcr Kinder ab 2 Jahren. Es besteht aus hochwertigem Holz, ist robust, langlebig und sto\u00dffest. Das Holztablett mit den ausgeh\u00f6hlten Buchstaben hat eine Gr\u00f6\u00dfe von 29\u00d729. Es ist ideal, um Kindern das Alphabet und die Grundlagen der Sprache beizubringen.<\/span><\/p>\n<p><span data-sheets-value=\"{&quot;1&quot;:2,&quot;2&quot;:&quot;. \\n\\nLe Plateau en bois aux lettres creus\u00e9es est un produit id\u00e9al pour l'\u00e9ducation et le d\u00e9veloppement de l'enfant. Il convient parfaitement aux enfants \u00e2g\u00e9s de 2 ans et plus. Fabriqu\u00e9 en bois de qualit\u00e9, il est solide, durable et r\u00e9siste aux chocs. Ce plateau en bois aux lettres creus\u00e9es a un format de taille 29x29. Il est id\u00e9al pour apprendre aux enfants leur alphabet et les bases du langage. \\n\\nInspir\u00e9 des principes de la m\u00e9thode Montessori, ce plateau en bois permet aux enfants d'apprendre \u00e0 leur rythme et de renforcer leurs capacit\u00e9s \u00e0 l'aide d'un jeu \u00e9ducatif. Son jeu de lettres creus\u00e9es favorise le d\u00e9veloppement de la motricit\u00e9 fine et incite l'enfant \u00e0 apprendre \u00e0 reconna\u00eetre les lettres et m\u00eame \u00e0 les \u00e9crire en reliant les points.\\n\\nLe plateau en bois aux lettres creus\u00e9es est un jeu id\u00e9al pour encourager les enfants \u00e0 apprendre \u00e0 lire et \u00e9crire. Son design est \u00e9l\u00e9gant et intuitif, ce qui le rend tr\u00e8s facile \u00e0 utiliser. Il est \u00e9galement l\u00e9ger et pratique \u00e0 transporter pour s'amuser partout.\\n\\nCe plateau en bois aux lettres creus\u00e9es est le compagnon parfait pour apprendre aux enfants \u00e0 lire et \u00e9crire. Il est \u00e0 la fois s\u00fbr, durable et \u00e9ducatif. En plus de favoriser le d\u00e9veloppement de la motricit\u00e9 fine et de l'apprentissage de la langue, il leur permet de progresser \u00e0 leur rythme gr\u00e2ce \u00e0 l'approche Montessori. Ce produit est l'outil parfait pour apprendre aux plus jeunes \u00e0 lire et \u00e0 \u00e9crire tout en s\u2019amusant.&quot;}\" data-sheets-formula=\"=doIt(R[0]C[-1])\">\u2705 Dauerhaftes, schlagfestes Holz.<br \/>\n\u2705 Platzsparendes 29\u00d729-Format.<br \/>\n\u2705 Regt das Kind an, die Sprache zu lernen und sich zu entwickeln.<\/span><\/p>\n<p>Inspiriert von den Prinzipien der Montessori-Methode erm\u00f6glicht dieses Holzbrett Kindern, in ihrem eigenen Tempo zu lernen und ihre F\u00e4higkeiten mithilfe eines Lernspiels zu st\u00e4rken. Sein ausgeh\u00f6hltes Buchstabenspiel f\u00f6rdert die Entwicklung der Feinmotorik und regt das Kind dazu an, Buchstaben erkennen und sogar schreiben zu lernen, indem es die Punkte miteinander verbindet.<\/p>\n<p>Das Holzbrett mit den ausgeh\u00f6hlten Buchstaben ist ein ideales Spiel, um Kinder zum Lesen- und Schreibenlernen zu ermutigen. Es hat ein elegantes und intuitives Design, wodurch es sehr einfach zu bedienen ist. Au\u00dferdem ist es leicht und praktisch zu transportieren, sodass es \u00fcberall Spa\u00df macht.<\/p>\n<p>Dieses Holztablett mit ausgeh\u00f6hlten Buchstaben ist der perfekte Begleiter, um Kindern das Lesen und Schreiben beizubringen. Es ist sicher, langlebig und lehrreich zugleich. Es f\u00f6rdert nicht nur die Entwicklung der Feinmotorik und des Spracherwerbs, sondern erm\u00f6glicht ihnen auch, dank des Montessori-Ansatzes in ihrem eigenen Tempo Fortschritte zu machen. Dieses Produkt ist das perfekte Werkzeug, um den Kleinsten spielerisch das Lesen und Schreiben beizubringen.<\/p>","protected":false},"excerpt":{"rendered":"<p>Le plateau en bois lettres Montessori est un produit id\u00e9al pour l&#8217;\u00e9ducation et le d\u00e9veloppement de l&#8217;enfant. Il convient parfaitement<\/p>","protected":false},"featured_media":9129,"template":"","meta":[],"product_brand":[],"product_cat":[388],"product_tag":[],"class_list":{"0":"post-9135","1":"product","2":"type-product","3":"status-publish","4":"has-post-thumbnail","6":"product_cat-apprentissage-lettres","8":"first","9":"instock","10":"shipping-taxable","11":"purchasable","12":"product-type-simple"},"_links":{"self":[{"href":"https:\/\/das-montessori-spielzeug.de\/de\/wp-json\/wp\/v2\/product\/9135","targetHints":{"allow":["GET"]}}],"collection":[{"href":"https:\/\/das-montessori-spielzeug.de\/de\/wp-json\/wp\/v2\/product"}],"about":[{"href":"https:\/\/das-montessori-spielzeug.de\/de\/wp-json\/wp\/v2\/types\/product"}],"version-history":[{"count":0,"href":"https:\/\/das-montessori-spielzeug.de\/de\/wp-json\/wp\/v2\/product\/9135\/revisions"}],"wp:featuredmedia":[{"embeddable":true,"href":"https:\/\/das-montessori-spielzeug.de\/de\/wp-json\/wp\/v2\/media\/9129"}],"wp:attachment":[{"href":"https:\/\/das-montessori-spielzeug.de\/de\/wp-json\/wp\/v2\/media?parent=9135"}],"wp:term":[{"taxonomy":"product_brand","embeddable":true,"href":"https:\/\/das-montessori-spielzeug.de\/de\/wp-json\/wp\/v2\/product_brand?post=9135"},{"taxonomy":"product_cat","embeddable":true,"href":"https:\/\/das-montessori-spielzeug.de\/de\/wp-json\/wp\/v2\/product_cat?post=9135"},{"taxonomy":"product_tag","embeddable":true,"href":"https:\/\/das-montessori-spielzeug.de\/de\/wp-json\/wp\/v2\/product_tag?post=9135"}],"curies":[{"name":"wp","href":"https:\/\/api.w.org\/{rel}","templated":true}]}}