{"id":8979,"date":"2023-01-26T20:42:06","date_gmt":"2023-01-26T20:42:06","guid":{"rendered":"https:\/\/das-montessori-spielzeug.de\/product\/double-sided-wooden-montessori-enlightenment-teaching-aids-childrens-educational-toys"},"modified":"2024-04-02T23:38:05","modified_gmt":"2024-04-02T22:38:05","slug":"plateau-coordinattion-hand-auge-auge-tiere","status":"publish","type":"product","link":"https:\/\/das-montessori-spielzeug.de\/de\/product\/plateau-coordinattion-hand-auge-auge-tiere","title":{"rendered":"Tier-Hand-Auge-Koordinationstablett"},"content":{"rendered":"<p><span data-sheets-value=\"{&quot;1&quot;:2,&quot;2&quot;:&quot;.\\n\\nLe Plateau de coordination en bois est le jeu id\u00e9al pour les enfants \u00e2g\u00e9s entre 2 et 5 ans pour d\u00e9velopper leurs comp\u00e9tences et leur habilet\u00e9 manuelle. Le plateau \u00e9ducatif, selon la m\u00e9thode de Maria Montessori, propose des activit\u00e9s vari\u00e9es pour apprendre aux enfants \u00e0 se d\u00e9placer dans l'espace et \u00e0 devenir plus habiles.\\n\\nCe plateau est constitu\u00e9 de bois et de 4 animaux diff\u00e9rents. Le plateau est dot\u00e9 d'un trou circulaire pour chaque animal, ce qui permet aux enfants de d\u00e9velopper leur coordination entre les yeux et les mains. En faisant glisser et en embo\u00eetant les petits animaux, l'enfant apprend \u00e0 agir avec pr\u00e9cision et pr\u00e9voyance, lui permettant de mieux se familiariser avec le mouvement et d'am\u00e9liorer sa concentration. \\n\\nAvec ses dimensions optimales de 23x18 cm, ce plateau en bois est facile \u00e0 transporter et \u00e0 stocker, et de plus c'est un jeu tr\u00e8s intuitif qui peut \u00eatre jou\u00e9 seul, avec des amis ou avec des adultes. Les illustrations \u00e9ducatives et les couleurs vives et r\u00e9sistantes incitent les plus petits \u00e0 s'amuser pendant des heures. De plus, le plateau peut \u00eatre adapt\u00e9 aux besoins des enfants, puisque les bo\u00eetes, avec leurs couleurs vives, peuvent \u00eatre plac\u00e9es de diff\u00e9rentes mani\u00e8res et services vari\u00e9s. \\n\\nLe Plateau de coordination en bois est le jeu parfait pour stimuler l'\u00e9veil de votre enfant et l'aider \u00e0 d\u00e9velopper ses capacit\u00e9s cognitives et physiques d\u00e8s le plus jeune \u00e2ge. Gr\u00e2ce \u00e0 ses qualit\u00e9s \u00e9ducatives, les enfants pourront apprendre \u00e0 r\u00e9fl\u00e9chir et \u00e0 r\u00e9soudre des probl\u00e8mes en toute s\u00e9curit\u00e9, tout en s'amusant et s'\u00e9panouissant. C'est, sans aucun doute, un excellent choix pour offrir \u00e0 votre enfant une \u00e9ducation enrichissante et un divertissement s\u00fbr et amusant.&quot;}\" data-sheets-formula=\"=doIt(R[0]C[-1])\">Das Koordinationsbrett aus Holz ist das ideale Spiel f\u00fcr Kinder im Alter von 2 bis 5 Jahren, um ihre F\u00e4higkeiten und ihr handwerkliches Geschick zu entwickeln. Das Lernbrett nach der Methode von Maria Montessori bietet verschiedene Aktivit\u00e4ten, mit denen die Kinder lernen, sich im Raum zu bewegen und geschickter zu werden.<\/span><\/p>\n<p>\u2705 Holztablett zur Entwicklung manueller F\u00e4higkeiten.<br \/>\n\u2705 Montessori-Methode zum Erlernen von Bewegung\/Konzentration.<br \/>\n\u2705 Optimale Gr\u00f6\u00dfe, p\u00e4dagogische Illustrationen, anpassbar an die Bed\u00fcrfnisse.<\/p>\n<p><span data-sheets-value=\"{&quot;1&quot;:2,&quot;2&quot;:&quot;.\\n\\nLe Plateau de coordination en bois est le jeu id\u00e9al pour les enfants \u00e2g\u00e9s entre 2 et 5 ans pour d\u00e9velopper leurs comp\u00e9tences et leur habilet\u00e9 manuelle. Le plateau \u00e9ducatif, selon la m\u00e9thode de Maria Montessori, propose des activit\u00e9s vari\u00e9es pour apprendre aux enfants \u00e0 se d\u00e9placer dans l'espace et \u00e0 devenir plus habiles.\\n\\nCe plateau est constitu\u00e9 de bois et de 4 animaux diff\u00e9rents. Le plateau est dot\u00e9 d'un trou circulaire pour chaque animal, ce qui permet aux enfants de d\u00e9velopper leur coordination entre les yeux et les mains. En faisant glisser et en embo\u00eetant les petits animaux, l'enfant apprend \u00e0 agir avec pr\u00e9cision et pr\u00e9voyance, lui permettant de mieux se familiariser avec le mouvement et d'am\u00e9liorer sa concentration. \\n\\nAvec ses dimensions optimales de 23x18 cm, ce plateau en bois est facile \u00e0 transporter et \u00e0 stocker, et de plus c'est un jeu tr\u00e8s intuitif qui peut \u00eatre jou\u00e9 seul, avec des amis ou avec des adultes. Les illustrations \u00e9ducatives et les couleurs vives et r\u00e9sistantes incitent les plus petits \u00e0 s'amuser pendant des heures. De plus, le plateau peut \u00eatre adapt\u00e9 aux besoins des enfants, puisque les bo\u00eetes, avec leurs couleurs vives, peuvent \u00eatre plac\u00e9es de diff\u00e9rentes mani\u00e8res et services vari\u00e9s. \\n\\nLe Plateau de coordination en bois est le jeu parfait pour stimuler l'\u00e9veil de votre enfant et l'aider \u00e0 d\u00e9velopper ses capacit\u00e9s cognitives et physiques d\u00e8s le plus jeune \u00e2ge. Gr\u00e2ce \u00e0 ses qualit\u00e9s \u00e9ducatives, les enfants pourront apprendre \u00e0 r\u00e9fl\u00e9chir et \u00e0 r\u00e9soudre des probl\u00e8mes en toute s\u00e9curit\u00e9, tout en s'amusant et s'\u00e9panouissant. C'est, sans aucun doute, un excellent choix pour offrir \u00e0 votre enfant une \u00e9ducation enrichissante et un divertissement s\u00fbr et amusant.&quot;}\" data-sheets-formula=\"=doIt(R[0]C[-1])\">Dieses Tablett besteht aus Holz und zeigt vier verschiedene Tiere. Das Tablett hat f\u00fcr jedes Tier ein kreisf\u00f6rmiges Loch, wodurch die Kinder die Koordination zwischen Augen und H\u00e4nden entwickeln k\u00f6nnen. Durch das Schieben und Ineinanderstecken der kleinen Tiere lernt das Kind, pr\u00e4zise und vorausschauend zu handeln, wodurch es sich besser mit Bewegung vertraut machen und seine Konzentration verbessern kann.<\/span><\/p>\n<p>Mit seiner optimalen Gr\u00f6\u00dfe von 23\u00d718 cm ist dieses Holzbrett leicht zu transportieren und zu lagern, und au\u00dferdem ist es ein sehr intuitives Spiel, das allein, mit Freunden oder mit Erwachsenen gespielt werden kann. Die lehrreichen Illustrationen und die kr\u00e4ftigen, widerstandsf\u00e4higen Farben regen die Kleinen zu stundenlangem Spielspa\u00df an. Au\u00dferdem kann das Spielbrett an die Bed\u00fcrfnisse der Kinder angepasst werden, da die Schachteln mit ihren leuchtenden Farben auf verschiedene Arten und Dienste platziert werden k\u00f6nnen.<\/p>\n<p>Das Koordinationsbrett aus Holz ist das perfekte Spiel, um die Wachsamkeit Ihres Kindes zu f\u00f6rdern und ihm zu helfen, seine kognitiven und k\u00f6rperlichen F\u00e4higkeiten von klein auf zu entwickeln. Dank seiner p\u00e4dagogischen Qualit\u00e4ten k\u00f6nnen Kinder auf sichere Weise lernen, zu denken und Probleme zu l\u00f6sen, w\u00e4hrend sie Spa\u00df haben und sich weiterentwickeln. Es ist zweifellos eine ausgezeichnete Wahl, um Ihrem Kind eine bereichernde Bildung und eine sichere und unterhaltsame Unterhaltung zu bieten.<\/p>","protected":false},"excerpt":{"rendered":"<p>Das Koordinationsbrett aus Holz ist das ideale Spiel f\u00fcr Kinder im Alter von 2 bis 5 Jahren, um<\/p>","protected":false},"featured_media":8972,"template":"","meta":[],"product_brand":[],"product_cat":[379,358,342,344],"product_tag":[],"class_list":{"0":"post-8979","1":"product","2":"type-product","3":"status-publish","4":"has-post-thumbnail","6":"product_cat-jeu-articule","7":"product_cat-jeu-logique","8":"product_cat-jeux-montessori-1an-18mois","9":"product_cat-jeux-montessori-2ans-3-ans","11":"first","12":"instock","13":"shipping-taxable","14":"purchasable","15":"product-type-simple"},"_links":{"self":[{"href":"https:\/\/das-montessori-spielzeug.de\/de\/wp-json\/wp\/v2\/product\/8979","targetHints":{"allow":["GET"]}}],"collection":[{"href":"https:\/\/das-montessori-spielzeug.de\/de\/wp-json\/wp\/v2\/product"}],"about":[{"href":"https:\/\/das-montessori-spielzeug.de\/de\/wp-json\/wp\/v2\/types\/product"}],"version-history":[{"count":0,"href":"https:\/\/das-montessori-spielzeug.de\/de\/wp-json\/wp\/v2\/product\/8979\/revisions"}],"wp:featuredmedia":[{"embeddable":true,"href":"https:\/\/das-montessori-spielzeug.de\/de\/wp-json\/wp\/v2\/media\/8972"}],"wp:attachment":[{"href":"https:\/\/das-montessori-spielzeug.de\/de\/wp-json\/wp\/v2\/media?parent=8979"}],"wp:term":[{"taxonomy":"product_brand","embeddable":true,"href":"https:\/\/das-montessori-spielzeug.de\/de\/wp-json\/wp\/v2\/product_brand?post=8979"},{"taxonomy":"product_cat","embeddable":true,"href":"https:\/\/das-montessori-spielzeug.de\/de\/wp-json\/wp\/v2\/product_cat?post=8979"},{"taxonomy":"product_tag","embeddable":true,"href":"https:\/\/das-montessori-spielzeug.de\/de\/wp-json\/wp\/v2\/product_tag?post=8979"}],"curies":[{"name":"wp","href":"https:\/\/api.w.org\/{rel}","templated":true}]}}