{"id":8967,"date":"2023-01-26T20:41:13","date_gmt":"2023-01-26T20:41:13","guid":{"rendered":"https:\/\/das-montessori-spielzeug.de\/product\/wooden-tic-tac-toe-children-montessori-early-learning-educational-toys"},"modified":"2023-07-21T13:35:27","modified_gmt":"2023-07-21T13:35:27","slug":"tic-tac-toe-holz","status":"publish","type":"product","link":"https:\/\/das-montessori-spielzeug.de\/de\/product\/tic-tac-toe-holz","title":{"rendered":"Tic Tac Toe aus Holz"},"content":{"rendered":"<p><span data-sheets-value=\"{&quot;1&quot;:2,&quot;2&quot;:&quot;.\\n\\nLe jeu Tic-Tac-Toe XOX est une excellente mani\u00e8re d\u2019am\u00e9liorer le d\u00e9veloppement des enfants. Tr\u00e8s populaire et jou\u00e9 depuis des d\u00e9cennies aux quatre coins du monde, ce jeu est tr\u00e8s appr\u00e9ci\u00e9 des enfants, et il est con\u00e7u pour \u00eatre utilis\u00e9 en compl\u00e9ment de l\u2019enseignement Montessori.\\n\\nLe jeu est compos\u00e9 d\u2019un plateau en bois, en forme de carr\u00e9, mesurant 9.5x9.5 cm. Le plateau est d\u00e9cor\u00e9 de deux couleurs, ce qui donne un aspect visuel tr\u00e8s agr\u00e9able. Il est livr\u00e9 avec deux sets de pions, l\u2019un en forme de O et l\u2019autre en forme de X, qui sont \u00e9galement en bois.\\n\\nCe jeu est non seulement divertissant, mais il apprend \u00e9galement aux enfants des principes de base des math\u00e9matiques. Ils peuvent \u00e9galement b\u00e9n\u00e9ficier d\u2019une formation sur la fa\u00e7on de d\u00e9velopper leurs capacit\u00e9s de raisonnement et leurs strat\u00e9gies. Il permet \u00e9galement aux enfants d\u2019\u00eatre plus \u00e0 l\u2019aise avec la communication et la collaboration, ce qui est un atout pr\u00e9cieux \u00e0 leur d\u00e9veloppement.\\n\\nPar cons\u00e9quent, le jeu Tic-Tac-Toe XOX est un excellent moyen de divertir votre enfant de mani\u00e8re calme et divertissante, sans aborder des sujets qui pourraient \u00eatre trop compliqu\u00e9s pour eux. En plus d'offrir une excellente activit\u00e9 pour les enfants, le jeu est \u00e9galement tr\u00e8s durable et peut \u00eatre conserv\u00e9 longtemps. Il est con\u00e7u avec des mat\u00e9riaux de qualit\u00e9 et est donc tr\u00e8s r\u00e9sistant.\\n\\nLe jeu Tic-Tac-Toe XOX est la solution id\u00e9ale pour offrir \u00e0 votre enfant des heures de divertissement et de d\u00e9veloppement tout en s\u2019amusant. Avec sa taille compacte, il peut facilement \u00eatre transport\u00e9 et stock\u00e9. Votre enfant va adorer s'amuser et apprendre en m\u00eame temps! Alors, qu'attendez-vous pour vous offrir le jeu Tic-Tac-Toe XOX?&quot;}\" data-sheets-formula=\"=doIt(R[0]C[-1])\">Das Tic-Tac-Toe XOX-Spiel ist eine gro\u00dfartige M\u00f6glichkeit, die Entwicklung von Kindern zu verbessern. Dieses Spiel ist sehr beliebt und wird seit Jahrzehnten auf der ganzen Welt gespielt. Es erfreut sich bei Kindern gro\u00dfer Beliebtheit und ist als Erg\u00e4nzung zum Montessori-Unterricht konzipiert.<\/span><\/p>\n<p><span data-sheets-value=\"{&quot;1&quot;:2,&quot;2&quot;:&quot;.\\n\\nLe jeu Tic-Tac-Toe XOX est une excellente mani\u00e8re d\u2019am\u00e9liorer le d\u00e9veloppement des enfants. Tr\u00e8s populaire et jou\u00e9 depuis des d\u00e9cennies aux quatre coins du monde, ce jeu est tr\u00e8s appr\u00e9ci\u00e9 des enfants, et il est con\u00e7u pour \u00eatre utilis\u00e9 en compl\u00e9ment de l\u2019enseignement Montessori.\\n\\nLe jeu est compos\u00e9 d\u2019un plateau en bois, en forme de carr\u00e9, mesurant 9.5x9.5 cm. Le plateau est d\u00e9cor\u00e9 de deux couleurs, ce qui donne un aspect visuel tr\u00e8s agr\u00e9able. Il est livr\u00e9 avec deux sets de pions, l\u2019un en forme de O et l\u2019autre en forme de X, qui sont \u00e9galement en bois.\\n\\nCe jeu est non seulement divertissant, mais il apprend \u00e9galement aux enfants des principes de base des math\u00e9matiques. Ils peuvent \u00e9galement b\u00e9n\u00e9ficier d\u2019une formation sur la fa\u00e7on de d\u00e9velopper leurs capacit\u00e9s de raisonnement et leurs strat\u00e9gies. Il permet \u00e9galement aux enfants d\u2019\u00eatre plus \u00e0 l\u2019aise avec la communication et la collaboration, ce qui est un atout pr\u00e9cieux \u00e0 leur d\u00e9veloppement.\\n\\nPar cons\u00e9quent, le jeu Tic-Tac-Toe XOX est un excellent moyen de divertir votre enfant de mani\u00e8re calme et divertissante, sans aborder des sujets qui pourraient \u00eatre trop compliqu\u00e9s pour eux. En plus d'offrir une excellente activit\u00e9 pour les enfants, le jeu est \u00e9galement tr\u00e8s durable et peut \u00eatre conserv\u00e9 longtemps. Il est con\u00e7u avec des mat\u00e9riaux de qualit\u00e9 et est donc tr\u00e8s r\u00e9sistant.\\n\\nLe jeu Tic-Tac-Toe XOX est la solution id\u00e9ale pour offrir \u00e0 votre enfant des heures de divertissement et de d\u00e9veloppement tout en s\u2019amusant. Avec sa taille compacte, il peut facilement \u00eatre transport\u00e9 et stock\u00e9. Votre enfant va adorer s'amuser et apprendre en m\u00eame temps! Alors, qu'attendez-vous pour vous offrir le jeu Tic-Tac-Toe XOX?&quot;}\" data-sheets-formula=\"=doIt(R[0]C[-1])\">\u2705 Verbessert die kindliche Entwicklung<br \/>\n<\/span><span data-sheets-value=\"{&quot;1&quot;:2,&quot;2&quot;:&quot;.\\n\\nLe jeu Tic-Tac-Toe XOX est une excellente mani\u00e8re d\u2019am\u00e9liorer le d\u00e9veloppement des enfants. Tr\u00e8s populaire et jou\u00e9 depuis des d\u00e9cennies aux quatre coins du monde, ce jeu est tr\u00e8s appr\u00e9ci\u00e9 des enfants, et il est con\u00e7u pour \u00eatre utilis\u00e9 en compl\u00e9ment de l\u2019enseignement Montessori.\\n\\nLe jeu est compos\u00e9 d\u2019un plateau en bois, en forme de carr\u00e9, mesurant 9.5x9.5 cm. Le plateau est d\u00e9cor\u00e9 de deux couleurs, ce qui donne un aspect visuel tr\u00e8s agr\u00e9able. Il est livr\u00e9 avec deux sets de pions, l\u2019un en forme de O et l\u2019autre en forme de X, qui sont \u00e9galement en bois.\\n\\nCe jeu est non seulement divertissant, mais il apprend \u00e9galement aux enfants des principes de base des math\u00e9matiques. Ils peuvent \u00e9galement b\u00e9n\u00e9ficier d\u2019une formation sur la fa\u00e7on de d\u00e9velopper leurs capacit\u00e9s de raisonnement et leurs strat\u00e9gies. Il permet \u00e9galement aux enfants d\u2019\u00eatre plus \u00e0 l\u2019aise avec la communication et la collaboration, ce qui est un atout pr\u00e9cieux \u00e0 leur d\u00e9veloppement.\\n\\nPar cons\u00e9quent, le jeu Tic-Tac-Toe XOX est un excellent moyen de divertir votre enfant de mani\u00e8re calme et divertissante, sans aborder des sujets qui pourraient \u00eatre trop compliqu\u00e9s pour eux. En plus d'offrir une excellente activit\u00e9 pour les enfants, le jeu est \u00e9galement tr\u00e8s durable et peut \u00eatre conserv\u00e9 longtemps. Il est con\u00e7u avec des mat\u00e9riaux de qualit\u00e9 et est donc tr\u00e8s r\u00e9sistant.\\n\\nLe jeu Tic-Tac-Toe XOX est la solution id\u00e9ale pour offrir \u00e0 votre enfant des heures de divertissement et de d\u00e9veloppement tout en s\u2019amusant. Avec sa taille compacte, il peut facilement \u00eatre transport\u00e9 et stock\u00e9. Votre enfant va adorer s'amuser et apprendre en m\u00eame temps! Alors, qu'attendez-vous pour vous offrir le jeu Tic-Tac-Toe XOX?&quot;}\" data-sheets-formula=\"=doIt(R[0]C[-1])\">\u2705 Versteht die Grundprinzipien der Mathematik<br \/>\n<\/span><span data-sheets-value=\"{&quot;1&quot;:2,&quot;2&quot;:&quot;.\\n\\nLe jeu Tic-Tac-Toe XOX est une excellente mani\u00e8re d\u2019am\u00e9liorer le d\u00e9veloppement des enfants. Tr\u00e8s populaire et jou\u00e9 depuis des d\u00e9cennies aux quatre coins du monde, ce jeu est tr\u00e8s appr\u00e9ci\u00e9 des enfants, et il est con\u00e7u pour \u00eatre utilis\u00e9 en compl\u00e9ment de l\u2019enseignement Montessori.\\n\\nLe jeu est compos\u00e9 d\u2019un plateau en bois, en forme de carr\u00e9, mesurant 9.5x9.5 cm. Le plateau est d\u00e9cor\u00e9 de deux couleurs, ce qui donne un aspect visuel tr\u00e8s agr\u00e9able. Il est livr\u00e9 avec deux sets de pions, l\u2019un en forme de O et l\u2019autre en forme de X, qui sont \u00e9galement en bois.\\n\\nCe jeu est non seulement divertissant, mais il apprend \u00e9galement aux enfants des principes de base des math\u00e9matiques. Ils peuvent \u00e9galement b\u00e9n\u00e9ficier d\u2019une formation sur la fa\u00e7on de d\u00e9velopper leurs capacit\u00e9s de raisonnement et leurs strat\u00e9gies. Il permet \u00e9galement aux enfants d\u2019\u00eatre plus \u00e0 l\u2019aise avec la communication et la collaboration, ce qui est un atout pr\u00e9cieux \u00e0 leur d\u00e9veloppement.\\n\\nPar cons\u00e9quent, le jeu Tic-Tac-Toe XOX est un excellent moyen de divertir votre enfant de mani\u00e8re calme et divertissante, sans aborder des sujets qui pourraient \u00eatre trop compliqu\u00e9s pour eux. En plus d'offrir une excellente activit\u00e9 pour les enfants, le jeu est \u00e9galement tr\u00e8s durable et peut \u00eatre conserv\u00e9 longtemps. Il est con\u00e7u avec des mat\u00e9riaux de qualit\u00e9 et est donc tr\u00e8s r\u00e9sistant.\\n\\nLe jeu Tic-Tac-Toe XOX est la solution id\u00e9ale pour offrir \u00e0 votre enfant des heures de divertissement et de d\u00e9veloppement tout en s\u2019amusant. Avec sa taille compacte, il peut facilement \u00eatre transport\u00e9 et stock\u00e9. Votre enfant va adorer s'amuser et apprendre en m\u00eame temps! Alors, qu'attendez-vous pour vous offrir le jeu Tic-Tac-Toe XOX?&quot;}\" data-sheets-formula=\"=doIt(R[0]C[-1])\">\u2705 F\u00f6rdert Kommunikation und Zusammenarbeit<\/span><\/p>\n<p>Das Spiel besteht aus einem Holzbrett in Form eines Quadrats mit den Ma\u00dfen 9,5 x 9,5 cm. Die Oberseite ist zweifarbig gestaltet, was f\u00fcr ein sehr angenehmes optisches Erscheinungsbild sorgt. Im Lieferumfang sind zwei Satz Spielfiguren enthalten, einer in O-Form und der andere in X-Form, die ebenfalls aus Holz bestehen.<\/p>\n<p>Dieses Spiel ist nicht nur unterhaltsam, sondern vermittelt Kindern auch die Grundprinzipien der Mathematik. Sie k\u00f6nnen auch von Schulungen zur Entwicklung ihrer Denkf\u00e4higkeiten und Strategien profitieren. Au\u00dferdem k\u00f6nnen Kinder dadurch besser kommunizieren und zusammenarbeiten, was f\u00fcr ihre Entwicklung von gro\u00dfem Wert ist.<\/p>\n<p>Daher ist das XOX Tic-Tac-Toe-Spiel eine hervorragende M\u00f6glichkeit, Ihr Kind auf ruhige und unterhaltsame Weise zu unterhalten, ohne Themen anzusprechen, die f\u00fcr sie zu kompliziert sein k\u00f6nnten. Das Spiel bietet nicht nur eine tolle Besch\u00e4ftigung f\u00fcr Kinder, sondern ist auch sehr langlebig und kann lange aufbewahrt werden. Es wurde aus hochwertigen Materialien hergestellt und ist daher sehr widerstandsf\u00e4hig.<\/p>\n<p>Das XOX Tic-Tac-Toe-Spiel ist die ideale L\u00f6sung, um Ihrem Kind stundenlange Unterhaltung und Entwicklung zu bieten und dabei Spa\u00df zu haben. Dank seiner kompakten Gr\u00f6\u00dfe l\u00e4sst es sich leicht transportieren und aufbewahren. Ihr Kind wird es lieben, Spa\u00df zu haben und gleichzeitig zu lernen! Also, worauf warten Sie noch, um sich das XOX Tic-Tac-Toe-Spiel zuzulegen?<\/p>","protected":false},"excerpt":{"rendered":"<p>Das Spiel Tic-Tac-Toe XOX ist eine hervorragende M\u00f6glichkeit, die Entwicklung von Kindern zu f\u00f6rdern. Sehr beliebt und seit Jahrzehnten gespielt<\/p>","protected":false},"featured_media":12453,"template":"","meta":[],"product_brand":[],"product_cat":[358,342,344,345],"product_tag":[],"class_list":{"0":"post-8967","1":"product","2":"type-product","3":"status-publish","4":"has-post-thumbnail","6":"product_cat-jeu-logique","7":"product_cat-jeux-montessori-1an-18mois","8":"product_cat-jeux-montessori-2ans-3-ans","9":"product_cat-jeux-montessori-3ans-4-ans","11":"first","12":"instock","13":"sale","14":"purchasable","15":"product-type-variable","16":"has-default-attributes"},"_links":{"self":[{"href":"https:\/\/das-montessori-spielzeug.de\/de\/wp-json\/wp\/v2\/product\/8967","targetHints":{"allow":["GET"]}}],"collection":[{"href":"https:\/\/das-montessori-spielzeug.de\/de\/wp-json\/wp\/v2\/product"}],"about":[{"href":"https:\/\/das-montessori-spielzeug.de\/de\/wp-json\/wp\/v2\/types\/product"}],"version-history":[{"count":0,"href":"https:\/\/das-montessori-spielzeug.de\/de\/wp-json\/wp\/v2\/product\/8967\/revisions"}],"wp:featuredmedia":[{"embeddable":true,"href":"https:\/\/das-montessori-spielzeug.de\/de\/wp-json\/wp\/v2\/media\/12453"}],"wp:attachment":[{"href":"https:\/\/das-montessori-spielzeug.de\/de\/wp-json\/wp\/v2\/media?parent=8967"}],"wp:term":[{"taxonomy":"product_brand","embeddable":true,"href":"https:\/\/das-montessori-spielzeug.de\/de\/wp-json\/wp\/v2\/product_brand?post=8967"},{"taxonomy":"product_cat","embeddable":true,"href":"https:\/\/das-montessori-spielzeug.de\/de\/wp-json\/wp\/v2\/product_cat?post=8967"},{"taxonomy":"product_tag","embeddable":true,"href":"https:\/\/das-montessori-spielzeug.de\/de\/wp-json\/wp\/v2\/product_tag?post=8967"}],"curies":[{"name":"wp","href":"https:\/\/api.w.org\/{rel}","templated":true}]}}