{"id":8957,"date":"2023-01-26T20:40:31","date_gmt":"2023-01-26T20:40:31","guid":{"rendered":"https:\/\/das-montessori-spielzeug.de\/product\/childrens-montessori-fun-life-busy-board-baby-multifunctional-treasure-box"},"modified":"2023-07-21T13:35:26","modified_gmt":"2023-07-21T13:35:26","slug":"wurfel-busy-board-montessori","status":"publish","type":"product","link":"https:\/\/das-montessori-spielzeug.de\/de\/product\/wurfel-busy-board-montessori","title":{"rendered":"Cube Busy Board Montessori"},"content":{"rendered":"<p><span data-sheets-value=\"{&quot;1&quot;:2,&quot;2&quot;:&quot; qui veulent offrir \u00e0 leur enfant un cadeau produit \u00e9ducatif.\\n\\nLe cube busy board Montessori est une table de dexterit\u00e9 \u00e9ducative parfaite pour les enfants en bas \u00e2ge. Ce produit est fabriqu\u00e9 en bois, avec des dimensions de 15 x 13 x 10 cm pour la plupart des enfants. Il est adapt\u00e9 aux enfants \u00e0 partir de 12 mois et offre une activit\u00e9 stimulante et divertissante. Les parents peuvent compter sur cette table de travail pour maintenir l'int\u00e9r\u00eat de leur enfant et pour s'assurer que leur d\u00e9veloppement cognitif est favoris\u00e9.\\n\\nLe Cube busy board Montessori est dot\u00e9 d'un labyrinthe, d'engrenages et d'aiguilles rotatives. Les engrenages sont parfaitement adapt\u00e9s pour les doigts fins des enfants et encouragent leur habilet\u00e9 motorie. En tournant les engrenages, les enfants d\u00e9veloppent leur notion de cause \u00e0 effet.Les aiguilles rotatives quant \u00e0 elles, am\u00e8nent l'enfant \u00e0 utiliser la perception visuelle pour s'orienter et maintenir sa concentration.\\n\\nLe cube busy board Montessori est une excellente id\u00e9e de cadeau pour les parents qui cherchent \u00e0 offrir \u00e0 leur enfant un produit \u00e9ducatif divertissant et stimulant. Il permet aux enfants de d\u00e9velopper leur concentration et leur coordination en les confrontant \u00e0 des d\u00e9fis ludiques. Gr\u00e2ce au Cube busy board Montessori, les parents peuvent s'assurer que leur enfant d\u00e9veloppe ses aptitudes intellectuelles et sa motricit\u00e9 dans un cadre s\u00fbr et amusant.&quot;}\" data-sheets-formula=\"=doIt(R[0]C[-1])\">Der Montessori-Busy-Board-W\u00fcrfel ist ein p\u00e4dagogisch wertvoller Spieltisch, der sich perfekt f\u00fcr Kleinkinder eignet.  Hergestellt aus Holz, mit Abmessungen von 15 x 13 x 10 cm leicht zu greifen f\u00fcr die meisten Kinder. Er ist f\u00fcr Kinder ab 12 Monaten geeignet und bietet eine anregende und unterhaltsame Besch\u00e4ftigung. Eltern k\u00f6nnen sich darauf verlassen, dass dieser Fingerfertigkeitsw\u00fcrfel das Interesse ihres Kindes weckt und sicherstellt, dass die kognitive Entwicklung des Kindes gef\u00f6rdert wird.<br \/>\n<\/span><\/p>\n<p><span data-sheets-value=\"{&quot;1&quot;:2,&quot;2&quot;:&quot; qui veulent offrir \u00e0 leur enfant un cadeau produit \u00e9ducatif.\\n\\nLe cube busy board Montessori est une table de dexterit\u00e9 \u00e9ducative parfaite pour les enfants en bas \u00e2ge. Ce produit est fabriqu\u00e9 en bois, avec des dimensions de 15 x 13 x 10 cm pour la plupart des enfants. Il est adapt\u00e9 aux enfants \u00e0 partir de 12 mois et offre une activit\u00e9 stimulante et divertissante. Les parents peuvent compter sur cette table de travail pour maintenir l'int\u00e9r\u00eat de leur enfant et pour s'assurer que leur d\u00e9veloppement cognitif est favoris\u00e9.\\n\\nLe Cube busy board Montessori est dot\u00e9 d'un labyrinthe, d'engrenages et d'aiguilles rotatives. Les engrenages sont parfaitement adapt\u00e9s pour les doigts fins des enfants et encouragent leur habilet\u00e9 motorie. En tournant les engrenages, les enfants d\u00e9veloppent leur notion de cause \u00e0 effet.Les aiguilles rotatives quant \u00e0 elles, am\u00e8nent l'enfant \u00e0 utiliser la perception visuelle pour s'orienter et maintenir sa concentration.\\n\\nLe cube busy board Montessori est une excellente id\u00e9e de cadeau pour les parents qui cherchent \u00e0 offrir \u00e0 leur enfant un produit \u00e9ducatif divertissant et stimulant. Il permet aux enfants de d\u00e9velopper leur concentration et leur coordination en les confrontant \u00e0 des d\u00e9fis ludiques. Gr\u00e2ce au Cube busy board Montessori, les parents peuvent s'assurer que leur enfant d\u00e9veloppe ses aptitudes intellectuelles et sa motricit\u00e9 dans un cadre s\u00fbr et amusant.&quot;}\" data-sheets-formula=\"=doIt(R[0]C[-1])\">\u2705<\/span>Montessori Busy Board Cube f\u00fcr Kinder.<br \/>\n<span data-sheets-value=\"{&quot;1&quot;:2,&quot;2&quot;:&quot; qui veulent offrir \u00e0 leur enfant un cadeau produit \u00e9ducatif.\\n\\nLe cube busy board Montessori est une table de dexterit\u00e9 \u00e9ducative parfaite pour les enfants en bas \u00e2ge. Ce produit est fabriqu\u00e9 en bois, avec des dimensions de 15 x 13 x 10 cm pour la plupart des enfants. Il est adapt\u00e9 aux enfants \u00e0 partir de 12 mois et offre une activit\u00e9 stimulante et divertissante. Les parents peuvent compter sur cette table de travail pour maintenir l'int\u00e9r\u00eat de leur enfant et pour s'assurer que leur d\u00e9veloppement cognitif est favoris\u00e9.\\n\\nLe Cube busy board Montessori est dot\u00e9 d'un labyrinthe, d'engrenages et d'aiguilles rotatives. Les engrenages sont parfaitement adapt\u00e9s pour les doigts fins des enfants et encouragent leur habilet\u00e9 motorie. En tournant les engrenages, les enfants d\u00e9veloppent leur notion de cause \u00e0 effet.Les aiguilles rotatives quant \u00e0 elles, am\u00e8nent l'enfant \u00e0 utiliser la perception visuelle pour s'orienter et maintenir sa concentration.\\n\\nLe cube busy board Montessori est une excellente id\u00e9e de cadeau pour les parents qui cherchent \u00e0 offrir \u00e0 leur enfant un produit \u00e9ducatif divertissant et stimulant. Il permet aux enfants de d\u00e9velopper leur concentration et leur coordination en les confrontant \u00e0 des d\u00e9fis ludiques. Gr\u00e2ce au Cube busy board Montessori, les parents peuvent s'assurer que leur enfant d\u00e9veloppe ses aptitudes intellectuelles et sa motricit\u00e9 dans un cadre s\u00fbr et amusant.&quot;}\" data-sheets-formula=\"=doIt(R[0]C[-1])\">\u2705 <\/span>F\u00f6rdert die kognitive Entwicklung und Koordination.<br \/>\n<span data-sheets-value=\"{&quot;1&quot;:2,&quot;2&quot;:&quot; qui veulent offrir \u00e0 leur enfant un cadeau produit \u00e9ducatif.\\n\\nLe cube busy board Montessori est une table de dexterit\u00e9 \u00e9ducative parfaite pour les enfants en bas \u00e2ge. Ce produit est fabriqu\u00e9 en bois, avec des dimensions de 15 x 13 x 10 cm pour la plupart des enfants. Il est adapt\u00e9 aux enfants \u00e0 partir de 12 mois et offre une activit\u00e9 stimulante et divertissante. Les parents peuvent compter sur cette table de travail pour maintenir l'int\u00e9r\u00eat de leur enfant et pour s'assurer que leur d\u00e9veloppement cognitif est favoris\u00e9.\\n\\nLe Cube busy board Montessori est dot\u00e9 d'un labyrinthe, d'engrenages et d'aiguilles rotatives. Les engrenages sont parfaitement adapt\u00e9s pour les doigts fins des enfants et encouragent leur habilet\u00e9 motorie. En tournant les engrenages, les enfants d\u00e9veloppent leur notion de cause \u00e0 effet.Les aiguilles rotatives quant \u00e0 elles, am\u00e8nent l'enfant \u00e0 utiliser la perception visuelle pour s'orienter et maintenir sa concentration.\\n\\nLe cube busy board Montessori est une excellente id\u00e9e de cadeau pour les parents qui cherchent \u00e0 offrir \u00e0 leur enfant un produit \u00e9ducatif divertissant et stimulant. Il permet aux enfants de d\u00e9velopper leur concentration et leur coordination en les confrontant \u00e0 des d\u00e9fis ludiques. Gr\u00e2ce au Cube busy board Montessori, les parents peuvent s'assurer que leur enfant d\u00e9veloppe ses aptitudes intellectuelles et sa motricit\u00e9 dans un cadre s\u00fbr et amusant.&quot;}\" data-sheets-formula=\"=doIt(R[0]C[-1])\">\u2705<\/span>Unterhaltsames und sicheres Bildungsgeschenk.<\/p>\n<p><span data-sheets-value=\"{&quot;1&quot;:2,&quot;2&quot;:&quot; qui veulent offrir \u00e0 leur enfant un cadeau produit \u00e9ducatif.\\n\\nLe cube busy board Montessori est une table de dexterit\u00e9 \u00e9ducative parfaite pour les enfants en bas \u00e2ge. Ce produit est fabriqu\u00e9 en bois, avec des dimensions de 15 x 13 x 10 cm pour la plupart des enfants. Il est adapt\u00e9 aux enfants \u00e0 partir de 12 mois et offre une activit\u00e9 stimulante et divertissante. Les parents peuvent compter sur cette table de travail pour maintenir l'int\u00e9r\u00eat de leur enfant et pour s'assurer que leur d\u00e9veloppement cognitif est favoris\u00e9.\\n\\nLe Cube busy board Montessori est dot\u00e9 d'un labyrinthe, d'engrenages et d'aiguilles rotatives. Les engrenages sont parfaitement adapt\u00e9s pour les doigts fins des enfants et encouragent leur habilet\u00e9 motorie. En tournant les engrenages, les enfants d\u00e9veloppent leur notion de cause \u00e0 effet.Les aiguilles rotatives quant \u00e0 elles, am\u00e8nent l'enfant \u00e0 utiliser la perception visuelle pour s'orienter et maintenir sa concentration.\\n\\nLe cube busy board Montessori est une excellente id\u00e9e de cadeau pour les parents qui cherchent \u00e0 offrir \u00e0 leur enfant un produit \u00e9ducatif divertissant et stimulant. Il permet aux enfants de d\u00e9velopper leur concentration et leur coordination en les confrontant \u00e0 des d\u00e9fis ludiques. Gr\u00e2ce au Cube busy board Montessori, les parents peuvent s'assurer que leur enfant d\u00e9veloppe ses aptitudes intellectuelles et sa motricit\u00e9 dans un cadre s\u00fbr et amusant.&quot;}\" data-sheets-formula=\"=doIt(R[0]C[-1])\">Das Montessori Busy Board Cube ist mit einem Labyrinth, Zahnr\u00e4dern und anderen Handgriffen ausgestattet. Die Zahnr\u00e4der sind perfekt f\u00fcr die feinen Finger der Kinder geeignet und f\u00f6rdern ihre Feinmotorik. Durch das Drehen der Zahnr\u00e4der entwickeln die Kinder eine Vorstellung von Ursache und Wirkung. Das Labyrith bringt das Kind dazu, die visuelle Wahrnehmung zu nutzen, um sich zu orientieren und seine Konzentration aufrechtzuerhalten.<\/span><\/p>\n<p>Der Montessori-Busy-Board-W\u00fcrfel ist eine ausgezeichnete Geschenkidee f\u00fcr Eltern, die ihrem Kind ein unterhaltsames und anregendes Lernprodukt schenken m\u00f6chten. Er hilft den Kindern, ihre Konzentration und Koordination zu entwickeln, indem er sie mit spielerischen Herausforderungen konfrontiert. Mit dem Montessori Busy Board Cube k\u00f6nnen Eltern sicherstellen, dass ihr Kind seine intellektuellen F\u00e4higkeiten und seine Motorik in einer sicheren und unterhaltsamen Umgebung entwickelt.<\/p>","protected":false},"excerpt":{"rendered":"<p>Le cube busy board Montessori est une table de dexterit\u00e9 \u00e9ducative parfaite pour les enfants en bas \u00e2ge.\u00a0 Fabriqu\u00e9 en<\/p>","protected":false},"featured_media":8951,"template":"","meta":[],"product_brand":[],"product_cat":[356,370,342,343],"product_tag":[],"class_list":{"0":"post-8957","1":"product","2":"type-product","3":"status-publish","4":"has-post-thumbnail","6":"product_cat-cube-activitie","7":"product_cat-jeu-engrenage","8":"product_cat-jeux-montessori-1an-18mois","9":"product_cat-jeux-montessori-18mois-2ans","11":"first","12":"instock","13":"sale","14":"shipping-taxable","15":"purchasable","16":"product-type-simple"},"_links":{"self":[{"href":"https:\/\/das-montessori-spielzeug.de\/de\/wp-json\/wp\/v2\/product\/8957","targetHints":{"allow":["GET"]}}],"collection":[{"href":"https:\/\/das-montessori-spielzeug.de\/de\/wp-json\/wp\/v2\/product"}],"about":[{"href":"https:\/\/das-montessori-spielzeug.de\/de\/wp-json\/wp\/v2\/types\/product"}],"version-history":[{"count":0,"href":"https:\/\/das-montessori-spielzeug.de\/de\/wp-json\/wp\/v2\/product\/8957\/revisions"}],"wp:featuredmedia":[{"embeddable":true,"href":"https:\/\/das-montessori-spielzeug.de\/de\/wp-json\/wp\/v2\/media\/8951"}],"wp:attachment":[{"href":"https:\/\/das-montessori-spielzeug.de\/de\/wp-json\/wp\/v2\/media?parent=8957"}],"wp:term":[{"taxonomy":"product_brand","embeddable":true,"href":"https:\/\/das-montessori-spielzeug.de\/de\/wp-json\/wp\/v2\/product_brand?post=8957"},{"taxonomy":"product_cat","embeddable":true,"href":"https:\/\/das-montessori-spielzeug.de\/de\/wp-json\/wp\/v2\/product_cat?post=8957"},{"taxonomy":"product_tag","embeddable":true,"href":"https:\/\/das-montessori-spielzeug.de\/de\/wp-json\/wp\/v2\/product_tag?post=8957"}],"curies":[{"name":"wp","href":"https:\/\/api.w.org\/{rel}","templated":true}]}}