{"id":8942,"date":"2023-01-26T20:39:21","date_gmt":"2023-01-26T20:39:21","guid":{"rendered":"https:\/\/das-montessori-spielzeug.de\/product\/children-wooden-rainbow-arched-stacked-toys-montessori-education-building-blocks"},"modified":"2024-03-27T19:07:44","modified_gmt":"2024-03-27T18:07:44","slug":"regenbogen-aus-holz-montessori","status":"publish","type":"product","link":"https:\/\/das-montessori-spielzeug.de\/de\/product\/regenbogen-aus-holz-montessori","title":{"rendered":"Montessori Regenbogen aus Holz"},"content":{"rendered":"<h2>Der Montessori-Regenbogen aus Holz: Grimms Regenbogen - ein Muss f\u00fcr die F\u00f6rderung von Kindern<\/h2>\n<p><strong>Korrekterweise auch als Grimms Regenbogen bezeichnet, <\/strong>mit seinen sanften Farben und den stapelbaren Holzbl\u00f6cken,<strong> der Regenbogen<\/strong> aus Montessori Holz ist das ideale Spielelement, um das Zimmer Ihres Kindes zu dekorieren. Inspiriert von der <strong>Montessori-P\u00e4dagogik<\/strong>Dieser h\u00f6lzerne Regenbogen bietet Ihrem Kind ein Medium, mit dem es Spa\u00df haben und seine F\u00e4higkeiten entwickeln kann. <em>Autonomie<\/em>. Die<strong> Pastellfarben<\/strong> beruhigenden und zauberhaften Kl\u00e4ngen laden die Kinder zur <em>Entdeckung<\/em> und dem Spiel.<\/p>\n<ul>\n<li><strong>Kreative und kognitive Stimulation :<\/strong> F\u00f6rdert die Entwicklung von Fantasie und Kreativit\u00e4t bei Kindern und unterst\u00fctzt spielerisch die Probleml\u00f6sung und das logische Denken.<\/li>\n<li><strong>Entwicklung der Feinmotorik :<\/strong> Entwickelt, um die Hand-Augen-Koordination und die feinmotorischen F\u00e4higkeiten zu verbessern, bieten die stapelbaren Bl\u00f6cke ein bereicherndes taktiles Erlebnis.<\/li>\n<li><strong>Sinneserziehung und Farben :<\/strong> Bietet eine umfassende Sinneserfahrung mit sanften Pastellt\u00f6nen, um Kindern Farben zu lehren und ihre visuelle Wahrnehmung zu stimulieren.<\/li>\n<\/ul>\n<h2>Die St\u00e4rken des Montessori Regenbogenpuzzles aus Holz<\/h2>\n<p>Holzbl\u00f6cke, die perfekt f\u00fcr ihre kleinen H\u00e4nde geeignet sind und zu einem Regenbogen gestapelt werden k\u00f6nnen. Ihr Kind kann seiner Fantasie freien Lauf lassen <strong>Vorstellungskraft<\/strong> indem er diese wunderbare Struktur nach eigenem Gutd\u00fcnken erschafft und wieder erschafft.<\/p>\n<h2>Ein entwicklungsf\u00e4higes und praktisches Spielzeug f\u00fcr Kinder<\/h2>\n<p>Seine <em>kompaktes Format<\/em> und <em>leicht<\/em> macht es leicht zu transportieren und zu verstauen, egal ob zu Hause oder bei den Gro\u00dfeltern.<\/p>\n<p>Der Montessori-Regenbogen aus Holz ist robust und langlebig und bietet Ihrem Kind eine hervorragende M\u00f6glichkeit, zu erforschen, Spa\u00df zu haben und seine <strong>Feinmotorik<\/strong>. Diese <em>Lehrmittel<\/em> regt kleine Kinder dazu an, lustige und kreative L\u00f6sungen f\u00fcr das Zusammensetzen des Regenbogenpuzzles zu finden.<\/p>\n<p>Der Hauptvorteil dieses h\u00f6lzernen Regenbogens ist seine <strong>Anpassungsf\u00e4higkeit <\/strong>f\u00fcr alle Altersstufen geeignet. Es ist ein fantastisches Medium, um Kindern Farben und Formen zu lehren und die Entwicklung ihres <em>Koordinierung<\/em>.<\/p>\n<p>Geben Sie Ihrem Kind die Freiheit, zu entdecken und <a href=\"https:\/\/www.pinterest.fr\/activitesm\/arc-en-ciel-grimms-et-autres\/\" target=\"_blank\" rel=\"noopener\">mit dem Regenbogen zu erkunden<\/a> aus Montessori Holz und verleihen Sie seinem Zimmer einen bunten und fr\u00f6hlichen Touch. Eine tolle M\u00f6glichkeit, die <em>Neugierde <\/em>und das <strong>Kreativit\u00e4t<\/strong> Ihres Kindes.<\/p>\n<p><em>Erfahren Sie mehr durch <a href=\"https:\/\/das-montessori-spielzeug.de\/de\/blog\">unsere Blogartikel<\/a><\/em><\/p>","protected":false},"excerpt":{"rendered":"<p>Der Montessori Regenbogen, ein Muss unter den Montessori-Spielzeugen, inspiriert zu grenzenloser Kreativit\u00e4t. Er f\u00f6rdert die kreative Entwicklung und unterst\u00fctzt gleichzeitig das Erlernen von Farben und ist der perfekte Verb\u00fcndete f\u00fcr die Entwicklung Ihres Kindes.<\/p>\n<ul>\n<li><span data-sheets-value=\"{&quot;1&quot;:2,&quot;2&quot;:&quot; avec des enfants.\\n\\nAvec ses couleurs chatoyantes et ses blocs en bois empilables, l'Arc-en-ciel en bois est l'accessoire ludique parfait pour habiller la chambre de votre enfant.\\n\\nD'un design classique et ravissant, l'arc-en-ciel en bois est id\u00e9al pour aider votre enfant \u00e0 s'amuser et \u00e0 d\u00e9velopper ses propres comp\u00e9tences. Il est couvert de couleurs pastel gaies et magiques, qui encouragent les enfants \u00e0 s'amuser et \u00e0 jouer.\\n\\nDes blocs en bois, parfaitement adapt\u00e9s \u00e0 leurs petites mains, peuvent \u00eatre empil\u00e9s pour former l'arc-en-ciel. Votre enfant pourra cr\u00e9er et recr\u00e9er la merveilleuse forme selon son h\u00e2te.\\n\\nSon format compact et l\u00e9ger le rend facile \u00e0 transporter et \u00e0 stocker pour une utilisation \u00e0 la maison ou sur la route.\\n\\nRobuste et durable, l'Arc-en-ciel en bois est un excellent moyen pour votre enfant d'apprendre, de s'amuser et de d\u00e9velopper sa motricit\u00e9 et sa dext\u00e9rit\u00e9. C'est un excellent outil p\u00e9dagogique et ludique con\u00e7u pour encourager les jeunes enfants \u00e0 trouver des moyens amusants et cr\u00e9atifs de reconstituer le puzzle Arc-en-ciel.\\n\\nLe plus grand avantage est que votre enfant peut s'amuser avec l'Arc-en-ciel en bois \u00e0 tout \u00e2ge. C'est un outil fantastique pour enseigner aux enfants les couleurs, les formes et aider \u00e0 d\u00e9velopper leur coordination.\\n\\nOffrez-lui la libert\u00e9 de d\u00e9couvrir avec l'Arc-en-ciel en bois et apportez couleurs et gaiet\u00e9 dans sa chambre. Un excellent moyen pour d\u00e9velopper la curiosit\u00e9 et la cr\u00e9ativit\u00e9 de votre enfant.&quot;}\" data-sheets-formula=\"=doIt(R[0]C[-1])\">Entwicklung von Kreativit\u00e4t und Vorstellungskraft<\/span><\/li>\n<li>Verbesserung der Feinmotorik<\/li>\n<li><span data-sheets-value=\"{&quot;1&quot;:2,&quot;2&quot;:&quot; avec des enfants.\\n\\nAvec ses couleurs chatoyantes et ses blocs en bois empilables, l'Arc-en-ciel en bois est l'accessoire ludique parfait pour habiller la chambre de votre enfant.\\n\\nD'un design classique et ravissant, l'arc-en-ciel en bois est id\u00e9al pour aider votre enfant \u00e0 s'amuser et \u00e0 d\u00e9velopper ses propres comp\u00e9tences. Il est couvert de couleurs pastel gaies et magiques, qui encouragent les enfants \u00e0 s'amuser et \u00e0 jouer.\\n\\nDes blocs en bois, parfaitement adapt\u00e9s \u00e0 leurs petites mains, peuvent \u00eatre empil\u00e9s pour former l'arc-en-ciel. Votre enfant pourra cr\u00e9er et recr\u00e9er la merveilleuse forme selon son h\u00e2te.\\n\\nSon format compact et l\u00e9ger le rend facile \u00e0 transporter et \u00e0 stocker pour une utilisation \u00e0 la maison ou sur la route.\\n\\nRobuste et durable, l'Arc-en-ciel en bois est un excellent moyen pour votre enfant d'apprendre, de s'amuser et de d\u00e9velopper sa motricit\u00e9 et sa dext\u00e9rit\u00e9. C'est un excellent outil p\u00e9dagogique et ludique con\u00e7u pour encourager les jeunes enfants \u00e0 trouver des moyens amusants et cr\u00e9atifs de reconstituer le puzzle Arc-en-ciel.\\n\\nLe plus grand avantage est que votre enfant peut s'amuser avec l'Arc-en-ciel en bois \u00e0 tout \u00e2ge. C'est un outil fantastique pour enseigner aux enfants les couleurs, les formes et aider \u00e0 d\u00e9velopper leur coordination.\\n\\nOffrez-lui la libert\u00e9 de d\u00e9couvrir avec l'Arc-en-ciel en bois et apportez couleurs et gaiet\u00e9 dans sa chambre. Un excellent moyen pour d\u00e9velopper la curiosit\u00e9 et la cr\u00e9ativit\u00e9 de votre enfant.&quot;}\" data-sheets-formula=\"=doIt(R[0]C[-1])\">Sinneserziehung<\/span><\/li>\n<\/ul>","protected":false},"featured_media":39508,"template":"","meta":[],"product_brand":[],"product_cat":[382],"product_tag":[],"class_list":{"0":"post-8942","1":"product","2":"type-product","3":"status-publish","4":"has-post-thumbnail","6":"product_cat-apprendre-volumes","8":"first","9":"instock","10":"sale","11":"shipping-taxable","12":"purchasable","13":"product-type-variable"},"_links":{"self":[{"href":"https:\/\/das-montessori-spielzeug.de\/de\/wp-json\/wp\/v2\/product\/8942","targetHints":{"allow":["GET"]}}],"collection":[{"href":"https:\/\/das-montessori-spielzeug.de\/de\/wp-json\/wp\/v2\/product"}],"about":[{"href":"https:\/\/das-montessori-spielzeug.de\/de\/wp-json\/wp\/v2\/types\/product"}],"version-history":[{"count":0,"href":"https:\/\/das-montessori-spielzeug.de\/de\/wp-json\/wp\/v2\/product\/8942\/revisions"}],"wp:featuredmedia":[{"embeddable":true,"href":"https:\/\/das-montessori-spielzeug.de\/de\/wp-json\/wp\/v2\/media\/39508"}],"wp:attachment":[{"href":"https:\/\/das-montessori-spielzeug.de\/de\/wp-json\/wp\/v2\/media?parent=8942"}],"wp:term":[{"taxonomy":"product_brand","embeddable":true,"href":"https:\/\/das-montessori-spielzeug.de\/de\/wp-json\/wp\/v2\/product_brand?post=8942"},{"taxonomy":"product_cat","embeddable":true,"href":"https:\/\/das-montessori-spielzeug.de\/de\/wp-json\/wp\/v2\/product_cat?post=8942"},{"taxonomy":"product_tag","embeddable":true,"href":"https:\/\/das-montessori-spielzeug.de\/de\/wp-json\/wp\/v2\/product_tag?post=8942"}],"curies":[{"name":"wp","href":"https:\/\/api.w.org\/{rel}","templated":true}]}}