{"id":8934,"date":"2023-01-26T20:37:09","date_gmt":"2023-01-26T20:37:09","guid":{"rendered":"https:\/\/das-montessori-spielzeug.de\/product\/early-education-hands-on-montessori-busy-board-unlock-toy"},"modified":"2023-07-21T13:35:24","modified_gmt":"2023-07-21T13:35:24","slug":"busy-board-deblocation","status":"publish","type":"product","link":"https:\/\/das-montessori-spielzeug.de\/de\/product\/busy-board-deblocation","title":{"rendered":"Besetztes Board entsperren"},"content":{"rendered":"<p>Ein Busy Board, manchmal auch Activity Board genannt, kann f\u00fcr Ihr Kind eine hervorragende M\u00f6glichkeit sein, auf unterhaltsame und spielerische Weise zu lernen und sich zu entwickeln. Unsere Busy Boards sind so konzipiert, dass sie den kreativen Geist f\u00f6rdern und dabei eine Vielzahl von F\u00e4higkeiten und Fertigkeiten entwickeln. Unser Spiel erf\u00fcllt viele entwicklungstechnische Anforderungen, wie z. B. die Entwicklung der Fein- und Grobmotorik.<\/p>\n<p><span data-sheets-value=\"{&quot;1&quot;:2,&quot;2&quot;:&quot;\\n\\n1. Stimule et divertit les enfants. \\n2. D\u00e9veloppe les comp\u00e9tences motrices et de r\u00e9solution de probl\u00e8mes. \\n3. Variet\u00e9 de v\u00e9rrouillages et d'activit\u00e9s.&quot;}\" data-sheets-userformat=\"{&quot;2&quot;:4226,&quot;4&quot;:{&quot;1&quot;:2,&quot;2&quot;:16777215},&quot;10&quot;:2,&quot;15&quot;:&quot;Arial&quot;}\" data-sheets-formula=\"=doit(R[0]C[-1])\">\u2705 Regt Kinder an und unterh\u00e4lt sie.<br \/>\n\u2705 Entwickelt motorische F\u00e4higkeiten und Probleml\u00f6sungsf\u00e4higkeiten.<br \/>\n\u2705 Vielfalt an Verriegelungen und Hebeln.<\/span><\/p>\n<p>Unser Busy Board ist so konstruiert, dass es mit robusten Materialien, die f\u00fcr Kinder ungef\u00e4hrlich sind, wie z. B. Holz, widerstandsf\u00e4hig ist. Vibrierende Farben sorgen f\u00fcr einen Kontrast, der ihre Blicke auf sich zieht.<\/p>\n<p>Das Busy Board besteht aus verschiedenen Rei\u00dfverschl\u00fcssen und Hebeln. Jeder hat verschiedene Funktionen, sodass Ihr Kind an seinen F\u00e4higkeiten arbeiten und diese entwickeln kann und die M\u00f6glichkeit hat, mit dem Board zu interagieren und zu spielen.<\/p>\n<p>Das Busy Board ist eine hervorragende M\u00f6glichkeit, die k\u00f6rperliche und kognitive Entwicklung Ihres Kindes zu f\u00f6rdern, und es gibt ihnen auch eine zus\u00e4tzliche Befriedigung, wenn sie die verschiedenen Elemente freischalten k\u00f6nnen. Mit seinem attraktiven Aussehen und den vibrierenden Farben zur Stimulierung der visuellen Sensibilit\u00e4t ist das Busy Board eine sichere und unterhaltsame M\u00f6glichkeit, Ihrem Kind jahrelang Freude, Lernen und Spa\u00df zu bereiten.<\/p>","protected":false},"excerpt":{"rendered":"<p>Un busy board, parfois appel\u00e9 tableau d&#8217;activit\u00e9s, peut \u00eatre une excellente fa\u00e7on amusante et ludique pour votre enfant d&#8217;apprendre et<\/p>","protected":false},"featured_media":8927,"template":"","meta":[],"product_brand":[],"product_cat":[382,387,341,342],"product_tag":[],"class_list":{"0":"post-8934","1":"product","2":"type-product","3":"status-publish","4":"has-post-thumbnail","6":"product_cat-apprendre-volumes","7":"product_cat-apprentissage-formes","8":"product_cat-jeux-montessori-6mois-1an","9":"product_cat-jeux-montessori-1an-18mois","11":"first","12":"instock","13":"shipping-taxable","14":"purchasable","15":"product-type-simple"},"_links":{"self":[{"href":"https:\/\/das-montessori-spielzeug.de\/de\/wp-json\/wp\/v2\/product\/8934","targetHints":{"allow":["GET"]}}],"collection":[{"href":"https:\/\/das-montessori-spielzeug.de\/de\/wp-json\/wp\/v2\/product"}],"about":[{"href":"https:\/\/das-montessori-spielzeug.de\/de\/wp-json\/wp\/v2\/types\/product"}],"version-history":[{"count":0,"href":"https:\/\/das-montessori-spielzeug.de\/de\/wp-json\/wp\/v2\/product\/8934\/revisions"}],"wp:featuredmedia":[{"embeddable":true,"href":"https:\/\/das-montessori-spielzeug.de\/de\/wp-json\/wp\/v2\/media\/8927"}],"wp:attachment":[{"href":"https:\/\/das-montessori-spielzeug.de\/de\/wp-json\/wp\/v2\/media?parent=8934"}],"wp:term":[{"taxonomy":"product_brand","embeddable":true,"href":"https:\/\/das-montessori-spielzeug.de\/de\/wp-json\/wp\/v2\/product_brand?post=8934"},{"taxonomy":"product_cat","embeddable":true,"href":"https:\/\/das-montessori-spielzeug.de\/de\/wp-json\/wp\/v2\/product_cat?post=8934"},{"taxonomy":"product_tag","embeddable":true,"href":"https:\/\/das-montessori-spielzeug.de\/de\/wp-json\/wp\/v2\/product_tag?post=8934"}],"curies":[{"name":"wp","href":"https:\/\/api.w.org\/{rel}","templated":true}]}}