{"id":8924,"date":"2023-01-26T20:36:33","date_gmt":"2023-01-26T20:36:33","guid":{"rendered":"https:\/\/das-montessori-spielzeug.de\/product\/mirror-wooden-textile-drum-montessori-early-education-teaching-aids"},"modified":"2023-07-21T13:35:24","modified_gmt":"2023-07-21T13:35:24","slug":"drehtrommel-mit-spiegel-und-kugel-im-inneren","status":"publish","type":"product","link":"https:\/\/das-montessori-spielzeug.de\/de\/product\/drehtrommel-mit-spiegel-und-kugel-im-inneren","title":{"rendered":"Drehtrommel mit Spiegel und Kugel im Inneren"},"content":{"rendered":"<p>Bieten Sie Ihrem kleinen Entdecker die faszinierende Erfahrung des spielerischen Lernens mit unserer drehbaren Trommel aus Buchenholz. Dieses Spielzeug wurde solide hergestellt und ist ungiftig und ungef\u00e4hrlich, sodass es von Kindern sicher verwendet werden kann.<\/p>\n<p>\u2705 Trommel aus hochwertigem Buchenholz.<br \/>\n\u2705 Entwicklung der Hand-Augen-Koordination und der Arm-\/Handgelenksmuskeln.<br \/>\n\u2705 Geeignet f\u00fcr Kinder von 6 Monaten bis 2 Jahren, entspricht der Montessori-P\u00e4dagogik.<\/p>\n<p>Helfen Sie Ihrem Kind, durch eine rollende Bewegung die Hand-Augen-Koordination sowie die Muskeln in Armen und Handgelenken zu entwickeln. Die bunten Farben ziehen sofort die Aufmerksamkeit Ihres Kindes auf sich und sorgen daf\u00fcr, dass es gerne lernt. Eine Murmel im Inneren der Trommel macht beim Drehen Ger\u00e4usche und wird Ihr Kind noch mehr dazu animieren, mit dieser Drehtrommel zu spielen.<\/p>\n<p>Unsere Drehtrommel ist eine ausgezeichnete Wahl f\u00fcr Kinder zwischen 6 Monaten und 2 Jahren, wenn sie den Prinzipien der Montessori-P\u00e4dagogik folgen. Mit den Ma\u00dfen 13,5x21x15cm hat dieses Spielzeug die perfekte Gr\u00f6\u00dfe f\u00fcr kleine H\u00e4nde und kann leicht \u00fcberall hin mitgenommen werden. Bitte beachten Sie, dass die Farbe aufgrund von Darstellungsunterschieden leicht variieren kann und dass die manuelle Messung zu einem kleinen Gr\u00f6\u00dfenfehler f\u00fchren kann.<\/p>\n<p>Bieten Sie Ihrem Kleinen die beste spielerische Lernerfahrung mit unserer drehbaren Trommel aus Buchenholz.<\/p>","protected":false},"excerpt":{"rendered":"<p>Offrez \u00e0 votre petit explorateur l&#8217;exp\u00e9rience fascinante d&#8217;apprendre en jouant avec notre tambour tournant en h\u00eatre. Fabriqu\u00e9 solidement, ce jouet<\/p>","protected":false},"featured_media":8921,"template":"","meta":[],"product_brand":[],"product_cat":[360,335,341,342],"product_tag":[],"class_list":{"0":"post-8924","1":"product","2":"type-product","3":"status-publish","4":"has-post-thumbnail","6":"product_cat-jouet-eveil","7":"product_cat-jeux-montessori-0-3mois","8":"product_cat-jeux-montessori-6mois-1an","9":"product_cat-jeux-montessori-1an-18mois","11":"first","12":"instock","13":"shipping-taxable","14":"purchasable","15":"product-type-simple"},"_links":{"self":[{"href":"https:\/\/das-montessori-spielzeug.de\/de\/wp-json\/wp\/v2\/product\/8924","targetHints":{"allow":["GET"]}}],"collection":[{"href":"https:\/\/das-montessori-spielzeug.de\/de\/wp-json\/wp\/v2\/product"}],"about":[{"href":"https:\/\/das-montessori-spielzeug.de\/de\/wp-json\/wp\/v2\/types\/product"}],"version-history":[{"count":0,"href":"https:\/\/das-montessori-spielzeug.de\/de\/wp-json\/wp\/v2\/product\/8924\/revisions"}],"wp:featuredmedia":[{"embeddable":true,"href":"https:\/\/das-montessori-spielzeug.de\/de\/wp-json\/wp\/v2\/media\/8921"}],"wp:attachment":[{"href":"https:\/\/das-montessori-spielzeug.de\/de\/wp-json\/wp\/v2\/media?parent=8924"}],"wp:term":[{"taxonomy":"product_brand","embeddable":true,"href":"https:\/\/das-montessori-spielzeug.de\/de\/wp-json\/wp\/v2\/product_brand?post=8924"},{"taxonomy":"product_cat","embeddable":true,"href":"https:\/\/das-montessori-spielzeug.de\/de\/wp-json\/wp\/v2\/product_cat?post=8924"},{"taxonomy":"product_tag","embeddable":true,"href":"https:\/\/das-montessori-spielzeug.de\/de\/wp-json\/wp\/v2\/product_tag?post=8924"}],"curies":[{"name":"wp","href":"https:\/\/api.w.org\/{rel}","templated":true}]}}