{"id":8915,"date":"2023-01-26T20:28:00","date_gmt":"2023-01-26T20:28:00","guid":{"rendered":"https:\/\/das-montessori-spielzeug.de\/product\/childrens-chair-building-block-toys"},"modified":"2023-07-21T13:35:23","modified_gmt":"2023-07-21T13:35:23","slug":"montessori-stuhl-zum-bauen","status":"publish","type":"product","link":"https:\/\/das-montessori-spielzeug.de\/de\/product\/montessori-stuhl-zum-bauen","title":{"rendered":"Montessori-Stuhl zum Selbstbauen"},"content":{"rendered":"<h2><span data-sheets-value=\"{&quot;1&quot;:2,&quot;2&quot;:&quot;\\n\\n\\&quot;L'apprentissage par le jeu et l'exp\u00e9rimentation avec la chaise Montessori \u00e0 construire\\&quot;&quot;}\" data-sheets-formula=\"=doit(R[0]C[-1])\">Lernen durch Spielen und Experimentieren mit dem Montessori-Stuhl zum Selberbauen<\/span><\/h2>\n<p><span data-sheets-value=\"{&quot;1&quot;:2,&quot;2&quot;:&quot; \\n\\nLes chaises Montessori \u00e0 construire sont un excellent moyen pour les enfants de r\u00e9aliser une activit\u00e9 divertissante et \u00e9ducative, tout en s\u2019amusant et en renfor\u00e7ant leurs aptitudes psychomotrices.\\n\\nCette chaise est con\u00e7ue pour les enfants d\u00e8s 3 ans et elle est id\u00e9ale pour les parents qui souhaitent leur offrir un espace d\u2019apprentissage et de d\u00e9veloppement unique. Fabriqu\u00e9e en bois, la chaise Montessori \u00e0 construire est particuli\u00e8rement adapt\u00e9e aux enfants qui aiment apprendre par le jeu et l\u2019exp\u00e9rimentation.\\n\\nLe produit est livr\u00e9 avec tous les outils n\u00e9cessaires \u00e0 la construction et au montage : il est simple, ludique et s\u00fbr. Avec une taille de 20x20x29, la chaise Montessori \u00e0 construire est plus que suffisamment grande pour le confort de votre enfant. \\n\\nCe produit est parfait si vous souhaitez offrir \u00e0 votre enfant un jouet cr\u00e9atif, s\u00fbr et divertissant. En effet, le processus de construction leur apprend non seulement comment construire leur chaise mais permet \u00e9galement aux enfants d'am\u00e9liorer leur coordination et leur concentration. Une chaise Montessori \u00e0 construire est plus qu'un simple jouet leur permettant de s'amuser : c'est une d\u00e9marche d'apprentissage qui peut leur donner de l'ind\u00e9pendance, de l'assurance et une meilleure compr\u00e9hension des math\u00e9matiques, en plus d'am\u00e9liorer leur cr\u00e9ativit\u00e9 et leur capacit\u00e9 \u00e0 r\u00e9soudre des probl\u00e8mes. \\n\\nDonnez \u00e0 votre enfant l\u2019opportunit\u00e9 de construire sa propre chaise Montessori et de s\u2019\u00e9panouir tout en apprenant. Offrez-lui une activit\u00e9 amusante et s\u00fbre qui pourra l'aider \u00e0 grandir et \u00e0 d\u00e9velopper sa cr\u00e9ativit\u00e9 et ses talents.&quot;}\" data-sheets-userformat=\"{&quot;2&quot;:4224,&quot;10&quot;:2,&quot;15&quot;:&quot;Arial&quot;}\" data-sheets-formula=\"=doIt(R[0]C[-1])\">Montessori-St\u00fchle zum Bauen ist eine hervorragende M\u00f6glichkeit f\u00fcr Kinder, eine p\u00e4dagogische Aktivit\u00e4t durchzuf\u00fchren, w\u00e4hrend sie Spa\u00df haben und ihre psychomotorischen F\u00e4higkeiten st\u00e4rken.<\/span><\/p>\n<p><span data-sheets-value=\"{&quot;1&quot;:2,&quot;2&quot;:&quot; \\n\\nLes chaises Montessori \u00e0 construire sont un excellent moyen pour les enfants de r\u00e9aliser une activit\u00e9 divertissante et \u00e9ducative, tout en s\u2019amusant et en renfor\u00e7ant leurs aptitudes psychomotrices.\\n\\nCette chaise est con\u00e7ue pour les enfants d\u00e8s 3 ans et elle est id\u00e9ale pour les parents qui souhaitent leur offrir un espace d\u2019apprentissage et de d\u00e9veloppement unique. Fabriqu\u00e9e en bois, la chaise Montessori \u00e0 construire est particuli\u00e8rement adapt\u00e9e aux enfants qui aiment apprendre par le jeu et l\u2019exp\u00e9rimentation.\\n\\nLe produit est livr\u00e9 avec tous les outils n\u00e9cessaires \u00e0 la construction et au montage : il est simple, ludique et s\u00fbr. Avec une taille de 20x20x29, la chaise Montessori \u00e0 construire est plus que suffisamment grande pour le confort de votre enfant. \\n\\nCe produit est parfait si vous souhaitez offrir \u00e0 votre enfant un jouet cr\u00e9atif, s\u00fbr et divertissant. En effet, le processus de construction leur apprend non seulement comment construire leur chaise mais permet \u00e9galement aux enfants d'am\u00e9liorer leur coordination et leur concentration. Une chaise Montessori \u00e0 construire est plus qu'un simple jouet leur permettant de s'amuser : c'est une d\u00e9marche d'apprentissage qui peut leur donner de l'ind\u00e9pendance, de l'assurance et une meilleure compr\u00e9hension des math\u00e9matiques, en plus d'am\u00e9liorer leur cr\u00e9ativit\u00e9 et leur capacit\u00e9 \u00e0 r\u00e9soudre des probl\u00e8mes. \\n\\nDonnez \u00e0 votre enfant l\u2019opportunit\u00e9 de construire sa propre chaise Montessori et de s\u2019\u00e9panouir tout en apprenant. Offrez-lui une activit\u00e9 amusante et s\u00fbre qui pourra l'aider \u00e0 grandir et \u00e0 d\u00e9velopper sa cr\u00e9ativit\u00e9 et ses talents.&quot;}\" data-sheets-userformat=\"{&quot;2&quot;:4224,&quot;10&quot;:2,&quot;15&quot;:&quot;Arial&quot;}\" data-sheets-formula=\"=doIt(R[0]C[-1])\">Dieser Stuhl wurde f\u00fcr Kinder ab 2 Jahren entwickelt und ist ideal f\u00fcr Eltern, die ihren Kindern einen einzigartigen Lern- und Entwicklungsraum bieten m\u00f6chten. Der aus Holz gefertigte Montessori-Stuhl zum Selberbauen ist besonders f\u00fcr Kinder geeignet, die gerne durch Spielen und Experimentieren lernen.<br \/>\n<\/span><\/p>\n<p><span data-sheets-value=\"{&quot;1&quot;:2,&quot;2&quot;:&quot; \\n\\nLes chaises Montessori \u00e0 construire sont un excellent moyen pour les enfants de r\u00e9aliser une activit\u00e9 divertissante et \u00e9ducative, tout en s\u2019amusant et en renfor\u00e7ant leurs aptitudes psychomotrices.\\n\\nCette chaise est con\u00e7ue pour les enfants d\u00e8s 3 ans et elle est id\u00e9ale pour les parents qui souhaitent leur offrir un espace d\u2019apprentissage et de d\u00e9veloppement unique. Fabriqu\u00e9e en bois, la chaise Montessori \u00e0 construire est particuli\u00e8rement adapt\u00e9e aux enfants qui aiment apprendre par le jeu et l\u2019exp\u00e9rimentation.\\n\\nLe produit est livr\u00e9 avec tous les outils n\u00e9cessaires \u00e0 la construction et au montage : il est simple, ludique et s\u00fbr. Avec une taille de 20x20x29, la chaise Montessori \u00e0 construire est plus que suffisamment grande pour le confort de votre enfant. \\n\\nCe produit est parfait si vous souhaitez offrir \u00e0 votre enfant un jouet cr\u00e9atif, s\u00fbr et divertissant. En effet, le processus de construction leur apprend non seulement comment construire leur chaise mais permet \u00e9galement aux enfants d'am\u00e9liorer leur coordination et leur concentration. Une chaise Montessori \u00e0 construire est plus qu'un simple jouet leur permettant de s'amuser : c'est une d\u00e9marche d'apprentissage qui peut leur donner de l'ind\u00e9pendance, de l'assurance et une meilleure compr\u00e9hension des math\u00e9matiques, en plus d'am\u00e9liorer leur cr\u00e9ativit\u00e9 et leur capacit\u00e9 \u00e0 r\u00e9soudre des probl\u00e8mes. \\n\\nDonnez \u00e0 votre enfant l\u2019opportunit\u00e9 de construire sa propre chaise Montessori et de s\u2019\u00e9panouir tout en apprenant. Offrez-lui une activit\u00e9 amusante et s\u00fbre qui pourra l'aider \u00e0 grandir et \u00e0 d\u00e9velopper sa cr\u00e9ativit\u00e9 et ses talents.&quot;}\" data-sheets-userformat=\"{&quot;2&quot;:4224,&quot;10&quot;:2,&quot;15&quot;:&quot;Arial&quot;}\" data-sheets-formula=\"=doIt(R[0]C[-1])\">\u2705 Spielerisches und unterhaltsames Lernen<br \/>\n\u2705 Einfache und sichere Konstruktion und Montage<br \/>\n\u2705 Kreativit\u00e4t und Unabh\u00e4ngigkeit gef\u00f6rdert<\/span><\/p>\n<p><span data-sheets-value=\"{&quot;1&quot;:2,&quot;2&quot;:&quot; \\n\\nLes chaises Montessori \u00e0 construire sont un excellent moyen pour les enfants de r\u00e9aliser une activit\u00e9 divertissante et \u00e9ducative, tout en s\u2019amusant et en renfor\u00e7ant leurs aptitudes psychomotrices.\\n\\nCette chaise est con\u00e7ue pour les enfants d\u00e8s 3 ans et elle est id\u00e9ale pour les parents qui souhaitent leur offrir un espace d\u2019apprentissage et de d\u00e9veloppement unique. Fabriqu\u00e9e en bois, la chaise Montessori \u00e0 construire est particuli\u00e8rement adapt\u00e9e aux enfants qui aiment apprendre par le jeu et l\u2019exp\u00e9rimentation.\\n\\nLe produit est livr\u00e9 avec tous les outils n\u00e9cessaires \u00e0 la construction et au montage : il est simple, ludique et s\u00fbr. Avec une taille de 20x20x29, la chaise Montessori \u00e0 construire est plus que suffisamment grande pour le confort de votre enfant. \\n\\nCe produit est parfait si vous souhaitez offrir \u00e0 votre enfant un jouet cr\u00e9atif, s\u00fbr et divertissant. En effet, le processus de construction leur apprend non seulement comment construire leur chaise mais permet \u00e9galement aux enfants d'am\u00e9liorer leur coordination et leur concentration. Une chaise Montessori \u00e0 construire est plus qu'un simple jouet leur permettant de s'amuser : c'est une d\u00e9marche d'apprentissage qui peut leur donner de l'ind\u00e9pendance, de l'assurance et une meilleure compr\u00e9hension des math\u00e9matiques, en plus d'am\u00e9liorer leur cr\u00e9ativit\u00e9 et leur capacit\u00e9 \u00e0 r\u00e9soudre des probl\u00e8mes. \\n\\nDonnez \u00e0 votre enfant l\u2019opportunit\u00e9 de construire sa propre chaise Montessori et de s\u2019\u00e9panouir tout en apprenant. Offrez-lui une activit\u00e9 amusante et s\u00fbre qui pourra l'aider \u00e0 grandir et \u00e0 d\u00e9velopper sa cr\u00e9ativit\u00e9 et ses talents.&quot;}\" data-sheets-userformat=\"{&quot;2&quot;:4224,&quot;10&quot;:2,&quot;15&quot;:&quot;Arial&quot;}\" data-sheets-formula=\"=doIt(R[0]C[-1])\">Das Produkt wird mit allen notwendigen Werkzeugen f\u00fcr den Bau und die Montage geliefert: Es ist einfach, spielerisch und sicher.  Der Bauprozess lehrt sie nicht nur, wie sie ihren Stuhl bauen sollen, sondern erm\u00f6glicht es den Kindern auch, ihre Koordination und Konzentration zu verbessern. Ein Montessori-Stuhl zum Bauen ist mehr als nur ein Spielzeug, mit dem die Kinder Spa\u00df haben k\u00f6nnen: Es ist ein Lernprozess, der ihnen Unabh\u00e4ngigkeit, Selbstvertrauen und ein besseres Verst\u00e4ndnis f\u00fcr Mathematik vermitteln kann und ihre Kreativit\u00e4t und Probleml\u00f6sungsf\u00e4higkeit verbessert.<\/span><\/p>\n<p>Geben Sie Ihrem Kind die M\u00f6glichkeit, seinen eigenen Montessori-Stuhl zu bauen und sich dabei zu entfalten und zu lernen. Bieten Sie ihm eine lustige und sichere Aktivit\u00e4t, die ihm helfen kann, erwachsen zu werden und seine Kreativit\u00e4t und Talente zu entwickeln.<\/p>","protected":false},"excerpt":{"rendered":"<p>L&#8217;apprentissage par le jeu et l&#8217;exp\u00e9rimentation avec la chaise Montessori \u00e0 construire Les chaises Montessori \u00e0 construire est un excellent<\/p>","protected":false},"featured_media":8910,"template":"","meta":[],"product_brand":[],"product_cat":[370,367,344,345],"product_tag":[],"class_list":{"0":"post-8915","1":"product","2":"type-product","3":"status-publish","4":"has-post-thumbnail","6":"product_cat-jeu-engrenage","7":"product_cat-jeu-construction","8":"product_cat-jeux-montessori-2ans-3-ans","9":"product_cat-jeux-montessori-3ans-4-ans","11":"first","12":"instock","13":"sale","14":"shipping-taxable","15":"purchasable","16":"product-type-simple"},"_links":{"self":[{"href":"https:\/\/das-montessori-spielzeug.de\/de\/wp-json\/wp\/v2\/product\/8915","targetHints":{"allow":["GET"]}}],"collection":[{"href":"https:\/\/das-montessori-spielzeug.de\/de\/wp-json\/wp\/v2\/product"}],"about":[{"href":"https:\/\/das-montessori-spielzeug.de\/de\/wp-json\/wp\/v2\/types\/product"}],"version-history":[{"count":0,"href":"https:\/\/das-montessori-spielzeug.de\/de\/wp-json\/wp\/v2\/product\/8915\/revisions"}],"wp:featuredmedia":[{"embeddable":true,"href":"https:\/\/das-montessori-spielzeug.de\/de\/wp-json\/wp\/v2\/media\/8910"}],"wp:attachment":[{"href":"https:\/\/das-montessori-spielzeug.de\/de\/wp-json\/wp\/v2\/media?parent=8915"}],"wp:term":[{"taxonomy":"product_brand","embeddable":true,"href":"https:\/\/das-montessori-spielzeug.de\/de\/wp-json\/wp\/v2\/product_brand?post=8915"},{"taxonomy":"product_cat","embeddable":true,"href":"https:\/\/das-montessori-spielzeug.de\/de\/wp-json\/wp\/v2\/product_cat?post=8915"},{"taxonomy":"product_tag","embeddable":true,"href":"https:\/\/das-montessori-spielzeug.de\/de\/wp-json\/wp\/v2\/product_tag?post=8915"}],"curies":[{"name":"wp","href":"https:\/\/api.w.org\/{rel}","templated":true}]}}