{"id":8907,"date":"2023-01-26T19:15:09","date_gmt":"2023-01-26T19:15:09","guid":{"rendered":"https:\/\/das-montessori-spielzeug.de\/product\/montessori-nail-plate"},"modified":"2023-07-21T13:35:22","modified_gmt":"2023-07-21T13:35:22","slug":"montessori-platte-mit-gummibandern","status":"publish","type":"product","link":"https:\/\/das-montessori-spielzeug.de\/de\/product\/montessori-platte-mit-gummibandern","title":{"rendered":"Montessori-Platte mit Gummib\u00e4ndern"},"content":{"rendered":"<h2><span data-sheets-value=\"{&quot;1&quot;:2,&quot;2&quot;:&quot;\\n\\n\\&quot; D\u00e9couvrez les bienfaits des plaques \u00e0 \u00e9lastiques pour les enfants \\&quot;&quot;}\" data-sheets-formula=\"=doit(R[0]C[-1])\">Entdecken Sie die Vorteile der Montessori-Platte mit Gummib\u00e4ndern f\u00fcr Kinder\u00a0<\/span><\/h2>\n<p><span data-sheets-value=\"{&quot;1&quot;:2,&quot;2&quot;:&quot;\\n\\nLes plaques \u00e0 \u00e9lastiques sont des jouets tr\u00e8s interactifs qui offrent aux enfants un divertissement amusant et \u00e9ducatif \u00e0 la fois. La taille de 15 x 15 x 2 cm est facilement manipulable et convient \u00e0 tous les \u00e2ges, m\u00eame les plus petits. Les plaques sont compos\u00e9es de nombreux minis \u00e9lastiques qui peuvent \u00eatre attach\u00e9s et \u00e9tir\u00e9s pour reproduire des formes et des mod\u00e8les vari\u00e9s.\\n\\nGr\u00e2ce \u00e0 cet engin M\u00e9cano ludique et ludique, les enfants s'entra\u00eenent \u00e0 d\u00e9velopper leur coordination \u0153il-main, leur adresse et leur fine manipulation. Gr\u00e2ce aux plaques \u00e0 \u00e9lastiques, vos enfants pourront s'amuser dans la recherche de la solution la plus rapide et la plus cr\u00e9ative pour reproduire des motifs complexes. Les plaques \u00e0 \u00e9lastiques aident \u00e0 stimuler leur imagination, leur concentration et leur confiance en soi.\\n\\nAvec ces plaques, vos enfants pourront reproduire facilement des formes et des motifs vari\u00e9s en accrochant et en \u00e9tirant les \u00e9lastiques. C'est un moyen tr\u00e8s divertissant de d\u00e9velopper leur optimisation de la pr\u00e9cision, de l'adresse et de la cr\u00e9ativit\u00e9.\\n\\nLes plaques \u00e0 \u00e9lastiques sont un excellent moyen de motiver et de divertir votre enfant tout en lui offrant une exp\u00e9rience enrichissante. C'est un jouet intelligent qui d\u00e9veloppe la coordination \u0153il-main, la concentration et la cr\u00e9ativit\u00e9 de votre enfant. C'est un excellent moyen de passer du temps ensemble, et une excellente activit\u00e9 p\u00e9dagogique. Les plaques \u00e0 \u00e9lastiques sont le meilleur moyen pour vos enfants de s'amuser et d'apprendre en m\u00eame temps.&quot;}\" data-sheets-userformat=\"{&quot;2&quot;:4224,&quot;10&quot;:2,&quot;15&quot;:&quot;Arial&quot;}\" data-sheets-formula=\"=doIt(R[0]C[-1])\">Die Gummibandplatte ist ein sehr interaktives Spiel, das Kindern grenzenlosen Spielspa\u00df bietet. Die Gr\u00f6\u00dfe von 15 x 15 x 2 cm ist leicht zu handhaben und eignet sich f\u00fcr alle Altersstufen, auch f\u00fcr die Kleinsten. Die Platten bestehen aus zahlreichen Aufh\u00e4ngern, an denen die Kinder die<\/span><span data-sheets-value=\"{&quot;1&quot;:2,&quot;2&quot;:&quot;\\n\\nLes plaques \u00e0 \u00e9lastiques sont des jouets tr\u00e8s interactifs qui offrent aux enfants un divertissement amusant et \u00e9ducatif \u00e0 la fois. La taille de 15 x 15 x 2 cm est facilement manipulable et convient \u00e0 tous les \u00e2ges, m\u00eame les plus petits. Les plaques sont compos\u00e9es de nombreux minis \u00e9lastiques qui peuvent \u00eatre attach\u00e9s et \u00e9tir\u00e9s pour reproduire des formes et des mod\u00e8les vari\u00e9s.\\n\\nGr\u00e2ce \u00e0 cet engin M\u00e9cano ludique et ludique, les enfants s'entra\u00eenent \u00e0 d\u00e9velopper leur coordination \u0153il-main, leur adresse et leur fine manipulation. Gr\u00e2ce aux plaques \u00e0 \u00e9lastiques, vos enfants pourront s'amuser dans la recherche de la solution la plus rapide et la plus cr\u00e9ative pour reproduire des motifs complexes. Les plaques \u00e0 \u00e9lastiques aident \u00e0 stimuler leur imagination, leur concentration et leur confiance en soi.\\n\\nAvec ces plaques, vos enfants pourront reproduire facilement des formes et des motifs vari\u00e9s en accrochant et en \u00e9tirant les \u00e9lastiques. C'est un moyen tr\u00e8s divertissant de d\u00e9velopper leur optimisation de la pr\u00e9cision, de l'adresse et de la cr\u00e9ativit\u00e9.\\n\\nLes plaques \u00e0 \u00e9lastiques sont un excellent moyen de motiver et de divertir votre enfant tout en lui offrant une exp\u00e9rience enrichissante. C'est un jouet intelligent qui d\u00e9veloppe la coordination \u0153il-main, la concentration et la cr\u00e9ativit\u00e9 de votre enfant. C'est un excellent moyen de passer du temps ensemble, et une excellente activit\u00e9 p\u00e9dagogique. Les plaques \u00e0 \u00e9lastiques sont le meilleur moyen pour vos enfants de s'amuser et d'apprendre en m\u00eame temps.&quot;}\" data-sheets-userformat=\"{&quot;2&quot;:4224,&quot;10&quot;:2,&quot;15&quot;:&quot;Arial&quot;}\" data-sheets-formula=\"=doIt(R[0]C[-1])\"> Sie k\u00f6nnen mithilfe von Gummib\u00e4ndern verschiedene Formen und Muster nachbilden.<\/span><\/p>\n<p>\u2705 F\u00f6rdert die Hand-Augen-Koordination, Geschicklichkeit und Kreativit\u00e4t.<br \/>\n\u2705 Macht Spa\u00df und ist lehrreich, bildet komplexe Formen nach.<br \/>\n\u2705 Entwickelt Konzentration, Vorstellungskraft, Selbstvertrauen.<\/p>\n<p>Mit diesem Spiel trainieren die Kinder ihre Hand-Augen-Koordination, ihre Geschicklichkeit und ihre Feinmotorik. Mit der Gummibandplatte k\u00f6nnen Ihre Kinder spielerisch nach der schnellsten und kreativsten L\u00f6sung suchen, um komplexe Muster nachzubilden. Sie hilft dabei, ihre Vorstellungskraft, Konzentration und ihr Selbstvertrauen zu f\u00f6rdern.<\/p>\n<p>Mit dieser Platte k\u00f6nnen Ihre Kinder ganz einfach verschiedene Formen und Muster nachbilden, indem sie die Gummib\u00e4nder aufh\u00e4ngen und dehnen. Dies ist eine sehr unterhaltsame Art, ihre Logik, Geschicklichkeit sowie ihre Kreativit\u00e4t zu entwickeln.<\/p>\n<p>Die Gummibandplatte ist eine tolle M\u00f6glichkeit, Ihr Kind zu motivieren und zu unterhalten und ihm gleichzeitig eine bereichernde Erfahrung zu bieten. Es ist ein intelligentes Spiel, das die Hand-Augen-Koordination, die Konzentration und die Kreativit\u00e4t Ihres Kindes f\u00f6rdert. Es ist eine tolle M\u00f6glichkeit, Zeit miteinander zu verbringen, und eine hervorragende p\u00e4dagogische Aktivit\u00e4t.<\/p>","protected":false},"excerpt":{"rendered":"<p>D\u00e9couvrez les bienfaits de la Plaque Montessori \u00e0 \u00e9lastiques pour les enfants\u00a0 La plaquea \u00e0 \u00e9lastiques est un jeux tr\u00e8s<\/p>","protected":false},"featured_media":8897,"template":"","meta":[],"product_brand":[],"product_cat":[387,358,343,344,345],"product_tag":[],"class_list":{"0":"post-8907","1":"product","2":"type-product","3":"status-publish","4":"has-post-thumbnail","6":"product_cat-apprentissage-formes","7":"product_cat-jeu-logique","8":"product_cat-jeux-montessori-18mois-2ans","9":"product_cat-jeux-montessori-2ans-3-ans","10":"product_cat-jeux-montessori-3ans-4-ans","12":"first","13":"instock","14":"shipping-taxable","15":"purchasable","16":"product-type-variable","17":"has-default-attributes"},"_links":{"self":[{"href":"https:\/\/das-montessori-spielzeug.de\/de\/wp-json\/wp\/v2\/product\/8907","targetHints":{"allow":["GET"]}}],"collection":[{"href":"https:\/\/das-montessori-spielzeug.de\/de\/wp-json\/wp\/v2\/product"}],"about":[{"href":"https:\/\/das-montessori-spielzeug.de\/de\/wp-json\/wp\/v2\/types\/product"}],"version-history":[{"count":0,"href":"https:\/\/das-montessori-spielzeug.de\/de\/wp-json\/wp\/v2\/product\/8907\/revisions"}],"wp:featuredmedia":[{"embeddable":true,"href":"https:\/\/das-montessori-spielzeug.de\/de\/wp-json\/wp\/v2\/media\/8897"}],"wp:attachment":[{"href":"https:\/\/das-montessori-spielzeug.de\/de\/wp-json\/wp\/v2\/media?parent=8907"}],"wp:term":[{"taxonomy":"product_brand","embeddable":true,"href":"https:\/\/das-montessori-spielzeug.de\/de\/wp-json\/wp\/v2\/product_brand?post=8907"},{"taxonomy":"product_cat","embeddable":true,"href":"https:\/\/das-montessori-spielzeug.de\/de\/wp-json\/wp\/v2\/product_cat?post=8907"},{"taxonomy":"product_tag","embeddable":true,"href":"https:\/\/das-montessori-spielzeug.de\/de\/wp-json\/wp\/v2\/product_tag?post=8907"}],"curies":[{"name":"wp","href":"https:\/\/api.w.org\/{rel}","templated":true}]}}