{"id":8894,"date":"2023-01-26T00:21:39","date_gmt":"2023-01-26T00:21:39","guid":{"rendered":"https:\/\/das-montessori-spielzeug.de\/product\/montessori-toddlers-kids-wooden-pounding-bench-animal-bus-toys-early-educational-set-gifts-for-children-toy-musical-instrument"},"modified":"2023-07-21T13:35:21","modified_gmt":"2023-07-21T13:35:21","slug":"hackordnung","status":"publish","type":"product","link":"https:\/\/das-montessori-spielzeug.de\/de\/product\/hackordnung","title":{"rendered":"Pl\u00fcnderbank"},"content":{"rendered":"<h2>Erforschen Sie die unendlichen M\u00f6glichkeiten der musikalischen Fr\u00fcherziehung mit der Montessori Pillon Bank<\/h2>\n<p><span data-sheets-value=\"{&quot;1&quot;:2,&quot;2&quot;:&quot;\\n\\nD\u00e9couvrez les Stimulations Engageantes du Banc de Pillonage Montessori&quot;}\" data-sheets-formula=\"=doit(R[0]C[-1])\">Entdecken Sie die einnehmenden Stimulationen der Montessori Pilloning Bank<\/span><\/p>\n<p><span data-sheets-formula=\"=doIt(R[0]C[-1])\" data-sheets-userformat=\"{&quot;2&quot;:4224,&quot;10&quot;:2,&quot;15&quot;:&quot;Arial&quot;}\" data-sheets-value=\"{&quot;1&quot;:2,&quot;2&quot;:&quot;\\nLe Banc de Pillonage est un produit tr\u00e8s inspir\u00e9 par la m\u00e9thode Montessori. Il est con\u00e7u pour offrir \u00e0 votre enfant un \u00e9veil musical fonctionnant sur le principe de r\u00e9ponse et d'action. Lorsque votre enfant tappe l\u00e9g\u00e8rement avec un marteau sur l'un des petits verres qui sortent de trous sur le banc de pillonage, un son unique se fait entendre pour chaque coup. Ce banc de pillonage procure non seulement un son mais aussi une r\u00e9sistance lorsque le marteau tappe sur le verre, ce qui permet \u00e0 l'enfant d'\u00eatre stimul\u00e9 d'une mani\u00e8re ludique et s\u00fbre.\\nLe banc de pillonage est en bois et mesure 25x15x16cm. Il est l\u00e9ger et peut \u00eatre d\u00e9plac\u00e9 facilement. Votre enfant pourra l'utiliser \u00e0 l'int\u00e9rieur ou \u00e0 l'ext\u00e9rieur, pour des activit\u00e9s musicales et des jeux ludiques. Votre enfant d\u00e9veloppera ainsi sa cr\u00e9ativit\u00e9 et ses facult\u00e9s musicales tout en s'amusant ! Le banc de pillonage est un excellent outil \u00e9ducatif qui contribuera \u00e0 leur \u00e9veil !&quot;}\">Die Banc de Pillonage ist ein Produkt, das stark von der Montessori-Methode inspiriert ist. Sie wurde entwickelt, um Ihrem Kind eine musikalische Fr\u00fcherziehung zu bieten, die nach dem Prinzip von Antwort und Aktion funktioniert. Wenn Ihr Kind mit einem Hammer leicht auf eines der kleinen Gl\u00e4ser schl\u00e4gt, die aus den L\u00f6chern auf der Stampfbank herauskommen, ist bei jedem Schlag ein Klopfen zu h\u00f6ren und das Glas wehrt sich dagegen, nach unten zu sinken.<\/span><\/p>\n<p><span data-sheets-formula=\"=doIt(R[0]C[-1])\" data-sheets-userformat=\"{&quot;2&quot;:4224,&quot;10&quot;:2,&quot;15&quot;:&quot;Arial&quot;}\" data-sheets-value=\"{&quot;1&quot;:2,&quot;2&quot;:&quot;\\nLe Banc de Pillonage est un produit tr\u00e8s inspir\u00e9 par la m\u00e9thode Montessori. Il est con\u00e7u pour offrir \u00e0 votre enfant un \u00e9veil musical fonctionnant sur le principe de r\u00e9ponse et d'action. Lorsque votre enfant tappe l\u00e9g\u00e8rement avec un marteau sur l'un des petits verres qui sortent de trous sur le banc de pillonage, un son unique se fait entendre pour chaque coup. Ce banc de pillonage procure non seulement un son mais aussi une r\u00e9sistance lorsque le marteau tappe sur le verre, ce qui permet \u00e0 l'enfant d'\u00eatre stimul\u00e9 d'une mani\u00e8re ludique et s\u00fbre.\\nLe banc de pillonage est en bois et mesure 25x15x16cm. Il est l\u00e9ger et peut \u00eatre d\u00e9plac\u00e9 facilement. Votre enfant pourra l'utiliser \u00e0 l'int\u00e9rieur ou \u00e0 l'ext\u00e9rieur, pour des activit\u00e9s musicales et des jeux ludiques. Votre enfant d\u00e9veloppera ainsi sa cr\u00e9ativit\u00e9 et ses facult\u00e9s musicales tout en s'amusant ! Le banc de pillonage est un excellent outil \u00e9ducatif qui contribuera \u00e0 leur \u00e9veil !&quot;}\">Diese Stampfbank sorgt nicht nur f\u00fcr einen Ton, sondern auch f\u00fcr einen Widerstand, wenn der Hammer auf das kleine Glas schl\u00e4gt, sodass das Kind auf spielerische und sichere Weise stimuliert werden kann.<\/span><\/p>\n<p><span data-sheets-formula=\"=doIt(R[0]C[-1])\" data-sheets-userformat=\"{&quot;2&quot;:4224,&quot;10&quot;:2,&quot;15&quot;:&quot;Arial&quot;}\" data-sheets-value=\"{&quot;1&quot;:2,&quot;2&quot;:&quot;\\nLe Banc de Pillonage est un produit tr\u00e8s inspir\u00e9 par la m\u00e9thode Montessori. Il est con\u00e7u pour offrir \u00e0 votre enfant un \u00e9veil musical fonctionnant sur le principe de r\u00e9ponse et d'action. Lorsque votre enfant tappe l\u00e9g\u00e8rement avec un marteau sur l'un des petits verres qui sortent de trous sur le banc de pillonage, un son unique se fait entendre pour chaque coup. Ce banc de pillonage procure non seulement un son mais aussi une r\u00e9sistance lorsque le marteau tappe sur le verre, ce qui permet \u00e0 l'enfant d'\u00eatre stimul\u00e9 d'une mani\u00e8re ludique et s\u00fbre.\\nLe banc de pillonage est en bois et mesure 25x15x16cm. Il est l\u00e9ger et peut \u00eatre d\u00e9plac\u00e9 facilement. Votre enfant pourra l'utiliser \u00e0 l'int\u00e9rieur ou \u00e0 l'ext\u00e9rieur, pour des activit\u00e9s musicales et des jeux ludiques. Votre enfant d\u00e9veloppera ainsi sa cr\u00e9ativit\u00e9 et ses facult\u00e9s musicales tout en s'amusant ! Le banc de pillonage est un excellent outil \u00e9ducatif qui contribuera \u00e0 leur \u00e9veil !&quot;}\">Die Stampfbank ist aus Holz und misst 25x15x16 cm. Sie ist leicht und kann einfach bewegt werden. Ihr Kind kann sie drinnen oder drau\u00dfen f\u00fcr Percussion-Aktivit\u00e4ten und spielerische Spiele verwenden. Ihr Kind wird so seine Kreativit\u00e4t und seine musikalischen F\u00e4higkeiten entwickeln und dabei Spa\u00df haben! Die Stampfbank ist ein hervorragendes p\u00e4dagogisches Instrument, das zur F\u00f6rderung ihrer Entwicklung beitragen wird!<\/span><\/p>","protected":false},"excerpt":{"rendered":"<ul>\n<li><span data-sheets-formula=\"=doit(R[0]C[-1])\" data-sheets-userformat=\"{&quot;2&quot;:4226,&quot;4&quot;:{&quot;1&quot;:2,&quot;2&quot;:16777215},&quot;10&quot;:2,&quot;15&quot;:&quot;Arial&quot;}\" data-sheets-value=\"{&quot;1&quot;:2,&quot;2&quot;:&quot;\\n\\n\u00c9veil musical ludique:\\n- Stimule la cr\u00e9ativit\u00e9;\\n- Bois durable et l\u00e9ger;\\n- S\u00fbr, pratique et divertissant.&quot;}\">Akustisches Erwachen<\/span><\/li>\n<li><span data-sheets-formula=\"=doit(R[0]C[-1])\" data-sheets-userformat=\"{&quot;2&quot;:4226,&quot;4&quot;:{&quot;1&quot;:2,&quot;2&quot;:16777215},&quot;10&quot;:2,&quot;15&quot;:&quot;Arial&quot;}\" data-sheets-value=\"{&quot;1&quot;:2,&quot;2&quot;:&quot;\\n\\n\u00c9veil musical ludique:\\n- Stimule la cr\u00e9ativit\u00e9;\\n- Bois durable et l\u00e9ger;\\n- S\u00fbr, pratique et divertissant.&quot;}\">Dauerhaftes und leichtes Holz<\/span><\/li>\n<li><span data-sheets-formula=\"=doit(R[0]C[-1])\" data-sheets-userformat=\"{&quot;2&quot;:4226,&quot;4&quot;:{&quot;1&quot;:2,&quot;2&quot;:16777215},&quot;10&quot;:2,&quot;15&quot;:&quot;Arial&quot;}\" data-sheets-value=\"{&quot;1&quot;:2,&quot;2&quot;:&quot;\\n\\n\u00c9veil musical ludique:\\n- Stimule la cr\u00e9ativit\u00e9;\\n- Bois durable et l\u00e9ger;\\n- S\u00fbr, pratique et divertissant.&quot;}\">Sicher, praktisch und unterhaltsam<\/span><\/li>\n<\/ul>","protected":false},"featured_media":8895,"template":"","meta":[],"product_brand":[],"product_cat":[364,342,343,344],"product_tag":[],"class_list":{"0":"post-8894","1":"product","2":"type-product","3":"status-publish","4":"has-post-thumbnail","6":"product_cat-jouet-marteler","7":"product_cat-jeux-montessori-1an-18mois","8":"product_cat-jeux-montessori-18mois-2ans","9":"product_cat-jeux-montessori-2ans-3-ans","11":"first","12":"instock","13":"sale","14":"shipping-taxable","15":"purchasable","16":"product-type-simple"},"_links":{"self":[{"href":"https:\/\/das-montessori-spielzeug.de\/de\/wp-json\/wp\/v2\/product\/8894","targetHints":{"allow":["GET"]}}],"collection":[{"href":"https:\/\/das-montessori-spielzeug.de\/de\/wp-json\/wp\/v2\/product"}],"about":[{"href":"https:\/\/das-montessori-spielzeug.de\/de\/wp-json\/wp\/v2\/types\/product"}],"version-history":[{"count":0,"href":"https:\/\/das-montessori-spielzeug.de\/de\/wp-json\/wp\/v2\/product\/8894\/revisions"}],"wp:featuredmedia":[{"embeddable":true,"href":"https:\/\/das-montessori-spielzeug.de\/de\/wp-json\/wp\/v2\/media\/8895"}],"wp:attachment":[{"href":"https:\/\/das-montessori-spielzeug.de\/de\/wp-json\/wp\/v2\/media?parent=8894"}],"wp:term":[{"taxonomy":"product_brand","embeddable":true,"href":"https:\/\/das-montessori-spielzeug.de\/de\/wp-json\/wp\/v2\/product_brand?post=8894"},{"taxonomy":"product_cat","embeddable":true,"href":"https:\/\/das-montessori-spielzeug.de\/de\/wp-json\/wp\/v2\/product_cat?post=8894"},{"taxonomy":"product_tag","embeddable":true,"href":"https:\/\/das-montessori-spielzeug.de\/de\/wp-json\/wp\/v2\/product_tag?post=8894"}],"curies":[{"name":"wp","href":"https:\/\/api.w.org\/{rel}","templated":true}]}}