{"id":8886,"date":"2023-01-26T00:20:23","date_gmt":"2023-01-26T00:20:23","guid":{"rendered":"https:\/\/das-montessori-spielzeug.de\/product\/montessori-educational-wooden-toys-for-kids-montessori-toys-board-math-fishing-montessori-toys-educational-for-1-2-3-years-old"},"modified":"2023-07-21T13:35:21","modified_gmt":"2023-07-21T13:35:21","slug":"bildungspaket-sprache-und-zahlen","status":"publish","type":"product","link":"https:\/\/das-montessori-spielzeug.de\/de\/product\/bildungspaket-sprache-und-zahlen","title":{"rendered":"Language and Numbers Education Kit"},"content":{"rendered":"<div class=\"detailmodule_dynamic\">\n<h2><span data-sheets-value=\"{&quot;1&quot;:2,&quot;2&quot;:&quot;\\n\\n## D\u00e9couvrez le Kit d'\u00e9ducation language et chiffres Montessori, une m\u00e9thode innovante et efficace pour l'apprentissage de votre enfant&quot;}\" data-sheets-formula=\"=doit(R[0]C[-1])\">Entdecken Sie das h\u00f6lzerne Montessori-Bildungsset Sprache und Zahlen, ein Tablett mit Zahlen, Buchstaben und Bildern.<\/span><\/h2>\n<p><span data-sheets-value=\"{&quot;1&quot;:2,&quot;2&quot;:&quot;\\n\\nLe Kit d'\u00e9ducation language et chiffres est un produit innovant qui se base sur la m\u00e9thode Montessori pour apprendre \u00e0 votre enfant la langue et les chiffres. Adapt\u00e9 \u00e0 partir de 2 ans, ce produit offre aux parents une m\u00e9thode innovante et efficace pour que leur enfant puisse apprendre correctement sa langue et ses chiffres.\\n\\nToujours dans la logique Montessori, le kit est compos\u00e9 de pi\u00e8ces en bois au look traditionnel et \u00e9l\u00e9gant. Il est con\u00e7u pour \u00eatre ergonomique et facile \u00e0 manipuler. Sa taille (22x45x6) lui permet de s'emporter partout, pour des moments d'apprentissage \u00e0 la maison ou en d\u00e9placement.\\n\\nSon design minimaliste, cartoonesque et interactif est tr\u00e8s attirant et divertissant pour les enfants. L'ensemble des pi\u00e8ces sont faciles \u00e0 assembler et \u00e0 manipuler, ce qui facilite leur compr\u00e9hension et leur mise en pratique. Le kit est livr\u00e9 avec de nombreuses cartes et \u00e9tiquettes pour acqu\u00e9rir les notions de base en langue et en chiffre.\\n\\nLe Kit d'\u00e9ducation language et chiffres est un produit avec lequel vous pouvez entamer une nouvelle \u00e9tape dans l'apprentissage de votre enfant. Il offre aux parents une m\u00e9thode innovante, efficace et s\u00fbre, bas\u00e9e sur la m\u00e9thode Montessori. Il est con\u00e7u pour \u00eatre robuste et durable et est livr\u00e9 avec des pi\u00e8ces en bois et un design minimaliste et divertissant. Sa taille lui permet d'\u00eatre facilement transportable et de pouvoir \u00eatre utilis\u00e9 \u00e0 la maison ou en d\u00e9placement.&quot;}\" data-sheets-userformat=\"{&quot;2&quot;:4224,&quot;10&quot;:2,&quot;15&quot;:&quot;Arial&quot;}\" data-sheets-formula=\"=doIt(R[0]C[-1])\">Das Bildungspaket Sprache und Zahlen ist ein innovatives Produkt, das auf der Montessori-Methode basiert, um Ihrem Kind die Sprache und die Zahlen beizubringen. Dieses Produkt ist f\u00fcr Kinder ab 2 Jahren geeignet und bietet Eltern eine innovative und effektive Methode, mit der ihr Kind die Sprache und die Zahlen richtig lernen kann.<\/span><\/p>\n<p>\u2705 Lernen nach der Montessori-Methode<br \/>\n\u2705 Ergonomisches und unterhaltsames Holzdesign<br \/>\n\u2705 Tragbar f\u00fcr Lernmomente zu Hause oder unterwegs<\/p>\n<p><span data-sheets-value=\"{&quot;1&quot;:2,&quot;2&quot;:&quot;\\n\\nLe Kit d'\u00e9ducation language et chiffres est un produit innovant qui se base sur la m\u00e9thode Montessori pour apprendre \u00e0 votre enfant la langue et les chiffres. Adapt\u00e9 \u00e0 partir de 2 ans, ce produit offre aux parents une m\u00e9thode innovante et efficace pour que leur enfant puisse apprendre correctement sa langue et ses chiffres.\\n\\nToujours dans la logique Montessori, le kit est compos\u00e9 de pi\u00e8ces en bois au look traditionnel et \u00e9l\u00e9gant. Il est con\u00e7u pour \u00eatre ergonomique et facile \u00e0 manipuler. Sa taille (22x45x6) lui permet de s'emporter partout, pour des moments d'apprentissage \u00e0 la maison ou en d\u00e9placement.\\n\\nSon design minimaliste, cartoonesque et interactif est tr\u00e8s attirant et divertissant pour les enfants. L'ensemble des pi\u00e8ces sont faciles \u00e0 assembler et \u00e0 manipuler, ce qui facilite leur compr\u00e9hension et leur mise en pratique. Le kit est livr\u00e9 avec de nombreuses cartes et \u00e9tiquettes pour acqu\u00e9rir les notions de base en langue et en chiffre.\\n\\nLe Kit d'\u00e9ducation language et chiffres est un produit avec lequel vous pouvez entamer une nouvelle \u00e9tape dans l'apprentissage de votre enfant. Il offre aux parents une m\u00e9thode innovante, efficace et s\u00fbre, bas\u00e9e sur la m\u00e9thode Montessori. Il est con\u00e7u pour \u00eatre robuste et durable et est livr\u00e9 avec des pi\u00e8ces en bois et un design minimaliste et divertissant. Sa taille lui permet d'\u00eatre facilement transportable et de pouvoir \u00eatre utilis\u00e9 \u00e0 la maison ou en d\u00e9placement.&quot;}\" data-sheets-userformat=\"{&quot;2&quot;:4224,&quot;10&quot;:2,&quot;15&quot;:&quot;Arial&quot;}\" data-sheets-formula=\"=doIt(R[0]C[-1])\">Ebenfalls im Sinne der Montessori-Logik besteht das Set aus Holzteilen im traditionellen und eleganten Look. Es wurde so konzipiert, dass es ergonomisch und leicht zu handhaben ist. Dank seiner Gr\u00f6\u00dfe (22x45x6) kann es \u00fcberall hin mitgenommen werden, f\u00fcr Lernmomente zu Hause oder unterwegs.<\/span><\/p>\n<p>Das minimalistische, cartoonartige und interaktive Design ist f\u00fcr Kinder sehr attraktiv und unterhaltsam. Alle Teile sind leicht zusammenzubauen und zu handhaben, was das Verst\u00e4ndnis und die praktische Anwendung erleichtert.<\/p>\n<p>Das Bildungspaket Sprache und Zahlen ist ein Produkt, mit dem Sie eine neue Phase im Lernprozess Ihres Kindes einleiten k\u00f6nnen. Es bietet Eltern eine innovative, effektive und sichere Methode, die auf der Montessori-Methode basiert. Es ist auf Robustheit und Langlebigkeit ausgelegt und wird mit Holzteilen und einem unterhaltsamen, minimalistischen Design geliefert. Dank seiner Gr\u00f6\u00dfe ist es leicht zu transportieren und kann sowohl zu Hause als auch unterwegs verwendet werden.<\/p>\n<\/div>","protected":false},"excerpt":{"rendered":"<p>D\u00e9couvrez le Kit d&#8217;\u00e9ducation en bois language et chiffres Montessori, un plateau compos\u00e9 de chiffres, de lettres et d&#8217;images Le<\/p>","protected":false},"featured_media":8880,"template":"","meta":[],"product_brand":[],"product_cat":[385,386,381,383,382,384,388,342,343,344],"product_tag":[],"class_list":{"0":"post-8886","1":"product","2":"type-product","3":"status-publish","4":"has-post-thumbnail","6":"product_cat-apprendre-chiffres","7":"product_cat-appendre-calculer","8":"product_cat-apprendre-compter","9":"product_cat-apprendre-fractions","10":"product_cat-apprendre-volumes","11":"product_cat-apprentissage-geometrie","12":"product_cat-apprentissage-lettres","13":"product_cat-jeux-montessori-1an-18mois","14":"product_cat-jeux-montessori-18mois-2ans","15":"product_cat-jeux-montessori-2ans-3-ans","17":"first","18":"instock","19":"shipping-taxable","20":"purchasable","21":"product-type-simple"},"_links":{"self":[{"href":"https:\/\/das-montessori-spielzeug.de\/de\/wp-json\/wp\/v2\/product\/8886","targetHints":{"allow":["GET"]}}],"collection":[{"href":"https:\/\/das-montessori-spielzeug.de\/de\/wp-json\/wp\/v2\/product"}],"about":[{"href":"https:\/\/das-montessori-spielzeug.de\/de\/wp-json\/wp\/v2\/types\/product"}],"version-history":[{"count":0,"href":"https:\/\/das-montessori-spielzeug.de\/de\/wp-json\/wp\/v2\/product\/8886\/revisions"}],"wp:featuredmedia":[{"embeddable":true,"href":"https:\/\/das-montessori-spielzeug.de\/de\/wp-json\/wp\/v2\/media\/8880"}],"wp:attachment":[{"href":"https:\/\/das-montessori-spielzeug.de\/de\/wp-json\/wp\/v2\/media?parent=8886"}],"wp:term":[{"taxonomy":"product_brand","embeddable":true,"href":"https:\/\/das-montessori-spielzeug.de\/de\/wp-json\/wp\/v2\/product_brand?post=8886"},{"taxonomy":"product_cat","embeddable":true,"href":"https:\/\/das-montessori-spielzeug.de\/de\/wp-json\/wp\/v2\/product_cat?post=8886"},{"taxonomy":"product_tag","embeddable":true,"href":"https:\/\/das-montessori-spielzeug.de\/de\/wp-json\/wp\/v2\/product_tag?post=8886"}],"curies":[{"name":"wp","href":"https:\/\/api.w.org\/{rel}","templated":true}]}}