{"id":8842,"date":"2023-01-26T00:18:17","date_gmt":"2023-01-26T00:18:17","guid":{"rendered":"https:\/\/das-montessori-spielzeug.de\/product\/baby-wooden-cartoon-dinosaur-3d-puzzle-jigsaw-for-kids-montessori-early-learning-educational-puzzle-toys"},"modified":"2023-07-21T13:35:20","modified_gmt":"2023-07-21T13:35:20","slug":"cartoon-dinosaurier-3d-holzpuzzle","status":"publish","type":"product","link":"https:\/\/das-montessori-spielzeug.de\/de\/product\/cartoon-dinosaurier-3d-holzpuzzle","title":{"rendered":"Holz-Cartoon-Dinosaurier-3D-Puzzle"},"content":{"rendered":"<h2><span data-sheets-value=\"{&quot;1&quot;:2,&quot;2&quot;:&quot;\\n\\nLe Puzzle en bois Cartoon Dinosaure 3D est un produit imaginatif qui ravira les petits et donnera aux parents des moments de plaisir et de divertissement qui leur permettra de s'amuser avec leurs enfants. \\n\\nCe jeu a \u00e9t\u00e9 con\u00e7u avec des d\u00e9tails minutieux pour inspirer l'imagination des enfants et inciter leur curiosit\u00e9. Il est compos\u00e9 d'un ensemble de quinze dinosaures taill\u00e9s dans un bois naturel, d'une qualit\u00e9 sup\u00e9rieure qui est robuste et durable. Ces dinosaures sont parfaits pour les enfants de 3 \u00e0 7 ans. \\n\\nLe Puzzle en bois Cartoon Dinosaure 3D comprend une vari\u00e9t\u00e9 de diff\u00e9rents dinosaures qui am\u00e9lioreront les comp\u00e9tences manuelles de votre enfant et l'inciteront \u00e0 apprendre tout en s'amusant. La taille et le type des pi\u00e8ces leur permettra d'assembler facilement leurs anciennes cr\u00e9ations d'une mani\u00e8re amusante et imaginative. \\n\\nLe Puzzle en bois Cartoon Dinosaure 3D est un excellent moyen de passer du temps calme avec votre enfant et de d\u00e9velopper sa capacit\u00e9 \u00e0 r\u00e9soudre des probl\u00e8mes. C'est un excellent moyen de stimuler sa cr\u00e9ativit\u00e9 en le guidant \u00e0 travers la cr\u00e9ation d'un monde pr\u00e9historique. De plus, s'il sent le besoin d'une pause, il pourra simplement s'amuser avec les dinosaures \u00e0 sa guise. \\n\\nVotre enfant adorera assembler ces puzzles et c'est un cadeau formidable pour l'inciter \u00e0 d\u00e9velopper sa curiosit\u00e9 et \u00e0 encourager les actes cr\u00e9atifs. Vous pourrez \u00e9galement passer des moments m\u00e9morables avec votre enfant en jouant et en cr\u00e9ant. Pas \u00e9tonnant que le Puzzle en bois Cartoon Dinosaure 3D soit l'un des jeux les plus populaires aupr\u00e8s des adultes et des enfants.&quot;}\" data-sheets-userformat=\"{&quot;2&quot;:4224,&quot;10&quot;:2,&quot;15&quot;:&quot;Arial&quot;}\" data-sheets-formula=\"=doIt(R[0]C[-1])\">Eine tolle M\u00f6glichkeit f\u00fcr Kinder, sich spielerisch mit der Vorgeschichte zu besch\u00e4ftigen.<br \/>\n<\/span><\/h2>\n<p><span data-sheets-value=\"{&quot;1&quot;:2,&quot;2&quot;:&quot;\\n\\nLe Puzzle en bois Cartoon Dinosaure 3D est un produit imaginatif qui ravira les petits et donnera aux parents des moments de plaisir et de divertissement qui leur permettra de s'amuser avec leurs enfants. \\n\\nCe jeu a \u00e9t\u00e9 con\u00e7u avec des d\u00e9tails minutieux pour inspirer l'imagination des enfants et inciter leur curiosit\u00e9. Il est compos\u00e9 d'un ensemble de quinze dinosaures taill\u00e9s dans un bois naturel, d'une qualit\u00e9 sup\u00e9rieure qui est robuste et durable. Ces dinosaures sont parfaits pour les enfants de 3 \u00e0 7 ans. \\n\\nLe Puzzle en bois Cartoon Dinosaure 3D comprend une vari\u00e9t\u00e9 de diff\u00e9rents dinosaures qui am\u00e9lioreront les comp\u00e9tences manuelles de votre enfant et l'inciteront \u00e0 apprendre tout en s'amusant. La taille et le type des pi\u00e8ces leur permettra d'assembler facilement leurs anciennes cr\u00e9ations d'une mani\u00e8re amusante et imaginative. \\n\\nLe Puzzle en bois Cartoon Dinosaure 3D est un excellent moyen de passer du temps calme avec votre enfant et de d\u00e9velopper sa capacit\u00e9 \u00e0 r\u00e9soudre des probl\u00e8mes. C'est un excellent moyen de stimuler sa cr\u00e9ativit\u00e9 en le guidant \u00e0 travers la cr\u00e9ation d'un monde pr\u00e9historique. De plus, s'il sent le besoin d'une pause, il pourra simplement s'amuser avec les dinosaures \u00e0 sa guise. \\n\\nVotre enfant adorera assembler ces puzzles et c'est un cadeau formidable pour l'inciter \u00e0 d\u00e9velopper sa curiosit\u00e9 et \u00e0 encourager les actes cr\u00e9atifs. Vous pourrez \u00e9galement passer des moments m\u00e9morables avec votre enfant en jouant et en cr\u00e9ant. Pas \u00e9tonnant que le Puzzle en bois Cartoon Dinosaure 3D soit l'un des jeux les plus populaires aupr\u00e8s des adultes et des enfants.&quot;}\" data-sheets-userformat=\"{&quot;2&quot;:4224,&quot;10&quot;:2,&quot;15&quot;:&quot;Arial&quot;}\" data-sheets-formula=\"=doIt(R[0]C[-1])\">Das Holzpuzzle Cartoon Dinosaurier 3D ist ein fantasievolles Produkt, das die Kleinen begeistern wird und den Eltern Momente des Vergn\u00fcgens und der Unterhaltung beschert, die sie mit ihren Kindern genie\u00dfen k\u00f6nnen.<\/span><\/p>\n<p>Dieses Spiel wurde mit liebevollen Details gestaltet, um die Fantasie der Kinder zu inspirieren und ihre Neugierde zu wecken. Zw\u00f6lf Dinosaurier stehen zur Auswahl, die aus nat\u00fcrlichem Holz geschnitzt sind, das eine robuste und langlebige Premiumqualit\u00e4t aufweist. Diese Dinosaurier sind ideal f\u00fcr Kinder von 1 bis 7 Jahren.<\/p>\n<p><span data-sheets-value=\"{&quot;1&quot;:2,&quot;2&quot;:&quot;\\n\\nLe Puzzle en bois Cartoon Dinosaure 3D est un produit imaginatif qui ravira les petits et donnera aux parents des moments de plaisir et de divertissement qui leur permettra de s'amuser avec leurs enfants. \\n\\nCe jeu a \u00e9t\u00e9 con\u00e7u avec des d\u00e9tails minutieux pour inspirer l'imagination des enfants et inciter leur curiosit\u00e9. Il est compos\u00e9 d'un ensemble de quinze dinosaures taill\u00e9s dans un bois naturel, d'une qualit\u00e9 sup\u00e9rieure qui est robuste et durable. Ces dinosaures sont parfaits pour les enfants de 3 \u00e0 7 ans. \\n\\nLe Puzzle en bois Cartoon Dinosaure 3D comprend une vari\u00e9t\u00e9 de diff\u00e9rents dinosaures qui am\u00e9lioreront les comp\u00e9tences manuelles de votre enfant et l'inciteront \u00e0 apprendre tout en s'amusant. La taille et le type des pi\u00e8ces leur permettra d'assembler facilement leurs anciennes cr\u00e9ations d'une mani\u00e8re amusante et imaginative. \\n\\nLe Puzzle en bois Cartoon Dinosaure 3D est un excellent moyen de passer du temps calme avec votre enfant et de d\u00e9velopper sa capacit\u00e9 \u00e0 r\u00e9soudre des probl\u00e8mes. C'est un excellent moyen de stimuler sa cr\u00e9ativit\u00e9 en le guidant \u00e0 travers la cr\u00e9ation d'un monde pr\u00e9historique. De plus, s'il sent le besoin d'une pause, il pourra simplement s'amuser avec les dinosaures \u00e0 sa guise. \\n\\nVotre enfant adorera assembler ces puzzles et c'est un cadeau formidable pour l'inciter \u00e0 d\u00e9velopper sa curiosit\u00e9 et \u00e0 encourager les actes cr\u00e9atifs. Vous pourrez \u00e9galement passer des moments m\u00e9morables avec votre enfant en jouant et en cr\u00e9ant. Pas \u00e9tonnant que le Puzzle en bois Cartoon Dinosaure 3D soit l'un des jeux les plus populaires aupr\u00e8s des adultes et des enfants.&quot;}\" data-sheets-userformat=\"{&quot;2&quot;:4224,&quot;10&quot;:2,&quot;15&quot;:&quot;Arial&quot;}\" data-sheets-formula=\"=doIt(R[0]C[-1])\">\u2705 Sorgf\u00e4ltige Details<br \/>\n\u2705 F\u00f6rdert die Kreativit\u00e4t<br \/>\n\u2705 Spielen und Lernen<\/span><\/p>\n<p>Das Holzpuzzle Cartoon Dinosaurier 3D enth\u00e4lt eine Vielzahl verschiedener Dinosaurier, die die handwerklichen F\u00e4higkeiten Ihres Kindes verbessern und es spielerisch zum Lernen anregen werden. Die Gr\u00f6\u00dfe und Art der Teile erm\u00f6glicht es ihnen, das Puzzle leicht zusammenzusetzen.<\/p>\n<p>Das Holzpuzzle Cartoon Dinosaurier 3D ist eine hervorragende M\u00f6glichkeit, ruhige Zeit mit Ihrem Kind zu verbringen und seine F\u00e4higkeit zur Probleml\u00f6sung zu entwickeln. Es ist eine tolle M\u00f6glichkeit, seine Kreativit\u00e4t zu f\u00f6rdern, indem es durch die pr\u00e4historische Welt gef\u00fchrt wird. Au\u00dferdem kann es, wenn es das Bed\u00fcrfnis nach einer Pause versp\u00fcrt, einfach nach Lust und Laune mit den Dinosauriern spielen.<\/p>\n<p>Ihr Kind wird es lieben, diese Puzzles zusammenzusetzen, und es ist ein tolles Geschenk, um seine Neugierde zu entwickeln und kreative Handlungen zu f\u00f6rdern. Au\u00dferdem k\u00f6nnen Sie mit Ihrem Kind beim Spielen und Gestalten unvergessliche Momente verbringen. Kein Wunder, dass das Holzpuzzle Cartoon Dinosaurier 3D eines der beliebtesten Spiele bei Erwachsenen und Kindern ist.<\/p>","protected":false},"excerpt":{"rendered":"<p>Un excellent moyen pour les enfants d&#8217;aborder la pr\u00e9histoire tout en s&#8217;amusant Le Puzzle en bois Cartoon Dinosaure 3D est<\/p>","protected":false},"featured_media":8832,"template":"","meta":[],"product_brand":[],"product_cat":[347,343,344],"product_tag":[],"class_list":{"0":"post-8842","1":"product","2":"type-product","3":"status-publish","4":"has-post-thumbnail","6":"product_cat-puzzle-enfant","7":"product_cat-jeux-montessori-18mois-2ans","8":"product_cat-jeux-montessori-2ans-3-ans","10":"first","11":"instock","12":"shipping-taxable","13":"purchasable","14":"product-type-variable","15":"has-default-attributes"},"_links":{"self":[{"href":"https:\/\/das-montessori-spielzeug.de\/de\/wp-json\/wp\/v2\/product\/8842","targetHints":{"allow":["GET"]}}],"collection":[{"href":"https:\/\/das-montessori-spielzeug.de\/de\/wp-json\/wp\/v2\/product"}],"about":[{"href":"https:\/\/das-montessori-spielzeug.de\/de\/wp-json\/wp\/v2\/types\/product"}],"version-history":[{"count":0,"href":"https:\/\/das-montessori-spielzeug.de\/de\/wp-json\/wp\/v2\/product\/8842\/revisions"}],"wp:featuredmedia":[{"embeddable":true,"href":"https:\/\/das-montessori-spielzeug.de\/de\/wp-json\/wp\/v2\/media\/8832"}],"wp:attachment":[{"href":"https:\/\/das-montessori-spielzeug.de\/de\/wp-json\/wp\/v2\/media?parent=8842"}],"wp:term":[{"taxonomy":"product_brand","embeddable":true,"href":"https:\/\/das-montessori-spielzeug.de\/de\/wp-json\/wp\/v2\/product_brand?post=8842"},{"taxonomy":"product_cat","embeddable":true,"href":"https:\/\/das-montessori-spielzeug.de\/de\/wp-json\/wp\/v2\/product_cat?post=8842"},{"taxonomy":"product_tag","embeddable":true,"href":"https:\/\/das-montessori-spielzeug.de\/de\/wp-json\/wp\/v2\/product_tag?post=8842"}],"curies":[{"name":"wp","href":"https:\/\/api.w.org\/{rel}","templated":true}]}}