{"id":8829,"date":"2023-01-26T00:17:02","date_gmt":"2023-01-26T00:17:02","guid":{"rendered":"https:\/\/das-montessori-spielzeug.de\/product\/montessori-educational-industrious-little-bees-kids-wooden-toys-for-children-interactive-beehive-game-board-funny-toy-gift"},"modified":"2023-07-21T13:35:19","modified_gmt":"2023-07-21T13:35:19","slug":"montessori-bienenstock-mit-klemme","status":"publish","type":"product","link":"https:\/\/das-montessori-spielzeug.de\/de\/product\/montessori-bienenstock-mit-klemme","title":{"rendered":"Montessori-Bienenstock mit Klammer"},"content":{"rendered":"<h2><span data-sheets-formula=\"=doIt(R[0]C[-1])\" data-sheets-userformat=\"{&quot;2&quot;:4224,&quot;10&quot;:2,&quot;15&quot;:&quot;Arial&quot;}\" data-sheets-value=\"{&quot;1&quot;:2,&quot;2&quot;:&quot; \\n\\nLes abeilles sont des animaux tr\u00e8s intelligents qui r\u00e9ussissent parfois des prouesses incroyables gr\u00e2ce \u00e0 leur habilet\u00e9 et leur dexterit\u00e9. Chez les petits enfants, le d\u00e9veloppement de ces qualit\u00e9s passe par des jeux ludiques et utiles. En voici un superbe exemple ! \\n\\nLe jeu Montessori de dexterit\u00e9 qui consiste \u00e0 mettre des petites abeilles en bois dans une sorte de plateau en forme de ruche avec des alv\u00e9oles, c'est-\u00e0-dire des trous pour mettre les abeilles avec une pince. Gr\u00e2ce \u00e0 ce jeu, votre enfant va apprendre \u00e0 \u00eatre plus habile et d\u00e9velopper ainsi sa dext\u00e9rit\u00e9 fine. \\n\\nCe jeu est adapt\u00e9 aux enfants \u00e2g\u00e9s de 2 \u00e0 6 ans, il peut se jouer en autonomie ou accompagn\u00e9 par vous. Il s\u2019agit d\u2019un excellent outil pour am\u00e9liorer les aptitudes psychomotrices de votre enfant. Il va apprendre \u00e0 manipuler la pince ainsi que les abeilles en bois avec beaucoup de pr\u00e9cision et de rapidit\u00e9, ce qui demande de la concentration et de la patience. \\n\\nOffrez \u00e0 votre enfant ce jeu Montessori de dexterit\u00e9 et il pourra d\u00e9velopper son habilet\u00e9 en s'amusant. Vous pouvez \u00eatre s\u00fbr qu'il s'amusera et qu'il passera un moment agr\u00e9able en jouant et en apprenant. Vous serez \u00e9galement \u00e9tonn\u00e9 de voir \u00e0 quelle vitesse il progresse. Alors n\u2019h\u00e9sitez plus et achetez d\u00e8s maintenant ce jeu formidale !&quot;}\">Das Montessori-Geschicklichkeitsspiel, ein spielerisches und n\u00fctzliches Spiel f\u00fcr die Entwicklung der psychomotorischen F\u00e4higkeiten von Kindern!<\/span><\/h2>\n<p><span data-sheets-formula=\"=doIt(R[0]C[-1])\" data-sheets-userformat=\"{&quot;2&quot;:4224,&quot;10&quot;:2,&quot;15&quot;:&quot;Arial&quot;}\" data-sheets-value=\"{&quot;1&quot;:2,&quot;2&quot;:&quot; \\n\\nLes abeilles sont des animaux tr\u00e8s intelligents qui r\u00e9ussissent parfois des prouesses incroyables gr\u00e2ce \u00e0 leur habilet\u00e9 et leur dexterit\u00e9. Chez les petits enfants, le d\u00e9veloppement de ces qualit\u00e9s passe par des jeux ludiques et utiles. En voici un superbe exemple ! \\n\\nLe jeu Montessori de dexterit\u00e9 qui consiste \u00e0 mettre des petites abeilles en bois dans une sorte de plateau en forme de ruche avec des alv\u00e9oles, c'est-\u00e0-dire des trous pour mettre les abeilles avec une pince. Gr\u00e2ce \u00e0 ce jeu, votre enfant va apprendre \u00e0 \u00eatre plus habile et d\u00e9velopper ainsi sa dext\u00e9rit\u00e9 fine. \\n\\nCe jeu est adapt\u00e9 aux enfants \u00e2g\u00e9s de 2 \u00e0 6 ans, il peut se jouer en autonomie ou accompagn\u00e9 par vous. Il s\u2019agit d\u2019un excellent outil pour am\u00e9liorer les aptitudes psychomotrices de votre enfant. Il va apprendre \u00e0 manipuler la pince ainsi que les abeilles en bois avec beaucoup de pr\u00e9cision et de rapidit\u00e9, ce qui demande de la concentration et de la patience. \\n\\nOffrez \u00e0 votre enfant ce jeu Montessori de dexterit\u00e9 et il pourra d\u00e9velopper son habilet\u00e9 en s'amusant. Vous pouvez \u00eatre s\u00fbr qu'il s'amusera et qu'il passera un moment agr\u00e9able en jouant et en apprenant. Vous serez \u00e9galement \u00e9tonn\u00e9 de voir \u00e0 quelle vitesse il progresse. Alors n\u2019h\u00e9sitez plus et achetez d\u00e8s maintenant ce jeu formidale !&quot;}\">Bienen sind hochintelligente Tiere, denen dank ihrer Geschicklichkeit und Fingerfertigkeit manchmal unglaubliche Kunstst\u00fccke gelingen. Bei kleinen Kindern werden diese Eigenschaften durch spielerische und n\u00fctzliche Spiele gef\u00f6rdert. Hier ist ein tolles Beispiel daf\u00fcr!<\/span><\/p>\n<p>Das Montessori-Spiel zur F\u00f6rderung der Fingerfertigkeit, bei dem kleine Holzbienen in einen Bienenstock mit Waben gesteckt werden, d. h. mit L\u00f6chern, in die die Bienen mit einer Zange gesteckt werden k\u00f6nnen. Durch dieses Spiel wird Ihr Kind lernen, geschickter zu sein und so seine Feinmotorik zu entwickeln.<\/p>\n<p><span data-sheets-formula=\"=doIt(R[0]C[-1])\" data-sheets-userformat=\"{&quot;2&quot;:4224,&quot;10&quot;:2,&quot;15&quot;:&quot;Arial&quot;}\" data-sheets-value=\"{&quot;1&quot;:2,&quot;2&quot;:&quot; \\n\\nLes abeilles sont des animaux tr\u00e8s intelligents qui r\u00e9ussissent parfois des prouesses incroyables gr\u00e2ce \u00e0 leur habilet\u00e9 et leur dexterit\u00e9. Chez les petits enfants, le d\u00e9veloppement de ces qualit\u00e9s passe par des jeux ludiques et utiles. En voici un superbe exemple ! \\n\\nLe jeu Montessori de dexterit\u00e9 qui consiste \u00e0 mettre des petites abeilles en bois dans une sorte de plateau en forme de ruche avec des alv\u00e9oles, c'est-\u00e0-dire des trous pour mettre les abeilles avec une pince. Gr\u00e2ce \u00e0 ce jeu, votre enfant va apprendre \u00e0 \u00eatre plus habile et d\u00e9velopper ainsi sa dext\u00e9rit\u00e9 fine. \\n\\nCe jeu est adapt\u00e9 aux enfants \u00e2g\u00e9s de 2 \u00e0 6 ans, il peut se jouer en autonomie ou accompagn\u00e9 par vous. Il s\u2019agit d\u2019un excellent outil pour am\u00e9liorer les aptitudes psychomotrices de votre enfant. Il va apprendre \u00e0 manipuler la pince ainsi que les abeilles en bois avec beaucoup de pr\u00e9cision et de rapidit\u00e9, ce qui demande de la concentration et de la patience. \\n\\nOffrez \u00e0 votre enfant ce jeu Montessori de dexterit\u00e9 et il pourra d\u00e9velopper son habilet\u00e9 en s'amusant. Vous pouvez \u00eatre s\u00fbr qu'il s'amusera et qu'il passera un moment agr\u00e9able en jouant et en apprenant. Vous serez \u00e9galement \u00e9tonn\u00e9 de voir \u00e0 quelle vitesse il progresse. Alors n\u2019h\u00e9sitez plus et achetez d\u00e8s maintenant ce jeu formidale !&quot;}\">\u2705 Lernen durch Spielen<br \/>\n\u2705 Entwickelt seine Feinmotorik<br \/>\n\u2705 Regt mit Farben die Logik an<\/span><\/p>\n<p>Dieses Spiel ist f\u00fcr Kinder im Alter von 2 bis 6 Jahren geeignet. Es kann allein oder in Begleitung eines Kameraden gespielt werden. Es ist ein hervorragendes Instrument, um die psychomotorischen F\u00e4higkeiten Ihres Kindes zu verbessern. Es wird lernen, die Zange sowie die Holzbienen mit gro\u00dfer Pr\u00e4zision und Geschicklichkeit zu handhaben, was Konzentration und Geduld erfordert.<\/p>\n<p>Schenken Sie Ihrem Kind dieses Montessori-Spiel zur Fingerfertigkeit und es wird spielerisch seine Geschicklichkeit entwickeln. Sie k\u00f6nnen sicher sein, dass es Spa\u00df haben wird und eine sch\u00f6ne Zeit beim Spielen und der Entwicklung seiner F\u00e4higkeiten verbringen wird. Au\u00dferdem werden Sie erstaunt sein, wie schnell es Fortschritte macht. Z\u00f6gern Sie also nicht l\u00e4nger und kaufen Sie jetzt dieses tolle Spiel!<\/p>","protected":false},"excerpt":{"rendered":"<p>Le jeu Montessori de dexterit\u00e9, un jeu ludique et utile pour le d\u00e9veloppement des comp\u00e9tences psychomotrices des enfants ! Les<\/p>","protected":false},"featured_media":9840,"template":"","meta":[],"product_brand":[],"product_cat":[374,342,343],"product_tag":[],"class_list":{"0":"post-8829","1":"product","2":"type-product","3":"status-publish","4":"has-post-thumbnail","6":"product_cat-jeu-adresse","7":"product_cat-jeux-montessori-1an-18mois","8":"product_cat-jeux-montessori-18mois-2ans","10":"first","11":"instock","12":"shipping-taxable","13":"purchasable","14":"product-type-simple"},"_links":{"self":[{"href":"https:\/\/das-montessori-spielzeug.de\/de\/wp-json\/wp\/v2\/product\/8829","targetHints":{"allow":["GET"]}}],"collection":[{"href":"https:\/\/das-montessori-spielzeug.de\/de\/wp-json\/wp\/v2\/product"}],"about":[{"href":"https:\/\/das-montessori-spielzeug.de\/de\/wp-json\/wp\/v2\/types\/product"}],"version-history":[{"count":0,"href":"https:\/\/das-montessori-spielzeug.de\/de\/wp-json\/wp\/v2\/product\/8829\/revisions"}],"wp:featuredmedia":[{"embeddable":true,"href":"https:\/\/das-montessori-spielzeug.de\/de\/wp-json\/wp\/v2\/media\/9840"}],"wp:attachment":[{"href":"https:\/\/das-montessori-spielzeug.de\/de\/wp-json\/wp\/v2\/media?parent=8829"}],"wp:term":[{"taxonomy":"product_brand","embeddable":true,"href":"https:\/\/das-montessori-spielzeug.de\/de\/wp-json\/wp\/v2\/product_brand?post=8829"},{"taxonomy":"product_cat","embeddable":true,"href":"https:\/\/das-montessori-spielzeug.de\/de\/wp-json\/wp\/v2\/product_cat?post=8829"},{"taxonomy":"product_tag","embeddable":true,"href":"https:\/\/das-montessori-spielzeug.de\/de\/wp-json\/wp\/v2\/product_tag?post=8829"}],"curies":[{"name":"wp","href":"https:\/\/api.w.org\/{rel}","templated":true}]}}