{"id":8810,"date":"2023-01-26T00:14:32","date_gmt":"2023-01-26T00:14:32","guid":{"rendered":"https:\/\/das-montessori-spielzeug.de\/product\/montessori-teaching-aid-geometric-panel-intelligence-puzzle"},"modified":"2023-11-09T23:02:23","modified_gmt":"2023-11-09T23:02:23","slug":"puzzle-geometrische-formen-aus-holz","status":"publish","type":"product","link":"https:\/\/das-montessori-spielzeug.de\/de\/product\/puzzle-geometrische-formen-aus-holz","title":{"rendered":"Holzpuzzle mit geometrischen Formen"},"content":{"rendered":"<h2><span data-sheets-value=\"{&quot;1&quot;:2,&quot;2&quot;:&quot;\\n\\n&lt;h2&gt;D\u00e9couvrez le jeu Puzzle Apprentissage Formes G\u00e9om\u00e9triques, un jeu innovant con\u00e7u pour encourager l'apprentissage des enfants!&lt;\/h2&gt;&quot;}\" data-sheets-userformat=\"{&quot;2&quot;:14851,&quot;3&quot;:{&quot;1&quot;:0},&quot;4&quot;:{&quot;1&quot;:2,&quot;2&quot;:16777215},&quot;12&quot;:0,&quot;14&quot;:{&quot;1&quot;:2,&quot;2&quot;:0},&quot;15&quot;:&quot;Inconsolata, monospace, arial, sans, sans-serif&quot;,&quot;16&quot;:11}\" data-sheets-formula=\"=doit(R[0]C[-1])\">Entdecken Sie das Lernpuzzle zu geometrischen Formen, ein innovatives Spiel, das das Lernen von Kindern f\u00f6rdert!<\/span><\/h2>\n<p><span data-sheets-value=\"{&quot;1&quot;:2,&quot;2&quot;:&quot;.\\n\\nPuzzle Apprentissage Formes G\u00e9om\u00e9triques est un jeu innovant con\u00e7u pour aider les enfants \u00e0 d\u00e9velopper leur sens de l'observation et leur capacit\u00e9 de r\u00e9solution de probl\u00e8mes tout en jouant. Fabriqu\u00e9 en bois, ce jeu comprend un joli panneau de 20 cm x 30 cm avec des encastrements de formes diverses. Les petits explorateur de tous \u00e2ges pourront attraper les pi\u00e8ces en bois qui se clipsent entre elles et les visser \u00e0 leur place. Les formes incluent un carr\u00e9, un rond, un pentagone, un c\u0153ur et un triangle. Il est possible de cr\u00e9er des formes inhabituelles pour stimuler l'imagination des enfants. Bonne nouvelle ! Ce jeu est adapt\u00e9 aux petites mains des enfants de 3 ans et plus. Vous pouvez \u00eatre certains que le temps qu'ils passeront \u00e0 Puzzle Apprentissage Formes G\u00e9om\u00e9triques sera non seulement amusant, mais aussi tr\u00e8s enrichissant. Ce jeu unique et attrayant permettra \u00e0 votre enfant de d\u00e9velopper sa motricit\u00e9 fine, son imagination et ses comp\u00e9tences cognitives tout en s'amusant. Alors qu'ils jouent, ils trouveront le d\u00e9fi stimulant et gratifiant de d\u00e9couvrir comment les pi\u00e8ces s'ins\u00e8rent o\u00f9 elles appartiennent. Puzzle Apprentissage Formes G\u00e9om\u00e9triques est une excellente activit\u00e9 pour les enfants pour stimuler leur apprendre et leur d\u00e9veloppement. De plus, le jeu n\u00e9cessite peu d'entretien et peut \u00eatre emport\u00e9 partout. C'est pourquoi ce jeu de puzzle est un excellent choix pour les parents et les enfants.&quot;}\" data-sheets-userformat=\"{&quot;2&quot;:14851,&quot;3&quot;:{&quot;1&quot;:0},&quot;4&quot;:{&quot;1&quot;:2,&quot;2&quot;:16777215},&quot;12&quot;:0,&quot;14&quot;:{&quot;1&quot;:2,&quot;2&quot;:0},&quot;15&quot;:&quot;Inconsolata, monospace, arial, sans, sans-serif&quot;,&quot;16&quot;:11}\" data-sheets-formula=\"=doit(R[0]C[-1])\">Das Lernpuzzle zu geometrischen Formen ist ein innovatives Spiel, das Kindern dabei helfen soll, spielerisch ihre Beobachtungsgabe und ihre Probleml\u00f6sungsf\u00e4higkeit zu entwickeln. Das aus Holz gefertigte Spiel besteht aus einer h\u00fcbschen, 20 cm x 30 cm gro\u00dfen Tafel mit Eins\u00e4tzen in verschiedenen Formen.<\/span><\/p>\n<p><span data-sheets-value=\"{&quot;1&quot;:2,&quot;2&quot;:&quot;\\n\\n\u2022 D\u00e9veloppement cognitif et motricit\u00e9 fine pour les enfants de 3 ans et +.\\n\u2022 Jeu innovant, stimulant et \u00e9ducatif con\u00e7u avec des encastrements de formes diverses.\\n\u2022 Peu d'entretien et facile \u00e0 transporter, ce jeu est un excellent choix pour les parents et les enfants.&quot;}\" data-sheets-userformat=\"{&quot;2&quot;:14851,&quot;3&quot;:{&quot;1&quot;:0},&quot;4&quot;:{&quot;1&quot;:2,&quot;2&quot;:16777215},&quot;12&quot;:0,&quot;14&quot;:{&quot;1&quot;:2,&quot;2&quot;:0},&quot;15&quot;:&quot;Inconsolata, monospace, arial, sans, sans-serif&quot;,&quot;16&quot;:11}\" data-sheets-formula=\"=doit(R[0]C[-1])\">\u2705 Kognitive Entwicklung und Feinmotorik f\u00fcr Kinder ab 3 Jahren.<br \/>\n\u2705 Innovatives, herausforderndes und lehrreiches Spiel, das mit Eins\u00e4tzen in verschiedenen Formen gestaltet wurde.<br \/>\n\u2705 Wartungsarm und leicht zu transportieren ist dieses Spiel eine ausgezeichnete Wahl f\u00fcr Eltern und Kinder.<\/span><\/p>\n<p><span data-sheets-value=\"{&quot;1&quot;:2,&quot;2&quot;:&quot;.\\n\\nPuzzle Apprentissage Formes G\u00e9om\u00e9triques est un jeu innovant con\u00e7u pour aider les enfants \u00e0 d\u00e9velopper leur sens de l'observation et leur capacit\u00e9 de r\u00e9solution de probl\u00e8mes tout en jouant. Fabriqu\u00e9 en bois, ce jeu comprend un joli panneau de 20 cm x 30 cm avec des encastrements de formes diverses. Les petits explorateur de tous \u00e2ges pourront attraper les pi\u00e8ces en bois qui se clipsent entre elles et les visser \u00e0 leur place. Les formes incluent un carr\u00e9, un rond, un pentagone, un c\u0153ur et un triangle. Il est possible de cr\u00e9er des formes inhabituelles pour stimuler l'imagination des enfants. Bonne nouvelle ! Ce jeu est adapt\u00e9 aux petites mains des enfants de 3 ans et plus. Vous pouvez \u00eatre certains que le temps qu'ils passeront \u00e0 Puzzle Apprentissage Formes G\u00e9om\u00e9triques sera non seulement amusant, mais aussi tr\u00e8s enrichissant. Ce jeu unique et attrayant permettra \u00e0 votre enfant de d\u00e9velopper sa motricit\u00e9 fine, son imagination et ses comp\u00e9tences cognitives tout en s'amusant. Alors qu'ils jouent, ils trouveront le d\u00e9fi stimulant et gratifiant de d\u00e9couvrir comment les pi\u00e8ces s'ins\u00e8rent o\u00f9 elles appartiennent. Puzzle Apprentissage Formes G\u00e9om\u00e9triques est une excellente activit\u00e9 pour les enfants pour stimuler leur apprendre et leur d\u00e9veloppement. De plus, le jeu n\u00e9cessite peu d'entretien et peut \u00eatre emport\u00e9 partout. C'est pourquoi ce jeu de puzzle est un excellent choix pour les parents et les enfants.&quot;}\" data-sheets-userformat=\"{&quot;2&quot;:14851,&quot;3&quot;:{&quot;1&quot;:0},&quot;4&quot;:{&quot;1&quot;:2,&quot;2&quot;:16777215},&quot;12&quot;:0,&quot;14&quot;:{&quot;1&quot;:2,&quot;2&quot;:0},&quot;15&quot;:&quot;Inconsolata, monospace, arial, sans, sans-serif&quot;,&quot;16&quot;:11}\" data-sheets-formula=\"=doit(R[0]C[-1])\">Kleine Entdecker jeden Alters k\u00f6nnen nach den Holzteilen greifen, die sich zusammenklipsen lassen, und sie an ihren Platz schrauben. Die Formen umfassen ein Quadrat, einen Kreis, ein F\u00fcnfeck, ein Herz und ein Dreieck. Gute Nachrichten! Dieses Spiel ist f\u00fcr die kleinen H\u00e4nde von Kindern ab 2 Jahren geeignet. Sie k\u00f6nnen sicher sein, dass die Zeit, die sie mit dem Lernpuzzle verbringen, nicht nur Spa\u00df macht, sondern auch sehr bereichernd ist. <\/span><\/p>\n<p><span data-sheets-value=\"{&quot;1&quot;:2,&quot;2&quot;:&quot;.\\n\\nPuzzle Apprentissage Formes G\u00e9om\u00e9triques est un jeu innovant con\u00e7u pour aider les enfants \u00e0 d\u00e9velopper leur sens de l'observation et leur capacit\u00e9 de r\u00e9solution de probl\u00e8mes tout en jouant. Fabriqu\u00e9 en bois, ce jeu comprend un joli panneau de 20 cm x 30 cm avec des encastrements de formes diverses. Les petits explorateur de tous \u00e2ges pourront attraper les pi\u00e8ces en bois qui se clipsent entre elles et les visser \u00e0 leur place. Les formes incluent un carr\u00e9, un rond, un pentagone, un c\u0153ur et un triangle. Il est possible de cr\u00e9er des formes inhabituelles pour stimuler l'imagination des enfants. Bonne nouvelle ! Ce jeu est adapt\u00e9 aux petites mains des enfants de 3 ans et plus. Vous pouvez \u00eatre certains que le temps qu'ils passeront \u00e0 Puzzle Apprentissage Formes G\u00e9om\u00e9triques sera non seulement amusant, mais aussi tr\u00e8s enrichissant. Ce jeu unique et attrayant permettra \u00e0 votre enfant de d\u00e9velopper sa motricit\u00e9 fine, son imagination et ses comp\u00e9tences cognitives tout en s'amusant. Alors qu'ils jouent, ils trouveront le d\u00e9fi stimulant et gratifiant de d\u00e9couvrir comment les pi\u00e8ces s'ins\u00e8rent o\u00f9 elles appartiennent. Puzzle Apprentissage Formes G\u00e9om\u00e9triques est une excellente activit\u00e9 pour les enfants pour stimuler leur apprendre et leur d\u00e9veloppement. De plus, le jeu n\u00e9cessite peu d'entretien et peut \u00eatre emport\u00e9 partout. C'est pourquoi ce jeu de puzzle est un excellent choix pour les parents et les enfants.&quot;}\" data-sheets-userformat=\"{&quot;2&quot;:14851,&quot;3&quot;:{&quot;1&quot;:0},&quot;4&quot;:{&quot;1&quot;:2,&quot;2&quot;:16777215},&quot;12&quot;:0,&quot;14&quot;:{&quot;1&quot;:2,&quot;2&quot;:0},&quot;15&quot;:&quot;Inconsolata, monospace, arial, sans, sans-serif&quot;,&quot;16&quot;:11}\" data-sheets-formula=\"=doit(R[0]C[-1])\">Mit diesem einzigartigen und attraktiven Spiel kann Ihr Kind spielerisch seine Feinmotorik, Fantasie und kognitiven F\u00e4higkeiten entwickeln. W\u00e4hrend sie spielen, werden sie die anregende und lohnende Herausforderung finden, herauszufinden, wie die Teile in nur die richtige Einbettung passen. <\/span><\/p>\n<p><span data-sheets-value=\"{&quot;1&quot;:2,&quot;2&quot;:&quot;.\\n\\nPuzzle Apprentissage Formes G\u00e9om\u00e9triques est un jeu innovant con\u00e7u pour aider les enfants \u00e0 d\u00e9velopper leur sens de l'observation et leur capacit\u00e9 de r\u00e9solution de probl\u00e8mes tout en jouant. Fabriqu\u00e9 en bois, ce jeu comprend un joli panneau de 20 cm x 30 cm avec des encastrements de formes diverses. Les petits explorateur de tous \u00e2ges pourront attraper les pi\u00e8ces en bois qui se clipsent entre elles et les visser \u00e0 leur place. Les formes incluent un carr\u00e9, un rond, un pentagone, un c\u0153ur et un triangle. Il est possible de cr\u00e9er des formes inhabituelles pour stimuler l'imagination des enfants. Bonne nouvelle ! Ce jeu est adapt\u00e9 aux petites mains des enfants de 3 ans et plus. Vous pouvez \u00eatre certains que le temps qu'ils passeront \u00e0 Puzzle Apprentissage Formes G\u00e9om\u00e9triques sera non seulement amusant, mais aussi tr\u00e8s enrichissant. Ce jeu unique et attrayant permettra \u00e0 votre enfant de d\u00e9velopper sa motricit\u00e9 fine, son imagination et ses comp\u00e9tences cognitives tout en s'amusant. Alors qu'ils jouent, ils trouveront le d\u00e9fi stimulant et gratifiant de d\u00e9couvrir comment les pi\u00e8ces s'ins\u00e8rent o\u00f9 elles appartiennent. Puzzle Apprentissage Formes G\u00e9om\u00e9triques est une excellente activit\u00e9 pour les enfants pour stimuler leur apprendre et leur d\u00e9veloppement. De plus, le jeu n\u00e9cessite peu d'entretien et peut \u00eatre emport\u00e9 partout. C'est pourquoi ce jeu de puzzle est un excellent choix pour les parents et les enfants.&quot;}\" data-sheets-userformat=\"{&quot;2&quot;:14851,&quot;3&quot;:{&quot;1&quot;:0},&quot;4&quot;:{&quot;1&quot;:2,&quot;2&quot;:16777215},&quot;12&quot;:0,&quot;14&quot;:{&quot;1&quot;:2,&quot;2&quot;:0},&quot;15&quot;:&quot;Inconsolata, monospace, arial, sans, sans-serif&quot;,&quot;16&quot;:11}\" data-sheets-formula=\"=doit(R[0]C[-1])\">Dieses Puzzle ist eine hervorragende Aktivit\u00e4t f\u00fcr Kinder, um ihr Lernen und ihre Entwicklung zu f\u00f6rdern. Au\u00dferdem ist das Spiel wartungsarm und kann \u00fcberall hin mitgenommen werden. Daher ist dieses Spiel eine ausgezeichnete Wahl f\u00fcr Eltern und Kinder.<\/span><\/p>","protected":false},"excerpt":{"rendered":"<p>D\u00e9couvrez le puzzle d&#8217;apprentissage des formes g\u00e9om\u00e9triques, un jeu innovant con\u00e7u pour encourager l&#8217;apprentissage des enfants! Le puzzle d&#8217;apprentissage des<\/p>","protected":false},"featured_media":8800,"template":"","meta":[],"product_brand":[],"product_cat":[387,347,341,342,343],"product_tag":[],"class_list":{"0":"post-8810","1":"product","2":"type-product","3":"status-publish","4":"has-post-thumbnail","6":"product_cat-apprentissage-formes","7":"product_cat-puzzle-enfant","8":"product_cat-jeux-montessori-6mois-1an","9":"product_cat-jeux-montessori-1an-18mois","10":"product_cat-jeux-montessori-18mois-2ans","12":"first","13":"instock","14":"shipping-taxable","15":"purchasable","16":"product-type-variable"},"_links":{"self":[{"href":"https:\/\/das-montessori-spielzeug.de\/de\/wp-json\/wp\/v2\/product\/8810","targetHints":{"allow":["GET"]}}],"collection":[{"href":"https:\/\/das-montessori-spielzeug.de\/de\/wp-json\/wp\/v2\/product"}],"about":[{"href":"https:\/\/das-montessori-spielzeug.de\/de\/wp-json\/wp\/v2\/types\/product"}],"version-history":[{"count":0,"href":"https:\/\/das-montessori-spielzeug.de\/de\/wp-json\/wp\/v2\/product\/8810\/revisions"}],"wp:featuredmedia":[{"embeddable":true,"href":"https:\/\/das-montessori-spielzeug.de\/de\/wp-json\/wp\/v2\/media\/8800"}],"wp:attachment":[{"href":"https:\/\/das-montessori-spielzeug.de\/de\/wp-json\/wp\/v2\/media?parent=8810"}],"wp:term":[{"taxonomy":"product_brand","embeddable":true,"href":"https:\/\/das-montessori-spielzeug.de\/de\/wp-json\/wp\/v2\/product_brand?post=8810"},{"taxonomy":"product_cat","embeddable":true,"href":"https:\/\/das-montessori-spielzeug.de\/de\/wp-json\/wp\/v2\/product_cat?post=8810"},{"taxonomy":"product_tag","embeddable":true,"href":"https:\/\/das-montessori-spielzeug.de\/de\/wp-json\/wp\/v2\/product_tag?post=8810"}],"curies":[{"name":"wp","href":"https:\/\/api.w.org\/{rel}","templated":true}]}}