{"id":8797,"date":"2023-01-26T00:12:35","date_gmt":"2023-01-26T00:12:35","guid":{"rendered":"https:\/\/das-montessori-spielzeug.de\/product\/montessori-kindergarten-early-education-toy-building-blocks"},"modified":"2023-07-21T13:35:18","modified_gmt":"2023-07-21T13:35:18","slug":"montessori-block-mit-volumen","status":"publish","type":"product","link":"https:\/\/das-montessori-spielzeug.de\/de\/product\/montessori-block-mit-volumen","title":{"rendered":"Montessori-Volumenbl\u00f6cke"},"content":{"rendered":"<div class=\"detailmodule_html\">\n<div class=\"detail-desc-decorate-richtext\">\n<h2><span data-sheets-value=\"{&quot;1&quot;:2,&quot;2&quot;:&quot;\\n\\nLes Blocs de Volumes Montessori sont une activit\u00e9 amusante et enrichissante qui offre aux jeunes enfants un moyen de s'exprimer et de d\u00e9velopper leur cr\u00e9ativit\u00e9. Ces blocs sont compos\u00e9s de 4 blocs en bois, dans lesquels s'ins\u00e8rent 5 volumes diff\u00e9rents, chacun avec une couleur diff\u00e9rente : rouge, bleu, jaune, vert et orange. Ensemble, ces blocs forment un jeu \u00e0 la fois ludique et intelligent : les enfants pourront s'amuser \u00e0 construire des formes et des structures vari\u00e9es, stimuler leur imagination et d\u00e9velopper leur esprit de logique et de raisonnement. \\n\\nLes Blocs de Volumes Montessori sont con\u00e7us pour offrir la meilleure exp\u00e9rience \u00e0 votre enfant et sont fabriqu\u00e9s \u00e0 partir de mat\u00e9riaux robustes et durables. Les blocs sont faits pour durer, et ils sont dot\u00e9s d'un rev\u00eatement en peinture s\u00fbr pour les jeunes, ce qui permet une manipulation facile et sans danger. Les caract\u00e9ristiques techniques de ces blocs sont garanties pour offrir la s\u00e9curit\u00e9 et la qualit\u00e9 n\u00e9cessaires pour que votre enfant puisse s'amuser et apprendre en toute confiance.\\n\\nLes Blocs de Volumes Montessori sont un excellent outil pour les enfants qui aiment le jeu et apprennent \u00e0 la fois. Les couleurs vives et les diff\u00e9rentes formes des blocs contribueront \u00e0 \u00e9veiller leur curiosit\u00e9 et \u00e0 leur donner l'opportunit\u00e9 de d\u00e9velopper la motricit\u00e9 fine, le raisonnement et l'orientation spatiale. Les jeunes enfants peuvent s'amuser \u00e0 d\u00e9couvrir de nouvelles formes et \u00e0 apprendre de nouvelles fa\u00e7ons de cr\u00e9er et de construire. Les jeux interactifs et les possibilit\u00e9s infinies offertes par les Blocs de Volumes Montessori sont une fa\u00e7on divertissante et enrichissante d\u2019apprendre et de se d\u00e9velopper. Faites confiance \u00e0 cet outil et permettez \u00e0 votre enfant de d\u00e9velopper son imagination et sa cr\u00e9ativit\u00e9.&quot;}\" data-sheets-userformat=\"{&quot;2&quot;:14851,&quot;3&quot;:{&quot;1&quot;:0},&quot;4&quot;:{&quot;1&quot;:2,&quot;2&quot;:16777215},&quot;12&quot;:0,&quot;14&quot;:{&quot;1&quot;:2,&quot;2&quot;:0},&quot;15&quot;:&quot;Inconsolata, monospace, arial, sans, sans-serif&quot;,&quot;16&quot;:11}\" data-sheets-formula=\"=doit(R[0]C[-1])\">Ein p\u00e4dagogisches Spiel f\u00fcr die Entwicklung des Kindes<\/span><\/h2>\n<p><span data-sheets-value=\"{&quot;1&quot;:2,&quot;2&quot;:&quot;\\n\\nLes Blocs de Volumes Montessori sont une activit\u00e9 amusante et enrichissante qui offre aux jeunes enfants un moyen de s'exprimer et de d\u00e9velopper leur cr\u00e9ativit\u00e9. Ces blocs sont compos\u00e9s de 4 blocs en bois, dans lesquels s'ins\u00e8rent 5 volumes diff\u00e9rents, chacun avec une couleur diff\u00e9rente : rouge, bleu, jaune, vert et orange. Ensemble, ces blocs forment un jeu \u00e0 la fois ludique et intelligent : les enfants pourront s'amuser \u00e0 construire des formes et des structures vari\u00e9es, stimuler leur imagination et d\u00e9velopper leur esprit de logique et de raisonnement. \\n\\nLes Blocs de Volumes Montessori sont con\u00e7us pour offrir la meilleure exp\u00e9rience \u00e0 votre enfant et sont fabriqu\u00e9s \u00e0 partir de mat\u00e9riaux robustes et durables. Les blocs sont faits pour durer, et ils sont dot\u00e9s d'un rev\u00eatement en peinture s\u00fbr pour les jeunes, ce qui permet une manipulation facile et sans danger. Les caract\u00e9ristiques techniques de ces blocs sont garanties pour offrir la s\u00e9curit\u00e9 et la qualit\u00e9 n\u00e9cessaires pour que votre enfant puisse s'amuser et apprendre en toute confiance.\\n\\nLes Blocs de Volumes Montessori sont un excellent outil pour les enfants qui aiment le jeu et apprennent \u00e0 la fois. Les couleurs vives et les diff\u00e9rentes formes des blocs contribueront \u00e0 \u00e9veiller leur curiosit\u00e9 et \u00e0 leur donner l'opportunit\u00e9 de d\u00e9velopper la motricit\u00e9 fine, le raisonnement et l'orientation spatiale. Les jeunes enfants peuvent s'amuser \u00e0 d\u00e9couvrir de nouvelles formes et \u00e0 apprendre de nouvelles fa\u00e7ons de cr\u00e9er et de construire. Les jeux interactifs et les possibilit\u00e9s infinies offertes par les Blocs de Volumes Montessori sont une fa\u00e7on divertissante et enrichissante d\u2019apprendre et de se d\u00e9velopper. Faites confiance \u00e0 cet outil et permettez \u00e0 votre enfant de d\u00e9velopper son imagination et sa cr\u00e9ativit\u00e9.&quot;}\" data-sheets-userformat=\"{&quot;2&quot;:14851,&quot;3&quot;:{&quot;1&quot;:0},&quot;4&quot;:{&quot;1&quot;:2,&quot;2&quot;:16777215},&quot;12&quot;:0,&quot;14&quot;:{&quot;1&quot;:2,&quot;2&quot;:0},&quot;15&quot;:&quot;Inconsolata, monospace, arial, sans, sans-serif&quot;,&quot;16&quot;:11}\" data-sheets-formula=\"=doit(R[0]C[-1])\">Die Montessori-Volumenbl\u00f6cke sind eine unterhaltsame und lohnende Aktivit\u00e4t, die kleinen Kindern eine M\u00f6glichkeit bietet, sich auszudr\u00fccken und ihre Kreativit\u00e4t zu entwickeln. Diese Bl\u00f6cke bestehen aus vier Holzbl\u00f6cken, in die f\u00fcnf verschiedene Volumen passen, die jeweils eine andere Farbe haben: rot, blau, gelb und gr\u00fcn. Zusammen bilden diese Bl\u00f6cke ein Spiel, das sowohl Spa\u00df macht als auch intelligent ist: Kinder k\u00f6nnen sich beim Bauen verschiedener Formen und Strukturen vergn\u00fcgen, ihre Fantasie anregen und ihr logisches und schlussfolgerndes Denken entwickeln.<\/span><\/p>\n<p><span data-sheets-value=\"{&quot;1&quot;:2,&quot;2&quot;:&quot;\\n\\nLes Blocs de Volumes Montessori sont une activit\u00e9 amusante et enrichissante qui offre aux jeunes enfants un moyen de s'exprimer et de d\u00e9velopper leur cr\u00e9ativit\u00e9. Ces blocs sont compos\u00e9s de 4 blocs en bois, dans lesquels s'ins\u00e8rent 5 volumes diff\u00e9rents, chacun avec une couleur diff\u00e9rente : rouge, bleu, jaune, vert et orange. Ensemble, ces blocs forment un jeu \u00e0 la fois ludique et intelligent : les enfants pourront s'amuser \u00e0 construire des formes et des structures vari\u00e9es, stimuler leur imagination et d\u00e9velopper leur esprit de logique et de raisonnement. \\n\\nLes Blocs de Volumes Montessori sont con\u00e7us pour offrir la meilleure exp\u00e9rience \u00e0 votre enfant et sont fabriqu\u00e9s \u00e0 partir de mat\u00e9riaux robustes et durables. Les blocs sont faits pour durer, et ils sont dot\u00e9s d'un rev\u00eatement en peinture s\u00fbr pour les jeunes, ce qui permet une manipulation facile et sans danger. Les caract\u00e9ristiques techniques de ces blocs sont garanties pour offrir la s\u00e9curit\u00e9 et la qualit\u00e9 n\u00e9cessaires pour que votre enfant puisse s'amuser et apprendre en toute confiance.\\n\\nLes Blocs de Volumes Montessori sont un excellent outil pour les enfants qui aiment le jeu et apprennent \u00e0 la fois. Les couleurs vives et les diff\u00e9rentes formes des blocs contribueront \u00e0 \u00e9veiller leur curiosit\u00e9 et \u00e0 leur donner l'opportunit\u00e9 de d\u00e9velopper la motricit\u00e9 fine, le raisonnement et l'orientation spatiale. Les jeunes enfants peuvent s'amuser \u00e0 d\u00e9couvrir de nouvelles formes et \u00e0 apprendre de nouvelles fa\u00e7ons de cr\u00e9er et de construire. Les jeux interactifs et les possibilit\u00e9s infinies offertes par les Blocs de Volumes Montessori sont une fa\u00e7on divertissante et enrichissante d\u2019apprendre et de se d\u00e9velopper. Faites confiance \u00e0 cet outil et permettez \u00e0 votre enfant de d\u00e9velopper son imagination et sa cr\u00e9ativit\u00e9.&quot;}\" data-sheets-userformat=\"{&quot;2&quot;:14851,&quot;3&quot;:{&quot;1&quot;:0},&quot;4&quot;:{&quot;1&quot;:2,&quot;2&quot;:16777215},&quot;12&quot;:0,&quot;14&quot;:{&quot;1&quot;:2,&quot;2&quot;:0},&quot;15&quot;:&quot;Inconsolata, monospace, arial, sans, sans-serif&quot;,&quot;16&quot;:11}\" data-sheets-formula=\"=doit(R[0]C[-1])\"><br \/>\nDie Montessori-Volumenbl\u00f6cke wurden entwickelt, um Ihrem Kind die beste Erfahrung zu bieten, und sind aus robusten und langlebigen Materialien hergestellt. Die Bl\u00f6cke sind f\u00fcr die Ewigkeit gemacht und verf\u00fcgen \u00fcber eine f\u00fcr Jugendliche sichere Farbbeschichtung, die eine einfache und sichere Handhabung erm\u00f6glicht. Die technischen Eigenschaften dieser Bl\u00f6cke sind garantiert, um die Sicherheit und Qualit\u00e4t zu bieten, die Ihr Kind braucht, um Spa\u00df zu haben und mit Vertrauen zu lernen.<\/span><\/p>\n<p>Die Montessori-Volumenbl\u00f6cke sind ein hervorragendes Werkzeug f\u00fcr Kinder, die gerne spielen und gleichzeitig lernen. Die leuchtenden Farben tragen dazu bei und die Zusammenstellung der Bl\u00f6cke tr\u00e4gt dazu bei, ihre Neugier zu wecken und ihnen die M\u00f6glichkeit zu geben, ihre Feinmotorik, ihr logisches Denken und die r\u00e4umliche Orientierung zu entwickeln.<\/p>\n<p><span data-sheets-value=\"{&quot;1&quot;:2,&quot;2&quot;:&quot;\\n\\nLes Blocs de Volumes Montessori sont une activit\u00e9 amusante et enrichissante qui offre aux jeunes enfants un moyen de s'exprimer et de d\u00e9velopper leur cr\u00e9ativit\u00e9. Ces blocs sont compos\u00e9s de 4 blocs en bois, dans lesquels s'ins\u00e8rent 5 volumes diff\u00e9rents, chacun avec une couleur diff\u00e9rente : rouge, bleu, jaune, vert et orange. Ensemble, ces blocs forment un jeu \u00e0 la fois ludique et intelligent : les enfants pourront s'amuser \u00e0 construire des formes et des structures vari\u00e9es, stimuler leur imagination et d\u00e9velopper leur esprit de logique et de raisonnement. \\n\\nLes Blocs de Volumes Montessori sont con\u00e7us pour offrir la meilleure exp\u00e9rience \u00e0 votre enfant et sont fabriqu\u00e9s \u00e0 partir de mat\u00e9riaux robustes et durables. Les blocs sont faits pour durer, et ils sont dot\u00e9s d'un rev\u00eatement en peinture s\u00fbr pour les jeunes, ce qui permet une manipulation facile et sans danger. Les caract\u00e9ristiques techniques de ces blocs sont garanties pour offrir la s\u00e9curit\u00e9 et la qualit\u00e9 n\u00e9cessaires pour que votre enfant puisse s'amuser et apprendre en toute confiance.\\n\\nLes Blocs de Volumes Montessori sont un excellent outil pour les enfants qui aiment le jeu et apprennent \u00e0 la fois. Les couleurs vives et les diff\u00e9rentes formes des blocs contribueront \u00e0 \u00e9veiller leur curiosit\u00e9 et \u00e0 leur donner l'opportunit\u00e9 de d\u00e9velopper la motricit\u00e9 fine, le raisonnement et l'orientation spatiale. Les jeunes enfants peuvent s'amuser \u00e0 d\u00e9couvrir de nouvelles formes et \u00e0 apprendre de nouvelles fa\u00e7ons de cr\u00e9er et de construire. Les jeux interactifs et les possibilit\u00e9s infinies offertes par les Blocs de Volumes Montessori sont une fa\u00e7on divertissante et enrichissante d\u2019apprendre et de se d\u00e9velopper. Faites confiance \u00e0 cet outil et permettez \u00e0 votre enfant de d\u00e9velopper son imagination et sa cr\u00e9ativit\u00e9.&quot;}\" data-sheets-userformat=\"{&quot;2&quot;:14851,&quot;3&quot;:{&quot;1&quot;:0},&quot;4&quot;:{&quot;1&quot;:2,&quot;2&quot;:16777215},&quot;12&quot;:0,&quot;14&quot;:{&quot;1&quot;:2,&quot;2&quot;:0},&quot;15&quot;:&quot;Inconsolata, monospace, arial, sans, sans-serif&quot;,&quot;16&quot;:11}\" data-sheets-formula=\"=doit(R[0]C[-1])\">Kleine Kinder haben Spa\u00df daran, neue Formen zu entdecken und neue Arten des Gestaltens und Bauens zu erlernen. Die interaktiven Spiele und unendlichen M\u00f6glichkeiten, die die Montessori-Volumenbl\u00f6cke bieten, sind eine unterhaltsame und bereichernde Art zu lernen und sich zu entwickeln. Vertrauen Sie diesem Werkzeug und erm\u00f6glichen Sie Ihrem Kind, seine Fantasie zu entwickeln.<\/span><\/p>\n<\/div>\n<\/div>","protected":false},"excerpt":{"rendered":"<ul>\n<li>Regt Fantasie und Kreativit\u00e4t an<\/li>\n<li>Entwickelt die Feinmotorik<\/li>\n<li>F\u00f6rdert Logik, logisches Denken und r\u00e4umliches Denken<\/li>\n<\/ul>","protected":false},"featured_media":8791,"template":"","meta":[],"product_brand":[],"product_cat":[382,359,342,343,344],"product_tag":[],"class_list":{"0":"post-8797","1":"product","2":"type-product","3":"status-publish","4":"has-post-thumbnail","6":"product_cat-apprendre-volumes","7":"product_cat-jouet-assemblage","8":"product_cat-jeux-montessori-1an-18mois","9":"product_cat-jeux-montessori-18mois-2ans","10":"product_cat-jeux-montessori-2ans-3-ans","12":"first","13":"instock","14":"shipping-taxable","15":"purchasable","16":"product-type-simple"},"_links":{"self":[{"href":"https:\/\/das-montessori-spielzeug.de\/de\/wp-json\/wp\/v2\/product\/8797","targetHints":{"allow":["GET"]}}],"collection":[{"href":"https:\/\/das-montessori-spielzeug.de\/de\/wp-json\/wp\/v2\/product"}],"about":[{"href":"https:\/\/das-montessori-spielzeug.de\/de\/wp-json\/wp\/v2\/types\/product"}],"version-history":[{"count":0,"href":"https:\/\/das-montessori-spielzeug.de\/de\/wp-json\/wp\/v2\/product\/8797\/revisions"}],"wp:featuredmedia":[{"embeddable":true,"href":"https:\/\/das-montessori-spielzeug.de\/de\/wp-json\/wp\/v2\/media\/8791"}],"wp:attachment":[{"href":"https:\/\/das-montessori-spielzeug.de\/de\/wp-json\/wp\/v2\/media?parent=8797"}],"wp:term":[{"taxonomy":"product_brand","embeddable":true,"href":"https:\/\/das-montessori-spielzeug.de\/de\/wp-json\/wp\/v2\/product_brand?post=8797"},{"taxonomy":"product_cat","embeddable":true,"href":"https:\/\/das-montessori-spielzeug.de\/de\/wp-json\/wp\/v2\/product_cat?post=8797"},{"taxonomy":"product_tag","embeddable":true,"href":"https:\/\/das-montessori-spielzeug.de\/de\/wp-json\/wp\/v2\/product_tag?post=8797"}],"curies":[{"name":"wp","href":"https:\/\/api.w.org\/{rel}","templated":true}]}}