{"id":8788,"date":"2023-01-26T00:10:49","date_gmt":"2023-01-26T00:10:49","guid":{"rendered":"https:\/\/das-montessori-spielzeug.de\/product\/small-size-montessori-early-education-busy-board"},"modified":"2023-07-21T13:35:17","modified_gmt":"2023-07-21T13:35:17","slug":"busy-board-montessori-transportabel","status":"publish","type":"product","link":"https:\/\/das-montessori-spielzeug.de\/de\/product\/busy-board-montessori-transportabel","title":{"rendered":"Transportables Montessori-Arbeitsbrett"},"content":{"rendered":"<h2><span data-sheets-value=\"{&quot;1&quot;:2,&quot;2&quot;:&quot;\\n\\n\\nLe Busy Board Montessori transportable est une belle fa\u00e7on de garder les enfants actifs et occup\u00e9s pendant les d\u00e9placements. Ce board est compos\u00e9 de plusieurs complexit\u00e9s, telles qu'un spinner, des verrous, des engrenages et bien d'autres super complexit\u00e9s. Il offre aux enfants l'occasion de d\u00e9velopper leurs comp\u00e9tences motrices, leur sens de l'observation et leur capacit\u00e9 \u00e0 r\u00e9soudre des probl\u00e8mes. Les caract\u00e9ristiques techniques de ce produit sont impressionnantes. Il se compose de plusieurs panneaux en bois dur et robuste, ainsi que d'un assortiment de pi\u00e8ces en m\u00e9tal, en bois et en plastique qui offrent une vari\u00e9t\u00e9 de possibilit\u00e9s. Les enfants peuvent d\u00e9velopper leurs capacit\u00e9s cognitives et leur motivation \u00e0 rester actif et \u00e0 interagir avec le monde qui les entoure. La poign\u00e9e sur le dessus et le couvercle rabattable peuvent \u00eatre enlev\u00e9s pour donner aux enfants assez de place pour d\u00e9couvrir chaque difficult\u00e9 et jouer avec. Pour les parents, le filtre en maille et l'absence d'\u00e9l\u00e9ments pointus offrent une s\u00e9curit\u00e9 optimale pour leurs petits explorateurs. En somme, le Busy Board Montessori transportable est un excellent moyen de garder les enfants occup\u00e9s et stimul\u00e9s pendant les trajets. Ce produit offre une vari\u00e9t\u00e9 de possibilit\u00e9s pour aider les enfants \u00e0 d\u00e9velopper leurs comp\u00e9tences motrices, leur sens de l'observation et leur capacit\u00e9 \u00e0 r\u00e9soudre des probl\u00e8mes, tout en restant s\u00fbr et amusant.&quot;}\" data-sheets-userformat=\"{&quot;2&quot;:14851,&quot;3&quot;:{&quot;1&quot;:0},&quot;4&quot;:{&quot;1&quot;:2,&quot;2&quot;:16777215},&quot;12&quot;:0,&quot;14&quot;:{&quot;1&quot;:2,&quot;2&quot;:0},&quot;15&quot;:&quot;Inconsolata, monospace, arial, sans, sans-serif&quot;,&quot;16&quot;:11}\" data-sheets-formula=\"=doit(R[0]C[-1])\">Ein Montessori Busy Board, ideal f\u00fcr <\/span><span data-sheets-formula=\"=doit(R[0]C[-1])\" data-sheets-userformat=\"{&quot;2&quot;:14851,&quot;3&quot;:{&quot;1&quot;:0},&quot;4&quot;:{&quot;1&quot;:2,&quot;2&quot;:16777215},&quot;12&quot;:0,&quot;14&quot;:{&quot;1&quot;:2,&quot;2&quot;:0},&quot;15&quot;:&quot;Inconsolata, monospace, arial, sans, sans-serif&quot;,&quot;16&quot;:11}\" data-sheets-value=\"{&quot;1&quot;:2,&quot;2&quot;:&quot;\\n\\n\\nLe Busy Board Montessori transportable est une belle fa\u00e7on de garder les enfants actifs et occup\u00e9s pendant les d\u00e9placements. Ce board est compos\u00e9 de plusieurs complexit\u00e9s, telles qu'un spinner, des verrous, des engrenages et bien d'autres super complexit\u00e9s. Il offre aux enfants l'occasion de d\u00e9velopper leurs comp\u00e9tences motrices, leur sens de l'observation et leur capacit\u00e9 \u00e0 r\u00e9soudre des probl\u00e8mes. Les caract\u00e9ristiques techniques de ce produit sont impressionnantes. Il se compose de plusieurs panneaux en bois dur et robuste, ainsi que d'un assortiment de pi\u00e8ces en m\u00e9tal, en bois et en plastique qui offrent une vari\u00e9t\u00e9 de possibilit\u00e9s. Les enfants peuvent d\u00e9velopper leurs capacit\u00e9s cognitives et leur motivation \u00e0 rester actif et \u00e0 interagir avec le monde qui les entoure. La poign\u00e9e sur le dessus et le couvercle rabattable peuvent \u00eatre enlev\u00e9s pour donner aux enfants assez de place pour d\u00e9couvrir chaque difficult\u00e9 et jouer avec. Pour les parents, le filtre en maille et l'absence d'\u00e9l\u00e9ments pointus offrent une s\u00e9curit\u00e9 optimale pour leurs petits explorateurs. En somme, le Busy Board Montessori transportable est un excellent moyen de garder les enfants occup\u00e9s et stimul\u00e9s pendant les trajets. Ce produit offre une vari\u00e9t\u00e9 de possibilit\u00e9s pour aider les enfants \u00e0 d\u00e9velopper leurs comp\u00e9tences motrices, leur sens de l'observation et leur capacit\u00e9 \u00e0 r\u00e9soudre des probl\u00e8mes, tout en restant s\u00fbr et amusant.&quot;}\">Reisen <\/span><span data-sheets-value=\"{&quot;1&quot;:2,&quot;2&quot;:&quot;\\n\\n\\nLe Busy Board Montessori transportable est une belle fa\u00e7on de garder les enfants actifs et occup\u00e9s pendant les d\u00e9placements. Ce board est compos\u00e9 de plusieurs complexit\u00e9s, telles qu'un spinner, des verrous, des engrenages et bien d'autres super complexit\u00e9s. Il offre aux enfants l'occasion de d\u00e9velopper leurs comp\u00e9tences motrices, leur sens de l'observation et leur capacit\u00e9 \u00e0 r\u00e9soudre des probl\u00e8mes. Les caract\u00e9ristiques techniques de ce produit sont impressionnantes. Il se compose de plusieurs panneaux en bois dur et robuste, ainsi que d'un assortiment de pi\u00e8ces en m\u00e9tal, en bois et en plastique qui offrent une vari\u00e9t\u00e9 de possibilit\u00e9s. Les enfants peuvent d\u00e9velopper leurs capacit\u00e9s cognitives et leur motivation \u00e0 rester actif et \u00e0 interagir avec le monde qui les entoure. La poign\u00e9e sur le dessus et le couvercle rabattable peuvent \u00eatre enlev\u00e9s pour donner aux enfants assez de place pour d\u00e9couvrir chaque difficult\u00e9 et jouer avec. Pour les parents, le filtre en maille et l'absence d'\u00e9l\u00e9ments pointus offrent une s\u00e9curit\u00e9 optimale pour leurs petits explorateurs. En somme, le Busy Board Montessori transportable est un excellent moyen de garder les enfants occup\u00e9s et stimul\u00e9s pendant les trajets. Ce produit offre une vari\u00e9t\u00e9 de possibilit\u00e9s pour aider les enfants \u00e0 d\u00e9velopper leurs comp\u00e9tences motrices, leur sens de l'observation et leur capacit\u00e9 \u00e0 r\u00e9soudre des probl\u00e8mes, tout en restant s\u00fbr et amusant.&quot;}\" data-sheets-userformat=\"{&quot;2&quot;:14851,&quot;3&quot;:{&quot;1&quot;:0},&quot;4&quot;:{&quot;1&quot;:2,&quot;2&quot;:16777215},&quot;12&quot;:0,&quot;14&quot;:{&quot;1&quot;:2,&quot;2&quot;:0},&quot;15&quot;:&quot;Inconsolata, monospace, arial, sans, sans-serif&quot;,&quot;16&quot;:11}\" data-sheets-formula=\"=doit(R[0]C[-1])\">um interessierte Kinder zu behalten<\/span><\/h2>\n<p><span data-sheets-value=\"{&quot;1&quot;:2,&quot;2&quot;:&quot;\\n\\n\\nLe Busy Board Montessori transportable est une belle fa\u00e7on de garder les enfants actifs et occup\u00e9s pendant les d\u00e9placements. Ce board est compos\u00e9 de plusieurs complexit\u00e9s, telles qu'un spinner, des verrous, des engrenages et bien d'autres super complexit\u00e9s. Il offre aux enfants l'occasion de d\u00e9velopper leurs comp\u00e9tences motrices, leur sens de l'observation et leur capacit\u00e9 \u00e0 r\u00e9soudre des probl\u00e8mes. Les caract\u00e9ristiques techniques de ce produit sont impressionnantes. Il se compose de plusieurs panneaux en bois dur et robuste, ainsi que d'un assortiment de pi\u00e8ces en m\u00e9tal, en bois et en plastique qui offrent une vari\u00e9t\u00e9 de possibilit\u00e9s. Les enfants peuvent d\u00e9velopper leurs capacit\u00e9s cognitives et leur motivation \u00e0 rester actif et \u00e0 interagir avec le monde qui les entoure. La poign\u00e9e sur le dessus et le couvercle rabattable peuvent \u00eatre enlev\u00e9s pour donner aux enfants assez de place pour d\u00e9couvrir chaque difficult\u00e9 et jouer avec. Pour les parents, le filtre en maille et l'absence d'\u00e9l\u00e9ments pointus offrent une s\u00e9curit\u00e9 optimale pour leurs petits explorateurs. En somme, le Busy Board Montessori transportable est un excellent moyen de garder les enfants occup\u00e9s et stimul\u00e9s pendant les trajets. Ce produit offre une vari\u00e9t\u00e9 de possibilit\u00e9s pour aider les enfants \u00e0 d\u00e9velopper leurs comp\u00e9tences motrices, leur sens de l'observation et leur capacit\u00e9 \u00e0 r\u00e9soudre des probl\u00e8mes, tout en restant s\u00fbr et amusant.&quot;}\" data-sheets-userformat=\"{&quot;2&quot;:14851,&quot;3&quot;:{&quot;1&quot;:0},&quot;4&quot;:{&quot;1&quot;:2,&quot;2&quot;:16777215},&quot;12&quot;:0,&quot;14&quot;:{&quot;1&quot;:2,&quot;2&quot;:0},&quot;15&quot;:&quot;Inconsolata, monospace, arial, sans, sans-serif&quot;,&quot;16&quot;:11}\" data-sheets-formula=\"=doit(R[0]C[-1])\">Das transportable Montessori Busy Board ist eine sch\u00f6ne M\u00f6glichkeit, um <strong>Kinder auf Reisen aktiv und besch\u00e4ftigt halten<\/strong>. Dieses Board besteht aus verschiedenen Komplexit\u00e4ten, wie z. B. einem Spinner, Schl\u00f6ssern, Zahnr\u00e4dern und vielen anderen Superkomplexit\u00e4ten. Es bietet Kindern die M\u00f6glichkeit, ihre F\u00e4higkeiten zu entwickeln <strong>motorisch<\/strong>Sie haben die M\u00f6glichkeit, ihre <strong>die Beobachtung<\/strong> und ihre F\u00e4higkeit <strong>Probleme l\u00f6sen<\/strong>.<\/span><\/p>\n<p><span data-sheets-value=\"{&quot;1&quot;:2,&quot;2&quot;:&quot;\\n\\n\\nLe Busy Board Montessori transportable est une belle fa\u00e7on de garder les enfants actifs et occup\u00e9s pendant les d\u00e9placements. Ce board est compos\u00e9 de plusieurs complexit\u00e9s, telles qu'un spinner, des verrous, des engrenages et bien d'autres super complexit\u00e9s. Il offre aux enfants l'occasion de d\u00e9velopper leurs comp\u00e9tences motrices, leur sens de l'observation et leur capacit\u00e9 \u00e0 r\u00e9soudre des probl\u00e8mes. Les caract\u00e9ristiques techniques de ce produit sont impressionnantes. Il se compose de plusieurs panneaux en bois dur et robuste, ainsi que d'un assortiment de pi\u00e8ces en m\u00e9tal, en bois et en plastique qui offrent une vari\u00e9t\u00e9 de possibilit\u00e9s. Les enfants peuvent d\u00e9velopper leurs capacit\u00e9s cognitives et leur motivation \u00e0 rester actif et \u00e0 interagir avec le monde qui les entoure. La poign\u00e9e sur le dessus et le couvercle rabattable peuvent \u00eatre enlev\u00e9s pour donner aux enfants assez de place pour d\u00e9couvrir chaque difficult\u00e9 et jouer avec. Pour les parents, le filtre en maille et l'absence d'\u00e9l\u00e9ments pointus offrent une s\u00e9curit\u00e9 optimale pour leurs petits explorateurs. En somme, le Busy Board Montessori transportable est un excellent moyen de garder les enfants occup\u00e9s et stimul\u00e9s pendant les trajets. Ce produit offre une vari\u00e9t\u00e9 de possibilit\u00e9s pour aider les enfants \u00e0 d\u00e9velopper leurs comp\u00e9tences motrices, leur sens de l'observation et leur capacit\u00e9 \u00e0 r\u00e9soudre des probl\u00e8mes, tout en restant s\u00fbr et amusant.&quot;}\" data-sheets-userformat=\"{&quot;2&quot;:14851,&quot;3&quot;:{&quot;1&quot;:0},&quot;4&quot;:{&quot;1&quot;:2,&quot;2&quot;:16777215},&quot;12&quot;:0,&quot;14&quot;:{&quot;1&quot;:2,&quot;2&quot;:0},&quot;15&quot;:&quot;Inconsolata, monospace, arial, sans, sans-serif&quot;,&quot;16&quot;:11}\" data-sheets-formula=\"=doit(R[0]C[-1])\">Die technischen Merkmale dieses Produkts sind beeindruckend. Es besteht aus einer Hartholzplatte und <strong>robust<\/strong>sowie eine Auswahl an Metall-, Holz- und Kunststoffteilen, die eine hohe Qualit\u00e4t bieten. <strong>Vielfalt an M\u00f6glichkeiten<\/strong>. Kinder k\u00f6nnen ihre kognitiven F\u00e4higkeiten und ihre Motivation entwickeln, um <strong>aktiv bleiben<\/strong> und mit der Welt um sie herum zu interagieren. <\/span><\/p>\n<p><span data-sheets-value=\"{&quot;1&quot;:2,&quot;2&quot;:&quot;\\n\\n\\nLe Busy Board Montessori transportable est une belle fa\u00e7on de garder les enfants actifs et occup\u00e9s pendant les d\u00e9placements. Ce board est compos\u00e9 de plusieurs complexit\u00e9s, telles qu'un spinner, des verrous, des engrenages et bien d'autres super complexit\u00e9s. Il offre aux enfants l'occasion de d\u00e9velopper leurs comp\u00e9tences motrices, leur sens de l'observation et leur capacit\u00e9 \u00e0 r\u00e9soudre des probl\u00e8mes. Les caract\u00e9ristiques techniques de ce produit sont impressionnantes. Il se compose de plusieurs panneaux en bois dur et robuste, ainsi que d'un assortiment de pi\u00e8ces en m\u00e9tal, en bois et en plastique qui offrent une vari\u00e9t\u00e9 de possibilit\u00e9s. Les enfants peuvent d\u00e9velopper leurs capacit\u00e9s cognitives et leur motivation \u00e0 rester actif et \u00e0 interagir avec le monde qui les entoure. La poign\u00e9e sur le dessus et le couvercle rabattable peuvent \u00eatre enlev\u00e9s pour donner aux enfants assez de place pour d\u00e9couvrir chaque difficult\u00e9 et jouer avec. Pour les parents, le filtre en maille et l'absence d'\u00e9l\u00e9ments pointus offrent une s\u00e9curit\u00e9 optimale pour leurs petits explorateurs. En somme, le Busy Board Montessori transportable est un excellent moyen de garder les enfants occup\u00e9s et stimul\u00e9s pendant les trajets. Ce produit offre une vari\u00e9t\u00e9 de possibilit\u00e9s pour aider les enfants \u00e0 d\u00e9velopper leurs comp\u00e9tences motrices, leur sens de l'observation et leur capacit\u00e9 \u00e0 r\u00e9soudre des probl\u00e8mes, tout en restant s\u00fbr et amusant.&quot;}\" data-sheets-userformat=\"{&quot;2&quot;:14851,&quot;3&quot;:{&quot;1&quot;:0},&quot;4&quot;:{&quot;1&quot;:2,&quot;2&quot;:16777215},&quot;12&quot;:0,&quot;14&quot;:{&quot;1&quot;:2,&quot;2&quot;:0},&quot;15&quot;:&quot;Inconsolata, monospace, arial, sans, sans-serif&quot;,&quot;16&quot;:11}\" data-sheets-formula=\"=doit(R[0]C[-1])\">Der Griff an der Oberseite ist ideal f\u00fcr <strong>\u00fcberall hin mitnehmen<\/strong> <strong>mit Ihnen<\/strong> dieses Busy Board. F\u00fcr Eltern bietet das Fehlen spitzer Elemente eine <strong>optimale Sicherheit<\/strong> f\u00fcr ihre kleinen Entdecker. <\/span><\/p>\n<p><span data-sheets-value=\"{&quot;1&quot;:2,&quot;2&quot;:&quot;\\n\\n\\nLe Busy Board Montessori transportable est une belle fa\u00e7on de garder les enfants actifs et occup\u00e9s pendant les d\u00e9placements. Ce board est compos\u00e9 de plusieurs complexit\u00e9s, telles qu'un spinner, des verrous, des engrenages et bien d'autres super complexit\u00e9s. Il offre aux enfants l'occasion de d\u00e9velopper leurs comp\u00e9tences motrices, leur sens de l'observation et leur capacit\u00e9 \u00e0 r\u00e9soudre des probl\u00e8mes. Les caract\u00e9ristiques techniques de ce produit sont impressionnantes. Il se compose de plusieurs panneaux en bois dur et robuste, ainsi que d'un assortiment de pi\u00e8ces en m\u00e9tal, en bois et en plastique qui offrent une vari\u00e9t\u00e9 de possibilit\u00e9s. Les enfants peuvent d\u00e9velopper leurs capacit\u00e9s cognitives et leur motivation \u00e0 rester actif et \u00e0 interagir avec le monde qui les entoure. La poign\u00e9e sur le dessus et le couvercle rabattable peuvent \u00eatre enlev\u00e9s pour donner aux enfants assez de place pour d\u00e9couvrir chaque difficult\u00e9 et jouer avec. Pour les parents, le filtre en maille et l'absence d'\u00e9l\u00e9ments pointus offrent une s\u00e9curit\u00e9 optimale pour leurs petits explorateurs. En somme, le Busy Board Montessori transportable est un excellent moyen de garder les enfants occup\u00e9s et stimul\u00e9s pendant les trajets. Ce produit offre une vari\u00e9t\u00e9 de possibilit\u00e9s pour aider les enfants \u00e0 d\u00e9velopper leurs comp\u00e9tences motrices, leur sens de l'observation et leur capacit\u00e9 \u00e0 r\u00e9soudre des probl\u00e8mes, tout en restant s\u00fbr et amusant.&quot;}\" data-sheets-userformat=\"{&quot;2&quot;:14851,&quot;3&quot;:{&quot;1&quot;:0},&quot;4&quot;:{&quot;1&quot;:2,&quot;2&quot;:16777215},&quot;12&quot;:0,&quot;14&quot;:{&quot;1&quot;:2,&quot;2&quot;:0},&quot;15&quot;:&quot;Inconsolata, monospace, arial, sans, sans-serif&quot;,&quot;16&quot;:11}\" data-sheets-formula=\"=doit(R[0]C[-1])\">Alles in allem ist das transportable Montessori Busy Board <strong>eine hervorragende M\u00f6glichkeit, die Kinder zu besch\u00e4ftigen<\/strong> und w\u00e4hrend der Fahrten stimuliert werden. Dieses Produkt bietet eine Vielzahl von M\u00f6glichkeiten, um Kindern zu helfen, ihre motorischen F\u00e4higkeiten, ihre Beobachtungsgabe und ihre Probleml\u00f6sungsf\u00e4higkeit zu entwickeln, w\u00e4hrend es gleichzeitig sicher und unterhaltsam ist.<\/span><\/p>","protected":false},"excerpt":{"rendered":"<ul>\n<li><span data-sheets-value=\"{&quot;1&quot;:2,&quot;2&quot;:&quot; \\n\\n\u2022 Bois et m\u00e9taux durables construits pour endurer les voyages.\\n\u2022 Une vari\u00e9t\u00e9 de complexes activit\u00e9s pour stimuler la motricit\u00e9 et l'observation.\\n\u2022 Filtre en maille et absence d'\u00e9l\u00e9ments pointus pour une s\u00e9curit\u00e9 optimale.&quot;}\" data-sheets-userformat=\"{&quot;2&quot;:14851,&quot;3&quot;:{&quot;1&quot;:0},&quot;4&quot;:{&quot;1&quot;:2,&quot;2&quot;:16777215},&quot;12&quot;:0,&quot;14&quot;:{&quot;1&quot;:2,&quot;2&quot;:0},&quot;15&quot;:&quot;Inconsolata, monospace, arial, sans, sans-serif&quot;,&quot;16&quot;:11}\" data-sheets-formula=\"=doit(R[0]C[-1])\">Dauerhaftes Holz und Metalle, die so konstruiert sind, dass sie Bewegungen aushalten.<\/span><\/li>\n<li><span data-sheets-value=\"{&quot;1&quot;:2,&quot;2&quot;:&quot; \\n\\n\u2022 Bois et m\u00e9taux durables construits pour endurer les voyages.\\n\u2022 Une vari\u00e9t\u00e9 de complexes activit\u00e9s pour stimuler la motricit\u00e9 et l'observation.\\n\u2022 Filtre en maille et absence d'\u00e9l\u00e9ments pointus pour une s\u00e9curit\u00e9 optimale.&quot;}\" data-sheets-userformat=\"{&quot;2&quot;:14851,&quot;3&quot;:{&quot;1&quot;:0},&quot;4&quot;:{&quot;1&quot;:2,&quot;2&quot;:16777215},&quot;12&quot;:0,&quot;14&quot;:{&quot;1&quot;:2,&quot;2&quot;:0},&quot;15&quot;:&quot;Inconsolata, monospace, arial, sans, sans-serif&quot;,&quot;16&quot;:11}\" data-sheets-formula=\"=doit(R[0]C[-1])\">Eine Vielfalt an Komplexit\u00e4ten, um die Motorik und die Beobachtungsgabe zu f\u00f6rdern.<\/span><\/li>\n<li><span data-sheets-value=\"{&quot;1&quot;:2,&quot;2&quot;:&quot; \\n\\n\u2022 Bois et m\u00e9taux durables construits pour endurer les voyages.\\n\u2022 Une vari\u00e9t\u00e9 de complexes activit\u00e9s pour stimuler la motricit\u00e9 et l'observation.\\n\u2022 Filtre en maille et absence d'\u00e9l\u00e9ments pointus pour une s\u00e9curit\u00e9 optimale.&quot;}\" data-sheets-userformat=\"{&quot;2&quot;:14851,&quot;3&quot;:{&quot;1&quot;:0},&quot;4&quot;:{&quot;1&quot;:2,&quot;2&quot;:16777215},&quot;12&quot;:0,&quot;14&quot;:{&quot;1&quot;:2,&quot;2&quot;:0},&quot;15&quot;:&quot;Inconsolata, monospace, arial, sans, sans-serif&quot;,&quot;16&quot;:11}\" data-sheets-formula=\"=doit(R[0]C[-1])\">Keine spitzen Elemente f\u00fcr optimale Sicherheit<\/span><\/li>\n<\/ul>","protected":false},"featured_media":8789,"template":"","meta":[],"product_brand":[],"product_cat":[406,341,342],"product_tag":[],"class_list":{"0":"post-8788","1":"product","2":"type-product","3":"status-publish","4":"has-post-thumbnail","6":"product_cat-busy-board-montessori","7":"product_cat-jeux-montessori-6mois-1an","8":"product_cat-jeux-montessori-1an-18mois","10":"first","11":"instock","12":"sale","13":"shipping-taxable","14":"purchasable","15":"product-type-simple"},"_links":{"self":[{"href":"https:\/\/das-montessori-spielzeug.de\/de\/wp-json\/wp\/v2\/product\/8788","targetHints":{"allow":["GET"]}}],"collection":[{"href":"https:\/\/das-montessori-spielzeug.de\/de\/wp-json\/wp\/v2\/product"}],"about":[{"href":"https:\/\/das-montessori-spielzeug.de\/de\/wp-json\/wp\/v2\/types\/product"}],"version-history":[{"count":0,"href":"https:\/\/das-montessori-spielzeug.de\/de\/wp-json\/wp\/v2\/product\/8788\/revisions"}],"wp:featuredmedia":[{"embeddable":true,"href":"https:\/\/das-montessori-spielzeug.de\/de\/wp-json\/wp\/v2\/media\/8789"}],"wp:attachment":[{"href":"https:\/\/das-montessori-spielzeug.de\/de\/wp-json\/wp\/v2\/media?parent=8788"}],"wp:term":[{"taxonomy":"product_brand","embeddable":true,"href":"https:\/\/das-montessori-spielzeug.de\/de\/wp-json\/wp\/v2\/product_brand?post=8788"},{"taxonomy":"product_cat","embeddable":true,"href":"https:\/\/das-montessori-spielzeug.de\/de\/wp-json\/wp\/v2\/product_cat?post=8788"},{"taxonomy":"product_tag","embeddable":true,"href":"https:\/\/das-montessori-spielzeug.de\/de\/wp-json\/wp\/v2\/product_tag?post=8788"}],"curies":[{"name":"wp","href":"https:\/\/api.w.org\/{rel}","templated":true}]}}