{"id":8775,"date":"2023-01-26T00:07:27","date_gmt":"2023-01-26T00:07:27","guid":{"rendered":"https:\/\/das-montessori-spielzeug.de\/product\/montessori-imbucare-box-with-interchangeable-lid"},"modified":"2023-07-21T13:35:16","modified_gmt":"2023-07-21T13:35:16","slug":"montessori-sortierbox-austauschbare-form","status":"publish","type":"product","link":"https:\/\/das-montessori-spielzeug.de\/de\/product\/montessori-sortierbox-austauschbare-form","title":{"rendered":"Montessori-Sortierbox in austauschbarer Form"},"content":{"rendered":"<h2><span data-sheets-formula=\"=doit(R[0]C[-1])\" data-sheets-userformat=\"{&quot;2&quot;:14851,&quot;3&quot;:{&quot;1&quot;:0},&quot;4&quot;:{&quot;1&quot;:2,&quot;2&quot;:16777215},&quot;12&quot;:0,&quot;14&quot;:{&quot;1&quot;:2,&quot;2&quot;:0},&quot;15&quot;:&quot;Inconsolata, monospace, arial, sans, sans-serif&quot;,&quot;16&quot;:11}\" data-sheets-value=\"{&quot;1&quot;:2,&quot;2&quot;:&quot; \\n\\n\\&quot;Les avantages de la boite de tri Montessori forme interchangeable pour les parents curieux et int\u00e9ress\u00e9s\\&quot;&quot;}\">Eine kompakte Schachtel mit mehreren austauschbaren Einsteckformen<\/span><\/h2>\n<p><span data-sheets-formula=\"=doit(R[0]C[-1])\" data-sheets-userformat=\"{&quot;2&quot;:14851,&quot;3&quot;:{&quot;1&quot;:0},&quot;4&quot;:{&quot;1&quot;:2,&quot;2&quot;:16777215},&quot;12&quot;:0,&quot;14&quot;:{&quot;1&quot;:2,&quot;2&quot;:0},&quot;15&quot;:&quot;Inconsolata, monospace, arial, sans, sans-serif&quot;,&quot;16&quot;:11}\" data-sheets-value=\"{&quot;1&quot;:2,&quot;2&quot;:&quot; curieux et int\u00e9ress\u00e9s.\\n\\nLes parents curieux et int\u00e9ress\u00e9s qui veulent offrir \u00e0 leur b\u00e9b\u00e9 des jeux \u00e9ducatifs, la boite de tri Montessori forme interchangeable est un excellent choix. Elle est r\u00e9alis\u00e9e avec des mat\u00e9riaux naturels et sa peinture est non toxique, ce qui en fait un produit \u00e0 la fois s\u00fbr et \u00e9l\u00e9gant pour les enfants \u00e2g\u00e9s de 0 \u00e0 4 ans.\\n\\nLa boite en bois est compacte et mesure 11x11 cm. Elle est livr\u00e9e avec un couvercle interchangeable \u00e0 quatre formes int\u00e9gr\u00e9es \u00e0 l'int\u00e9rieur. Enti\u00e8rement pivotable et amovible, il permet aux enfants de d\u00e9couvrir et de s'amuser avec les diff\u00e9rentes formes de la m\u00eame pi\u00e8ce.\\n\\nLe jeu propose une vari\u00e9t\u00e9 de jeux sp\u00e9cifiques \u00e0 chaque forme et il est \u00e9volutif, s'adaptant \u00e0 l'\u00e2ge et aux capacit\u00e9s de l'enfant. Les bambins plus \u00e2g\u00e9s peuvent s'amuser en ajoutant plus de cubes et en essayant de les ins\u00e9rer correctement dans les cavit\u00e9s de la bo\u00eete. Cet apprentissage de l'esprit de logique et de la pr\u00e9cision est tr\u00e8s b\u00e9n\u00e9fique pour le d\u00e9veloppement et la stimulation des capacit\u00e9s cognitives des enfants.\\n\\nLa boite de tri Montessori forme interchangeable est l'un des meilleurs outils pour d\u00e9velopper l'esprit et l'imagination des enfants. Elle peut \u00eatre un merveilleux cadeau pour un anniversaire ou une journ\u00e9e sp\u00e9ciale et offrir des heures de plaisir et d'apprentissage. Alors n'h\u00e9sitez plus et offrez \u00e0 votre enfant la boite de tri Montessori forme interchangeable pour lui permettre de d\u00e9velopper ses capacit\u00e9s intellectuelles et de s'amuser en m\u00eame temps!&quot;}\">F\u00fcr neugierige und interessierte Eltern, die ihrem Baby Lernspiele anbieten m\u00f6chten, ist die Montessori-Sortierbox mit austauschbarem formsch\u00f6nen Deckel eine ausgezeichnete Wahl. Sie ist aus nat\u00fcrlichen Materialien hergestellt und ihre Farbe ist ungiftig, was sie sowohl sicher als auch geeignet f\u00fcr Kinder im Alter von 0 bis 4 Jahren macht.<\/span><\/p>\n<p><span data-sheets-formula=\"=doit(R[0]C[-1])\" data-sheets-userformat=\"{&quot;2&quot;:14851,&quot;3&quot;:{&quot;1&quot;:0},&quot;4&quot;:{&quot;1&quot;:2,&quot;2&quot;:16777215},&quot;12&quot;:0,&quot;14&quot;:{&quot;1&quot;:2,&quot;2&quot;:0},&quot;15&quot;:&quot;Inconsolata, monospace, arial, sans, sans-serif&quot;,&quot;16&quot;:11}\" data-sheets-value=\"{&quot;1&quot;:2,&quot;2&quot;:&quot; curieux et int\u00e9ress\u00e9s.\\n\\nLes parents curieux et int\u00e9ress\u00e9s qui veulent offrir \u00e0 leur b\u00e9b\u00e9 des jeux \u00e9ducatifs, la boite de tri Montessori forme interchangeable est un excellent choix. Elle est r\u00e9alis\u00e9e avec des mat\u00e9riaux naturels et sa peinture est non toxique, ce qui en fait un produit \u00e0 la fois s\u00fbr et \u00e9l\u00e9gant pour les enfants \u00e2g\u00e9s de 0 \u00e0 4 ans.\\n\\nLa boite en bois est compacte et mesure 11x11 cm. Elle est livr\u00e9e avec un couvercle interchangeable \u00e0 quatre formes int\u00e9gr\u00e9es \u00e0 l'int\u00e9rieur. Enti\u00e8rement pivotable et amovible, il permet aux enfants de d\u00e9couvrir et de s'amuser avec les diff\u00e9rentes formes de la m\u00eame pi\u00e8ce.\\n\\nLe jeu propose une vari\u00e9t\u00e9 de jeux sp\u00e9cifiques \u00e0 chaque forme et il est \u00e9volutif, s'adaptant \u00e0 l'\u00e2ge et aux capacit\u00e9s de l'enfant. Les bambins plus \u00e2g\u00e9s peuvent s'amuser en ajoutant plus de cubes et en essayant de les ins\u00e9rer correctement dans les cavit\u00e9s de la bo\u00eete. Cet apprentissage de l'esprit de logique et de la pr\u00e9cision est tr\u00e8s b\u00e9n\u00e9fique pour le d\u00e9veloppement et la stimulation des capacit\u00e9s cognitives des enfants.\\n\\nLa boite de tri Montessori forme interchangeable est l'un des meilleurs outils pour d\u00e9velopper l'esprit et l'imagination des enfants. Elle peut \u00eatre un merveilleux cadeau pour un anniversaire ou une journ\u00e9e sp\u00e9ciale et offrir des heures de plaisir et d'apprentissage. Alors n'h\u00e9sitez plus et offrez \u00e0 votre enfant la boite de tri Montessori forme interchangeable pour lui permettre de d\u00e9velopper ses capacit\u00e9s intellectuelles et de s'amuser en m\u00eame temps!&quot;}\">\u2705 Eine Schachtel f\u00fcr 4 Formen einf\u00fcgen und holen<br \/>\n\u2705 Vielf\u00e4ltige Entwicklung der Feinmotorik<br \/>\n\u2705 Kr\u00e4ftige und markante Farben<\/span><\/p>\n<p><span data-sheets-formula=\"=doit(R[0]C[-1])\" data-sheets-userformat=\"{&quot;2&quot;:14851,&quot;3&quot;:{&quot;1&quot;:0},&quot;4&quot;:{&quot;1&quot;:2,&quot;2&quot;:16777215},&quot;12&quot;:0,&quot;14&quot;:{&quot;1&quot;:2,&quot;2&quot;:0},&quot;15&quot;:&quot;Inconsolata, monospace, arial, sans, sans-serif&quot;,&quot;16&quot;:11}\" data-sheets-value=\"{&quot;1&quot;:2,&quot;2&quot;:&quot; curieux et int\u00e9ress\u00e9s.\\n\\nLes parents curieux et int\u00e9ress\u00e9s qui veulent offrir \u00e0 leur b\u00e9b\u00e9 des jeux \u00e9ducatifs, la boite de tri Montessori forme interchangeable est un excellent choix. Elle est r\u00e9alis\u00e9e avec des mat\u00e9riaux naturels et sa peinture est non toxique, ce qui en fait un produit \u00e0 la fois s\u00fbr et \u00e9l\u00e9gant pour les enfants \u00e2g\u00e9s de 0 \u00e0 4 ans.\\n\\nLa boite en bois est compacte et mesure 11x11 cm. Elle est livr\u00e9e avec un couvercle interchangeable \u00e0 quatre formes int\u00e9gr\u00e9es \u00e0 l'int\u00e9rieur. Enti\u00e8rement pivotable et amovible, il permet aux enfants de d\u00e9couvrir et de s'amuser avec les diff\u00e9rentes formes de la m\u00eame pi\u00e8ce.\\n\\nLe jeu propose une vari\u00e9t\u00e9 de jeux sp\u00e9cifiques \u00e0 chaque forme et il est \u00e9volutif, s'adaptant \u00e0 l'\u00e2ge et aux capacit\u00e9s de l'enfant. Les bambins plus \u00e2g\u00e9s peuvent s'amuser en ajoutant plus de cubes et en essayant de les ins\u00e9rer correctement dans les cavit\u00e9s de la bo\u00eete. Cet apprentissage de l'esprit de logique et de la pr\u00e9cision est tr\u00e8s b\u00e9n\u00e9fique pour le d\u00e9veloppement et la stimulation des capacit\u00e9s cognitives des enfants.\\n\\nLa boite de tri Montessori forme interchangeable est l'un des meilleurs outils pour d\u00e9velopper l'esprit et l'imagination des enfants. Elle peut \u00eatre un merveilleux cadeau pour un anniversaire ou une journ\u00e9e sp\u00e9ciale et offrir des heures de plaisir et d'apprentissage. Alors n'h\u00e9sitez plus et offrez \u00e0 votre enfant la boite de tri Montessori forme interchangeable pour lui permettre de d\u00e9velopper ses capacit\u00e9s intellectuelles et de s'amuser en m\u00eame temps!&quot;}\"><br \/>\nDie Holzschachtel ist kompakt und misst 11\u00d711 cm. Sie wird mit einem austauschbaren Deckel mit vier integrierten Formen im Inneren geliefert. Er ist vollst\u00e4ndig dreh- und abnehmbar und erm\u00f6glicht es den Kindern, die verschiedenen Formen in einem St\u00fcck zu entdecken und damit zu spielen.<\/span><\/p>\n<p>Das Spiel bietet eine Vielzahl von formspezifischen Spielen und ist erweiterbar, indem es sich an das Alter und die F\u00e4higkeiten des Kindes anpasst. \u00c4ltere Kleinkinder k\u00f6nnen Spa\u00df daran haben, mehr W\u00fcrfel hinzuzuf\u00fcgen und zu versuchen, sie richtig in die Vertiefungen der Schachtel einzuf\u00fcgen. Diese Schulung des logischen Denkens und der Genauigkeit ist f\u00fcr die Entwicklung und F\u00f6rderung der kognitiven F\u00e4higkeiten von Kindern sehr vorteilhaft.<\/p>\n<p>Die Montessori-Sortierbox austauschbare Form ist eines der besten Werkzeuge, um den Geist und die Fantasie von Kindern zu entwickeln. Sie kann ein wunderbares Geschenk f\u00fcr einen Geburtstag oder einen besonderen Tag sein und f\u00fcr stundenlangen Spa\u00df und Lernerfolg sorgen. Z\u00f6gern Sie also nicht l\u00e4nger und schenken Sie Ihrem Kind die Montessori Sortierbox in austauschbarer Form, damit es seine intellektuellen F\u00e4higkeiten entwickeln und gleichzeitig Spa\u00df haben kann!<\/p>","protected":false},"excerpt":{"rendered":"<p>Une boite compacte avec plusieurs formes \u00e0 ins\u00e9rer interchangeables Les parents curieux et int\u00e9ress\u00e9s qui veulent offrir \u00e0 leur b\u00e9b\u00e9<\/p>","protected":false},"featured_media":8770,"template":"","meta":[],"product_brand":[],"product_cat":[382,387,360,335,341,342],"product_tag":[],"class_list":{"0":"post-8775","1":"product","2":"type-product","3":"status-publish","4":"has-post-thumbnail","6":"product_cat-apprendre-volumes","7":"product_cat-apprentissage-formes","8":"product_cat-jouet-eveil","9":"product_cat-jeux-montessori-0-3mois","10":"product_cat-jeux-montessori-6mois-1an","11":"product_cat-jeux-montessori-1an-18mois","13":"first","14":"instock","15":"shipping-taxable","16":"purchasable","17":"product-type-simple"},"_links":{"self":[{"href":"https:\/\/das-montessori-spielzeug.de\/de\/wp-json\/wp\/v2\/product\/8775","targetHints":{"allow":["GET"]}}],"collection":[{"href":"https:\/\/das-montessori-spielzeug.de\/de\/wp-json\/wp\/v2\/product"}],"about":[{"href":"https:\/\/das-montessori-spielzeug.de\/de\/wp-json\/wp\/v2\/types\/product"}],"version-history":[{"count":0,"href":"https:\/\/das-montessori-spielzeug.de\/de\/wp-json\/wp\/v2\/product\/8775\/revisions"}],"wp:featuredmedia":[{"embeddable":true,"href":"https:\/\/das-montessori-spielzeug.de\/de\/wp-json\/wp\/v2\/media\/8770"}],"wp:attachment":[{"href":"https:\/\/das-montessori-spielzeug.de\/de\/wp-json\/wp\/v2\/media?parent=8775"}],"wp:term":[{"taxonomy":"product_brand","embeddable":true,"href":"https:\/\/das-montessori-spielzeug.de\/de\/wp-json\/wp\/v2\/product_brand?post=8775"},{"taxonomy":"product_cat","embeddable":true,"href":"https:\/\/das-montessori-spielzeug.de\/de\/wp-json\/wp\/v2\/product_cat?post=8775"},{"taxonomy":"product_tag","embeddable":true,"href":"https:\/\/das-montessori-spielzeug.de\/de\/wp-json\/wp\/v2\/product_tag?post=8775"}],"curies":[{"name":"wp","href":"https:\/\/api.w.org\/{rel}","templated":true}]}}