{"id":8767,"date":"2023-01-26T00:06:57","date_gmt":"2023-01-26T00:06:57","guid":{"rendered":"https:\/\/das-montessori-spielzeug.de\/product\/montessori-materials-baby-wooden-toys"},"modified":"2023-07-21T13:35:15","modified_gmt":"2023-07-21T13:35:15","slug":"montessori-spielfiguren","status":"publish","type":"product","link":"https:\/\/das-montessori-spielzeug.de\/de\/product\/montessori-spielfiguren","title":{"rendered":"Montessori-Bauernspiel"},"content":{"rendered":"<h2><span data-sheets-value=\"{&quot;1&quot;:2,&quot;2&quot;:&quot;\\n\\nH2 : Les Avantages des Jeux de Pions Montessori pour l\u2019Apprentissage des Enfants&quot;}\" data-sheets-userformat=\"{&quot;2&quot;:14851,&quot;3&quot;:{&quot;1&quot;:0},&quot;4&quot;:{&quot;1&quot;:2,&quot;2&quot;:16777215},&quot;12&quot;:0,&quot;14&quot;:{&quot;1&quot;:2,&quot;2&quot;:0},&quot;15&quot;:&quot;Inconsolata, monospace, arial, sans, sans-serif&quot;,&quot;16&quot;:11}\" data-sheets-formula=\"=doit(R[0]C[-1])\">Die Vorteile von Montessori-Memory-Spielsteinen f\u00fcr das Lernen von Kindern<\/span><\/h2>\n<p><span data-sheets-value=\"{&quot;1&quot;:2,&quot;2&quot;:&quot;.\\n\\nLes Jeux de Pions Montessori sont une mani\u00e8re amusante et enrichissante pour les enfants de 3 ans \u00e0 8 ans de d\u00e9velopper leurs aptitudes de la vie quotidienne tout en s'amusant.\\n\\nLes Jeux de Pions Montessori se pr\u00e9sentent sous la forme d\u2019une planche avec des trous sur lesquels doivent \u00eatre enfil\u00e9s des petites pi\u00e8ces color\u00e9es \u00e0 moiti\u00e9, et qui doivent \u00eatre retir\u00e9es une fois le jeu termin\u00e9.\\n\\nLes parents peuvent donc s\u2019assurer que leurs enfants d\u00e9veloppent leur cr\u00e9ativit\u00e9, leur habilet\u00e9 et leur motricit\u00e9 fine et leur intelligence, tout en s'amusant et en r\u00e9visant les notions que leurs enfants ont appris.\\n\\nLes Jeux de Pions Montessori peuvent \u00eatre jou\u00e9s seul ou \u00e0 plusieurs, et offrent un style de jeu similaire au classique Memory. Il y a de nombreux th\u00e8mes disponibles, et les enfants pourront s\u2019entra\u00eener et s\u2019amuser \u00e0 trouver des solutions et \u00e0 chercher des pions.\\n\\nLes Jeux de Pions Montessori sont connus pour \u00eatre tr\u00e8s amusants et divertissants, et pour am\u00e9liorer les comp\u00e9tences et les connaissances de vos enfants. Les parents peuvent \u00eatre assur\u00e9s que leurs enfants s'amusent en apprenant, et peuvent \u00eatre satisfaits du d\u00e9veloppement de leurs enfants gr\u00e2ce \u00e0 ce jeu. Les Jeux de Pions Montessori constituent donc un excellent moyen d\u2019aider vos enfants \u00e0 grandir et \u00e0 s\u2019amuser en m\u00eame temps.&quot;}\" data-sheets-userformat=\"{&quot;2&quot;:14851,&quot;3&quot;:{&quot;1&quot;:0},&quot;4&quot;:{&quot;1&quot;:2,&quot;2&quot;:16777215},&quot;12&quot;:0,&quot;14&quot;:{&quot;1&quot;:2,&quot;2&quot;:0},&quot;15&quot;:&quot;Inconsolata, monospace, arial, sans, sans-serif&quot;,&quot;16&quot;:11}\" data-sheets-formula=\"=doit(R[0]C[-1])\">Das Montessori-Figurenspiel ist eine unterhaltsame und bereichernde M\u00f6glichkeit f\u00fcr Kinder im Alter von 3 bis 8 Jahren, ihre Alltagsf\u00e4higkeiten, insbesondere das Ged\u00e4chtnis, auf spielerische Weise zu entwickeln.<\/span><\/p>\n<p>Montessori-Spielsteine bestehen aus einem Brett mit L\u00f6chern, auf die kleine, halbfarbige Teile aufgef\u00e4delt werden m\u00fcssen, die nach Beendigung des Spiels wieder entfernt werden m\u00fcssen. So k\u00f6nnen Eltern sicherstellen, dass ihre Kinder Kreativit\u00e4t, Geschicklichkeit und Feinmotorik entwickeln und dabei auch noch Spa\u00df haben.<\/p>\n<p><span data-sheets-value=\"{&quot;1&quot;:2,&quot;2&quot;:&quot;.\\n\\nLes Jeux de Pions Montessori sont une mani\u00e8re amusante et enrichissante pour les enfants de 3 ans \u00e0 8 ans de d\u00e9velopper leurs aptitudes de la vie quotidienne tout en s'amusant.\\n\\nLes Jeux de Pions Montessori se pr\u00e9sentent sous la forme d\u2019une planche avec des trous sur lesquels doivent \u00eatre enfil\u00e9s des petites pi\u00e8ces color\u00e9es \u00e0 moiti\u00e9, et qui doivent \u00eatre retir\u00e9es une fois le jeu termin\u00e9.\\n\\nLes parents peuvent donc s\u2019assurer que leurs enfants d\u00e9veloppent leur cr\u00e9ativit\u00e9, leur habilet\u00e9 et leur motricit\u00e9 fine et leur intelligence, tout en s'amusant et en r\u00e9visant les notions que leurs enfants ont appris.\\n\\nLes Jeux de Pions Montessori peuvent \u00eatre jou\u00e9s seul ou \u00e0 plusieurs, et offrent un style de jeu similaire au classique Memory. Il y a de nombreux th\u00e8mes disponibles, et les enfants pourront s\u2019entra\u00eener et s\u2019amuser \u00e0 trouver des solutions et \u00e0 chercher des pions.\\n\\nLes Jeux de Pions Montessori sont connus pour \u00eatre tr\u00e8s amusants et divertissants, et pour am\u00e9liorer les comp\u00e9tences et les connaissances de vos enfants. Les parents peuvent \u00eatre assur\u00e9s que leurs enfants s'amusent en apprenant, et peuvent \u00eatre satisfaits du d\u00e9veloppement de leurs enfants gr\u00e2ce \u00e0 ce jeu. Les Jeux de Pions Montessori constituent donc un excellent moyen d\u2019aider vos enfants \u00e0 grandir et \u00e0 s\u2019amuser en m\u00eame temps.&quot;}\" data-sheets-userformat=\"{&quot;2&quot;:14851,&quot;3&quot;:{&quot;1&quot;:0},&quot;4&quot;:{&quot;1&quot;:2,&quot;2&quot;:16777215},&quot;12&quot;:0,&quot;14&quot;:{&quot;1&quot;:2,&quot;2&quot;:0},&quot;15&quot;:&quot;Inconsolata, monospace, arial, sans, sans-serif&quot;,&quot;16&quot;:11}\" data-sheets-formula=\"=doit(R[0]C[-1])\">\u2705 Lernhilfe<br \/>\n<\/span><span data-sheets-value=\"{&quot;1&quot;:2,&quot;2&quot;:&quot;.\\n\\nLes Jeux de Pions Montessori sont une mani\u00e8re amusante et enrichissante pour les enfants de 3 ans \u00e0 8 ans de d\u00e9velopper leurs aptitudes de la vie quotidienne tout en s'amusant.\\n\\nLes Jeux de Pions Montessori se pr\u00e9sentent sous la forme d\u2019une planche avec des trous sur lesquels doivent \u00eatre enfil\u00e9s des petites pi\u00e8ces color\u00e9es \u00e0 moiti\u00e9, et qui doivent \u00eatre retir\u00e9es une fois le jeu termin\u00e9.\\n\\nLes parents peuvent donc s\u2019assurer que leurs enfants d\u00e9veloppent leur cr\u00e9ativit\u00e9, leur habilet\u00e9 et leur motricit\u00e9 fine et leur intelligence, tout en s'amusant et en r\u00e9visant les notions que leurs enfants ont appris.\\n\\nLes Jeux de Pions Montessori peuvent \u00eatre jou\u00e9s seul ou \u00e0 plusieurs, et offrent un style de jeu similaire au classique Memory. Il y a de nombreux th\u00e8mes disponibles, et les enfants pourront s\u2019entra\u00eener et s\u2019amuser \u00e0 trouver des solutions et \u00e0 chercher des pions.\\n\\nLes Jeux de Pions Montessori sont connus pour \u00eatre tr\u00e8s amusants et divertissants, et pour am\u00e9liorer les comp\u00e9tences et les connaissances de vos enfants. Les parents peuvent \u00eatre assur\u00e9s que leurs enfants s'amusent en apprenant, et peuvent \u00eatre satisfaits du d\u00e9veloppement de leurs enfants gr\u00e2ce \u00e0 ce jeu. Les Jeux de Pions Montessori constituent donc un excellent moyen d\u2019aider vos enfants \u00e0 grandir et \u00e0 s\u2019amuser en m\u00eame temps.&quot;}\" data-sheets-userformat=\"{&quot;2&quot;:14851,&quot;3&quot;:{&quot;1&quot;:0},&quot;4&quot;:{&quot;1&quot;:2,&quot;2&quot;:16777215},&quot;12&quot;:0,&quot;14&quot;:{&quot;1&quot;:2,&quot;2&quot;:0},&quot;15&quot;:&quot;Inconsolata, monospace, arial, sans, sans-serif&quot;,&quot;16&quot;:11}\" data-sheets-formula=\"=doit(R[0]C[-1])\">\u2705 Am\u00fcsant<br \/>\n<\/span><span data-sheets-value=\"{&quot;1&quot;:2,&quot;2&quot;:&quot;.\\n\\nLes Jeux de Pions Montessori sont une mani\u00e8re amusante et enrichissante pour les enfants de 3 ans \u00e0 8 ans de d\u00e9velopper leurs aptitudes de la vie quotidienne tout en s'amusant.\\n\\nLes Jeux de Pions Montessori se pr\u00e9sentent sous la forme d\u2019une planche avec des trous sur lesquels doivent \u00eatre enfil\u00e9s des petites pi\u00e8ces color\u00e9es \u00e0 moiti\u00e9, et qui doivent \u00eatre retir\u00e9es une fois le jeu termin\u00e9.\\n\\nLes parents peuvent donc s\u2019assurer que leurs enfants d\u00e9veloppent leur cr\u00e9ativit\u00e9, leur habilet\u00e9 et leur motricit\u00e9 fine et leur intelligence, tout en s'amusant et en r\u00e9visant les notions que leurs enfants ont appris.\\n\\nLes Jeux de Pions Montessori peuvent \u00eatre jou\u00e9s seul ou \u00e0 plusieurs, et offrent un style de jeu similaire au classique Memory. Il y a de nombreux th\u00e8mes disponibles, et les enfants pourront s\u2019entra\u00eener et s\u2019amuser \u00e0 trouver des solutions et \u00e0 chercher des pions.\\n\\nLes Jeux de Pions Montessori sont connus pour \u00eatre tr\u00e8s amusants et divertissants, et pour am\u00e9liorer les comp\u00e9tences et les connaissances de vos enfants. Les parents peuvent \u00eatre assur\u00e9s que leurs enfants s'amusent en apprenant, et peuvent \u00eatre satisfaits du d\u00e9veloppement de leurs enfants gr\u00e2ce \u00e0 ce jeu. Les Jeux de Pions Montessori constituent donc un excellent moyen d\u2019aider vos enfants \u00e0 grandir et \u00e0 s\u2019amuser en m\u00eame temps.&quot;}\" data-sheets-userformat=\"{&quot;2&quot;:14851,&quot;3&quot;:{&quot;1&quot;:0},&quot;4&quot;:{&quot;1&quot;:2,&quot;2&quot;:16777215},&quot;12&quot;:0,&quot;14&quot;:{&quot;1&quot;:2,&quot;2&quot;:0},&quot;15&quot;:&quot;Inconsolata, monospace, arial, sans, sans-serif&quot;,&quot;16&quot;:11}\" data-sheets-formula=\"=doit(R[0]C[-1])\">\u2705 Entwicklung von Kompetenzen.<\/span><\/p>\n<p><span data-sheets-value=\"{&quot;1&quot;:2,&quot;2&quot;:&quot;.\\n\\nLes Jeux de Pions Montessori sont une mani\u00e8re amusante et enrichissante pour les enfants de 3 ans \u00e0 8 ans de d\u00e9velopper leurs aptitudes de la vie quotidienne tout en s'amusant.\\n\\nLes Jeux de Pions Montessori se pr\u00e9sentent sous la forme d\u2019une planche avec des trous sur lesquels doivent \u00eatre enfil\u00e9s des petites pi\u00e8ces color\u00e9es \u00e0 moiti\u00e9, et qui doivent \u00eatre retir\u00e9es une fois le jeu termin\u00e9.\\n\\nLes parents peuvent donc s\u2019assurer que leurs enfants d\u00e9veloppent leur cr\u00e9ativit\u00e9, leur habilet\u00e9 et leur motricit\u00e9 fine et leur intelligence, tout en s'amusant et en r\u00e9visant les notions que leurs enfants ont appris.\\n\\nLes Jeux de Pions Montessori peuvent \u00eatre jou\u00e9s seul ou \u00e0 plusieurs, et offrent un style de jeu similaire au classique Memory. Il y a de nombreux th\u00e8mes disponibles, et les enfants pourront s\u2019entra\u00eener et s\u2019amuser \u00e0 trouver des solutions et \u00e0 chercher des pions.\\n\\nLes Jeux de Pions Montessori sont connus pour \u00eatre tr\u00e8s amusants et divertissants, et pour am\u00e9liorer les comp\u00e9tences et les connaissances de vos enfants. Les parents peuvent \u00eatre assur\u00e9s que leurs enfants s'amusent en apprenant, et peuvent \u00eatre satisfaits du d\u00e9veloppement de leurs enfants gr\u00e2ce \u00e0 ce jeu. Les Jeux de Pions Montessori constituent donc un excellent moyen d\u2019aider vos enfants \u00e0 grandir et \u00e0 s\u2019amuser en m\u00eame temps.&quot;}\" data-sheets-userformat=\"{&quot;2&quot;:14851,&quot;3&quot;:{&quot;1&quot;:0},&quot;4&quot;:{&quot;1&quot;:2,&quot;2&quot;:16777215},&quot;12&quot;:0,&quot;14&quot;:{&quot;1&quot;:2,&quot;2&quot;:0},&quot;15&quot;:&quot;Inconsolata, monospace, arial, sans, sans-serif&quot;,&quot;16&quot;:11}\" data-sheets-formula=\"=doit(R[0]C[-1])\">Kann allein oder mit mehreren gespielt werden und bietet einen \u00e4hnlichen Spielstil wie das klassische Memory. Es stehen viele verschiedene Themen zur Auswahl, und die Kinder k\u00f6nnen \u00fcben und Spa\u00df daran haben, L\u00f6sungen zu finden und nach Spielsteinen zu suchen.<\/span><\/p>\n<p>Es ist bekannt daf\u00fcr, dass es viel Spa\u00df macht und die F\u00e4higkeiten sowie das Wissen Ihrer Kinder verbessert. Eltern k\u00f6nnen sicher sein, dass ihre Kinder Spa\u00df am Lernen haben, und sie k\u00f6nnen mit der Entwicklung ihrer Kinder durch dieses Spiel zufrieden sein. Das Montessori-Spiel mit Spielsteinen ist daher eine hervorragende M\u00f6glichkeit, Ihren Kindern dabei zu helfen, zu wachsen und gleichzeitig Spa\u00df zu haben.<\/p>","protected":false},"excerpt":{"rendered":"<p>Les Avantages des Jeux de Pions memory Montessori pour l\u2019Apprentissage des Enfants Le jeu de Pions Montessori est une mani\u00e8re<\/p>","protected":false},"featured_media":10631,"template":"","meta":[],"product_brand":[],"product_cat":[358,342,344,345],"product_tag":[],"class_list":{"0":"post-8767","1":"product","2":"type-product","3":"status-publish","4":"has-post-thumbnail","6":"product_cat-jeu-logique","7":"product_cat-jeux-montessori-1an-18mois","8":"product_cat-jeux-montessori-2ans-3-ans","9":"product_cat-jeux-montessori-3ans-4-ans","11":"first","12":"instock","13":"shipping-taxable","14":"purchasable","15":"product-type-simple"},"_links":{"self":[{"href":"https:\/\/das-montessori-spielzeug.de\/de\/wp-json\/wp\/v2\/product\/8767","targetHints":{"allow":["GET"]}}],"collection":[{"href":"https:\/\/das-montessori-spielzeug.de\/de\/wp-json\/wp\/v2\/product"}],"about":[{"href":"https:\/\/das-montessori-spielzeug.de\/de\/wp-json\/wp\/v2\/types\/product"}],"version-history":[{"count":0,"href":"https:\/\/das-montessori-spielzeug.de\/de\/wp-json\/wp\/v2\/product\/8767\/revisions"}],"wp:featuredmedia":[{"embeddable":true,"href":"https:\/\/das-montessori-spielzeug.de\/de\/wp-json\/wp\/v2\/media\/10631"}],"wp:attachment":[{"href":"https:\/\/das-montessori-spielzeug.de\/de\/wp-json\/wp\/v2\/media?parent=8767"}],"wp:term":[{"taxonomy":"product_brand","embeddable":true,"href":"https:\/\/das-montessori-spielzeug.de\/de\/wp-json\/wp\/v2\/product_brand?post=8767"},{"taxonomy":"product_cat","embeddable":true,"href":"https:\/\/das-montessori-spielzeug.de\/de\/wp-json\/wp\/v2\/product_cat?post=8767"},{"taxonomy":"product_tag","embeddable":true,"href":"https:\/\/das-montessori-spielzeug.de\/de\/wp-json\/wp\/v2\/product_tag?post=8767"}],"curies":[{"name":"wp","href":"https:\/\/api.w.org\/{rel}","templated":true}]}}