{"id":8742,"date":"2023-01-26T00:05:36","date_gmt":"2023-01-26T00:05:36","guid":{"rendered":"https:\/\/das-montessori-spielzeug.de\/product\/children-montessori-wooden-clock-toy"},"modified":"2023-07-21T13:35:14","modified_gmt":"2023-07-21T13:35:14","slug":"bunte-uhr-fur-kinder-24h","status":"publish","type":"product","link":"https:\/\/das-montessori-spielzeug.de\/de\/product\/bunte-uhr-fur-kinder-24h","title":{"rendered":"Bunte Kinderuhr 24h"},"content":{"rendered":"<h2><span data-sheets-formula=\"=doit(R[0]C[-1])\" data-sheets-userformat=\"{&quot;2&quot;:14851,&quot;3&quot;:{&quot;1&quot;:0},&quot;4&quot;:{&quot;1&quot;:2,&quot;2&quot;:16777215},&quot;12&quot;:0,&quot;14&quot;:{&quot;1&quot;:2,&quot;2&quot;:0},&quot;15&quot;:&quot;Inconsolata, monospace, arial, sans, sans-serif&quot;,&quot;16&quot;:11}\" data-sheets-value=\"{&quot;1&quot;:2,&quot;2&quot;:&quot;\\n\\n\\&quot;Apprendre le temps avec l'horloge en bois Montessori pour enfants : Un moyen pratique, esth\u00e9tique et respectueux ! \\&quot;&quot;}\">Lernen Sie <\/span><span data-sheets-value=\"{&quot;1&quot;:2,&quot;2&quot;:&quot;\\n\\n\\&quot;Apprendre le temps avec l'horloge en bois Montessori pour enfants : Un moyen pratique, esth\u00e9tique et respectueux ! \\&quot;&quot;}\" data-sheets-userformat=\"{&quot;2&quot;:14851,&quot;3&quot;:{&quot;1&quot;:0},&quot;4&quot;:{&quot;1&quot;:2,&quot;2&quot;:16777215},&quot;12&quot;:0,&quot;14&quot;:{&quot;1&quot;:2,&quot;2&quot;:0},&quot;15&quot;:&quot;Inconsolata, monospace, arial, sans, sans-serif&quot;,&quot;16&quot;:11}\" data-sheets-formula=\"=doit(R[0]C[-1])\">Ihrem Kind das Gef\u00fchl f\u00fcr Zeit und das Einhalten von Zeitpl\u00e4nen mit der Montessori-Holzuhr f\u00fcr Kinder.<\/span><\/h2>\n<p><span data-sheets-value=\"{&quot;1&quot;:2,&quot;2&quot;:&quot;\\n\\nLes parents soucieux du d\u00e9veloppement de leurs enfants savent bien qu'il est n\u00e9cessaire de les aider \u00e0 se familiariser avec la notion du temps. L'horloge en bois Montessori pour enfants est le moyen id\u00e9al pour les aider \u00e0 acqu\u00e9rir cette notion. Destin\u00e9e aux enfants \u00e0 partir de 3 ans, cette horloge montre les heures et les minutes, dans un format 24h. Avec des couleurs vives et fra\u00eeches, elle saura s\u00e9duire tous les enfants.\\n\\nTous les enfants peuvent facilement r\u00e9gler l'horloge, d\u00e9velopper leurs sens tactiles et leur autonomie. Cet objet est con\u00e7u pour les aider \u00e0 comprendre le temps de mani\u00e8re pratique, respectueuse et ludique. Bien plus qu'une simple horloge, elle deviendra un compagnon pour vos enfants en leur enseignant \u00e0 quel point le temps est pr\u00e9cieux. \\n\\nDiplomate et esth\u00e9tique, l'horloge en bois Montessori pour enfants saura trouver sa place dans votre maison. Son design r\u00e9fl\u00e9chi et ses caract\u00e9ristiques techniques permettent \u00e0 vos enfants de d\u00e9velopper leur autonomie et de s'adapter progressivement aux horaires. \\n\\nSi vous voulez aider vos enfants \u00e0 acqu\u00e9rir la notion du temps et \u00e0 respecter les r\u00e8gles horaires, l'horloge en bois Montessori pour enfants est une excellente solution adapt\u00e9e \u00e0 leur \u00e2ge et qui saura les satisfaire. Robuste, color\u00e9e et s\u00e9curis\u00e9e, elle est l'outil id\u00e9al pour les accompagner dans leur apprentissage.&quot;}\" data-sheets-userformat=\"{&quot;2&quot;:14851,&quot;3&quot;:{&quot;1&quot;:0},&quot;4&quot;:{&quot;1&quot;:2,&quot;2&quot;:16777215},&quot;12&quot;:0,&quot;14&quot;:{&quot;1&quot;:2,&quot;2&quot;:0},&quot;15&quot;:&quot;Inconsolata, monospace, arial, sans, sans-serif&quot;,&quot;16&quot;:11}\" data-sheets-formula=\"=doit(R[0]C[-1])\">Eltern, denen die Entwicklung ihrer Kinder am Herzen liegt, wissen, dass es notwendig ist, ihnen zu helfen, sich mit dem Zeitbegriff vertraut zu machen. Die Montessori-Holzuhr f\u00fcr Kinder ist das ideale Mittel, um ihnen dabei zu helfen, dieses Konzept zu erwerben. Die Uhr ist f\u00fcr Kinder ab 3 Jahren gedacht und zeigt die Stunden und Minuten im 24-Stunden-Format an. Mit ihren frischen, kr\u00e4ftigen Farben wird sie alle Kinder begeistern.<\/span><\/p>\n<p><span data-sheets-value=\"{&quot;1&quot;:2,&quot;2&quot;:&quot;\\n\\nLes parents soucieux du d\u00e9veloppement de leurs enfants savent bien qu'il est n\u00e9cessaire de les aider \u00e0 se familiariser avec la notion du temps. L'horloge en bois Montessori pour enfants est le moyen id\u00e9al pour les aider \u00e0 acqu\u00e9rir cette notion. Destin\u00e9e aux enfants \u00e0 partir de 3 ans, cette horloge montre les heures et les minutes, dans un format 24h. Avec des couleurs vives et fra\u00eeches, elle saura s\u00e9duire tous les enfants.\\n\\nTous les enfants peuvent facilement r\u00e9gler l'horloge, d\u00e9velopper leurs sens tactiles et leur autonomie. Cet objet est con\u00e7u pour les aider \u00e0 comprendre le temps de mani\u00e8re pratique, respectueuse et ludique. Bien plus qu'une simple horloge, elle deviendra un compagnon pour vos enfants en leur enseignant \u00e0 quel point le temps est pr\u00e9cieux. \\n\\nDiplomate et esth\u00e9tique, l'horloge en bois Montessori pour enfants saura trouver sa place dans votre maison. Son design r\u00e9fl\u00e9chi et ses caract\u00e9ristiques techniques permettent \u00e0 vos enfants de d\u00e9velopper leur autonomie et de s'adapter progressivement aux horaires. \\n\\nSi vous voulez aider vos enfants \u00e0 acqu\u00e9rir la notion du temps et \u00e0 respecter les r\u00e8gles horaires, l'horloge en bois Montessori pour enfants est une excellente solution adapt\u00e9e \u00e0 leur \u00e2ge et qui saura les satisfaire. Robuste, color\u00e9e et s\u00e9curis\u00e9e, elle est l'outil id\u00e9al pour les accompagner dans leur apprentissage.&quot;}\" data-sheets-userformat=\"{&quot;2&quot;:14851,&quot;3&quot;:{&quot;1&quot;:0},&quot;4&quot;:{&quot;1&quot;:2,&quot;2&quot;:16777215},&quot;12&quot;:0,&quot;14&quot;:{&quot;1&quot;:2,&quot;2&quot;:0},&quot;15&quot;:&quot;Inconsolata, monospace, arial, sans, sans-serif&quot;,&quot;16&quot;:11}\" data-sheets-formula=\"=doit(R[0]C[-1])\">\u2705 Spielerisches und respektvolles Lernen<br \/>\n\u2705 Autonomie und Kompetenz f\u00fcr Kinder<br \/>\n\u2705 Robustes und ansprechendes Design<\/span><\/p>\n<p>Alle Kinder k\u00f6nnen die Uhr leicht einstellen, ihre taktilen Sinne entwickeln und ihre Selbstst\u00e4ndigkeit f\u00f6rdern. Dieses Objekt soll ihnen helfen, die Zeit auf praktische, respektvolle und spielerische Weise zu verstehen. Sie ist viel mehr als nur eine Uhr. Sie wird zu einem Begleiter f\u00fcr Ihre Kinder und lehrt sie, wie wertvoll die Zeit ist.<\/p>\n<p>Die Montessori-Uhr aus Holz f\u00fcr Kinder wird ihren Platz in Ihrem Zuhause finden. Ihr durchdachtes Design und ihre technischen Eigenschaften erm\u00f6glichen es Ihren Kindern, ihre Selbstst\u00e4ndigkeit zu entwickeln und sich allm\u00e4hlich an die Uhrzeiten anzupassen.<\/p>\n<p>Wenn Sie Ihren Kindern helfen wollen, ein Gef\u00fchl f\u00fcr die Zeit zu entwickeln und die Zeitregeln einzuhalten, ist die Montessori-Holzuhr f\u00fcr Kinder eine hervorragende L\u00f6sung, die altersgerecht ist und die Kinder zufriedenstellen wird. Robust, farbenfroh und sicher ist sie das ideale Werkzeug, um sie beim Lernen zu begleiten.<\/p>","protected":false},"excerpt":{"rendered":"<p>Apprenez la notion de temps et du respect des horaires \u00e0 votre enfant avec l&#8217;horloge en bois Montessori pour enfants.<\/p>","protected":false},"featured_media":8732,"template":"","meta":[],"product_brand":[],"product_cat":[393,379,344,345],"product_tag":[],"class_list":{"0":"post-8742","1":"product","2":"type-product","3":"status-publish","4":"has-post-thumbnail","6":"product_cat-apprentissage-heure","7":"product_cat-jeu-articule","8":"product_cat-jeux-montessori-2ans-3-ans","9":"product_cat-jeux-montessori-3ans-4-ans","11":"first","12":"instock","13":"shipping-taxable","14":"purchasable","15":"product-type-variable"},"_links":{"self":[{"href":"https:\/\/das-montessori-spielzeug.de\/de\/wp-json\/wp\/v2\/product\/8742","targetHints":{"allow":["GET"]}}],"collection":[{"href":"https:\/\/das-montessori-spielzeug.de\/de\/wp-json\/wp\/v2\/product"}],"about":[{"href":"https:\/\/das-montessori-spielzeug.de\/de\/wp-json\/wp\/v2\/types\/product"}],"version-history":[{"count":0,"href":"https:\/\/das-montessori-spielzeug.de\/de\/wp-json\/wp\/v2\/product\/8742\/revisions"}],"wp:featuredmedia":[{"embeddable":true,"href":"https:\/\/das-montessori-spielzeug.de\/de\/wp-json\/wp\/v2\/media\/8732"}],"wp:attachment":[{"href":"https:\/\/das-montessori-spielzeug.de\/de\/wp-json\/wp\/v2\/media?parent=8742"}],"wp:term":[{"taxonomy":"product_brand","embeddable":true,"href":"https:\/\/das-montessori-spielzeug.de\/de\/wp-json\/wp\/v2\/product_brand?post=8742"},{"taxonomy":"product_cat","embeddable":true,"href":"https:\/\/das-montessori-spielzeug.de\/de\/wp-json\/wp\/v2\/product_cat?post=8742"},{"taxonomy":"product_tag","embeddable":true,"href":"https:\/\/das-montessori-spielzeug.de\/de\/wp-json\/wp\/v2\/product_tag?post=8742"}],"curies":[{"name":"wp","href":"https:\/\/api.w.org\/{rel}","templated":true}]}}