{"id":8729,"date":"2023-01-26T00:03:30","date_gmt":"2023-01-26T00:03:30","guid":{"rendered":"https:\/\/das-montessori-spielzeug.de\/product\/wooden-quality-hand-knock-xylophone-early-education-puzzle-childrens-eight-tone-piano"},"modified":"2024-04-22T00:32:26","modified_gmt":"2024-04-21T23:32:26","slug":"xylophon-aus-holz","status":"publish","type":"product","link":"https:\/\/das-montessori-spielzeug.de\/de\/product\/xylophon-aus-holz","title":{"rendered":"Holzxylophon und farbige Tasten"},"content":{"rendered":"<h2><span data-sheets-value=\"{&quot;1&quot;:2,&quot;2&quot;:&quot;\\n\\n\\&quot; D\u00e9couvrez Le Xylophone en bois : Stimuler la cr\u00e9ativit\u00e9 et l'amusement des enfants ! \\&quot;&quot;}\" data-sheets-userformat=\"{&quot;2&quot;:14851,&quot;3&quot;:{&quot;1&quot;:0},&quot;4&quot;:{&quot;1&quot;:2,&quot;2&quot;:16777215},&quot;12&quot;:0,&quot;14&quot;:{&quot;1&quot;:2,&quot;2&quot;:0},&quot;15&quot;:&quot;Inconsolata, monospace, arial, sans, sans-serif&quot;,&quot;16&quot;:11}\" data-sheets-formula=\"=doit(R[0]C[-1])\">F\u00f6rderung der Kreativit\u00e4t und des Geh\u00f6rs von Kindern mit diesem x<\/span><span data-sheets-value=\"{&quot;1&quot;:2,&quot;2&quot;:&quot;\\n\\n\\&quot; D\u00e9couvrez Le Xylophone en bois : Stimuler la cr\u00e9ativit\u00e9 et l'amusement des enfants ! \\&quot;&quot;}\" data-sheets-userformat=\"{&quot;2&quot;:14851,&quot;3&quot;:{&quot;1&quot;:0},&quot;4&quot;:{&quot;1&quot;:2,&quot;2&quot;:16777215},&quot;12&quot;:0,&quot;14&quot;:{&quot;1&quot;:2,&quot;2&quot;:0},&quot;15&quot;:&quot;Inconsolata, monospace, arial, sans, sans-serif&quot;,&quot;16&quot;:11}\" data-sheets-formula=\"=doit(R[0]C[-1])\">ylophon aus Holz<\/span><\/h2>\n<p><span data-sheets-value=\"{&quot;1&quot;:2,&quot;2&quot;:&quot;\\n\\nLe Xylophone en bois et ses touches color\u00e9es est un excellent jouet pour les enfants. Tr\u00e8s facile \u00e0 jouer et amusant \u00e0 utiliser, cet instrument \u00e0 vent pour enfants est une fa\u00e7on id\u00e9ale de stimuler leur imagination et de les divertir. Les caract\u00e9ristiques techniques sont les suivantes : le Xylophone est dot\u00e9 d'une base en bois afin de conf\u00e9rer une certaine solidit\u00e9 et une qualit\u00e9 sonore tr\u00e8s agr\u00e9able. Les touches color\u00e9es sont faites de m\u00e9tal moul\u00e9 pour un son riche et satur\u00e9, avec des fr\u00e9quences allant jusqu'\u00e0 10 000 Hz. De plus, les couleurs vives et douces des touches offrent des possibilit\u00e9s de jeux et d'apprentissage illimit\u00e9es. Le Xylophone est fourni avec deux baguettes en bois pour donner \u00e0 l'utilisateur une sensation de contr\u00f4le et de professionnalisme pendant le jeu.\\n\\nCe jouet est une excellente fa\u00e7on de s'amuser tout en d\u00e9veloppant des aptitudes musicales. Il stimulera l'imagination de votre enfant et contribuera \u00e0 lui apprendre le sens de la rythmique et des habilet\u00e9s manuelles. Ce jouet offre aussi une vari\u00e9t\u00e9 d'activit\u00e9s, dont des jeux, des chansons et des exercices d'\u00e9coute et de coordination. Les parents sont assur\u00e9s que leur enfant se divertira avec ce jouet de qualit\u00e9 et saura tirer le meilleur parti de ce jouet. Alors n'attendez plus et offrez \u00e0 votre enfant un Xylophone en bois et ses touches color\u00e9es pour lui offrir un plaisir musical et des heures de divertissement!&quot;}\" data-sheets-userformat=\"{&quot;2&quot;:14851,&quot;3&quot;:{&quot;1&quot;:0},&quot;4&quot;:{&quot;1&quot;:2,&quot;2&quot;:16777215},&quot;12&quot;:0,&quot;14&quot;:{&quot;1&quot;:2,&quot;2&quot;:0},&quot;15&quot;:&quot;Inconsolata, monospace, arial, sans, sans-serif&quot;,&quot;16&quot;:11}\" data-sheets-formula=\"=doit(R[0]C[-1])\">Das Xylophon aus Holz mit bunten Tasten ist ein hervorragendes Spielzeug f\u00fcr Kinder. Da es sehr leicht zu spielen ist und Spa\u00df macht, es zu benutzen, ist dieses Schlaginstrument f\u00fcr Kinder eine ideale M\u00f6glichkeit, ihre Kreativit\u00e4t zu f\u00f6rdern. <\/span><\/p>\n<p><span data-sheets-value=\"{&quot;1&quot;:2,&quot;2&quot;:&quot;\\n\\nLe Xylophone en bois et ses touches color\u00e9es est un excellent jouet pour les enfants. Tr\u00e8s facile \u00e0 jouer et amusant \u00e0 utiliser, cet instrument \u00e0 vent pour enfants est une fa\u00e7on id\u00e9ale de stimuler leur imagination et de les divertir. Les caract\u00e9ristiques techniques sont les suivantes : le Xylophone est dot\u00e9 d'une base en bois afin de conf\u00e9rer une certaine solidit\u00e9 et une qualit\u00e9 sonore tr\u00e8s agr\u00e9able. Les touches color\u00e9es sont faites de m\u00e9tal moul\u00e9 pour un son riche et satur\u00e9, avec des fr\u00e9quences allant jusqu'\u00e0 10 000 Hz. De plus, les couleurs vives et douces des touches offrent des possibilit\u00e9s de jeux et d'apprentissage illimit\u00e9es. Le Xylophone est fourni avec deux baguettes en bois pour donner \u00e0 l'utilisateur une sensation de contr\u00f4le et de professionnalisme pendant le jeu.\\n\\nCe jouet est une excellente fa\u00e7on de s'amuser tout en d\u00e9veloppant des aptitudes musicales. Il stimulera l'imagination de votre enfant et contribuera \u00e0 lui apprendre le sens de la rythmique et des habilet\u00e9s manuelles. Ce jouet offre aussi une vari\u00e9t\u00e9 d'activit\u00e9s, dont des jeux, des chansons et des exercices d'\u00e9coute et de coordination. Les parents sont assur\u00e9s que leur enfant se divertira avec ce jouet de qualit\u00e9 et saura tirer le meilleur parti de ce jouet. Alors n'attendez plus et offrez \u00e0 votre enfant un Xylophone en bois et ses touches color\u00e9es pour lui offrir un plaisir musical et des heures de divertissement!&quot;}\" data-sheets-userformat=\"{&quot;2&quot;:14851,&quot;3&quot;:{&quot;1&quot;:0},&quot;4&quot;:{&quot;1&quot;:2,&quot;2&quot;:16777215},&quot;12&quot;:0,&quot;14&quot;:{&quot;1&quot;:2,&quot;2&quot;:0},&quot;15&quot;:&quot;Inconsolata, monospace, arial, sans, sans-serif&quot;,&quot;16&quot;:11}\" data-sheets-formula=\"=doit(R[0]C[-1])\">Das Xylophon hat eine Holzbasis, um solide zu sein und eine sehr angenehme Klangqualit\u00e4t zu haben. Die bunten Tasten bestehen aus gegossenem Metall und sorgen f\u00fcr einen satten, vollen Klang mit Frequenzen bis zu 10.000 Hz. Dar\u00fcber hinaus bieten die hellen und weichen Farben der Tasten unbegrenzte Spiel- und Lernm\u00f6glichkeiten. Das Xylophon wird mit zwei Holzschlegeln geliefert.<\/span><\/p>\n<p><span data-sheets-value=\"{&quot;1&quot;:2,&quot;2&quot;:&quot;\\n\\nLe Xylophone en bois et ses touches color\u00e9es est un excellent jouet pour les enfants. Tr\u00e8s facile \u00e0 jouer et amusant \u00e0 utiliser, cet instrument \u00e0 vent pour enfants est une fa\u00e7on id\u00e9ale de stimuler leur imagination et de les divertir. Les caract\u00e9ristiques techniques sont les suivantes : le Xylophone est dot\u00e9 d'une base en bois afin de conf\u00e9rer une certaine solidit\u00e9 et une qualit\u00e9 sonore tr\u00e8s agr\u00e9able. Les touches color\u00e9es sont faites de m\u00e9tal moul\u00e9 pour un son riche et satur\u00e9, avec des fr\u00e9quences allant jusqu'\u00e0 10 000 Hz. De plus, les couleurs vives et douces des touches offrent des possibilit\u00e9s de jeux et d'apprentissage illimit\u00e9es. Le Xylophone est fourni avec deux baguettes en bois pour donner \u00e0 l'utilisateur une sensation de contr\u00f4le et de professionnalisme pendant le jeu.\\n\\nCe jouet est une excellente fa\u00e7on de s'amuser tout en d\u00e9veloppant des aptitudes musicales. Il stimulera l'imagination de votre enfant et contribuera \u00e0 lui apprendre le sens de la rythmique et des habilet\u00e9s manuelles. Ce jouet offre aussi une vari\u00e9t\u00e9 d'activit\u00e9s, dont des jeux, des chansons et des exercices d'\u00e9coute et de coordination. Les parents sont assur\u00e9s que leur enfant se divertira avec ce jouet de qualit\u00e9 et saura tirer le meilleur parti de ce jouet. Alors n'attendez plus et offrez \u00e0 votre enfant un Xylophone en bois et ses touches color\u00e9es pour lui offrir un plaisir musical et des heures de divertissement!&quot;}\" data-sheets-userformat=\"{&quot;2&quot;:14851,&quot;3&quot;:{&quot;1&quot;:0},&quot;4&quot;:{&quot;1&quot;:2,&quot;2&quot;:16777215},&quot;12&quot;:0,&quot;14&quot;:{&quot;1&quot;:2,&quot;2&quot;:0},&quot;15&quot;:&quot;Inconsolata, monospace, arial, sans, sans-serif&quot;,&quot;16&quot;:11}\" data-sheets-formula=\"=doit(R[0]C[-1])\">\u2705 Entwickelt musikalische Kreativit\u00e4t<br \/>\n\u2705 Hand-Augen-Koordination<\/span><span data-sheets-value=\"{&quot;1&quot;:2,&quot;2&quot;:&quot;\\n\\nLe Xylophone en bois et ses touches color\u00e9es est un excellent jouet pour les enfants. Tr\u00e8s facile \u00e0 jouer et amusant \u00e0 utiliser, cet instrument \u00e0 vent pour enfants est une fa\u00e7on id\u00e9ale de stimuler leur imagination et de les divertir. Les caract\u00e9ristiques techniques sont les suivantes : le Xylophone est dot\u00e9 d'une base en bois afin de conf\u00e9rer une certaine solidit\u00e9 et une qualit\u00e9 sonore tr\u00e8s agr\u00e9able. Les touches color\u00e9es sont faites de m\u00e9tal moul\u00e9 pour un son riche et satur\u00e9, avec des fr\u00e9quences allant jusqu'\u00e0 10 000 Hz. De plus, les couleurs vives et douces des touches offrent des possibilit\u00e9s de jeux et d'apprentissage illimit\u00e9es. Le Xylophone est fourni avec deux baguettes en bois pour donner \u00e0 l'utilisateur une sensation de contr\u00f4le et de professionnalisme pendant le jeu.\\n\\nCe jouet est une excellente fa\u00e7on de s'amuser tout en d\u00e9veloppant des aptitudes musicales. Il stimulera l'imagination de votre enfant et contribuera \u00e0 lui apprendre le sens de la rythmique et des habilet\u00e9s manuelles. Ce jouet offre aussi une vari\u00e9t\u00e9 d'activit\u00e9s, dont des jeux, des chansons et des exercices d'\u00e9coute et de coordination. Les parents sont assur\u00e9s que leur enfant se divertira avec ce jouet de qualit\u00e9 et saura tirer le meilleur parti de ce jouet. Alors n'attendez plus et offrez \u00e0 votre enfant un Xylophone en bois et ses touches color\u00e9es pour lui offrir un plaisir musical et des heures de divertissement!&quot;}\" data-sheets-userformat=\"{&quot;2&quot;:14851,&quot;3&quot;:{&quot;1&quot;:0},&quot;4&quot;:{&quot;1&quot;:2,&quot;2&quot;:16777215},&quot;12&quot;:0,&quot;14&quot;:{&quot;1&quot;:2,&quot;2&quot;:0},&quot;15&quot;:&quot;Inconsolata, monospace, arial, sans, sans-serif&quot;,&quot;16&quot;:11}\" data-sheets-formula=\"=doit(R[0]C[-1])\"><br \/>\n\u2705 Unterh\u00e4lt und am\u00fcsiert stundenlang<\/span><\/p>\n<p>Dieses Spiel ist eine tolle M\u00f6glichkeit, Spa\u00df zu haben und gleichzeitig musikalische F\u00e4higkeiten zu entwickeln. Es wird die Fantasie Ihres Kindes anregen und dazu beitragen, ihm ein Gef\u00fchl f\u00fcr Rhythmik zu vermitteln und seine manuelle Geschicklichkeit zu verbessern.<\/p>\n<p><span data-sheets-value=\"{&quot;1&quot;:2,&quot;2&quot;:&quot;\\n\\nLe Xylophone en bois et ses touches color\u00e9es est un excellent jouet pour les enfants. Tr\u00e8s facile \u00e0 jouer et amusant \u00e0 utiliser, cet instrument \u00e0 vent pour enfants est une fa\u00e7on id\u00e9ale de stimuler leur imagination et de les divertir. Les caract\u00e9ristiques techniques sont les suivantes : le Xylophone est dot\u00e9 d'une base en bois afin de conf\u00e9rer une certaine solidit\u00e9 et une qualit\u00e9 sonore tr\u00e8s agr\u00e9able. Les touches color\u00e9es sont faites de m\u00e9tal moul\u00e9 pour un son riche et satur\u00e9, avec des fr\u00e9quences allant jusqu'\u00e0 10 000 Hz. De plus, les couleurs vives et douces des touches offrent des possibilit\u00e9s de jeux et d'apprentissage illimit\u00e9es. Le Xylophone est fourni avec deux baguettes en bois pour donner \u00e0 l'utilisateur une sensation de contr\u00f4le et de professionnalisme pendant le jeu.\\n\\nCe jouet est une excellente fa\u00e7on de s'amuser tout en d\u00e9veloppant des aptitudes musicales. Il stimulera l'imagination de votre enfant et contribuera \u00e0 lui apprendre le sens de la rythmique et des habilet\u00e9s manuelles. Ce jouet offre aussi une vari\u00e9t\u00e9 d'activit\u00e9s, dont des jeux, des chansons et des exercices d'\u00e9coute et de coordination. Les parents sont assur\u00e9s que leur enfant se divertira avec ce jouet de qualit\u00e9 et saura tirer le meilleur parti de ce jouet. Alors n'attendez plus et offrez \u00e0 votre enfant un Xylophone en bois et ses touches color\u00e9es pour lui offrir un plaisir musical et des heures de divertissement!&quot;}\" data-sheets-userformat=\"{&quot;2&quot;:14851,&quot;3&quot;:{&quot;1&quot;:0},&quot;4&quot;:{&quot;1&quot;:2,&quot;2&quot;:16777215},&quot;12&quot;:0,&quot;14&quot;:{&quot;1&quot;:2,&quot;2&quot;:0},&quot;15&quot;:&quot;Inconsolata, monospace, arial, sans, sans-serif&quot;,&quot;16&quot;:11}\" data-sheets-formula=\"=doit(R[0]C[-1])\">Wir versichern Ihnen, dass Ihr Kind stundenlang Spa\u00df haben wird, allein oder mit Ihnen! Warten Sie nicht l\u00e4nger und schenken Sie Ihrem Kind ein Xylophon aus Holz, um ihm musikalischen Spa\u00df und stundenlange Unterhaltung zu bieten!<\/span><\/p>","protected":false},"excerpt":{"rendered":"<p>Stimuler la cr\u00e9ativit\u00e9 et l&#8217;ou\u00efe des enfants avec ce xylophone en bois Le Xylophone en bois aux touches color\u00e9es est<\/p>","protected":false},"featured_media":8724,"template":"","meta":[],"product_brand":[],"product_cat":[353,342,343,344,345],"product_tag":[],"class_list":{"0":"post-8729","1":"product","2":"type-product","3":"status-publish","4":"has-post-thumbnail","6":"product_cat-eveil-musical","7":"product_cat-jeux-montessori-1an-18mois","8":"product_cat-jeux-montessori-18mois-2ans","9":"product_cat-jeux-montessori-2ans-3-ans","10":"product_cat-jeux-montessori-3ans-4-ans","12":"first","13":"instock","14":"shipping-taxable","15":"purchasable","16":"product-type-simple"},"_links":{"self":[{"href":"https:\/\/das-montessori-spielzeug.de\/de\/wp-json\/wp\/v2\/product\/8729","targetHints":{"allow":["GET"]}}],"collection":[{"href":"https:\/\/das-montessori-spielzeug.de\/de\/wp-json\/wp\/v2\/product"}],"about":[{"href":"https:\/\/das-montessori-spielzeug.de\/de\/wp-json\/wp\/v2\/types\/product"}],"version-history":[{"count":0,"href":"https:\/\/das-montessori-spielzeug.de\/de\/wp-json\/wp\/v2\/product\/8729\/revisions"}],"wp:featuredmedia":[{"embeddable":true,"href":"https:\/\/das-montessori-spielzeug.de\/de\/wp-json\/wp\/v2\/media\/8724"}],"wp:attachment":[{"href":"https:\/\/das-montessori-spielzeug.de\/de\/wp-json\/wp\/v2\/media?parent=8729"}],"wp:term":[{"taxonomy":"product_brand","embeddable":true,"href":"https:\/\/das-montessori-spielzeug.de\/de\/wp-json\/wp\/v2\/product_brand?post=8729"},{"taxonomy":"product_cat","embeddable":true,"href":"https:\/\/das-montessori-spielzeug.de\/de\/wp-json\/wp\/v2\/product_cat?post=8729"},{"taxonomy":"product_tag","embeddable":true,"href":"https:\/\/das-montessori-spielzeug.de\/de\/wp-json\/wp\/v2\/product_tag?post=8729"}],"curies":[{"name":"wp","href":"https:\/\/api.w.org\/{rel}","templated":true}]}}