{"id":8721,"date":"2023-01-25T23:54:09","date_gmt":"2023-01-25T23:54:09","guid":{"rendered":"https:\/\/das-montessori-spielzeug.de\/product\/baby-lock-picking-toys-montessori-teaching-aids"},"modified":"2024-05-16T09:21:19","modified_gmt":"2024-05-16T08:21:19","slug":"busy-board-13-komplikationen","status":"publish","type":"product","link":"https:\/\/das-montessori-spielzeug.de\/de\/product\/busy-board-13-komplikationen","title":{"rendered":"Busy Board XXL 13 Komplikationen"},"content":{"rendered":"<h2><span data-sheets-value=\"{&quot;1&quot;:2,&quot;2&quot;:&quot;\\n\\n\u00ab Offrez \u00e0 vos enfants un apprentissage ludique et divertissant avec le Busy board 13 complications \u00bb&quot;}\" data-sheets-userformat=\"{&quot;2&quot;:14851,&quot;3&quot;:{&quot;1&quot;:0},&quot;4&quot;:{&quot;1&quot;:2,&quot;2&quot;:16777215},&quot;12&quot;:0,&quot;14&quot;:{&quot;1&quot;:2,&quot;2&quot;:0},&quot;15&quot;:&quot;Inconsolata, monospace, arial, sans, sans-serif&quot;,&quot;16&quot;:11}\" data-sheets-formula=\"=doit(R[0]C[-1])\">Bieten Sie Ihren Kindern mit dem Busy Board XXL 13 Komplikationen spielerisches und unterhaltsames Lernen an.\u00a0<\/span><\/h2>\n<p><span data-sheets-value=\"{&quot;1&quot;:2,&quot;2&quot;:&quot;\\n\\nLe Busy board 13 complications est le produit id\u00e9al pour \u00e9veiller et divertir les enfants de 3 ans et plus.\\n\\nCe produit ing\u00e9nieux est con\u00e7u pour \u00eatre utilis\u00e9 sans danger et pour offrir un divertissement sans fin. Il a \u00e9t\u00e9 con\u00e7u pour d\u00e9velopper les habilet\u00e9s, la logique et la coordination main-\u0153il des enfants.\\n\\nLe produit comprend 13 pi\u00e8ces diff\u00e9rentes \u00e0 manipuler, y compris des cadenas \u00e0 combinaison, des boutons m\u00e9caniques, des interrupteurs \u00e0 bascule, des interrupteurs \u00e0 boudins et des boutons en caoutchouc. Les techniques de fermeture et de d\u00e9verrouillage offrent aux enfants l'opportunit\u00e9 d'utiliser leur logique et leurs habilet\u00e9s manuelles pour jouer et r\u00e9aliser des missions.\\n\\nLe plateau de jeu est fa\u00e7onn\u00e9 dans un mat\u00e9riau doux et solide qui offre une bonne prise en main. La conception color\u00e9e rend le produit tr\u00e8s attrayant pour les enfants et incite \u00e0 explorer diff\u00e9rents moyens de jouer. Les couleurs satur\u00e9es, les formes et les textures stimulent les sens des enfants.\\n\\nLe Busy board 13 complications offre une excellente occasion pour les parents d'encourager et de d\u00e9velopper leurs enfants \u00e0 grandir de fa\u00e7on saine et divertissante. En tant que parents, vous pourrez donc vous assurer que vos enfants d\u00e9veloppent leurs habilet\u00e9s, leur logique et leurs capacit\u00e9s de coordination main-\u0153il. Alors n'attendez plus et offrez \u00e0 vos enfants des divertissements et des opportunit\u00e9s d'apprentissage sans fin.&quot;}\" data-sheets-userformat=\"{&quot;2&quot;:14851,&quot;3&quot;:{&quot;1&quot;:0},&quot;4&quot;:{&quot;1&quot;:2,&quot;2&quot;:16777215},&quot;12&quot;:0,&quot;14&quot;:{&quot;1&quot;:2,&quot;2&quot;:0},&quot;15&quot;:&quot;Inconsolata, monospace, arial, sans, sans-serif&quot;,&quot;16&quot;:11}\" data-sheets-formula=\"=doit(R[0]C[-1])\">Es ist das ideale Produkt, um Kinder ab 1 Jahr zu wecken und zu unterhalten. Dieses geniale XXL-Produkt mit den Ma\u00dfen 42 cm x 32 cm ist so konzipiert, dass es gefahrlos verwendet werden kann und f\u00fcr endlose Unterhaltung sorgt. Es wurde entwickelt, um die Geschicklichkeit, das logische Denken und die Hand-Augen-Koordination von Kindern zu f\u00f6rdern.<\/span><\/p>\n<p>Das Produkt besteht aus 13 verschiedenen Teilen, die bedient werden m\u00fcssen, darunter mechanische Kn\u00f6pfe, Kippschalter, Spulenschalter und Gummikn\u00f6pfe. Die Techniken zum Schlie\u00dfen und Entriegeln bieten Kindern die M\u00f6glichkeit, ihre Logik und ihre manuellen F\u00e4higkeiten beim Spielen und L\u00f6sen von Aufgaben einzusetzen.<\/p>\n<p><span data-sheets-value=\"{&quot;1&quot;:2,&quot;2&quot;:&quot;\\n\\nLe Busy board 13 complications est le produit id\u00e9al pour \u00e9veiller et divertir les enfants de 3 ans et plus.\\n\\nCe produit ing\u00e9nieux est con\u00e7u pour \u00eatre utilis\u00e9 sans danger et pour offrir un divertissement sans fin. Il a \u00e9t\u00e9 con\u00e7u pour d\u00e9velopper les habilet\u00e9s, la logique et la coordination main-\u0153il des enfants.\\n\\nLe produit comprend 13 pi\u00e8ces diff\u00e9rentes \u00e0 manipuler, y compris des cadenas \u00e0 combinaison, des boutons m\u00e9caniques, des interrupteurs \u00e0 bascule, des interrupteurs \u00e0 boudins et des boutons en caoutchouc. Les techniques de fermeture et de d\u00e9verrouillage offrent aux enfants l'opportunit\u00e9 d'utiliser leur logique et leurs habilet\u00e9s manuelles pour jouer et r\u00e9aliser des missions.\\n\\nLe plateau de jeu est fa\u00e7onn\u00e9 dans un mat\u00e9riau doux et solide qui offre une bonne prise en main. La conception color\u00e9e rend le produit tr\u00e8s attrayant pour les enfants et incite \u00e0 explorer diff\u00e9rents moyens de jouer. Les couleurs satur\u00e9es, les formes et les textures stimulent les sens des enfants.\\n\\nLe Busy board 13 complications offre une excellente occasion pour les parents d'encourager et de d\u00e9velopper leurs enfants \u00e0 grandir de fa\u00e7on saine et divertissante. En tant que parents, vous pourrez donc vous assurer que vos enfants d\u00e9veloppent leurs habilet\u00e9s, leur logique et leurs capacit\u00e9s de coordination main-\u0153il. Alors n'attendez plus et offrez \u00e0 vos enfants des divertissements et des opportunit\u00e9s d'apprentissage sans fin.&quot;}\" data-sheets-userformat=\"{&quot;2&quot;:14851,&quot;3&quot;:{&quot;1&quot;:0},&quot;4&quot;:{&quot;1&quot;:2,&quot;2&quot;:16777215},&quot;12&quot;:0,&quot;14&quot;:{&quot;1&quot;:2,&quot;2&quot;:0},&quot;15&quot;:&quot;Inconsolata, monospace, arial, sans, sans-serif&quot;,&quot;16&quot;:11}\" data-sheets-formula=\"=doit(R[0]C[-1])\">\u2705 Stimuliert die Sinne<br \/>\n\u2705 Entwickelt F\u00e4higkeiten<br \/>\n\u2705 Unterhaltsames Lernen<\/span><\/p>\n<p>Das Spielbrett ist aus einem weichen, festen Material geformt, das gut in der Hand liegt. Das farbenfrohe Design macht das Produkt f\u00fcr Kinder sehr attraktiv und regt dazu an, verschiedene Spielm\u00f6glichkeiten zu erkunden. Die satten Farben, Formen und Texturen regen die Sinne der Kinder an.<\/p>\n<p>Das Busy Board 13 Komplikationen bietet Eltern eine hervorragende M\u00f6glichkeit, ihre Kinder auf gesunde und unterhaltsame Weise zu f\u00f6rdern und zu entwickeln, damit sie wachsen k\u00f6nnen. So k\u00f6nnen Sie als Eltern sicherstellen, dass Ihre Kinder ihre F\u00e4higkeiten, ihr logisches Denken und ihre Hand-Augen-Koordination weiterentwickeln. Warten Sie also nicht l\u00e4nger und bieten Sie Ihren Kindern endlose Unterhaltung und Lernm\u00f6glichkeiten.<\/p>","protected":false},"excerpt":{"rendered":"<p>Offrez \u00e0 vos enfants un apprentissage ludique et divertissant avec le Busy board XXL 13 complications\u00a0 C&#8217;est le produit id\u00e9al<\/p>","protected":false},"featured_media":8718,"template":"","meta":[],"product_brand":[],"product_cat":[406,341,342],"product_tag":[],"class_list":{"0":"post-8721","1":"product","2":"type-product","3":"status-publish","4":"has-post-thumbnail","6":"product_cat-busy-board-montessori","7":"product_cat-jeux-montessori-6mois-1an","8":"product_cat-jeux-montessori-1an-18mois","10":"first","11":"outofstock","12":"sale","13":"shipping-taxable","14":"purchasable","15":"product-type-simple"},"_links":{"self":[{"href":"https:\/\/das-montessori-spielzeug.de\/de\/wp-json\/wp\/v2\/product\/8721","targetHints":{"allow":["GET"]}}],"collection":[{"href":"https:\/\/das-montessori-spielzeug.de\/de\/wp-json\/wp\/v2\/product"}],"about":[{"href":"https:\/\/das-montessori-spielzeug.de\/de\/wp-json\/wp\/v2\/types\/product"}],"version-history":[{"count":0,"href":"https:\/\/das-montessori-spielzeug.de\/de\/wp-json\/wp\/v2\/product\/8721\/revisions"}],"wp:featuredmedia":[{"embeddable":true,"href":"https:\/\/das-montessori-spielzeug.de\/de\/wp-json\/wp\/v2\/media\/8718"}],"wp:attachment":[{"href":"https:\/\/das-montessori-spielzeug.de\/de\/wp-json\/wp\/v2\/media?parent=8721"}],"wp:term":[{"taxonomy":"product_brand","embeddable":true,"href":"https:\/\/das-montessori-spielzeug.de\/de\/wp-json\/wp\/v2\/product_brand?post=8721"},{"taxonomy":"product_cat","embeddable":true,"href":"https:\/\/das-montessori-spielzeug.de\/de\/wp-json\/wp\/v2\/product_cat?post=8721"},{"taxonomy":"product_tag","embeddable":true,"href":"https:\/\/das-montessori-spielzeug.de\/de\/wp-json\/wp\/v2\/product_tag?post=8721"}],"curies":[{"name":"wp","href":"https:\/\/api.w.org\/{rel}","templated":true}]}}