{"id":8694,"date":"2023-01-25T23:52:09","date_gmt":"2023-01-25T23:52:09","guid":{"rendered":"https:\/\/das-montessori-spielzeug.de\/product\/wooden-montessori-early-education-math-toys"},"modified":"2023-09-22T09:55:00","modified_gmt":"2023-09-22T09:55:00","slug":"mathematik-lernsticks","status":"publish","type":"product","link":"https:\/\/das-montessori-spielzeug.de\/de\/product\/mathematik-lernsticks","title":{"rendered":"Mathematische Lernsticks"},"content":{"rendered":"<p><span data-sheets-value=\"{&quot;1&quot;:2,&quot;2&quot;:&quot;\\n\\nLes parents \u00e0 la recherche d'un moyen efficace pour apprendre les math\u00e9matiques \u00e0 leur enfant sont au bon endroit. Les sticks d'apprentissage math\u00e9matiques sont un excellent moyen pour offrir aux enfants une introduction \u00e0 la manipulation des formes, des couleurs et des nombres. Ces sticks sont en bois de haute qualit\u00e9 avec une peinture sans danger. Ils sont disponibles en sets de 4 couleurs - rouge, bleu, jaune et vert. Chaque set est livr\u00e9 avec des pi\u00e8ces pour aider les enfants \u00e0 apprendre les math\u00e9matiques.\\n\\nLes sticks aident les enfants \u00e0 comprendre les concepts de base de l'addition, de la soustraction, de la multiplication et de la division. Ils peuvent faire des tours de diff\u00e9rentes couleurs, les assortir par couleur ou par forme. Les enfants peuvent \u00e9galement jouer \u00e0 des jeux qui les aident \u00e0 comprendre les maths plus avanc\u00e9es. Les sticks leur offrent une vari\u00e9t\u00e9 d'options d'apprentissage afin qu'ils puissent d\u00e9velopper leurs connaissances des math\u00e9matiques.\\n\\nLes sticks sont non seulement destin\u00e9s \u00e0 aider les enfants \u00e0 apprendre les math\u00e9matiques, mais aussi \u00e0 leur donner des occasions de jeu cr\u00e9atives. Les enfants peuvent s'amuser \u00e0 cr\u00e9er des formes amusantes, \u00e0 travailler leurs comp\u00e9tences motrices et \u00e0 jouer \u00e0 des jeux interactifs. Ils peuvent \u00e9galement se divertir tout en apprenant des maths complexes. Les sticks offrent \u00e0 vos enfants une excellente opportunit\u00e9 de d\u00e9velopper leurs comp\u00e9tences math\u00e9matiques.\\n\\nSi vous \u00eates \u00e0 la recherche d'un moyen amusant et int\u00e9ressant d'enseigner les math\u00e9matiques \u00e0 vos enfants, les sticks d'apprentissage math\u00e9matiques sont le produit parfait. Ces sticks en bois de haute qualit\u00e9 sont faciles \u00e0 utiliser et peuvent aider les enfants \u00e0 apprendre et \u00e0 am\u00e9liorer leurs comp\u00e9tences math\u00e9matiques. Les enfants peuvent jouer et apprendre \u00e0 la fois. Les sticks sont une excellente solution pour les parents qui veulent aider leurs enfants \u00e0 apprendre les math\u00e9matiques.&quot;}\" data-sheets-userformat=\"{&quot;2&quot;:14851,&quot;3&quot;:{&quot;1&quot;:0},&quot;4&quot;:{&quot;1&quot;:2,&quot;2&quot;:16777215},&quot;12&quot;:0,&quot;14&quot;:{&quot;1&quot;:2,&quot;2&quot;:0},&quot;15&quot;:&quot;Inconsolata, monospace, arial, sans, sans-serif&quot;,&quot;16&quot;:11}\" data-sheets-formula=\"=doit(R[0]C[-1])\">Eltern, die nach einer effektiven M\u00f6glichkeit suchen, ihrem Kind Mathematik beizubringen, sind hier genau richtig. Die Mathematik-Lernsticks sind ein hervorragendes Mittel, um Kindern eine Einf\u00fchrung in den Umgang mit Formen, Farben und Zahlen zu bieten. Diese Sticks bestehen aus hochwertigem Holz mit einer ungef\u00e4hrlichen Farbe. Sie sind in Sets mit vier Farben erh\u00e4ltlich - rot, blau, gelb und gr\u00fcn. Jedes Set wird mit M\u00fcnzen geliefert, die den Kindern beim Erlernen der Mathematik helfen.<\/span><\/p>\n<p>Sticks helfen Kindern, die grundlegenden Konzepte von Addition, Subtraktion, Multiplikation und Division zu verstehen. Sie k\u00f6nnen T\u00fcrme aus verschiedenen Farben machen, sie nach Farbe oder Form sortieren. Die Kinder k\u00f6nnen auch Spiele spielen, die ihnen helfen, die h\u00f6here Mathematik zu verstehen. Die Sticks bieten ihnen eine Vielzahl von Lernoptionen, damit sie ihr mathematisches Wissen erweitern k\u00f6nnen.<\/p>\n<p>\u2705 Holzsticks und Farbe ohne Gefahren<br \/>\n\u2705 Hilfe bei grundlegenden mathematischen Konzepten.<br \/>\n\u2705 Kombination aus Lernen und kreativem Spiel.<\/p>\n<p><span data-sheets-value=\"{&quot;1&quot;:2,&quot;2&quot;:&quot;\\n\\nLes parents \u00e0 la recherche d'un moyen efficace pour apprendre les math\u00e9matiques \u00e0 leur enfant sont au bon endroit. Les sticks d'apprentissage math\u00e9matiques sont un excellent moyen pour offrir aux enfants une introduction \u00e0 la manipulation des formes, des couleurs et des nombres. Ces sticks sont en bois de haute qualit\u00e9 avec une peinture sans danger. Ils sont disponibles en sets de 4 couleurs - rouge, bleu, jaune et vert. Chaque set est livr\u00e9 avec des pi\u00e8ces pour aider les enfants \u00e0 apprendre les math\u00e9matiques.\\n\\nLes sticks aident les enfants \u00e0 comprendre les concepts de base de l'addition, de la soustraction, de la multiplication et de la division. Ils peuvent faire des tours de diff\u00e9rentes couleurs, les assortir par couleur ou par forme. Les enfants peuvent \u00e9galement jouer \u00e0 des jeux qui les aident \u00e0 comprendre les maths plus avanc\u00e9es. Les sticks leur offrent une vari\u00e9t\u00e9 d'options d'apprentissage afin qu'ils puissent d\u00e9velopper leurs connaissances des math\u00e9matiques.\\n\\nLes sticks sont non seulement destin\u00e9s \u00e0 aider les enfants \u00e0 apprendre les math\u00e9matiques, mais aussi \u00e0 leur donner des occasions de jeu cr\u00e9atives. Les enfants peuvent s'amuser \u00e0 cr\u00e9er des formes amusantes, \u00e0 travailler leurs comp\u00e9tences motrices et \u00e0 jouer \u00e0 des jeux interactifs. Ils peuvent \u00e9galement se divertir tout en apprenant des maths complexes. Les sticks offrent \u00e0 vos enfants une excellente opportunit\u00e9 de d\u00e9velopper leurs comp\u00e9tences math\u00e9matiques.\\n\\nSi vous \u00eates \u00e0 la recherche d'un moyen amusant et int\u00e9ressant d'enseigner les math\u00e9matiques \u00e0 vos enfants, les sticks d'apprentissage math\u00e9matiques sont le produit parfait. Ces sticks en bois de haute qualit\u00e9 sont faciles \u00e0 utiliser et peuvent aider les enfants \u00e0 apprendre et \u00e0 am\u00e9liorer leurs comp\u00e9tences math\u00e9matiques. Les enfants peuvent jouer et apprendre \u00e0 la fois. Les sticks sont une excellente solution pour les parents qui veulent aider leurs enfants \u00e0 apprendre les math\u00e9matiques.&quot;}\" data-sheets-userformat=\"{&quot;2&quot;:14851,&quot;3&quot;:{&quot;1&quot;:0},&quot;4&quot;:{&quot;1&quot;:2,&quot;2&quot;:16777215},&quot;12&quot;:0,&quot;14&quot;:{&quot;1&quot;:2,&quot;2&quot;:0},&quot;15&quot;:&quot;Inconsolata, monospace, arial, sans, sans-serif&quot;,&quot;16&quot;:11}\" data-sheets-formula=\"=doit(R[0]C[-1])\">Sticks sollen Kindern nicht nur beim Erlernen der Mathematik helfen, sondern ihnen auch kreative Spielm\u00f6glichkeiten bieten. Die Kinder k\u00f6nnen Spa\u00df daran haben, lustige Formen zu kreieren, ihre motorischen F\u00e4higkeiten zu trainieren und interaktive Spiele zu spielen. Sie k\u00f6nnen sich auch unterhalten lassen, w\u00e4hrend sie gleichzeitig komplexe Mathematik lernen. Die Sticks bieten Ihren Kindern eine hervorragende M\u00f6glichkeit, ihre mathematischen F\u00e4higkeiten zu entwickeln.<\/span><\/p>\n<p>Wenn Sie nach einer unterhaltsamen und interessanten M\u00f6glichkeit suchen, Ihren Kindern Mathematik beizubringen, sind die Mathe-Lernsticks das perfekte Produkt. Diese hochwertigen Holzsticks sind einfach zu verwenden und k\u00f6nnen Kindern beim Lernen und Verbessern ihrer mathematischen F\u00e4higkeiten helfen. Die Kinder k\u00f6nnen damit spielen und gleichzeitig lernen.<\/p>","protected":false},"excerpt":{"rendered":"<p>Les parents \u00e0 la recherche d&#8217;un moyen efficace pour apprendre les math\u00e9matiques \u00e0 leur enfant sont au bon endroit. Les<\/p>","protected":false},"featured_media":8687,"template":"","meta":[],"product_brand":[],"product_cat":[385,386,381,344,345],"product_tag":[],"class_list":{"0":"post-8694","1":"product","2":"type-product","3":"status-publish","4":"has-post-thumbnail","6":"product_cat-apprendre-chiffres","7":"product_cat-appendre-calculer","8":"product_cat-apprendre-compter","9":"product_cat-jeux-montessori-2ans-3-ans","10":"product_cat-jeux-montessori-3ans-4-ans","12":"first","13":"instock","14":"shipping-taxable","15":"purchasable","16":"product-type-simple"},"_links":{"self":[{"href":"https:\/\/das-montessori-spielzeug.de\/de\/wp-json\/wp\/v2\/product\/8694","targetHints":{"allow":["GET"]}}],"collection":[{"href":"https:\/\/das-montessori-spielzeug.de\/de\/wp-json\/wp\/v2\/product"}],"about":[{"href":"https:\/\/das-montessori-spielzeug.de\/de\/wp-json\/wp\/v2\/types\/product"}],"version-history":[{"count":0,"href":"https:\/\/das-montessori-spielzeug.de\/de\/wp-json\/wp\/v2\/product\/8694\/revisions"}],"wp:featuredmedia":[{"embeddable":true,"href":"https:\/\/das-montessori-spielzeug.de\/de\/wp-json\/wp\/v2\/media\/8687"}],"wp:attachment":[{"href":"https:\/\/das-montessori-spielzeug.de\/de\/wp-json\/wp\/v2\/media?parent=8694"}],"wp:term":[{"taxonomy":"product_brand","embeddable":true,"href":"https:\/\/das-montessori-spielzeug.de\/de\/wp-json\/wp\/v2\/product_brand?post=8694"},{"taxonomy":"product_cat","embeddable":true,"href":"https:\/\/das-montessori-spielzeug.de\/de\/wp-json\/wp\/v2\/product_cat?post=8694"},{"taxonomy":"product_tag","embeddable":true,"href":"https:\/\/das-montessori-spielzeug.de\/de\/wp-json\/wp\/v2\/product_tag?post=8694"}],"curies":[{"name":"wp","href":"https:\/\/api.w.org\/{rel}","templated":true}]}}