{"id":8684,"date":"2023-01-25T23:51:26","date_gmt":"2023-01-25T23:51:26","guid":{"rendered":"https:\/\/das-montessori-spielzeug.de\/product\/montessori-early-learning-wooden-set-column"},"modified":"2023-07-21T13:35:11","modified_gmt":"2023-07-21T13:35:11","slug":"holzset-fur-montessori-lernen","status":"publish","type":"product","link":"https:\/\/das-montessori-spielzeug.de\/de\/product\/holzset-fur-montessori-lernen","title":{"rendered":"Holzset f\u00fcr Montessori-Lernen"},"content":{"rendered":"<h2><span data-sheets-value=\"{&quot;1&quot;:2,&quot;2&quot;:&quot;\\n\\nEn tant que parent, vous recherchez le meilleur pour votre enfant et vous souhaitez vous assurer qu'il b\u00e9n\u00e9ficie du meilleur enseignement et d'un meilleur d\u00e9veloppement. Avec l'ensemble en bois Montessori, vous pouvez \u00eatre s\u00fbr que votre enfant b\u00e9n\u00e9ficiera d'une exp\u00e9rience d'apprentissage optimale.\\n\\nCet ensemble en bois offre une grande vari\u00e9t\u00e9 de caract\u00e9ristiques techniques et p\u00e9dagogiques qui permettront \u00e0 votre enfant de recevoir la meilleure instruction possible. Les caract\u00e9ristiques techniques comprennent une s\u00e9lection de mat\u00e9riaux de qualit\u00e9 sup\u00e9rieure, une construction robuste et durable, des pi\u00e8ces en bois soigneusement s\u00e9lectionn\u00e9es, des finitions non toxiques et sans danger pour les enfants, et des d\u00e9tails esth\u00e9tiques qui rendront l'ensemble attrayant \u00e0 regarder.\\n\\nGr\u00e2ce \u00e0 ces caract\u00e9ristiques techniques, l'ensemble Montessori permet \u00e0 votre enfant de d\u00e9velopper une gamme de comp\u00e9tences telles que la prise de d\u00e9cisions, la r\u00e9solution de probl\u00e8mes, la motricit\u00e9 fine et la communication. Les enfants peuvent \u00e9galement apprendre \u00e0 respecter les r\u00e8gles et \u00e0 se concentrer sur leur travail.\\n\\nL'ensemble Montessori est con\u00e7u pour encourager l'autonomie et l'autodiscipline tout en offrant \u00e0 votre enfant une exp\u00e9rience d'apprentissage ludique. Les enfants passeront des heures \u00e0 apprendre et \u00e0 mettre en pratique ce qu'ils ont appris gr\u00e2ce \u00e0 cet ensemble.\\n\\nAcheter l'ensemble en bois pour l'apprentissage Montessori est un excellent moyen de donner \u00e0 votre enfant les outils dont il aura besoin pour se d\u00e9velopper de mani\u00e8re positive et saine. Gr\u00e2ce \u00e0 ses caract\u00e9ristiques techniques et p\u00e9dagogiques, il recevra une exp\u00e9rience d'apprentissage optimale et des comp\u00e9tences qui lui seront utiles tout au long de sa vie.&quot;}\" data-sheets-userformat=\"{&quot;2&quot;:14851,&quot;3&quot;:{&quot;1&quot;:0},&quot;4&quot;:{&quot;1&quot;:2,&quot;2&quot;:16777215},&quot;12&quot;:0,&quot;14&quot;:{&quot;1&quot;:2,&quot;2&quot;:0},&quot;15&quot;:&quot;Inconsolata, monospace, arial, sans, sans-serif&quot;,&quot;16&quot;:11}\" data-sheets-formula=\"=doit(R[0]C[-1])\">Geben Sie Ihrem Kind die bestm\u00f6gliche Lernerfahrung mit dem Montessori-Holzset<\/span><\/h2>\n<p><span data-sheets-value=\"{&quot;1&quot;:2,&quot;2&quot;:&quot;\\n\\nEn tant que parent, vous recherchez le meilleur pour votre enfant et vous souhaitez vous assurer qu'il b\u00e9n\u00e9ficie du meilleur enseignement et d'un meilleur d\u00e9veloppement. Avec l'ensemble en bois Montessori, vous pouvez \u00eatre s\u00fbr que votre enfant b\u00e9n\u00e9ficiera d'une exp\u00e9rience d'apprentissage optimale.\\n\\nCet ensemble en bois offre une grande vari\u00e9t\u00e9 de caract\u00e9ristiques techniques et p\u00e9dagogiques qui permettront \u00e0 votre enfant de recevoir la meilleure instruction possible. Les caract\u00e9ristiques techniques comprennent une s\u00e9lection de mat\u00e9riaux de qualit\u00e9 sup\u00e9rieure, une construction robuste et durable, des pi\u00e8ces en bois soigneusement s\u00e9lectionn\u00e9es, des finitions non toxiques et sans danger pour les enfants, et des d\u00e9tails esth\u00e9tiques qui rendront l'ensemble attrayant \u00e0 regarder.\\n\\nGr\u00e2ce \u00e0 ces caract\u00e9ristiques techniques, l'ensemble Montessori permet \u00e0 votre enfant de d\u00e9velopper une gamme de comp\u00e9tences telles que la prise de d\u00e9cisions, la r\u00e9solution de probl\u00e8mes, la motricit\u00e9 fine et la communication. Les enfants peuvent \u00e9galement apprendre \u00e0 respecter les r\u00e8gles et \u00e0 se concentrer sur leur travail.\\n\\nL'ensemble Montessori est con\u00e7u pour encourager l'autonomie et l'autodiscipline tout en offrant \u00e0 votre enfant une exp\u00e9rience d'apprentissage ludique. Les enfants passeront des heures \u00e0 apprendre et \u00e0 mettre en pratique ce qu'ils ont appris gr\u00e2ce \u00e0 cet ensemble.\\n\\nAcheter l'ensemble en bois pour l'apprentissage Montessori est un excellent moyen de donner \u00e0 votre enfant les outils dont il aura besoin pour se d\u00e9velopper de mani\u00e8re positive et saine. Gr\u00e2ce \u00e0 ses caract\u00e9ristiques techniques et p\u00e9dagogiques, il recevra une exp\u00e9rience d'apprentissage optimale et des comp\u00e9tences qui lui seront utiles tout au long de sa vie.&quot;}\" data-sheets-userformat=\"{&quot;2&quot;:14851,&quot;3&quot;:{&quot;1&quot;:0},&quot;4&quot;:{&quot;1&quot;:2,&quot;2&quot;:16777215},&quot;12&quot;:0,&quot;14&quot;:{&quot;1&quot;:2,&quot;2&quot;:0},&quot;15&quot;:&quot;Inconsolata, monospace, arial, sans, sans-serif&quot;,&quot;16&quot;:11}\" data-sheets-formula=\"=doit(R[0]C[-1])\">Als Eltern suchen Sie das Beste f\u00fcr Ihr Kind und m\u00f6chten sicherstellen, dass es den bestm\u00f6glichen Unterricht und die bestm\u00f6gliche Entwicklung erh\u00e4lt. Mit dem Montessori-Holzset k\u00f6nnen Sie sicher sein, dass Ihr Kind eine optimale Lernerfahrung macht.<\/span><\/p>\n<p>Dieses Holzset bietet eine Vielzahl von technischen und p\u00e4dagogischen Merkmalen, die Ihrem Kind den bestm\u00f6glichen Unterricht erm\u00f6glichen. Zu den technischen Merkmalen geh\u00f6ren eine Auswahl hochwertiger Materialien, eine robuste und langlebige Konstruktion, sorgf\u00e4ltig ausgew\u00e4hlte Holzteile, ungiftige und kindersichere Oberfl\u00e4chenbehandlungen sowie \u00e4sthetische Details, die das Set attraktiv zum Anschauen machen.<\/p>\n<p><span data-sheets-value=\"{&quot;1&quot;:2,&quot;2&quot;:&quot;\\n\\nEn tant que parent, vous recherchez le meilleur pour votre enfant et vous souhaitez vous assurer qu'il b\u00e9n\u00e9ficie du meilleur enseignement et d'un meilleur d\u00e9veloppement. Avec l'ensemble en bois Montessori, vous pouvez \u00eatre s\u00fbr que votre enfant b\u00e9n\u00e9ficiera d'une exp\u00e9rience d'apprentissage optimale.\\n\\nCet ensemble en bois offre une grande vari\u00e9t\u00e9 de caract\u00e9ristiques techniques et p\u00e9dagogiques qui permettront \u00e0 votre enfant de recevoir la meilleure instruction possible. Les caract\u00e9ristiques techniques comprennent une s\u00e9lection de mat\u00e9riaux de qualit\u00e9 sup\u00e9rieure, une construction robuste et durable, des pi\u00e8ces en bois soigneusement s\u00e9lectionn\u00e9es, des finitions non toxiques et sans danger pour les enfants, et des d\u00e9tails esth\u00e9tiques qui rendront l'ensemble attrayant \u00e0 regarder.\\n\\nGr\u00e2ce \u00e0 ces caract\u00e9ristiques techniques, l'ensemble Montessori permet \u00e0 votre enfant de d\u00e9velopper une gamme de comp\u00e9tences telles que la prise de d\u00e9cisions, la r\u00e9solution de probl\u00e8mes, la motricit\u00e9 fine et la communication. Les enfants peuvent \u00e9galement apprendre \u00e0 respecter les r\u00e8gles et \u00e0 se concentrer sur leur travail.\\n\\nL'ensemble Montessori est con\u00e7u pour encourager l'autonomie et l'autodiscipline tout en offrant \u00e0 votre enfant une exp\u00e9rience d'apprentissage ludique. Les enfants passeront des heures \u00e0 apprendre et \u00e0 mettre en pratique ce qu'ils ont appris gr\u00e2ce \u00e0 cet ensemble.\\n\\nAcheter l'ensemble en bois pour l'apprentissage Montessori est un excellent moyen de donner \u00e0 votre enfant les outils dont il aura besoin pour se d\u00e9velopper de mani\u00e8re positive et saine. Gr\u00e2ce \u00e0 ses caract\u00e9ristiques techniques et p\u00e9dagogiques, il recevra une exp\u00e9rience d'apprentissage optimale et des comp\u00e9tences qui lui seront utiles tout au long de sa vie.&quot;}\" data-sheets-userformat=\"{&quot;2&quot;:14851,&quot;3&quot;:{&quot;1&quot;:0},&quot;4&quot;:{&quot;1&quot;:2,&quot;2&quot;:16777215},&quot;12&quot;:0,&quot;14&quot;:{&quot;1&quot;:2,&quot;2&quot;:0},&quot;15&quot;:&quot;Inconsolata, monospace, arial, sans, sans-serif&quot;,&quot;16&quot;:11}\" data-sheets-formula=\"=doit(R[0]C[-1])\">\u2705 Hochwertiges Montessori-Set.<br \/>\n\u2705 Entwicklung vielf\u00e4ltiger F\u00e4higkeiten.<br \/>\n\u2705 Spa\u00dfiges und nachhaltiges Lernen.<\/span><\/p>\n<p><span data-sheets-value=\"{&quot;1&quot;:2,&quot;2&quot;:&quot;\\n\\nEn tant que parent, vous recherchez le meilleur pour votre enfant et vous souhaitez vous assurer qu'il b\u00e9n\u00e9ficie du meilleur enseignement et d'un meilleur d\u00e9veloppement. Avec l'ensemble en bois Montessori, vous pouvez \u00eatre s\u00fbr que votre enfant b\u00e9n\u00e9ficiera d'une exp\u00e9rience d'apprentissage optimale.\\n\\nCet ensemble en bois offre une grande vari\u00e9t\u00e9 de caract\u00e9ristiques techniques et p\u00e9dagogiques qui permettront \u00e0 votre enfant de recevoir la meilleure instruction possible. Les caract\u00e9ristiques techniques comprennent une s\u00e9lection de mat\u00e9riaux de qualit\u00e9 sup\u00e9rieure, une construction robuste et durable, des pi\u00e8ces en bois soigneusement s\u00e9lectionn\u00e9es, des finitions non toxiques et sans danger pour les enfants, et des d\u00e9tails esth\u00e9tiques qui rendront l'ensemble attrayant \u00e0 regarder.\\n\\nGr\u00e2ce \u00e0 ces caract\u00e9ristiques techniques, l'ensemble Montessori permet \u00e0 votre enfant de d\u00e9velopper une gamme de comp\u00e9tences telles que la prise de d\u00e9cisions, la r\u00e9solution de probl\u00e8mes, la motricit\u00e9 fine et la communication. Les enfants peuvent \u00e9galement apprendre \u00e0 respecter les r\u00e8gles et \u00e0 se concentrer sur leur travail.\\n\\nL'ensemble Montessori est con\u00e7u pour encourager l'autonomie et l'autodiscipline tout en offrant \u00e0 votre enfant une exp\u00e9rience d'apprentissage ludique. Les enfants passeront des heures \u00e0 apprendre et \u00e0 mettre en pratique ce qu'ils ont appris gr\u00e2ce \u00e0 cet ensemble.\\n\\nAcheter l'ensemble en bois pour l'apprentissage Montessori est un excellent moyen de donner \u00e0 votre enfant les outils dont il aura besoin pour se d\u00e9velopper de mani\u00e8re positive et saine. Gr\u00e2ce \u00e0 ses caract\u00e9ristiques techniques et p\u00e9dagogiques, il recevra une exp\u00e9rience d'apprentissage optimale et des comp\u00e9tences qui lui seront utiles tout au long de sa vie.&quot;}\" data-sheets-userformat=\"{&quot;2&quot;:14851,&quot;3&quot;:{&quot;1&quot;:0},&quot;4&quot;:{&quot;1&quot;:2,&quot;2&quot;:16777215},&quot;12&quot;:0,&quot;14&quot;:{&quot;1&quot;:2,&quot;2&quot;:0},&quot;15&quot;:&quot;Inconsolata, monospace, arial, sans, sans-serif&quot;,&quot;16&quot;:11}\" data-sheets-formula=\"=doit(R[0]C[-1])\">Dank dieser technischen Eigenschaften erm\u00f6glicht das Montessori-Set Ihrem Kind, eine Reihe von F\u00e4higkeiten zu entwickeln, wie z. B. Entscheidungsfindung, Probleml\u00f6sung, Feinmotorik und Kommunikation. Die Kinder k\u00f6nnen auch lernen, sich an Regeln zu halten und sich auf ihre Arbeit zu konzentrieren.<\/span><\/p>\n<p>Das Montessori-Set wurde entwickelt, um Selbstst\u00e4ndigkeit und Selbstdisziplin zu f\u00f6rdern und Ihrem Kind gleichzeitig eine spielerische Lernerfahrung zu bieten. Kinder werden mit diesem Set stundenlang lernen und das Gelernte in die Praxis umsetzen.<\/p>\n<p>Das Montessori-Lernset aus Holz zu kaufen, ist eine hervorragende M\u00f6glichkeit, Ihrem Kind die Werkzeuge an die Hand zu geben, die es f\u00fcr eine positive Entwicklung braucht.<\/p>","protected":false},"excerpt":{"rendered":"<p>Donnez \u00e0 votre enfant la meilleure exp\u00e9rience d&#8217;apprentissage possible avec l&#8217;ensemble en bois Montessori En tant que parent, vous recherchez<\/p>","protected":false},"featured_media":8679,"template":"","meta":[],"product_brand":[],"product_cat":[381,344,345],"product_tag":[],"class_list":{"0":"post-8684","1":"product","2":"type-product","3":"status-publish","4":"has-post-thumbnail","6":"product_cat-apprendre-compter","7":"product_cat-jeux-montessori-2ans-3-ans","8":"product_cat-jeux-montessori-3ans-4-ans","10":"first","11":"instock","12":"shipping-taxable","13":"purchasable","14":"product-type-simple"},"_links":{"self":[{"href":"https:\/\/das-montessori-spielzeug.de\/de\/wp-json\/wp\/v2\/product\/8684","targetHints":{"allow":["GET"]}}],"collection":[{"href":"https:\/\/das-montessori-spielzeug.de\/de\/wp-json\/wp\/v2\/product"}],"about":[{"href":"https:\/\/das-montessori-spielzeug.de\/de\/wp-json\/wp\/v2\/types\/product"}],"version-history":[{"count":0,"href":"https:\/\/das-montessori-spielzeug.de\/de\/wp-json\/wp\/v2\/product\/8684\/revisions"}],"wp:featuredmedia":[{"embeddable":true,"href":"https:\/\/das-montessori-spielzeug.de\/de\/wp-json\/wp\/v2\/media\/8679"}],"wp:attachment":[{"href":"https:\/\/das-montessori-spielzeug.de\/de\/wp-json\/wp\/v2\/media?parent=8684"}],"wp:term":[{"taxonomy":"product_brand","embeddable":true,"href":"https:\/\/das-montessori-spielzeug.de\/de\/wp-json\/wp\/v2\/product_brand?post=8684"},{"taxonomy":"product_cat","embeddable":true,"href":"https:\/\/das-montessori-spielzeug.de\/de\/wp-json\/wp\/v2\/product_cat?post=8684"},{"taxonomy":"product_tag","embeddable":true,"href":"https:\/\/das-montessori-spielzeug.de\/de\/wp-json\/wp\/v2\/product_tag?post=8684"}],"curies":[{"name":"wp","href":"https:\/\/api.w.org\/{rel}","templated":true}]}}