{"id":8676,"date":"2023-01-25T23:50:56","date_gmt":"2023-01-25T23:50:56","guid":{"rendered":"https:\/\/das-montessori-spielzeug.de\/product\/toddler-box-arm-strength-knocking-ball-table-hand-eye-coordination-baby-toys"},"modified":"2023-07-21T13:35:10","modified_gmt":"2023-07-21T13:35:10","slug":"koordinationsbotie-hand-auge-montessori","status":"publish","type":"product","link":"https:\/\/das-montessori-spielzeug.de\/de\/product\/koordinationsbotie-hand-auge-montessori","title":{"rendered":"Montessori Hand-Auge-Koordinationsbox"},"content":{"rendered":"<h2><span data-sheets-value=\"{&quot;1&quot;:2,&quot;2&quot;:&quot;\\n\\nC'est quoi une Boite de coordination Main-oeil ? C'est une boite en bois qui permet aux enfants d'am\u00e9liorer leur coordination et leurs r\u00e9flexes. Elle peut leur apprendre \u00e0 bien jouer avec des jouets et \u00e0 coordonner leurs mouvements.\\n\\nLa Boite de coordination Main-oeil est dot\u00e9e de 3 trous par lesquels on ins\u00e8re une petite balle et elle ressort par le c\u00f4t\u00e9. Elle est pourvue d'une rampe qui fait descendre la balle vers le fond et \u00e0 la fin du parcours, elle remonte le long de la rampe. Les enfants peuvent alors la rattraper et recommencer l'op\u00e9ration encore et encore.\\n\\nCette boite est dot\u00e9e de caract\u00e9ristiques techniques tr\u00e8s int\u00e9ressantes. Elle est con\u00e7ue pour am\u00e9liorer le d\u00e9veloppement motricit\u00e9 fine et les fonctions cognitives des enfants en leur faisant travailler leurs r\u00e9flexes. Ainsi, vos enfants pourront s'amuser tout en d\u00e9veloppant leurs capacit\u00e9s motrices, leur coordination et leur r\u00e9flexion.\\n\\nAvec la Boite de coordination Main-oeil, vos enfants pourront se lancer des d\u00e9fis, apprendre \u00e0 g\u00e9rer leurs erreurs et s'entra\u00eener \u00e0 r\u00e9agir plus rapidement. La boite se distingue par sa robustesse et sa stabilit\u00e9 et sa structure en bois ne comporte aucun danger pour les enfants.\\n\\nLa Boite de coordination Main-oeil est un outil ludique et l\u00e9ger qui permet aux enfants de s\u2019amuser tout en d\u00e9veloppant leurs capacit\u00e9s cognitives et motrices. Offrez \u00e0 vos enfants un produit d'une qualit\u00e9 exceptionnelle et garantissez-leur une exp\u00e9rience unique et int\u00e9ressante. Donnez leur la possibilit\u00e9 d'am\u00e9liorer leurs comp\u00e9tences motrices et leur coordination gr\u00e2ce \u00e0 cette boite et offrez-leur une exp\u00e9rience divertissante et instructive !&quot;}\" data-sheets-userformat=\"{&quot;2&quot;:14851,&quot;3&quot;:{&quot;1&quot;:0},&quot;4&quot;:{&quot;1&quot;:2,&quot;2&quot;:16777215},&quot;12&quot;:0,&quot;14&quot;:{&quot;1&quot;:2,&quot;2&quot;:0},&quot;15&quot;:&quot;Inconsolata, monospace, arial, sans, sans-serif&quot;,&quot;16&quot;:11}\" data-sheets-formula=\"=doit(R[0]C[-1])\">Verbessern Sie die kognitiven Funktionen und das Reflexionsverm\u00f6gen Ihres Kindes mit der Hand-Augen-Koordinationsbox.<\/span><\/h2>\n<p><span data-sheets-value=\"{&quot;1&quot;:2,&quot;2&quot;:&quot;\\n\\nC'est quoi une Boite de coordination Main-oeil ? C'est une boite en bois qui permet aux enfants d'am\u00e9liorer leur coordination et leurs r\u00e9flexes. Elle peut leur apprendre \u00e0 bien jouer avec des jouets et \u00e0 coordonner leurs mouvements.\\n\\nLa Boite de coordination Main-oeil est dot\u00e9e de 3 trous par lesquels on ins\u00e8re une petite balle et elle ressort par le c\u00f4t\u00e9. Elle est pourvue d'une rampe qui fait descendre la balle vers le fond et \u00e0 la fin du parcours, elle remonte le long de la rampe. Les enfants peuvent alors la rattraper et recommencer l'op\u00e9ration encore et encore.\\n\\nCette boite est dot\u00e9e de caract\u00e9ristiques techniques tr\u00e8s int\u00e9ressantes. Elle est con\u00e7ue pour am\u00e9liorer le d\u00e9veloppement motricit\u00e9 fine et les fonctions cognitives des enfants en leur faisant travailler leurs r\u00e9flexes. Ainsi, vos enfants pourront s'amuser tout en d\u00e9veloppant leurs capacit\u00e9s motrices, leur coordination et leur r\u00e9flexion.\\n\\nAvec la Boite de coordination Main-oeil, vos enfants pourront se lancer des d\u00e9fis, apprendre \u00e0 g\u00e9rer leurs erreurs et s'entra\u00eener \u00e0 r\u00e9agir plus rapidement. La boite se distingue par sa robustesse et sa stabilit\u00e9 et sa structure en bois ne comporte aucun danger pour les enfants.\\n\\nLa Boite de coordination Main-oeil est un outil ludique et l\u00e9ger qui permet aux enfants de s\u2019amuser tout en d\u00e9veloppant leurs capacit\u00e9s cognitives et motrices. Offrez \u00e0 vos enfants un produit d'une qualit\u00e9 exceptionnelle et garantissez-leur une exp\u00e9rience unique et int\u00e9ressante. Donnez leur la possibilit\u00e9 d'am\u00e9liorer leurs comp\u00e9tences motrices et leur coordination gr\u00e2ce \u00e0 cette boite et offrez-leur une exp\u00e9rience divertissante et instructive !&quot;}\" data-sheets-userformat=\"{&quot;2&quot;:14851,&quot;3&quot;:{&quot;1&quot;:0},&quot;4&quot;:{&quot;1&quot;:2,&quot;2&quot;:16777215},&quot;12&quot;:0,&quot;14&quot;:{&quot;1&quot;:2,&quot;2&quot;:0},&quot;15&quot;:&quot;Inconsolata, monospace, arial, sans, sans-serif&quot;,&quot;16&quot;:11}\" data-sheets-formula=\"=doit(R[0]C[-1])\">Was ist eine Hand-Augen-Koordinationsbox? Das ist eine Holzkiste, mit der Kinder ihre Koordination und Reflexe verbessern k\u00f6nnen. Sie kann ihnen beibringen, ihre Gesten zu beherrschen und ihre Bewegungen zu koordinieren.<\/span><\/p>\n<p>Die Hand-Augen-Koordinationsbox hat drei L\u00f6cher, in die ein kleiner Ball eingef\u00fchrt wird, der sich in der Box aufl\u00f6st und an der Seite wieder herausspringt. Sie ist mit einer Rampe versehen, die den Ball nach unten fallen l\u00e4sst. Die Kinder k\u00f6nnen ihn dann auffangen und den Vorgang immer und immer wieder wiederholen....und immer wieder.<\/p>\n<p><span data-sheets-value=\"{&quot;1&quot;:2,&quot;2&quot;:&quot;\\n\\nC'est quoi une Boite de coordination Main-oeil ? C'est une boite en bois qui permet aux enfants d'am\u00e9liorer leur coordination et leurs r\u00e9flexes. Elle peut leur apprendre \u00e0 bien jouer avec des jouets et \u00e0 coordonner leurs mouvements.\\n\\nLa Boite de coordination Main-oeil est dot\u00e9e de 3 trous par lesquels on ins\u00e8re une petite balle et elle ressort par le c\u00f4t\u00e9. Elle est pourvue d'une rampe qui fait descendre la balle vers le fond et \u00e0 la fin du parcours, elle remonte le long de la rampe. Les enfants peuvent alors la rattraper et recommencer l'op\u00e9ration encore et encore.\\n\\nCette boite est dot\u00e9e de caract\u00e9ristiques techniques tr\u00e8s int\u00e9ressantes. Elle est con\u00e7ue pour am\u00e9liorer le d\u00e9veloppement motricit\u00e9 fine et les fonctions cognitives des enfants en leur faisant travailler leurs r\u00e9flexes. Ainsi, vos enfants pourront s'amuser tout en d\u00e9veloppant leurs capacit\u00e9s motrices, leur coordination et leur r\u00e9flexion.\\n\\nAvec la Boite de coordination Main-oeil, vos enfants pourront se lancer des d\u00e9fis, apprendre \u00e0 g\u00e9rer leurs erreurs et s'entra\u00eener \u00e0 r\u00e9agir plus rapidement. La boite se distingue par sa robustesse et sa stabilit\u00e9 et sa structure en bois ne comporte aucun danger pour les enfants.\\n\\nLa Boite de coordination Main-oeil est un outil ludique et l\u00e9ger qui permet aux enfants de s\u2019amuser tout en d\u00e9veloppant leurs capacit\u00e9s cognitives et motrices. Offrez \u00e0 vos enfants un produit d'une qualit\u00e9 exceptionnelle et garantissez-leur une exp\u00e9rience unique et int\u00e9ressante. Donnez leur la possibilit\u00e9 d'am\u00e9liorer leurs comp\u00e9tences motrices et leur coordination gr\u00e2ce \u00e0 cette boite et offrez-leur une exp\u00e9rience divertissante et instructive !&quot;}\" data-sheets-userformat=\"{&quot;2&quot;:14851,&quot;3&quot;:{&quot;1&quot;:0},&quot;4&quot;:{&quot;1&quot;:2,&quot;2&quot;:16777215},&quot;12&quot;:0,&quot;14&quot;:{&quot;1&quot;:2,&quot;2&quot;:0},&quot;15&quot;:&quot;Inconsolata, monospace, arial, sans, sans-serif&quot;,&quot;16&quot;:11}\" data-sheets-formula=\"=doit(R[0]C[-1])\">Diese Box verf\u00fcgt \u00fcber sehr interessante technische Eigenschaften. Sie wurde entwickelt, um die feinmotorische Entwicklung und die kognitiven Funktionen von Kindern zu verbessern, indem sie ihre Reflexe trainiert. So k\u00f6nnen Ihre Kinder Spa\u00df haben und gleichzeitig ihre motorischen F\u00e4higkeiten, ihre Koordination und ihre Reflexe entwickeln.<\/span><\/p>\n<p>Mit der Hand-Augen-Koordinationsbox k\u00f6nnen Ihre Kinder sich selbst herausfordern, lernen, mit Fehlern umzugehen und \u00fcben, schneller zu reagieren. Die Box zeichnet sich durch ihre Robustheit und Stabilit\u00e4t aus, und ihre Holzstruktur stellt keine Gefahr f\u00fcr Kinder dar.<\/p>\n<p>Die Hand-Augen-Koordinationsbox ist ein spielerisches, leichtes Spiel, das Kindern Spa\u00df macht und gleichzeitig ihre kognitiven und motorischen F\u00e4higkeiten f\u00f6rdert. Schenken Sie Ihren Kindern ein Produkt von au\u00dfergew\u00f6hnlicher Qualit\u00e4t und garantieren Sie ihnen eine interessante Erfahrung.<\/p>","protected":false},"excerpt":{"rendered":"<ul>\n<li><span data-sheets-value=\"{&quot;1&quot;:2,&quot;2&quot;:&quot;\\n\\nC'est quoi une Boite de coordination Main-oeil ? C'est une boite en bois qui permet aux enfants d'am\u00e9liorer leur coordination et leurs r\u00e9flexes. Elle peut leur apprendre \u00e0 bien jouer avec des jouets et \u00e0 coordonner leurs mouvements.\\n\\nLa Boite de coordination Main-oeil est dot\u00e9e de 3 trous par lesquels on ins\u00e8re une petite balle et elle ressort par le c\u00f4t\u00e9. Elle est pourvue d'une rampe qui fait descendre la balle vers le fond et \u00e0 la fin du parcours, elle remonte le long de la rampe. Les enfants peuvent alors la rattraper et recommencer l'op\u00e9ration encore et encore.\\n\\nCette boite est dot\u00e9e de caract\u00e9ristiques techniques tr\u00e8s int\u00e9ressantes. Elle est con\u00e7ue pour am\u00e9liorer le d\u00e9veloppement motricit\u00e9 fine et les fonctions cognitives des enfants en leur faisant travailler leurs r\u00e9flexes. Ainsi, vos enfants pourront s'amuser tout en d\u00e9veloppant leurs capacit\u00e9s motrices, leur coordination et leur r\u00e9flexion.\\n\\nAvec la Boite de coordination Main-oeil, vos enfants pourront se lancer des d\u00e9fis, apprendre \u00e0 g\u00e9rer leurs erreurs et s'entra\u00eener \u00e0 r\u00e9agir plus rapidement. La boite se distingue par sa robustesse et sa stabilit\u00e9 et sa structure en bois ne comporte aucun danger pour les enfants.\\n\\nLa Boite de coordination Main-oeil est un outil ludique et l\u00e9ger qui permet aux enfants de s\u2019amuser tout en d\u00e9veloppant leurs capacit\u00e9s cognitives et motrices. Offrez \u00e0 vos enfants un produit d'une qualit\u00e9 exceptionnelle et garantissez-leur une exp\u00e9rience unique et int\u00e9ressante. Donnez leur la possibilit\u00e9 d'am\u00e9liorer leurs comp\u00e9tences motrices et leur coordination gr\u00e2ce \u00e0 cette boite et offrez-leur une exp\u00e9rience divertissante et instructive !&quot;}\" data-sheets-userformat=\"{&quot;2&quot;:14851,&quot;3&quot;:{&quot;1&quot;:0},&quot;4&quot;:{&quot;1&quot;:2,&quot;2&quot;:16777215},&quot;12&quot;:0,&quot;14&quot;:{&quot;1&quot;:2,&quot;2&quot;:0},&quot;15&quot;:&quot;Inconsolata, monospace, arial, sans, sans-serif&quot;,&quot;16&quot;:11}\" data-sheets-formula=\"=doit(R[0]C[-1])\">Verbessert Koordination und Reflexe<\/span><\/li>\n<li><span data-sheets-value=\"{&quot;1&quot;:2,&quot;2&quot;:&quot;\\n\\nC'est quoi une Boite de coordination Main-oeil ? C'est une boite en bois qui permet aux enfants d'am\u00e9liorer leur coordination et leurs r\u00e9flexes. Elle peut leur apprendre \u00e0 bien jouer avec des jouets et \u00e0 coordonner leurs mouvements.\\n\\nLa Boite de coordination Main-oeil est dot\u00e9e de 3 trous par lesquels on ins\u00e8re une petite balle et elle ressort par le c\u00f4t\u00e9. Elle est pourvue d'une rampe qui fait descendre la balle vers le fond et \u00e0 la fin du parcours, elle remonte le long de la rampe. Les enfants peuvent alors la rattraper et recommencer l'op\u00e9ration encore et encore.\\n\\nCette boite est dot\u00e9e de caract\u00e9ristiques techniques tr\u00e8s int\u00e9ressantes. Elle est con\u00e7ue pour am\u00e9liorer le d\u00e9veloppement motricit\u00e9 fine et les fonctions cognitives des enfants en leur faisant travailler leurs r\u00e9flexes. Ainsi, vos enfants pourront s'amuser tout en d\u00e9veloppant leurs capacit\u00e9s motrices, leur coordination et leur r\u00e9flexion.\\n\\nAvec la Boite de coordination Main-oeil, vos enfants pourront se lancer des d\u00e9fis, apprendre \u00e0 g\u00e9rer leurs erreurs et s'entra\u00eener \u00e0 r\u00e9agir plus rapidement. La boite se distingue par sa robustesse et sa stabilit\u00e9 et sa structure en bois ne comporte aucun danger pour les enfants.\\n\\nLa Boite de coordination Main-oeil est un outil ludique et l\u00e9ger qui permet aux enfants de s\u2019amuser tout en d\u00e9veloppant leurs capacit\u00e9s cognitives et motrices. Offrez \u00e0 vos enfants un produit d'une qualit\u00e9 exceptionnelle et garantissez-leur une exp\u00e9rience unique et int\u00e9ressante. Donnez leur la possibilit\u00e9 d'am\u00e9liorer leurs comp\u00e9tences motrices et leur coordination gr\u00e2ce \u00e0 cette boite et offrez-leur une exp\u00e9rience divertissante et instructive !&quot;}\" data-sheets-userformat=\"{&quot;2&quot;:14851,&quot;3&quot;:{&quot;1&quot;:0},&quot;4&quot;:{&quot;1&quot;:2,&quot;2&quot;:16777215},&quot;12&quot;:0,&quot;14&quot;:{&quot;1&quot;:2,&quot;2&quot;:0},&quot;15&quot;:&quot;Inconsolata, monospace, arial, sans, sans-serif&quot;,&quot;16&quot;:11}\" data-sheets-formula=\"=doit(R[0]C[-1])\">Stimuliert die Motorik und kognitive Funktionen<\/span><\/li>\n<li><span data-sheets-value=\"{&quot;1&quot;:2,&quot;2&quot;:&quot;\\n\\nC'est quoi une Boite de coordination Main-oeil ? C'est une boite en bois qui permet aux enfants d'am\u00e9liorer leur coordination et leurs r\u00e9flexes. Elle peut leur apprendre \u00e0 bien jouer avec des jouets et \u00e0 coordonner leurs mouvements.\\n\\nLa Boite de coordination Main-oeil est dot\u00e9e de 3 trous par lesquels on ins\u00e8re une petite balle et elle ressort par le c\u00f4t\u00e9. Elle est pourvue d'une rampe qui fait descendre la balle vers le fond et \u00e0 la fin du parcours, elle remonte le long de la rampe. Les enfants peuvent alors la rattraper et recommencer l'op\u00e9ration encore et encore.\\n\\nCette boite est dot\u00e9e de caract\u00e9ristiques techniques tr\u00e8s int\u00e9ressantes. Elle est con\u00e7ue pour am\u00e9liorer le d\u00e9veloppement motricit\u00e9 fine et les fonctions cognitives des enfants en leur faisant travailler leurs r\u00e9flexes. Ainsi, vos enfants pourront s'amuser tout en d\u00e9veloppant leurs capacit\u00e9s motrices, leur coordination et leur r\u00e9flexion.\\n\\nAvec la Boite de coordination Main-oeil, vos enfants pourront se lancer des d\u00e9fis, apprendre \u00e0 g\u00e9rer leurs erreurs et s'entra\u00eener \u00e0 r\u00e9agir plus rapidement. La boite se distingue par sa robustesse et sa stabilit\u00e9 et sa structure en bois ne comporte aucun danger pour les enfants.\\n\\nLa Boite de coordination Main-oeil est un outil ludique et l\u00e9ger qui permet aux enfants de s\u2019amuser tout en d\u00e9veloppant leurs capacit\u00e9s cognitives et motrices. Offrez \u00e0 vos enfants un produit d'une qualit\u00e9 exceptionnelle et garantissez-leur une exp\u00e9rience unique et int\u00e9ressante. Donnez leur la possibilit\u00e9 d'am\u00e9liorer leurs comp\u00e9tences motrices et leur coordination gr\u00e2ce \u00e0 cette boite et offrez-leur une exp\u00e9rience divertissante et instructive !&quot;}\" data-sheets-userformat=\"{&quot;2&quot;:14851,&quot;3&quot;:{&quot;1&quot;:0},&quot;4&quot;:{&quot;1&quot;:2,&quot;2&quot;:16777215},&quot;12&quot;:0,&quot;14&quot;:{&quot;1&quot;:2,&quot;2&quot;:0},&quot;15&quot;:&quot;Inconsolata, monospace, arial, sans, sans-serif&quot;,&quot;16&quot;:11}\" data-sheets-formula=\"=doit(R[0]C[-1])\">Ungef\u00e4hrliche Holzstruktur<\/span><\/li>\n<\/ul>","protected":false},"featured_media":10629,"template":"","meta":[],"product_brand":[],"product_cat":[360,341,342],"product_tag":[],"class_list":{"0":"post-8676","1":"product","2":"type-product","3":"status-publish","4":"has-post-thumbnail","6":"product_cat-jouet-eveil","7":"product_cat-jeux-montessori-6mois-1an","8":"product_cat-jeux-montessori-1an-18mois","10":"first","11":"instock","12":"shipping-taxable","13":"purchasable","14":"product-type-simple"},"_links":{"self":[{"href":"https:\/\/das-montessori-spielzeug.de\/de\/wp-json\/wp\/v2\/product\/8676","targetHints":{"allow":["GET"]}}],"collection":[{"href":"https:\/\/das-montessori-spielzeug.de\/de\/wp-json\/wp\/v2\/product"}],"about":[{"href":"https:\/\/das-montessori-spielzeug.de\/de\/wp-json\/wp\/v2\/types\/product"}],"version-history":[{"count":0,"href":"https:\/\/das-montessori-spielzeug.de\/de\/wp-json\/wp\/v2\/product\/8676\/revisions"}],"wp:featuredmedia":[{"embeddable":true,"href":"https:\/\/das-montessori-spielzeug.de\/de\/wp-json\/wp\/v2\/media\/10629"}],"wp:attachment":[{"href":"https:\/\/das-montessori-spielzeug.de\/de\/wp-json\/wp\/v2\/media?parent=8676"}],"wp:term":[{"taxonomy":"product_brand","embeddable":true,"href":"https:\/\/das-montessori-spielzeug.de\/de\/wp-json\/wp\/v2\/product_brand?post=8676"},{"taxonomy":"product_cat","embeddable":true,"href":"https:\/\/das-montessori-spielzeug.de\/de\/wp-json\/wp\/v2\/product_cat?post=8676"},{"taxonomy":"product_tag","embeddable":true,"href":"https:\/\/das-montessori-spielzeug.de\/de\/wp-json\/wp\/v2\/product_tag?post=8676"}],"curies":[{"name":"wp","href":"https:\/\/api.w.org\/{rel}","templated":true}]}}