{"id":8668,"date":"2023-01-25T23:49:14","date_gmt":"2023-01-25T23:49:14","guid":{"rendered":"https:\/\/das-montessori-spielzeug.de\/product\/montessori-busy-board-teaching-aids-early-childhood-education-puzzle"},"modified":"2024-04-17T00:57:05","modified_gmt":"2024-04-16T23:57:05","slug":"busy-board-montessori-musical","status":"publish","type":"product","link":"https:\/\/das-montessori-spielzeug.de\/de\/product\/busy-board-montessori-musical","title":{"rendered":"Busy Board Montessori Musical"},"content":{"rendered":"<h2><span data-sheets-value=\"{&quot;1&quot;:2,&quot;2&quot;:&quot;\\n\\nTrouvez le bonheur et la stimulation avec le Busy Board Musical !&quot;}\" data-sheets-userformat=\"{&quot;2&quot;:14851,&quot;3&quot;:{&quot;1&quot;:0},&quot;4&quot;:{&quot;1&quot;:2,&quot;2&quot;:16777215},&quot;12&quot;:0,&quot;14&quot;:{&quot;1&quot;:2,&quot;2&quot;:0},&quot;15&quot;:&quot;Inconsolata, monospace, arial, sans, sans-serif&quot;,&quot;16&quot;:11}\" data-sheets-formula=\"=doit(R[0]C[-1])\">H\u00f6r- und Sinnesanregungen garantiert mit dem Montessori Musical Busy Board!<br \/>\n<\/span><\/h2>\n<p><span data-sheets-value=\"{&quot;1&quot;:2,&quot;2&quot;:&quot;\\n\\nLe Busy board musical est l'id\u00e9al pour garder vos enfants occup\u00e9s et amus\u00e9s. Avec des serrures, un xylophone et plein d'autres distractions int\u00e9gr\u00e9es, vous \u00eates assur\u00e9s que vos enfants passent un bon moment et s'amusent tout en apprenant.\\n\\nCe jouet innovant est sp\u00e9cialement con\u00e7u pour aider les jeunes enfants \u00e0 d\u00e9velopper leurs comp\u00e9tences motrices fines, leurs capacit\u00e9s cognitives et leur imagination. Des petites p\u00e9dales, des jeux tournants, des mouvements, des roues et des boutons cr\u00e9ent une sensation amusante et stimulante qui les fera s\u2019amuser pendant des heures.\\n\\nLe plateau est con\u00e7u pour durer, avec des mat\u00e9riaux s\u00fbrs et durables et des coins arrondis qui offrent une s\u00e9curit\u00e9 suppl\u00e9mentaire. Les couleurs vibrantes et la musique captivante rendront l\u2019apprentissage et l\u2019amusement encore plus amusants pour les petits.\\n\\nCette activit\u00e9 d\u2019apprentissage est un excellent moyen de stimuler la vivacit\u00e9 et de donner aux enfants des occasions de d\u00e9velopper leurs comp\u00e9tences en m\u00eame temps qu\u2019ils s\u2019amusent. Les parents peuvent \u00eatre rassur\u00e9s que leur enfant est en s\u00e9curit\u00e9 et s\u2019amuse, car le tablette est \u00e9quip\u00e9e des caract\u00e9ristiques techniques les plus modernes, notamment un rev\u00eatement antid\u00e9rapant, des produits certifi\u00e9s sans BPA et en plastique sans phtalates et des mat\u00e9riaux de qualit\u00e9 \u00e9cologique.\\n\\nLe Busy Board Musical est un excellent choix pour divertir et stimuler vos petits, offrant des heures d'amusement et d'apprentissage sans fin. Avec des sons, des couleurs et des mouvements vari\u00e9s, ils d\u00e9velopperont leur imagination et leurs habilet\u00e9s. Votre enfant va adorer et vous aussi !&quot;}\" data-sheets-userformat=\"{&quot;2&quot;:14851,&quot;3&quot;:{&quot;1&quot;:0},&quot;4&quot;:{&quot;1&quot;:2,&quot;2&quot;:16777215},&quot;12&quot;:0,&quot;14&quot;:{&quot;1&quot;:2,&quot;2&quot;:0},&quot;15&quot;:&quot;Inconsolata, monospace, arial, sans, sans-serif&quot;,&quot;16&quot;:11}\" data-sheets-formula=\"=doit(R[0]C[-1])\">Das musikalische Montessori-Busy Board ist ideal, um Ihre Kinder zu besch\u00e4ftigen und zu unterhalten. Mit eingebauten Schl\u00f6ssern, einem Xylophon und vielen anderen Ablenkungen k\u00f6nnen Sie sicher sein, dass <\/span><span data-sheets-value=\"{&quot;1&quot;:2,&quot;2&quot;:&quot;\\n\\nLe Busy board musical est l'id\u00e9al pour garder vos enfants occup\u00e9s et amus\u00e9s. Avec des serrures, un xylophone et plein d'autres distractions int\u00e9gr\u00e9es, vous \u00eates assur\u00e9s que vos enfants passent un bon moment et s'amusent tout en apprenant.\\n\\nCe jouet innovant est sp\u00e9cialement con\u00e7u pour aider les jeunes enfants \u00e0 d\u00e9velopper leurs comp\u00e9tences motrices fines, leurs capacit\u00e9s cognitives et leur imagination. Des petites p\u00e9dales, des jeux tournants, des mouvements, des roues et des boutons cr\u00e9ent une sensation amusante et stimulante qui les fera s\u2019amuser pendant des heures.\\n\\nLe plateau est con\u00e7u pour durer, avec des mat\u00e9riaux s\u00fbrs et durables et des coins arrondis qui offrent une s\u00e9curit\u00e9 suppl\u00e9mentaire. Les couleurs vibrantes et la musique captivante rendront l\u2019apprentissage et l\u2019amusement encore plus amusants pour les petits.\\n\\nCette activit\u00e9 d\u2019apprentissage est un excellent moyen de stimuler la vivacit\u00e9 et de donner aux enfants des occasions de d\u00e9velopper leurs comp\u00e9tences en m\u00eame temps qu\u2019ils s\u2019amusent. Les parents peuvent \u00eatre rassur\u00e9s que leur enfant est en s\u00e9curit\u00e9 et s\u2019amuse, car le tablette est \u00e9quip\u00e9e des caract\u00e9ristiques techniques les plus modernes, notamment un rev\u00eatement antid\u00e9rapant, des produits certifi\u00e9s sans BPA et en plastique sans phtalates et des mat\u00e9riaux de qualit\u00e9 \u00e9cologique.\\n\\nLe Busy Board Musical est un excellent choix pour divertir et stimuler vos petits, offrant des heures d'amusement et d'apprentissage sans fin. Avec des sons, des couleurs et des mouvements vari\u00e9s, ils d\u00e9velopperont leur imagination et leurs habilet\u00e9s. Votre enfant va adorer et vous aussi !&quot;}\" data-sheets-userformat=\"{&quot;2&quot;:14851,&quot;3&quot;:{&quot;1&quot;:0},&quot;4&quot;:{&quot;1&quot;:2,&quot;2&quot;:16777215},&quot;12&quot;:0,&quot;14&quot;:{&quot;1&quot;:2,&quot;2&quot;:0},&quot;15&quot;:&quot;Inconsolata, monospace, arial, sans, sans-serif&quot;,&quot;16&quot;:11}\" data-sheets-formula=\"=doit(R[0]C[-1])\">Ihre Kinder eine gute Zeit haben und Spa\u00df haben, w\u00e4hrend sie lernen.<\/span><\/p>\n<p>Dieses innovative Spielzeug wurde speziell entwickelt, um Kleinkindern zu helfen, ihre feinmotorischen F\u00e4higkeiten, ihre kognitiven F\u00e4higkeiten und ihre Vorstellungskraft zu entwickeln. Kleine Pedale, Drehspiele, Bewegungen, R\u00e4der und Kn\u00f6pfe sorgen f\u00fcr ein lustiges und anregendes Gef\u00fchl, mit dem sie sich stundenlang besch\u00e4ftigen k\u00f6nnen.<\/p>\n<p>\u2705 F\u00f6rdert die Entwicklung feinmotorischer und kognitiver F\u00e4higkeiten.<br \/>\n\u2705 Entwickelt, um mit sicheren Materialien zu bestehen.<br \/>\n\u2705 Ablenkung und Lernen f\u00fcr Kinder.<\/p>\n<p><span data-sheets-value=\"{&quot;1&quot;:2,&quot;2&quot;:&quot;\\n\\nLe Busy board musical est l'id\u00e9al pour garder vos enfants occup\u00e9s et amus\u00e9s. Avec des serrures, un xylophone et plein d'autres distractions int\u00e9gr\u00e9es, vous \u00eates assur\u00e9s que vos enfants passent un bon moment et s'amusent tout en apprenant.\\n\\nCe jouet innovant est sp\u00e9cialement con\u00e7u pour aider les jeunes enfants \u00e0 d\u00e9velopper leurs comp\u00e9tences motrices fines, leurs capacit\u00e9s cognitives et leur imagination. Des petites p\u00e9dales, des jeux tournants, des mouvements, des roues et des boutons cr\u00e9ent une sensation amusante et stimulante qui les fera s\u2019amuser pendant des heures.\\n\\nLe plateau est con\u00e7u pour durer, avec des mat\u00e9riaux s\u00fbrs et durables et des coins arrondis qui offrent une s\u00e9curit\u00e9 suppl\u00e9mentaire. Les couleurs vibrantes et la musique captivante rendront l\u2019apprentissage et l\u2019amusement encore plus amusants pour les petits.\\n\\nCette activit\u00e9 d\u2019apprentissage est un excellent moyen de stimuler la vivacit\u00e9 et de donner aux enfants des occasions de d\u00e9velopper leurs comp\u00e9tences en m\u00eame temps qu\u2019ils s\u2019amusent. Les parents peuvent \u00eatre rassur\u00e9s que leur enfant est en s\u00e9curit\u00e9 et s\u2019amuse, car le tablette est \u00e9quip\u00e9e des caract\u00e9ristiques techniques les plus modernes, notamment un rev\u00eatement antid\u00e9rapant, des produits certifi\u00e9s sans BPA et en plastique sans phtalates et des mat\u00e9riaux de qualit\u00e9 \u00e9cologique.\\n\\nLe Busy Board Musical est un excellent choix pour divertir et stimuler vos petits, offrant des heures d'amusement et d'apprentissage sans fin. Avec des sons, des couleurs et des mouvements vari\u00e9s, ils d\u00e9velopperont leur imagination et leurs habilet\u00e9s. Votre enfant va adorer et vous aussi !&quot;}\" data-sheets-userformat=\"{&quot;2&quot;:14851,&quot;3&quot;:{&quot;1&quot;:0},&quot;4&quot;:{&quot;1&quot;:2,&quot;2&quot;:16777215},&quot;12&quot;:0,&quot;14&quot;:{&quot;1&quot;:2,&quot;2&quot;:0},&quot;15&quot;:&quot;Inconsolata, monospace, arial, sans, sans-serif&quot;,&quot;16&quot;:11}\" data-sheets-formula=\"=doit(R[0]C[-1])\">Das Tablett ist auf Langlebigkeit ausgelegt, mit sicheren und langlebigen Materialien und abgerundeten Ecken, die zus\u00e4tzliche Sicherheit bieten. Die vibrierenden Farben und die fesselnde Musik machen das Lernen und den Spa\u00df f\u00fcr die Kleinen noch unterhaltsamer.<\/span><\/p>\n<p>Diese Lernaktivit\u00e4t ist eine gro\u00dfartige M\u00f6glichkeit, die Kreativit\u00e4t zu f\u00f6rdern und Kindern die M\u00f6glichkeit zu geben, ihre F\u00e4higkeiten zu entwickeln, w\u00e4hrend sie Spa\u00df haben. Eltern k\u00f6nnen sich darauf verlassen, dass ihr Kind sicher ist und Spa\u00df hat, denn das Tablet ist mit Sicherheitsmerkmalen ausgestattet, darunter eine rutschfeste Beschichtung, zertifizierte BPA- und Phthalat-freie Produkte.<\/p>\n<p>Das Musical Busy Board ist eine ausgezeichnete Wahl, um Ihre Kleinen zu unterhalten und zu stimulieren, und bietet stundenlangen, endlosen Spa\u00df. Mit verschiedenen Kl\u00e4ngen, Farben und Bewegungen werden sie ihre Fantasie entwickeln. Ihr Kind wird es lieben, Sie auch!<\/p>\n<p>Entdecken Sie alle Vorteile eines Busy Boards <a href=\"https:\/\/omagazine.fr\/quels-sont-les-bienfaits-dun-busy-board-montessori\/\" target=\"_blank\" rel=\"noopener\">indem Sie diesen Artikel aus dem Magazin \u00d4 Magazine lesen<\/a><\/p>","protected":false},"excerpt":{"rendered":"<p>Stimulations auditives et sensorielles garanties avec le Busy Board Montessori Musical ! Le Busy board Montessori musical est l&#8217;id\u00e9al pour<\/p>","protected":false},"featured_media":8663,"template":"","meta":[],"product_brand":[],"product_cat":[406,353,341,342,343,344],"product_tag":[],"class_list":{"0":"post-8668","1":"product","2":"type-product","3":"status-publish","4":"has-post-thumbnail","6":"product_cat-busy-board-montessori","7":"product_cat-eveil-musical","8":"product_cat-jeux-montessori-6mois-1an","9":"product_cat-jeux-montessori-1an-18mois","10":"product_cat-jeux-montessori-18mois-2ans","11":"product_cat-jeux-montessori-2ans-3-ans","13":"first","14":"outofstock","15":"shipping-taxable","16":"purchasable","17":"product-type-simple"},"_links":{"self":[{"href":"https:\/\/das-montessori-spielzeug.de\/de\/wp-json\/wp\/v2\/product\/8668","targetHints":{"allow":["GET"]}}],"collection":[{"href":"https:\/\/das-montessori-spielzeug.de\/de\/wp-json\/wp\/v2\/product"}],"about":[{"href":"https:\/\/das-montessori-spielzeug.de\/de\/wp-json\/wp\/v2\/types\/product"}],"version-history":[{"count":0,"href":"https:\/\/das-montessori-spielzeug.de\/de\/wp-json\/wp\/v2\/product\/8668\/revisions"}],"wp:featuredmedia":[{"embeddable":true,"href":"https:\/\/das-montessori-spielzeug.de\/de\/wp-json\/wp\/v2\/media\/8663"}],"wp:attachment":[{"href":"https:\/\/das-montessori-spielzeug.de\/de\/wp-json\/wp\/v2\/media?parent=8668"}],"wp:term":[{"taxonomy":"product_brand","embeddable":true,"href":"https:\/\/das-montessori-spielzeug.de\/de\/wp-json\/wp\/v2\/product_brand?post=8668"},{"taxonomy":"product_cat","embeddable":true,"href":"https:\/\/das-montessori-spielzeug.de\/de\/wp-json\/wp\/v2\/product_cat?post=8668"},{"taxonomy":"product_tag","embeddable":true,"href":"https:\/\/das-montessori-spielzeug.de\/de\/wp-json\/wp\/v2\/product_tag?post=8668"}],"curies":[{"name":"wp","href":"https:\/\/api.w.org\/{rel}","templated":true}]}}