{"id":39041,"date":"2024-03-18T23:52:36","date_gmt":"2024-03-18T22:52:36","guid":{"rendered":"https:\/\/das-montessori-spielzeug.de\/?post_type=product&#038;p=39041"},"modified":"2024-04-15T12:56:03","modified_gmt":"2024-04-15T11:56:03","slug":"set-6-sensorische-balle-bebes-texturees","status":"publish","type":"product","link":"https:\/\/das-montessori-spielzeug.de\/de\/product\/set-6-sensorische-balle-bebes-texturees","title":{"rendered":"Set aus 6 sensorischen B\u00e4llen f\u00fcr Babys - strukturiert"},"content":{"rendered":"<h2>Set aus 6 sensorischen B\u00e4llen f\u00fcr Babys - Texturiert: Weckt die Sinne Ihres Kindes<\/h2>\n<p>Verwandeln Sie das Spiel Ihrer Babys mit unserem <strong>Set aus 6 sensorischen B\u00e4llen f\u00fcr Babys - strukturiert<\/strong>. Durch die Integration von sechs einzigartigen B\u00e4llen mit unterschiedlichen Texturen l\u00e4dt jeder Ball zu einer neuen taktilen Entdeckung ein und regt die Sinne Ihres Babys auf spielerische und p\u00e4dagogische Weise an.<\/p>\n<ul>\n<li><strong>Taktile Entdeckungen<\/strong> : Eine Vielzahl von Texturen regt den Tastsinn an.<\/li>\n<li><strong>Beruhigung und Sicherheit<\/strong> : Hergestellt aus weichem Silikon, ideal f\u00fcr das Zahnfleisch von Babys.<\/li>\n<li><strong>Auditive Stimulation<\/strong> : Einige B\u00e4lle enthalten Rasseln, um das Geh\u00f6r zu wecken.<\/li>\n<\/ul>\n<h2>Eine sensorische Erkundung f\u00fcr kleine Neugierige<\/h2>\n<p>Die <em>Set aus 6 sensorischen Babykugeln - strukturiert<\/em> wurde entwickelt, um die nat\u00fcrliche Neugier Ihres Kindes zu f\u00f6rdern, und bietet ein multisensorisches Erlebnis, das sowohl den Seh-, Tast- als auch den H\u00f6rsinn anregt.<\/p>\n<h3>Erwachen und Entwicklung<\/h3>\n<p>Jeder Ball bietet eine Gelegenheit, die Hand-Augen-Koordination und das Erkennen von Texturen, Farben und Ger\u00e4uschen zu f\u00f6rdern und so zur kognitiven und motorischen Entwicklung Ihres Babys beizutragen.<\/p>\n<h3>Qualit\u00e4t und Sicherheit<\/h3>\n<p>Unser Set ist aus hochwertigen, BPA-freien und f\u00fcr Ihr Baby sicheren Materialien hergestellt und sorgt so f\u00fcr ein unterhaltsames und zugleich sicheres Spielerlebnis.<\/p>\n<h2>Schenken Sie ein Geschenk voller Entdeckungen<\/h2>\n<p>Die <strong>Set aus 6 sensorischen B\u00e4llen f\u00fcr Babys - strukturiert<\/strong> ist das ideale Geschenk, um die sensorischen F\u00e4higkeiten und die Neugier Ihres Kindes zu f\u00f6rdern. Es ist perfekt f\u00fcr kleine H\u00e4nde und l\u00e4dt zum spielerischen Erkunden und Lernen ein.<\/p>\n<p><strong><a href=\"#\">Jetzt bestellen<\/a><\/strong> und \u00f6ffnen Sie die T\u00fcr zu einer Welt voller Sinneseindr\u00fccke f\u00fcr Ihr Baby!<\/p>","protected":false},"excerpt":{"rendered":"<p>Lassen Sie Ihr Baby in eine Welt voller Entdeckungen eintauchen mit unserem <strong>Set aus 6 sensorischen Babykugeln - strukturiert<\/strong>Dieses Buch wurde entwickelt, um die Sinne anzuregen und die kognitive Entwicklung zu f\u00f6rdern.<\/p>\n<ul>\n<li><strong>Weckt die taktile Neugier<\/strong><\/li>\n<li><strong>Stimuliert die sensorische Entwicklung<\/strong><\/li>\n<li><strong>Verst\u00e4rkt das kognitive Lernen<\/strong><\/li>\n<\/ul>","protected":false},"featured_media":39044,"template":"","meta":[],"product_brand":[],"product_cat":[369,335,341],"product_tag":[],"class_list":{"0":"post-39041","1":"product","2":"type-product","3":"status-publish","4":"has-post-thumbnail","6":"product_cat-jeu-sensoriel","7":"product_cat-jeux-montessori-0-3mois","8":"product_cat-jeux-montessori-6mois-1an","10":"first","11":"instock","12":"shipping-taxable","13":"purchasable","14":"product-type-simple"},"_links":{"self":[{"href":"https:\/\/das-montessori-spielzeug.de\/de\/wp-json\/wp\/v2\/product\/39041","targetHints":{"allow":["GET"]}}],"collection":[{"href":"https:\/\/das-montessori-spielzeug.de\/de\/wp-json\/wp\/v2\/product"}],"about":[{"href":"https:\/\/das-montessori-spielzeug.de\/de\/wp-json\/wp\/v2\/types\/product"}],"version-history":[{"count":0,"href":"https:\/\/das-montessori-spielzeug.de\/de\/wp-json\/wp\/v2\/product\/39041\/revisions"}],"wp:featuredmedia":[{"embeddable":true,"href":"https:\/\/das-montessori-spielzeug.de\/de\/wp-json\/wp\/v2\/media\/39044"}],"wp:attachment":[{"href":"https:\/\/das-montessori-spielzeug.de\/de\/wp-json\/wp\/v2\/media?parent=39041"}],"wp:term":[{"taxonomy":"product_brand","embeddable":true,"href":"https:\/\/das-montessori-spielzeug.de\/de\/wp-json\/wp\/v2\/product_brand?post=39041"},{"taxonomy":"product_cat","embeddable":true,"href":"https:\/\/das-montessori-spielzeug.de\/de\/wp-json\/wp\/v2\/product_cat?post=39041"},{"taxonomy":"product_tag","embeddable":true,"href":"https:\/\/das-montessori-spielzeug.de\/de\/wp-json\/wp\/v2\/product_tag?post=39041"}],"curies":[{"name":"wp","href":"https:\/\/api.w.org\/{rel}","templated":true}]}}