{"id":39039,"date":"2024-03-18T23:52:32","date_gmt":"2024-03-18T22:52:32","guid":{"rendered":"https:\/\/das-montessori-spielzeug.de\/?post_type=product&#038;p=39039"},"modified":"2024-03-25T14:03:41","modified_gmt":"2024-03-25T13:03:41","slug":"montessori-bausatz-mit-variabler-form-bild-kopieren","status":"publish","type":"product","link":"https:\/\/das-montessori-spielzeug.de\/de\/product\/montessori-bausatz-mit-variabler-form-bild-kopieren","title":{"rendered":"Montessori-Baukasten mit variabler Form - Kopiervorlage"},"content":{"rendered":"<h2>Montessori-Baukasten mit variabler Form - Bild als Kopiervorlage: Aus Spielen wird Lernen<\/h2>\n<p>Entdecken Sie die <strong>Montessori-Baukasten mit variabler Form - Kopiervorlage<\/strong> f\u00fcr ein anregendes Lernen. F\u00fchren Sie Ihr Kind mit diesem einzigartigen Spielzeug in die aufregende Welt der Entdeckungen ein. Es wurde entwickelt, um selbstst\u00e4ndiges Lernen und praktisches Erforschen zu f\u00f6rdern.<\/p>\n<ul>\n<li><strong>Unbegrenzte kreative Erkundung<\/strong> : Befreit die Fantasie Ihres Kindes.<\/li>\n<li><strong>F\u00f6rderung der Neugier<\/strong> : weckt den Forscher- und Entdeckergeist.<\/li>\n<li><strong>Einfach und sicher<\/strong> : Geeignet f\u00fcr kleine H\u00e4nde, ideal ab dem fr\u00fchen Kindesalter.<\/li>\n<\/ul>\n<h2>Ein Lernmittel, das mit Ihrem Kind w\u00e4chst<\/h2>\n<p>Die <em>Montessori-Baukasten mit variabler Form - Kopiervorlage<\/em> ist mehr als nur ein Spielzeug. Es ist eine Einladung, die Spielzeit in ein Lernabenteuer zu verwandeln, das die nat\u00fcrliche Neugier anregt und die motorischen und kognitiven F\u00e4higkeiten entwickelt.<\/p>\n<h3>Kreativit\u00e4t und Kognition im Spiel<\/h3>\n<p>Mit seinen s\u00e4ulenf\u00f6rmigen Bl\u00f6cken erm\u00f6glicht dieses Spiel Ihrem Kind, einzigartige Strukturen zu bauen, und f\u00f6rdert so die Entwicklung des r\u00e4umlichen Denkens und der Hand-Augen-Koordination.<\/p>\n<h3>Interaktivit\u00e4t und Spa\u00df<\/h3>\n<p>Dieses Spiel regt Ihr Kind dazu an, Vorlagen zu folgen oder eigene zu entwerfen, und bietet so ein perfektes Gleichgewicht zwischen angeleitetem Lernen und freiem Ausdruck.<\/p>\n<h2>Wecken Sie das Potenzial Ihres Kindes<\/h2>\n<p>Die <strong>Montessori-Baukasten mit variabler Form - Kopiervorlage<\/strong> ist das ideale Werkzeug zur F\u00f6rderung von Kreativit\u00e4t, selbstst\u00e4ndigem Denken und der Entwicklung von Grundfertigkeiten. Bieten Sie Ihrem Kind die M\u00f6glichkeit, zu spielen, zu lernen und zu wachsen.<\/p>\n<p><strong><a href=\"#\">Jetzt bestellen<\/a><\/strong> und geben Sie Ihrem Kind den Schl\u00fcssel zu einer Welt, in der sich Spielen und Lernen reimen!<\/p>","protected":false},"excerpt":{"rendered":"<p>Nehmen Sie an der kreativen Entwicklung Ihres Kindes teil mit unserem <strong>Montessori-Baukasten mit variabler Form - Kopiervorlage<\/strong> und lassen Sie sich von seiner un\u00fcbertroffenen F\u00e4higkeit beeindrucken, die nat\u00fcrliche Neugier Ihres Kleinen auszul\u00f6sen und gleichzeitig seinen Erfahrungsschatz zu erweitern.<\/p>\n<ul>\n<li>Katalysator f\u00fcr unbegrenzte Vorstellungskraft<\/li>\n<li>Verst\u00e4rkt Koordination und Kreation<\/li>\n<li>Weckt und kanalisiert die Neugier<\/li>\n<\/ul>","protected":false},"featured_media":39037,"template":"","meta":[],"product_brand":[],"product_cat":[367,345],"product_tag":[],"class_list":{"0":"post-39039","1":"product","2":"type-product","3":"status-publish","4":"has-post-thumbnail","6":"product_cat-jeu-construction","7":"product_cat-jeux-montessori-3ans-4-ans","9":"first","10":"instock","11":"shipping-taxable","12":"purchasable","13":"product-type-simple"},"_links":{"self":[{"href":"https:\/\/das-montessori-spielzeug.de\/de\/wp-json\/wp\/v2\/product\/39039","targetHints":{"allow":["GET"]}}],"collection":[{"href":"https:\/\/das-montessori-spielzeug.de\/de\/wp-json\/wp\/v2\/product"}],"about":[{"href":"https:\/\/das-montessori-spielzeug.de\/de\/wp-json\/wp\/v2\/types\/product"}],"version-history":[{"count":0,"href":"https:\/\/das-montessori-spielzeug.de\/de\/wp-json\/wp\/v2\/product\/39039\/revisions"}],"wp:featuredmedia":[{"embeddable":true,"href":"https:\/\/das-montessori-spielzeug.de\/de\/wp-json\/wp\/v2\/media\/39037"}],"wp:attachment":[{"href":"https:\/\/das-montessori-spielzeug.de\/de\/wp-json\/wp\/v2\/media?parent=39039"}],"wp:term":[{"taxonomy":"product_brand","embeddable":true,"href":"https:\/\/das-montessori-spielzeug.de\/de\/wp-json\/wp\/v2\/product_brand?post=39039"},{"taxonomy":"product_cat","embeddable":true,"href":"https:\/\/das-montessori-spielzeug.de\/de\/wp-json\/wp\/v2\/product_cat?post=39039"},{"taxonomy":"product_tag","embeddable":true,"href":"https:\/\/das-montessori-spielzeug.de\/de\/wp-json\/wp\/v2\/product_tag?post=39039"}],"curies":[{"name":"wp","href":"https:\/\/api.w.org\/{rel}","templated":true}]}}