{"id":38999,"date":"2024-03-18T20:49:41","date_gmt":"2024-03-18T19:49:41","guid":{"rendered":"https:\/\/das-montessori-spielzeug.de\/?post_type=product&#038;p=38999"},"modified":"2025-06-29T21:54:01","modified_gmt":"2025-06-29T19:54:01","slug":"rahmen-kinderzeichnungen","status":"publish","type":"product","link":"https:\/\/das-montessori-spielzeug.de\/de\/product\/rahmen-kinderzeichnungen","title":{"rendered":"Rahmen f\u00fcr Kinderzeichnungen | 150 Zeichnungen aufbewahren und ausstellen | Gr\u00f6\u00dfe A4"},"content":{"rendered":"<h2>Rahmen f\u00fcr Kinderzeichnungen : Die L\u00f6sung, um die Zeichnungen Ihrer Kinder nicht mehr wegzuwerfen<\/h2>\n<p>Entdecken Sie die <strong>Rahmen f\u00fcr Kinderzeichnungen<\/strong>ist die perfekte L\u00f6sung, um die Meisterwerke Ihres kleinen K\u00fcnstlers zu hegen und zu pflegen und auszustellen. Mit einer Kapazit\u00e4t von bis zu <strong>150 Zeichnungen<\/strong>Dieser innovative Rahmen verwandelt jeden Raum in eine pers\u00f6nliche Kunstgalerie.<\/p>\n<ul>\n<li><strong>Kapazit\u00e4t f\u00fcr 150 Zeichnungen<\/strong> : W\u00e4hlen Sie nicht mehr zwischen den Kreationen Ihres Kindes.<\/li>\n<li><strong>Einfache Rotation<\/strong> : Wechseln Sie die ausgestellten Werke im Handumdrehen.<\/li>\n<li><strong>Werten Sie die Kunst Ihres Kindes auf<\/strong> Die Sch\u00fclerinnen und Sch\u00fcler: Steigern Sie ihr Selbstvertrauen, indem Sie ihre Werke in einem sch\u00f6nen Rahmen ausstellen.<\/li>\n<\/ul>\n<p>&nbsp;<\/p>\n<p><a href=\"https:\/\/das-montessori-spielzeug.de\/wp-content\/uploads\/2024\/03\/cadre-dessins-gif.webp\"><img fetchpriority=\"high\" decoding=\"async\" class=\"size-full wp-image-42383 aligncenter\" src=\"https:\/\/das-montessori-spielzeug.de\/wp-content\/uploads\/2024\/03\/cadre-dessins-gif.webp\" alt=\"\" width=\"480\" height=\"480\" title=\"\"><\/a><\/p>\n<h2>Eine Anzeige, die mit Ihrem Kind w\u00e4chst<\/h2>\n<p>Die <em>Rahmen f\u00fcr Kinderzeichnungen<\/em> passt sich der immer neuen Kreativit\u00e4t Ihres Kindes an. Es ist einfach zu verwenden und erm\u00f6glicht es, die Ausstellung nach Lust und Laune zu erneuern, sodass die Wand in Ihrem Wohnzimmer immer dynamisch und inspirierend bleibt.<\/p>\n<p>&nbsp;<\/p>\n<h3>Elegantes Design, perfekte Integration<\/h3>\n<p>Neben seiner Funktionalit\u00e4t zeichnet sich dieser Rahmen durch sein elegantes Design aus, das sich harmonisch in Ihre Inneneinrichtung einf\u00fcgt und jede Zeichnung wie ein echtes Kunstwerk hervorhebt. Er ist in verschiedenen Farben erh\u00e4ltlich, damit er am besten zu Ihrer Einrichtung passt.<\/p>\n<h3>Ein unvergessliches Geschenk<\/h3>\n<p>Ideal als Geschenk ist das <strong>Rahmen f\u00fcr Kinderzeichnungen<\/strong> ist die perfekte M\u00f6glichkeit, Ihrem Kind zu zeigen, wie sehr Sie seine Fantasie und Kreativit\u00e4t wertsch\u00e4tzen. Es ist eine Investition in sein Gl\u00fcck und sein Selbstwertgef\u00fchl.<\/p>\n<p>&nbsp;<\/p>\n<h2>Verwandeln Sie Ihr Haus in eine Kunstgalerie<\/h2>\n<p>Lassen Sie die Zeichnungen Ihres Kindes nicht l\u00e4nger in einer Schublade stapeln (oder noch schlimmer: in den M\u00fcll werfen). Geben Sie ihnen einen Ehrenplatz an Ihren W\u00e4nden mit dem <strong>Rahmen f\u00fcr Kinderzeichnungen<\/strong>. Bestellen Sie jetzt und beginnen Sie, eine einzigartige Kunstgalerie zu schaffen, die mit Ihrem Kind w\u00e4chst.<\/p>","protected":false},"excerpt":{"rendered":"<p>Werfen Sie die Zeichnungen Ihres Kindes nicht mehr weg - mit dem Zeichnungsrahmen. Er ist der ideale Beh\u00e4lter, um die k\u00fcnstlerischen Nuggets Ihres kleinen Sch\u00f6pfers aufzubewahren und zur Geltung zu bringen.<\/p>\n<ul>\n<li>Aufwertende und elegante Ausstellung<\/li>\n<li>Einfaches und schnelles Wechseln von Designs<\/li>\n<li>Kann bis zu 150 Zeichnungen enthalten<\/li>\n<\/ul>","protected":false},"featured_media":40862,"template":"","meta":[],"product_brand":[],"product_cat":[905,366,403],"product_tag":[],"class_list":{"0":"post-38999","1":"product","2":"type-product","3":"status-publish","4":"has-post-thumbnail","6":"product_cat-bestseller","7":"product_cat-imaginer","8":"product_cat-vie-pratique","10":"first","11":"instock","12":"sale","13":"shipping-taxable","14":"purchasable","15":"product-type-variable","16":"has-default-attributes"},"_links":{"self":[{"href":"https:\/\/das-montessori-spielzeug.de\/de\/wp-json\/wp\/v2\/product\/38999","targetHints":{"allow":["GET"]}}],"collection":[{"href":"https:\/\/das-montessori-spielzeug.de\/de\/wp-json\/wp\/v2\/product"}],"about":[{"href":"https:\/\/das-montessori-spielzeug.de\/de\/wp-json\/wp\/v2\/types\/product"}],"version-history":[{"count":0,"href":"https:\/\/das-montessori-spielzeug.de\/de\/wp-json\/wp\/v2\/product\/38999\/revisions"}],"wp:featuredmedia":[{"embeddable":true,"href":"https:\/\/das-montessori-spielzeug.de\/de\/wp-json\/wp\/v2\/media\/40862"}],"wp:attachment":[{"href":"https:\/\/das-montessori-spielzeug.de\/de\/wp-json\/wp\/v2\/media?parent=38999"}],"wp:term":[{"taxonomy":"product_brand","embeddable":true,"href":"https:\/\/das-montessori-spielzeug.de\/de\/wp-json\/wp\/v2\/product_brand?post=38999"},{"taxonomy":"product_cat","embeddable":true,"href":"https:\/\/das-montessori-spielzeug.de\/de\/wp-json\/wp\/v2\/product_cat?post=38999"},{"taxonomy":"product_tag","embeddable":true,"href":"https:\/\/das-montessori-spielzeug.de\/de\/wp-json\/wp\/v2\/product_tag?post=38999"}],"curies":[{"name":"wp","href":"https:\/\/api.w.org\/{rel}","templated":true}]}}