{"id":38097,"date":"2024-03-12T11:56:14","date_gmt":"2024-03-12T10:56:14","guid":{"rendered":"https:\/\/das-montessori-spielzeug.de\/?post_type=product&#038;p=38097"},"modified":"2024-03-12T14:50:43","modified_gmt":"2024-03-12T13:50:43","slug":"saugnapf-badewanne-badespielzeug-bebe","status":"publish","type":"product","link":"https:\/\/das-montessori-spielzeug.de\/de\/product\/saugnapf-badewanne-badespielzeug-bebe","title":{"rendered":"Badewannensauger Badewannenspielzeug f\u00fcr Babys"},"content":{"rendered":"<h2>Entdecken Sie die <strong>Badewannensauger Badewannenspielzeug f\u00fcr Babys<\/strong>Der perfekte Begleiter f\u00fcr die Badezeit!<\/h2>\n<p>Aufbauend auf der immerw\u00e4hrenden Faszination von Kindern f\u00fcr Wasserspiele macht dieser Badewannensaugnapf jedes Bad zu einem lustigen Erlebnis.<\/p>\n<ul>\n<li>Ein anregendes und lustiges Spielzeug<\/li>\n<li>Ein interaktives Lernwerkzeug<\/li>\n<li>Einfach zu befestigen und zu entfernen<\/li>\n<\/ul>\n<h2>Machen Sie jedes Bad fr\u00f6hlicher<\/h2>\n<p>Baden wird nie wieder langweilig mit diesem <em>Baby-Badespielzeug<\/em>. Dank seines Saugnapfsystems l\u00e4sst er sich leicht an allen glatten Oberfl\u00e4chen befestigen. Sein Design ist so konzipiert, dass es die <strong>Sicherheit<\/strong> Ihres Kindes. Mit seiner Vielzahl an leuchtenden Farben ist es perfekt geeignet, um das Sehverm\u00f6gen und die Vorstellungskraft Ihrer Kleinen anzuregen.<\/p>\n<h3>Verbessern Sie die F\u00e4higkeiten Ihres Kindes und haben Sie dabei auch noch Spa\u00df!<\/h3>\n<p>Neben dem Vergn\u00fcgen <em>Baby Badespielzeug<\/em> erleichtert die<\/p>","protected":false},"excerpt":{"rendered":"<p>Entdecken Sie die Magie der <strong>Badewannensauger Badewannenspielzeug f\u00fcr Babys<\/strong>Der beste Freund des Badespa\u00dfes!<\/p>\n<ul>\n<li>Stimuliert das sensorische Erwachen<\/li>\n<li>F\u00f6rdert die Selbstst\u00e4ndigkeit des Babys<\/li>\n<li>Garantiert eine sichere Installation<\/li>\n<\/ul>\n<p>Dieser multifunktionale Badesaugnapf sorgt nicht nur f\u00fcr spannende Unterhaltung beim Baden, sondern f\u00f6rdert auch die Entwicklung Ihres Kindes. Mit seinem farbenfrohen Design und den verschiedenen Formen regt er die Sinneswahrnehmung Ihres Babys an und f\u00f6rdert gleichzeitig seine Selbstst\u00e4ndigkeit und Koordination. Die Saugnapfbefestigung an allen glatten Oberfl\u00e4chen garantiert zudem eine schnelle und sichere Installation.<\/p>","protected":false},"featured_media":38094,"template":"","meta":[],"product_brand":[],"product_cat":[357],"product_tag":[],"class_list":{"0":"post-38097","1":"product","2":"type-product","3":"status-publish","4":"has-post-thumbnail","6":"product_cat-jouet-bain","8":"first","9":"instock","10":"shipping-taxable","11":"purchasable","12":"product-type-simple"},"_links":{"self":[{"href":"https:\/\/das-montessori-spielzeug.de\/de\/wp-json\/wp\/v2\/product\/38097","targetHints":{"allow":["GET"]}}],"collection":[{"href":"https:\/\/das-montessori-spielzeug.de\/de\/wp-json\/wp\/v2\/product"}],"about":[{"href":"https:\/\/das-montessori-spielzeug.de\/de\/wp-json\/wp\/v2\/types\/product"}],"version-history":[{"count":0,"href":"https:\/\/das-montessori-spielzeug.de\/de\/wp-json\/wp\/v2\/product\/38097\/revisions"}],"wp:featuredmedia":[{"embeddable":true,"href":"https:\/\/das-montessori-spielzeug.de\/de\/wp-json\/wp\/v2\/media\/38094"}],"wp:attachment":[{"href":"https:\/\/das-montessori-spielzeug.de\/de\/wp-json\/wp\/v2\/media?parent=38097"}],"wp:term":[{"taxonomy":"product_brand","embeddable":true,"href":"https:\/\/das-montessori-spielzeug.de\/de\/wp-json\/wp\/v2\/product_brand?post=38097"},{"taxonomy":"product_cat","embeddable":true,"href":"https:\/\/das-montessori-spielzeug.de\/de\/wp-json\/wp\/v2\/product_cat?post=38097"},{"taxonomy":"product_tag","embeddable":true,"href":"https:\/\/das-montessori-spielzeug.de\/de\/wp-json\/wp\/v2\/product_tag?post=38097"}],"curies":[{"name":"wp","href":"https:\/\/api.w.org\/{rel}","templated":true}]}}