{"id":38083,"date":"2024-03-12T11:55:49","date_gmt":"2024-03-12T10:55:49","guid":{"rendered":"https:\/\/das-montessori-spielzeug.de\/?post_type=product&#038;p=38083"},"modified":"2024-03-12T16:08:00","modified_gmt":"2024-03-12T15:08:00","slug":"badespielzeug-schutte-aufhangen-badewanne","status":"publish","type":"product","link":"https:\/\/das-montessori-spielzeug.de\/de\/product\/badespielzeug-schutte-aufhangen-badewanne","title":{"rendered":"Badespielzeug \u00dcberlauf zum Aufh\u00e4ngen an der Badewanne"},"content":{"rendered":"<h2>Badespielzeug \u00dcberlauf zum Aufh\u00e4ngen an der Badewanne<\/h2>\n<p>Verwandeln Sie die Badezeit in <u>Erweckungsmoment<\/u> Weise in <strong>Badespielzeug \u00dcberlauf zum Aufh\u00e4ngen an der Badewanne<\/strong>. Dieses clever gestaltete Spielzeug bietet Ihrem Kind ein interaktives Abenteuer, bei dem es Folgendes entdecken kann <em>neue Konzepte<\/em> und dabei Spa\u00df haben.<\/p>\n<ul>\n<li>\u2764\ufe0f Regt die Fantasie und Kreativit\u00e4t des Kindes an<\/li>\n<li>\ud83d\udca6 F\u00f6rdert das Lernen durch das Spiel mit Wasser.<\/li>\n<li>\ud83d\udc76 Einfach zu installieren und sicher f\u00fcr die Kleinen<\/li>\n<\/ul>\n<h3>Ein au\u00dfergew\u00f6hnliches Badespielzeug<\/h3>\n<p>Unser <strong>Badespielzeug \u00dcberlauf<\/strong> bringt eine <em>Lerndimension<\/em> zum t\u00e4glichen Ritual des Badens. Wenn Ihr Kind Wasser von oben auf das Spielzeug sch\u00fcttet, wird es auf spielerische und konkrete Weise sehen, wie Wasser eine kleine M\u00fchle antreiben kann. Es ist eine Einf\u00fchrung <u>ohne Stress<\/u> zu den Prinzipien von Ursache und Wirkung!&lt;\/p<\/p>","protected":false},"excerpt":{"rendered":"<p>Sublimieren Sie den Badespa\u00df mit unserem Badespielzeug Ausguss - eine perfekte Wahl, um Ihre Kinder aufzuheitern und zu erziehen!<\/p>\n<ul>\n<li>\ud83c\udf08 Weckt Neugier und Entdeckungsfreude<\/li>\n<li>\ud83d\udca1 Einf\u00fchrung in physikalische Prinzipien<\/li>\n<li>\ud83d\udd1d Sorgt f\u00fcr lehrreiche Unterhaltung<\/li>\n<\/ul>","protected":false},"featured_media":38082,"template":"","meta":[],"product_brand":[],"product_cat":[357],"product_tag":[],"class_list":{"0":"post-38083","1":"product","2":"type-product","3":"status-publish","4":"has-post-thumbnail","6":"product_cat-jouet-bain","8":"first","9":"instock","10":"sale","11":"shipping-taxable","12":"purchasable","13":"product-type-variable"},"_links":{"self":[{"href":"https:\/\/das-montessori-spielzeug.de\/de\/wp-json\/wp\/v2\/product\/38083","targetHints":{"allow":["GET"]}}],"collection":[{"href":"https:\/\/das-montessori-spielzeug.de\/de\/wp-json\/wp\/v2\/product"}],"about":[{"href":"https:\/\/das-montessori-spielzeug.de\/de\/wp-json\/wp\/v2\/types\/product"}],"version-history":[{"count":0,"href":"https:\/\/das-montessori-spielzeug.de\/de\/wp-json\/wp\/v2\/product\/38083\/revisions"}],"wp:featuredmedia":[{"embeddable":true,"href":"https:\/\/das-montessori-spielzeug.de\/de\/wp-json\/wp\/v2\/media\/38082"}],"wp:attachment":[{"href":"https:\/\/das-montessori-spielzeug.de\/de\/wp-json\/wp\/v2\/media?parent=38083"}],"wp:term":[{"taxonomy":"product_brand","embeddable":true,"href":"https:\/\/das-montessori-spielzeug.de\/de\/wp-json\/wp\/v2\/product_brand?post=38083"},{"taxonomy":"product_cat","embeddable":true,"href":"https:\/\/das-montessori-spielzeug.de\/de\/wp-json\/wp\/v2\/product_cat?post=38083"},{"taxonomy":"product_tag","embeddable":true,"href":"https:\/\/das-montessori-spielzeug.de\/de\/wp-json\/wp\/v2\/product_tag?post=38083"}],"curies":[{"name":"wp","href":"https:\/\/api.w.org\/{rel}","templated":true}]}}