{"id":37165,"date":"2024-03-06T00:10:35","date_gmt":"2024-03-05T23:10:35","guid":{"rendered":"https:\/\/das-montessori-spielzeug.de\/?post_type=product&#038;p=37165"},"modified":"2025-06-29T21:52:20","modified_gmt":"2025-06-29T19:52:20","slug":"personalisiertes-puzzle-vorname-aus-holz","status":"publish","type":"product","link":"https:\/\/das-montessori-spielzeug.de\/de\/product\/personalisiertes-puzzle-vorname-aus-holz","title":{"rendered":"Personalisiertes Holzpuzzle mit Vornamen - Ein einzigartiges Andenken"},"content":{"rendered":"<h2>Eine einzigartige Erinnerung mit dem Puzzle, das mit dem Vornamen Ihres Kindes personalisiert ist<\/h2>\n<p>Jedes Kind ist <strong>einzigartig<\/strong> und wie k\u00f6nnte man diese Einzigartigkeit besser feiern als mit einem <strong>personalisierten Puzzle mit dem eigenen Vornamen?<\/strong><\/p>\n<p>Unser <em>Personalisiertes Holzpuzzle Vorname<\/em> ist viel mehr als nur ein Spielzeug; es ist ein <strong>Liebesschatz<\/strong>ein Werkzeug <strong>des Lernens<\/strong> und ein<strong> kostbare Erinnerung<\/strong> die ein ganzes Leben lang anh\u00e4lt.<\/p>\n<ul>\n<li><strong>Markieren Sie ihre Einzigartigkeit <\/strong>: Jedes Puzzle wird mit dem Vornamen Ihres Kindes aus Holz ausgeschnitten und macht dieses Geschenk so einzigartig wie die Kinder selbst.<\/li>\n<li><strong>Ermutigen Sie zum Lernen <\/strong>: Entwickeln Sie die Hand-Augen-Koordination und die Feinmotorik Ihres Kindes, indem Sie mit den Puzzleteilen hantieren.<\/li>\n<li><strong>Schaffen Sie Erinnerungen <\/strong>: Jedes Puzzleteil ist ein Teil einer Erinnerung, eines gemeinsamen Moments, der ein Leben lang anh\u00e4lt.<\/li>\n<\/ul>\n<p>&nbsp;<\/p>\n<p><a href=\"https:\/\/das-montessori-spielzeug.de\/wp-content\/uploads\/2024\/03\/puzzle-prenom-personnalise-1.webp\"><img fetchpriority=\"high\" decoding=\"async\" class=\"size-full wp-image-38330 aligncenter\" src=\"https:\/\/das-montessori-spielzeug.de\/wp-content\/uploads\/2024\/03\/puzzle-prenom-personnalise-1.webp\" alt=\"\" width=\"400\" height=\"400\" title=\"\"><\/a><\/p>\n<h2>Viel mehr als ein Spielzeug, ein Lernwerkzeug!<\/h2>\n<p>Jeder Buchstabe des Vornamens Ihres Kindes wird sorgf\u00e4ltig aus nat\u00fcrlichem Holz ausgeschnitten. Verbessert die\u00a0<strong>motorische F\u00e4higkeiten<\/strong> ganz in <strong>Lernende<\/strong> die Buchstaben ihres Namens.<\/p>\n<p>Es ist, als w\u00e4re jeder Buchstabe ein Teil eines Puzzles, das, wenn es zusammengesetzt wird, das wertvollste Bild enth\u00fcllt - -. <strong>ihre Identit\u00e4t.<\/strong><\/p>\n<p><a href=\"https:\/\/das-montessori-spielzeug.de\/wp-content\/uploads\/2023\/07\/pastel-papillon.webp\"><img decoding=\"async\" class=\"wp-image-15271 aligncenter\" src=\"https:\/\/das-montessori-spielzeug.de\/wp-content\/uploads\/2023\/07\/pastel-papillon.webp\" alt=\"Ein personalisiertes Namenspuzzle mit einem Kind, das es auf seiner Mutter h\u00e4lt.\" width=\"530\" height=\"530\" title=\"\" srcset=\"https:\/\/das-montessori-spielzeug.de\/wp-content\/uploads\/2023\/07\/pastel-papillon.webp 713w, https:\/\/das-montessori-spielzeug.de\/wp-content\/uploads\/2023\/07\/pastel-papillon-300x300.webp 300w, https:\/\/das-montessori-spielzeug.de\/wp-content\/uploads\/2023\/07\/pastel-papillon-150x150.webp 150w, https:\/\/das-montessori-spielzeug.de\/wp-content\/uploads\/2023\/07\/pastel-papillon-40x40.webp 40w, https:\/\/das-montessori-spielzeug.de\/wp-content\/uploads\/2023\/07\/pastel-papillon-132x132.webp 132w, https:\/\/das-montessori-spielzeug.de\/wp-content\/uploads\/2023\/07\/pastel-papillon-430x430.webp 430w, https:\/\/das-montessori-spielzeug.de\/wp-content\/uploads\/2023\/07\/pastel-papillon-700x700.webp 700w\" sizes=\"(max-width: 530px) 100vw, 530px\" \/><\/a><\/p>\n<h2>Das virale personalisierte Puzzle auf Facebook<\/h2>\n<p>Mehr <strong>3000 Kundinnen<\/strong> konnten einen <strong>einzigartiges Geschenk<\/strong> an ihr Kind, einige haben uns das Vergn\u00fcgen gemacht <strong>ihr Gl\u00fcck teilen wollen, hier sind einige davon:<\/strong><a href=\"https:\/\/das-montessori-spielzeug.de\/wp-content\/uploads\/2023\/03\/commentaires-fb2.webp\"><img decoding=\"async\" class=\"size-full wp-image-31456 aligncenter\" src=\"https:\/\/das-montessori-spielzeug.de\/wp-content\/uploads\/2023\/03\/commentaires-fb2.webp\" alt=\"Eine Gruppe von Personen wird auf einer Facebook-Seite vorgestellt, wo sie sich mit Puzzle Personalisierter Vorname aus Holz - Einzigartiges und erzieherisches Geschenk engagieren.\" width=\"1080\" height=\"1080\" title=\"\" srcset=\"https:\/\/das-montessori-spielzeug.de\/wp-content\/uploads\/2023\/03\/commentaires-fb2.webp 1080w, https:\/\/das-montessori-spielzeug.de\/wp-content\/uploads\/2023\/03\/commentaires-fb2-300x300.webp 300w, https:\/\/das-montessori-spielzeug.de\/wp-content\/uploads\/2023\/03\/commentaires-fb2-800x800.webp 800w, https:\/\/das-montessori-spielzeug.de\/wp-content\/uploads\/2023\/03\/commentaires-fb2-150x150.webp 150w, https:\/\/das-montessori-spielzeug.de\/wp-content\/uploads\/2023\/03\/commentaires-fb2-768x768.webp 768w, https:\/\/das-montessori-spielzeug.de\/wp-content\/uploads\/2023\/03\/commentaires-fb2-40x40.webp 40w, https:\/\/das-montessori-spielzeug.de\/wp-content\/uploads\/2023\/03\/commentaires-fb2-132x132.webp 132w, https:\/\/das-montessori-spielzeug.de\/wp-content\/uploads\/2023\/03\/commentaires-fb2-12x12.webp 12w, https:\/\/das-montessori-spielzeug.de\/wp-content\/uploads\/2023\/03\/commentaires-fb2-860x860.webp 860w, https:\/\/das-montessori-spielzeug.de\/wp-content\/uploads\/2023\/03\/commentaires-fb2-430x430.webp 430w, https:\/\/das-montessori-spielzeug.de\/wp-content\/uploads\/2023\/03\/commentaires-fb2-700x700.webp 700w\" sizes=\"(max-width: 1080px) 100vw, 1080px\" \/><\/a><\/p>\n<h2><\/h2>\n<h2>Ein wertvolles und unvergessliches Souvenir<\/h2>\n<p>Dieses Puzzle ist f\u00fcr eine lange Lebensdauer konzipiert und besteht aus <strong>Holz<\/strong> von hoher Qualit\u00e4t, sorgf\u00e4ltig bearbeitet, um eine angenehme und <strong>nachhaltig<\/strong>.<\/p>\n<p>Die sanften, beruhigenden Pastellfarben werden dem Zimmer Ihres Kindes einen z\u00e4rtlichen Touch verleihen. Und seien Sie beruhigt: Alle unsere Farben sind <strong>ungiftig.<\/strong> Wir stellen sicher, dass dieses Puzzle f\u00fcr Ihr Kind so sicher wie m\u00f6glich ist.<\/p>\n<p><a href=\"https:\/\/das-montessori-spielzeug.de\/wp-content\/uploads\/2023\/07\/pastel-rose.webp\"><img loading=\"lazy\" decoding=\"async\" class=\"aligncenter\" src=\"https:\/\/das-montessori-spielzeug.de\/wp-content\/uploads\/2023\/07\/pastel-rose.webp\" alt=\"Puzzle mit personalisiertem Vornamen auf einem Sitzkissen\" width=\"713\" height=\"713\" title=\"\"><\/a><\/p>\n<h2>Vollst\u00e4ndige Anpassung<\/h2>\n<p>Zus\u00e4tzlich zum Vornamen Ihres Kindes bieten wir eine <strong>pers\u00f6nliche Gravur auf der R\u00fcckseite des Puzzles <\/strong>und ein <strong>St\u00e4nder, um ihn als Dekoration anzuordnen<\/strong>. Dadurch wird das Puzzle zu einem echten Kunstwerk, das Sie und Ihr Kind f\u00fcr <strong>immer<\/strong>.<\/p>\n<p><a href=\"https:\/\/das-montessori-spielzeug.de\/wp-content\/uploads\/2023\/08\/Gravuresupport.png\"><img loading=\"lazy\" decoding=\"async\" class=\"aligncenter\" src=\"https:\/\/das-montessori-spielzeug.de\/wp-content\/uploads\/2023\/08\/Gravuresupport.png\" alt=\"Ein Holzpuzzle mit Charlies Namen darauf.\" width=\"800\" height=\"800\" title=\"\"><\/a><\/p>\n<h2>Sonderangebot<\/h2>\n<p>F\u00fcr eine Zeit <strong>begrenzt<\/strong>genie\u00dfen Sie eine <strong>Reduktion von 50%.<\/strong><\/p>\n<p>Verpassen Sie nicht diese Gelegenheit, ein Geschenk zu machen, das sich in das Herz und die Erinnerung Ihres Kindes einbrennen wird.<\/p>\n<p><a href=\"https:\/\/das-montessori-spielzeug.de\/wp-content\/uploads\/2023\/03\/puzzle-personnalise-prenom-en-bois.webp\"><img loading=\"lazy\" decoding=\"async\" class=\"aligncenter\" src=\"https:\/\/das-montessori-spielzeug.de\/wp-content\/uploads\/2023\/03\/puzzle-personnalise-prenom-en-bois.webp\" alt=\"Ein kleines M\u00e4dchen spielt mit einem personalisierten Puzzle mit Vornamen - aus Holz.\" width=\"794\" height=\"794\" title=\"\"><\/a><\/p>\n<p>&nbsp;<\/p>\n<h2>Spezifikationen :<\/h2>\n<ul>\n<li>Gr\u00f6\u00dfe: 20 cm breit und 31 cm (oder 34 cm bei 7 bis 9 Buchstaben) lang<\/li>\n<li>Material: Holz<\/li>\n<li>Farben: Ungiftig<\/li>\n<\/ul>","protected":false},"excerpt":{"rendered":"<p>Unser personalisiertes Holzpuzzle ist <strong>ein Einzelst\u00fcck, das speziell mit dem Vornamen Ihres Kindes gestaltet wurde.<\/strong> Es f\u00f6rdert die Feinmotorik und hilft beim Erlernen des eigenen Vornamens. Ein originelles und pers\u00f6nliches Geschenk in sanften Pastellfarben, das sowohl trendy als auch zeitlos ist. Ideal f\u00fcr besondere Anl\u00e4sse oder einfach als liebevolle Erinnerung.<\/p>\n<ul>\n<li><strong>Entwickelt die Feinmotorik<\/strong><\/li>\n<li><strong>F\u00f6rdert das Erlernen des eigenen Vornamens<\/strong><\/li>\n<li><strong>Originelles, einzigartiges und personalisiertes Geschenk<\/strong><\/li>\n<li><strong>Pastellfarben, sanft und trendy<\/strong><\/li>\n<\/ul>","protected":false},"featured_media":37154,"template":"","meta":[],"product_brand":[],"product_cat":[905,347,335,341,342,343,344],"product_tag":[],"class_list":{"0":"post-37165","1":"product","2":"type-product","3":"status-publish","4":"has-post-thumbnail","6":"product_cat-bestseller","7":"product_cat-puzzle-enfant","8":"product_cat-jeux-montessori-0-3mois","9":"product_cat-jeux-montessori-6mois-1an","10":"product_cat-jeux-montessori-1an-18mois","11":"product_cat-jeux-montessori-18mois-2ans","12":"product_cat-jeux-montessori-2ans-3-ans","14":"first","15":"instock","16":"sale","17":"shipping-taxable","18":"purchasable","19":"product-type-variable"},"_links":{"self":[{"href":"https:\/\/das-montessori-spielzeug.de\/de\/wp-json\/wp\/v2\/product\/37165","targetHints":{"allow":["GET"]}}],"collection":[{"href":"https:\/\/das-montessori-spielzeug.de\/de\/wp-json\/wp\/v2\/product"}],"about":[{"href":"https:\/\/das-montessori-spielzeug.de\/de\/wp-json\/wp\/v2\/types\/product"}],"version-history":[{"count":0,"href":"https:\/\/das-montessori-spielzeug.de\/de\/wp-json\/wp\/v2\/product\/37165\/revisions"}],"wp:featuredmedia":[{"embeddable":true,"href":"https:\/\/das-montessori-spielzeug.de\/de\/wp-json\/wp\/v2\/media\/37154"}],"wp:attachment":[{"href":"https:\/\/das-montessori-spielzeug.de\/de\/wp-json\/wp\/v2\/media?parent=37165"}],"wp:term":[{"taxonomy":"product_brand","embeddable":true,"href":"https:\/\/das-montessori-spielzeug.de\/de\/wp-json\/wp\/v2\/product_brand?post=37165"},{"taxonomy":"product_cat","embeddable":true,"href":"https:\/\/das-montessori-spielzeug.de\/de\/wp-json\/wp\/v2\/product_cat?post=37165"},{"taxonomy":"product_tag","embeddable":true,"href":"https:\/\/das-montessori-spielzeug.de\/de\/wp-json\/wp\/v2\/product_tag?post=37165"}],"curies":[{"name":"wp","href":"https:\/\/api.w.org\/{rel}","templated":true}]}}