{"id":36614,"date":"2024-03-02T14:41:33","date_gmt":"2024-03-02T13:41:33","guid":{"rendered":"https:\/\/das-montessori-spielzeug.de\/?post_type=product&#038;p=36614"},"modified":"2024-03-02T21:05:06","modified_gmt":"2024-03-02T20:05:06","slug":"personalisiertes-puzzle-name-ostern","status":"publish","type":"product","link":"https:\/\/das-montessori-spielzeug.de\/de\/product\/personalisiertes-puzzle-name-ostern","title":{"rendered":"Personalisiertes Puzzle mit Vornamen - Spezielle Osteredition"},"content":{"rendered":"<h2><strong>Ein personalisierter Osterschatz: Das Puzzle mit dem Vornamen Ihres Kindes und einem Hauch von Osterzauber<\/strong><\/h2>\n<p>Ostern ist nicht nur ein Fest, sondern f\u00fcr die Kleinen auch ein Moment purer Magie. Stellen Sie sich die funkelnden Augen Ihres Kindes vor, wenn es ein Puzzle mit seinem Namen entdeckt, das zwischen vorwitzigen Hasen und bunten Eiern eingebettet ist. Unser personalisiertes Puzzle ist so gestaltet, dass es den Geist von Ostern und das Herz Ihres Kindes einf\u00e4ngt.<\/p>\n<ul>\n<li><strong>Freude und Farben des Osterfestes<\/strong> : Festliche Motive, die zum Staunen anregen.<\/li>\n<li><strong>Spielen und Lernen<\/strong> : Ein spielerisches Abenteuer, das erzieht.<\/li>\n<li><strong>Familienerinnerungen<\/strong> : Kostbare Augenblicke, die f\u00fcr immer festgehalten werden.<\/li>\n<\/ul>\n<p>&nbsp;<\/p>\n<h2>Ein Puzzle, Tausend Erinnerungen<\/h2>\n<p>Jedes Teil dieses personalisierten Puzzles verspricht Lachen und Jubel. Wenn Ihr Kind seinen Vornamen zusammensetzt, spielt es nicht nur. Es lernt, staunt und vor allem erschafft es sich eine Welt, in der jeder Buchstabe eine offene T\u00fcr zu einem neuen Universum der Entdeckung ist.<\/p>\n<p><a href=\"https:\/\/das-montessori-spielzeug.de\/wp-content\/uploads\/2023\/09\/ezgif.com-optimize.gif\"><img fetchpriority=\"high\" decoding=\"async\" class=\"aligncenter\" src=\"https:\/\/das-montessori-spielzeug.de\/wp-content\/uploads\/2023\/09\/ezgif.com-optimize.gif\" alt=\"Ein Kind spielt mit einem Holzbrett, auf dem Buchstaben stehen.\" width=\"400\" height=\"400\" title=\"\"><\/a><\/p>\n<h2>Die normale Version geht auf Facebook viral<\/h2>\n<p>Mehr <strong>3000 Kundinnen<\/strong> konnten einen <strong>einzigartiges Geschenk<\/strong> an ihr Kind, einige haben uns das Vergn\u00fcgen gemacht <strong>ihr Gl\u00fcck teilen<\/strong> ! <a href=\"https:\/\/das-montessori-spielzeug.de\/wp-content\/uploads\/2023\/03\/commentaires-fb2.webp\"><img decoding=\"async\" class=\"size-full wp-image-31456 aligncenter\" src=\"https:\/\/das-montessori-spielzeug.de\/wp-content\/uploads\/2023\/03\/commentaires-fb2.webp\" alt=\"Eine Gruppe von Personen wird auf einer Facebook-Seite vorgestellt, wo sie sich mit Puzzle Personalisierter Vorname aus Holz - Einzigartiges und erzieherisches Geschenk engagieren.\" width=\"1080\" height=\"1080\" title=\"\" srcset=\"https:\/\/das-montessori-spielzeug.de\/wp-content\/uploads\/2023\/03\/commentaires-fb2.webp 1080w, https:\/\/das-montessori-spielzeug.de\/wp-content\/uploads\/2023\/03\/commentaires-fb2-300x300.webp 300w, https:\/\/das-montessori-spielzeug.de\/wp-content\/uploads\/2023\/03\/commentaires-fb2-800x800.webp 800w, https:\/\/das-montessori-spielzeug.de\/wp-content\/uploads\/2023\/03\/commentaires-fb2-150x150.webp 150w, https:\/\/das-montessori-spielzeug.de\/wp-content\/uploads\/2023\/03\/commentaires-fb2-768x768.webp 768w, https:\/\/das-montessori-spielzeug.de\/wp-content\/uploads\/2023\/03\/commentaires-fb2-40x40.webp 40w, https:\/\/das-montessori-spielzeug.de\/wp-content\/uploads\/2023\/03\/commentaires-fb2-132x132.webp 132w, https:\/\/das-montessori-spielzeug.de\/wp-content\/uploads\/2023\/03\/commentaires-fb2-12x12.webp 12w, https:\/\/das-montessori-spielzeug.de\/wp-content\/uploads\/2023\/03\/commentaires-fb2-860x860.webp 860w, https:\/\/das-montessori-spielzeug.de\/wp-content\/uploads\/2023\/03\/commentaires-fb2-430x430.webp 430w, https:\/\/das-montessori-spielzeug.de\/wp-content\/uploads\/2023\/03\/commentaires-fb2-700x700.webp 700w\" sizes=\"(max-width: 1080px) 100vw, 1080px\" \/><\/a><\/p>\n<h2><\/h2>\n<h2>Ein Geschenk, das eine Geschichte erz\u00e4hlt<\/h2>\n<p>Schenken Sie mehr als nur ein Spiel. Schenken Sie eine Geschichte - die Geschichte Ihres Kindes. Dieses Puzzle ist nicht nur eine Aneinanderreihung von Buchstaben; es ist der Anfang einer Ostergeschichte, die Ihr kleiner Schatz Tag f\u00fcr Tag schreiben wird. Und um das Abenteuer noch besonderer zu machen, gestalten Sie die R\u00fcckseite mit Ihren Worten - den Worten, die sein Herz erw\u00e4rmen werden.<\/p>\n<h2>Vollst\u00e4ndige Anpassung<\/h2>\n<p>Zus\u00e4tzlich zum Vornamen Ihres Kindes bieten wir eine <strong>pers\u00f6nliche Gravur auf der R\u00fcckseite des Puzzles <\/strong>und ein <strong>St\u00e4nder, um ihn als Dekoration anzuordnen<\/strong>. Dadurch wird das Puzzle zu einem echten Kunstwerk, das Sie und Ihr Kind f\u00fcr <strong>immer<\/strong>.<\/p>\n<p><a href=\"https:\/\/das-montessori-spielzeug.de\/wp-content\/uploads\/2023\/08\/Gravuresupport.png\"><img decoding=\"async\" class=\"aligncenter\" src=\"https:\/\/das-montessori-spielzeug.de\/wp-content\/uploads\/2023\/08\/Gravuresupport.png\" alt=\"Ein Holzpuzzle mit Charlies Namen darauf.\" width=\"800\" height=\"800\" title=\"\"><\/a><\/p>\n<h2>Sonderangebot<\/h2>\n<p>F\u00fcr eine Zeit <strong>begrenzt<\/strong>genie\u00dfen Sie eine <strong>Reduktion von 50%.<\/strong><\/p>\n<p>Verpassen Sie nicht diese Gelegenheit, ein Geschenk zu machen, das das Herz und die Erinnerung Ihres Kindes an Ostern pr\u00e4gen wird!<\/p>\n<p>&nbsp;<\/p>\n<h2>Spezifikationen :<\/h2>\n<ul>\n<li>Gr\u00f6\u00dfe: 20 cm breit und 31 cm (oder 34 cm bei 7 bis 9 Buchstaben) lang<\/li>\n<li>Material: Holz<\/li>\n<li>Farben: Ungiftig<\/li>\n<\/ul>","protected":false},"excerpt":{"rendered":"<p>Ein Holzpuzzle <strong>einzigartige limitierte Osterausgabe<\/strong>. Realisiert <strong>speziell <\/strong>mit dem Vornamen Ihres Kindes.<\/p>\n<ul>\n<li><strong>Entwickelt die Feinmotorik<\/strong><\/li>\n<li><strong>F\u00f6rdert das Erlernen des eigenen Vornamens<\/strong><\/li>\n<li><strong>Originelles, einzigartiges und personalisiertes Geschenk<\/strong><\/li>\n<li><strong>Pastellfarben, sanft und trendy<\/strong><\/li>\n<\/ul>","protected":false},"featured_media":36669,"template":"","meta":[],"product_brand":[],"product_cat":[347,335,341,342,343,344,345,346],"product_tag":[],"class_list":{"0":"post-36614","1":"product","2":"type-product","3":"status-publish","4":"has-post-thumbnail","6":"product_cat-puzzle-enfant","7":"product_cat-jeux-montessori-0-3mois","8":"product_cat-jeux-montessori-6mois-1an","9":"product_cat-jeux-montessori-1an-18mois","10":"product_cat-jeux-montessori-18mois-2ans","11":"product_cat-jeux-montessori-2ans-3-ans","12":"product_cat-jeux-montessori-3ans-4-ans","13":"product_cat-jeux-montessori-4ans-5-plus-ans","15":"first","16":"instock","17":"sale","18":"shipping-taxable","19":"purchasable","20":"product-type-variable"},"_links":{"self":[{"href":"https:\/\/das-montessori-spielzeug.de\/de\/wp-json\/wp\/v2\/product\/36614","targetHints":{"allow":["GET"]}}],"collection":[{"href":"https:\/\/das-montessori-spielzeug.de\/de\/wp-json\/wp\/v2\/product"}],"about":[{"href":"https:\/\/das-montessori-spielzeug.de\/de\/wp-json\/wp\/v2\/types\/product"}],"version-history":[{"count":0,"href":"https:\/\/das-montessori-spielzeug.de\/de\/wp-json\/wp\/v2\/product\/36614\/revisions"}],"wp:featuredmedia":[{"embeddable":true,"href":"https:\/\/das-montessori-spielzeug.de\/de\/wp-json\/wp\/v2\/media\/36669"}],"wp:attachment":[{"href":"https:\/\/das-montessori-spielzeug.de\/de\/wp-json\/wp\/v2\/media?parent=36614"}],"wp:term":[{"taxonomy":"product_brand","embeddable":true,"href":"https:\/\/das-montessori-spielzeug.de\/de\/wp-json\/wp\/v2\/product_brand?post=36614"},{"taxonomy":"product_cat","embeddable":true,"href":"https:\/\/das-montessori-spielzeug.de\/de\/wp-json\/wp\/v2\/product_cat?post=36614"},{"taxonomy":"product_tag","embeddable":true,"href":"https:\/\/das-montessori-spielzeug.de\/de\/wp-json\/wp\/v2\/product_tag?post=36614"}],"curies":[{"name":"wp","href":"https:\/\/api.w.org\/{rel}","templated":true}]}}