{"id":30878,"date":"2024-01-19T15:20:00","date_gmt":"2024-01-19T15:20:00","guid":{"rendered":"https:\/\/das-montessori-spielzeug.de\/?post_type=product&#038;p=30878"},"modified":"2026-02-02T12:32:23","modified_gmt":"2026-02-02T11:32:23","slug":"quickpush-spielzeug-reflex-schnelligkeit-memory-3-jahre","status":"publish","type":"product","link":"https:\/\/das-montessori-spielzeug.de\/de\/product\/quickpush-spielzeug-reflex-schnelligkeit-memory-3-jahre","title":{"rendered":"QuickPush - Spielzeug f\u00fcr Reflexe, Schnelligkeit und Ged\u00e4chtnis Ab 3 Jahre"},"content":{"rendered":"<h2>Entdecken Sie das neueste Trendspiel, das Reflexe, Schnelligkeit und Ged\u00e4chtnis trainiert.<\/h2>\n<p>Lassen Sie sich von der neuesten angesagten Spielkonsole \u00fcberraschen: der <strong>QuickPush<\/strong>. F\u00fcr alle, die nach endloser Unterhaltung suchen! Hier sind einige der wichtigsten Vorteile :<\/p>\n<ul>\n<li><strong>Unendliche Unterhaltung<\/strong> Die verschiedenen Spielmodi sorgen daf\u00fcr, dass Ihr Kind stundenlang Spa\u00df hat.<\/li>\n<li><strong>Vier Spielmodi<\/strong> : Mit dem Levelmodus, dem Memorymodus, dem Scoremodus und dem Mehrspielermodus gibt es immer neue M\u00f6glichkeiten, sich zu am\u00fcsieren.<\/li>\n<li><strong>Tragbar und praktisch<\/strong> : Funktioniert mit drei Batterien, um immer und \u00fcberall zu spielen.<\/li>\n<\/ul>\n<p><a href=\"https:\/\/das-montessori-spielzeug.de\/wp-content\/uploads\/2024\/01\/1693857378b2620a4103-ezgif.com-optimize.gif\"><img fetchpriority=\"high\" decoding=\"async\" class=\"size-full wp-image-30896 aligncenter\" src=\"https:\/\/das-montessori-spielzeug.de\/wp-content\/uploads\/2024\/01\/1693857378b2620a4103-ezgif.com-optimize.gif\" alt=\"Eine Person, die ihre schnellen Reflexe mit dem QuickPush - Reflex- und Schnelligkeitsspielzeug ab 3 Jahren hervorhebt.\" width=\"240\" height=\"426\" title=\"\"><\/a><\/p>\n<p>&nbsp;<\/p>\n<h2>Ein Spielzeug, das Ihren Erwartungen entspricht<\/h2>\n<p>Schluss mit der Langeweile! Die <u>Quick Push-Spielkonsole<\/u> verspricht Ihnen stundenlange interaktive Unterhaltung. Egal, ob Sie sich einfach nur in Ihrer Freizeit unterhalten oder Ihre Freunde herausfordern wollen, dieses technische Wunderwerk wird Ihre Erwartungen erf\u00fcllen. Dank der unglaublichen Robustheit und der einfachen Bedienung werden Sie Ihre Quick Push-Spielkonsole nicht mehr missen wollen.<\/p>\n<p><a href=\"https:\/\/das-montessori-spielzeug.de\/wp-content\/uploads\/2024\/01\/169386002959564d3f57.webp\"><img decoding=\"async\" class=\"size-full wp-image-30890 aligncenter\" src=\"https:\/\/das-montessori-spielzeug.de\/wp-content\/uploads\/2024\/01\/169386002959564d3f57.webp\" alt=\"Ein kleines M\u00e4dchen in einem Autositz, das den QuickPush h\u00e4lt - Reflex- und Geschwindigkeitsspielzeug ab 3 Jahren, das scharfe Reflexe und Schnelligkeit demonstriert.\" width=\"460\" height=\"460\" title=\"\" srcset=\"https:\/\/das-montessori-spielzeug.de\/wp-content\/uploads\/2024\/01\/169386002959564d3f57.webp 460w, https:\/\/das-montessori-spielzeug.de\/wp-content\/uploads\/2024\/01\/169386002959564d3f57-300x300.webp 300w, https:\/\/das-montessori-spielzeug.de\/wp-content\/uploads\/2024\/01\/169386002959564d3f57-150x150.webp 150w, https:\/\/das-montessori-spielzeug.de\/wp-content\/uploads\/2024\/01\/169386002959564d3f57-40x40.webp 40w, https:\/\/das-montessori-spielzeug.de\/wp-content\/uploads\/2024\/01\/169386002959564d3f57-132x132.webp 132w, https:\/\/das-montessori-spielzeug.de\/wp-content\/uploads\/2024\/01\/169386002959564d3f57-12x12.webp 12w, https:\/\/das-montessori-spielzeug.de\/wp-content\/uploads\/2024\/01\/169386002959564d3f57-430x430.webp 430w\" sizes=\"(max-width: 460px) 100vw, 460px\" \/><\/a><\/p>\n<h3>Sicherheit auf Knopfdruck<\/h3>\n<p>Sie k\u00f6nnen Spa\u00df haben, ohne dass Sie Gefahr laufen, sich zu verletzen. Achten Sie nur darauf, dass Ihre Fingern\u00e4gel bei der Benutzung des Spiels nicht zu lang sind. Ihr Kauf umfasst eine Verpackungsschachtel, eine Quick Push-Spielkonsole und eine ausf\u00fchrliche Bedienungsanleitung.<\/p>\n<h2>Bestellen Sie jetzt Ihren QuickPush<\/h2>\n<p><a href=\"https:\/\/das-montessori-spielzeug.de\/wp-content\/uploads\/2024\/01\/16938599508d18c593d1.jpeg\"><img decoding=\"async\" class=\"wp-image-30889 aligncenter\" src=\"https:\/\/das-montessori-spielzeug.de\/wp-content\/uploads\/2024\/01\/16938599508d18c593d1.jpeg\" alt=\"Zwei Kinder sitzen auf einem Sofa und halten Spielzeug in der Hand. Sie spielen mit dem QuickPush - Reflex- und Schnelligkeitsspielzeug ab 3 Jahren, einem Reflex- und Schnelligkeitsspiel, das f\u00fcr Kinder ab 3 Jahren geeignet ist.\" width=\"550\" height=\"550\" title=\"\" srcset=\"https:\/\/das-montessori-spielzeug.de\/wp-content\/uploads\/2024\/01\/16938599508d18c593d1.jpeg 720w, https:\/\/das-montessori-spielzeug.de\/wp-content\/uploads\/2024\/01\/16938599508d18c593d1-300x300.jpeg 300w, https:\/\/das-montessori-spielzeug.de\/wp-content\/uploads\/2024\/01\/16938599508d18c593d1-150x150.jpeg 150w, https:\/\/das-montessori-spielzeug.de\/wp-content\/uploads\/2024\/01\/16938599508d18c593d1-40x40.jpeg 40w, https:\/\/das-montessori-spielzeug.de\/wp-content\/uploads\/2024\/01\/16938599508d18c593d1-132x132.jpeg 132w, https:\/\/das-montessori-spielzeug.de\/wp-content\/uploads\/2024\/01\/16938599508d18c593d1-12x12.jpeg 12w, https:\/\/das-montessori-spielzeug.de\/wp-content\/uploads\/2024\/01\/16938599508d18c593d1-430x430.jpeg 430w, https:\/\/das-montessori-spielzeug.de\/wp-content\/uploads\/2024\/01\/16938599508d18c593d1-700x700.jpeg 700w\" sizes=\"(max-width: 550px) 100vw, 550px\" \/><\/a><\/p>\n<h3>Verpassen Sie nicht Ihre Chance, im Stil zu spielen<\/h3>\n<p>Verpassen Sie nicht Ihre Chance, die Aufregung schneller Spiele zu erleben. G\u00f6nnen Sie sich mit dieser unglaublichen Konsole ein befriedigendes Spiel und eine verbesserte Konzentration. <strong>Bestellen Sie jetzt Ihren QuickPush<\/strong> und bereiten Sie sich auf das beste Spielerlebnis Ihres Lebens vor.<\/p>","protected":false},"excerpt":{"rendered":"<p>Erleben Sie mit der Konsole ein v\u00f6llig neues Spielerlebnis <strong>ohne Bildschirm<\/strong> QuickPush, ein wahres Meisterwerk unersch\u00f6pflicher Unterhaltung.<\/p>\n<ul>\n<li>Unendliche Unterhaltung<\/li>\n<li>Mehrere innovative Spielmodi<\/li>\n<li>Benutzerkomfort ab 3 Jahren<\/li>\n<\/ul>\n<p>Diese widerstandsf\u00e4hige Konsole bietet verschiedene Spielmodi, mit denen Sie Ihre Kinder endlos unterhalten k\u00f6nnen. Sie hat die perfekte Gr\u00f6\u00dfe, um in Kinderh\u00e4nde zu passen und \u00fcberall hin mitgenommen werden zu k\u00f6nnen. Widerstehen Sie der Versuchung nicht: Bestellen Sie noch heute die QuickPush-Spielkonsole ohne Bildschirme!<\/p>","protected":false},"featured_media":30893,"template":"","meta":[],"product_brand":[],"product_cat":[358,378],"product_tag":[],"class_list":{"0":"post-30878","1":"product","2":"type-product","3":"status-publish","4":"has-post-thumbnail","6":"product_cat-jeu-logique","7":"product_cat-jeu-societe","9":"first","10":"instock","11":"sale","12":"shipping-taxable","13":"purchasable","14":"product-type-variable","15":"has-default-attributes"},"_links":{"self":[{"href":"https:\/\/das-montessori-spielzeug.de\/de\/wp-json\/wp\/v2\/product\/30878","targetHints":{"allow":["GET"]}}],"collection":[{"href":"https:\/\/das-montessori-spielzeug.de\/de\/wp-json\/wp\/v2\/product"}],"about":[{"href":"https:\/\/das-montessori-spielzeug.de\/de\/wp-json\/wp\/v2\/types\/product"}],"version-history":[{"count":0,"href":"https:\/\/das-montessori-spielzeug.de\/de\/wp-json\/wp\/v2\/product\/30878\/revisions"}],"wp:featuredmedia":[{"embeddable":true,"href":"https:\/\/das-montessori-spielzeug.de\/de\/wp-json\/wp\/v2\/media\/30893"}],"wp:attachment":[{"href":"https:\/\/das-montessori-spielzeug.de\/de\/wp-json\/wp\/v2\/media?parent=30878"}],"wp:term":[{"taxonomy":"product_brand","embeddable":true,"href":"https:\/\/das-montessori-spielzeug.de\/de\/wp-json\/wp\/v2\/product_brand?post=30878"},{"taxonomy":"product_cat","embeddable":true,"href":"https:\/\/das-montessori-spielzeug.de\/de\/wp-json\/wp\/v2\/product_cat?post=30878"},{"taxonomy":"product_tag","embeddable":true,"href":"https:\/\/das-montessori-spielzeug.de\/de\/wp-json\/wp\/v2\/product_tag?post=30878"}],"curies":[{"name":"wp","href":"https:\/\/api.w.org\/{rel}","templated":true}]}}