{"id":28295,"date":"2023-12-30T21:55:50","date_gmt":"2023-12-30T21:55:50","guid":{"rendered":"https:\/\/das-montessori-spielzeug.de\/?post_type=product&#038;p=28295"},"modified":"2026-03-17T15:58:59","modified_gmt":"2026-03-17T14:58:59","slug":"3d-holzpuzzle-verschiedene-motive","status":"publish","type":"product","link":"https:\/\/das-montessori-spielzeug.de\/de\/product\/3d-holzpuzzle-verschiedene-motive","title":{"rendered":"3D-Holzpuzzle Verschiedene Motive"},"content":{"rendered":"<h2>Entdecken Sie das Verschiedene Holz- und 3D-Puzzle, Perfekt f\u00fcr Kinder von 3-4 Jahren<\/h2>\n<p><b>Weihnachten r\u00fcckt schnell n\u00e4her und Sie suchen ein Geschenk, das nicht nur Ihre Kinder erfreut, sondern auch zu ihrer <u>Entwicklung<\/u>. Suchen Sie nicht weiter, wir haben genau das Richtige f\u00fcr Sie: den <b>Verschiedene Puzzles aus Holz und in 3D<\/b>Das Buch ist f\u00fcr Kinder im Alter von 3 bis 4 Jahren geeignet. <\/b><\/p>\n<ul>\n<li><i>F\u00f6rdert die geistige Beweglichkeit<\/i><\/li>\n<li><b>Ermutigt zu Geduld<\/b><\/li>\n<li><u>Entwickelt die Hand-Augen-Koordination<\/u><\/li>\n<\/ul>\n<p>Seine <i>Holzdesign<\/i> bietet eine l\u00e4ngere Haltbarkeit und eine attraktive Textur, die die Sinne anregt. Die St\u00fccke sind leicht zu handhaben und helfen Ihrem Kind, eine bessere <b>Hand-Augen-Koordination<\/b>.<\/p>\n<h3>Ein lehrreiches und unterhaltsames Spiel<\/h3>\n<p>Puzzles sind ein hervorragendes Mittel, um Ihrem Kind bei der Entwicklung wichtiger F\u00e4higkeiten zu helfen. Unseres, das speziell f\u00fcr Kinder von <b>3 bis 4 Jahre<\/b>In der Schule k\u00f6nnen die Sch\u00fclerinnen und Sch\u00fcler auf spielerische Weise lernen.<\/p>\n<h3>Ein perfektes Geschenk f\u00fcr die Entwicklung<\/h3>\n<p>Lernen sollte nicht langweilig sein. Deshalb ist unser Diverses Puzzle aus Holz und in 3D bei Kindern sehr beliebt! Es dient nicht nur als wunderbares <b>Lernwerkzeug<\/b>sondern auch ein <u>sch\u00f6nes Geschenk<\/u> zu Weihnachten oder zum Geburtstag.<\/p>\n<h2>Bestellen Sie jetzt Ihr Diverses Puzzle aus Holz und in 3D!<\/h2>\n<p>Verpassen Sie nicht die Gelegenheit, Ihrem Kind ein Spielzeug zu schenken, das sie engagiert h\u00e4lt und ihnen gleichzeitig erm\u00f6glicht, Neues zu lernen. <u>neue F\u00e4higkeiten<\/u>. <b>Bestellen Sie<\/b> jetzt Ihr Diverses Puzzle aus Holz und in 3D!<\/p>","protected":false},"excerpt":{"rendered":"<p>Lassen Sie Ihre Kinder die wunderbare Welt des Puzzle-L\u00f6sens mit unserem faszinierenden <b>Verschiedene Holz- und 3D-Puzzles<\/b>Das Buch wurde speziell entwickelt, um Anf\u00e4nger im Alter von 3 bis 4 Jahren zu begeistern.<\/p>\n<ul>\n<li><b>Macht das Lernen unterhaltsam<\/b><\/li>\n<li><b>F\u00f6rdert die motorische Koordination<\/b><\/li>\n<li><b>Sorgt f\u00fcr au\u00dfergew\u00f6hnliche Haltbarkeit<\/b><\/li>\n<\/ul>","protected":false},"featured_media":28209,"template":"","meta":[],"product_brand":[],"product_cat":[347,344,345],"product_tag":[],"class_list":{"0":"post-28295","1":"product","2":"type-product","3":"status-publish","4":"has-post-thumbnail","6":"product_cat-puzzle-enfant","7":"product_cat-jeux-montessori-2ans-3-ans","8":"product_cat-jeux-montessori-3ans-4-ans","10":"first","11":"instock","12":"sale","13":"shipping-taxable","14":"purchasable","15":"product-type-variable"},"_links":{"self":[{"href":"https:\/\/das-montessori-spielzeug.de\/de\/wp-json\/wp\/v2\/product\/28295","targetHints":{"allow":["GET"]}}],"collection":[{"href":"https:\/\/das-montessori-spielzeug.de\/de\/wp-json\/wp\/v2\/product"}],"about":[{"href":"https:\/\/das-montessori-spielzeug.de\/de\/wp-json\/wp\/v2\/types\/product"}],"version-history":[{"count":0,"href":"https:\/\/das-montessori-spielzeug.de\/de\/wp-json\/wp\/v2\/product\/28295\/revisions"}],"wp:featuredmedia":[{"embeddable":true,"href":"https:\/\/das-montessori-spielzeug.de\/de\/wp-json\/wp\/v2\/media\/28209"}],"wp:attachment":[{"href":"https:\/\/das-montessori-spielzeug.de\/de\/wp-json\/wp\/v2\/media?parent=28295"}],"wp:term":[{"taxonomy":"product_brand","embeddable":true,"href":"https:\/\/das-montessori-spielzeug.de\/de\/wp-json\/wp\/v2\/product_brand?post=28295"},{"taxonomy":"product_cat","embeddable":true,"href":"https:\/\/das-montessori-spielzeug.de\/de\/wp-json\/wp\/v2\/product_cat?post=28295"},{"taxonomy":"product_tag","embeddable":true,"href":"https:\/\/das-montessori-spielzeug.de\/de\/wp-json\/wp\/v2\/product_tag?post=28295"}],"curies":[{"name":"wp","href":"https:\/\/api.w.org\/{rel}","templated":true}]}}