{"id":28255,"date":"2023-12-30T21:55:02","date_gmt":"2023-12-30T21:55:02","guid":{"rendered":"https:\/\/das-montessori-spielzeug.de\/?post_type=product&#038;p=28255"},"modified":"2026-01-28T12:59:07","modified_gmt":"2026-01-28T11:59:07","slug":"23-2-teiliges-puzzle-fur-kinder-3-jahre","status":"publish","type":"product","link":"https:\/\/das-montessori-spielzeug.de\/de\/product\/23-2-teiliges-puzzle-fur-kinder-3-jahre","title":{"rendered":"23 2-teiliges Puzzle f\u00fcr Kinder 3 Jahre"},"content":{"rendered":"<h2>Entdecken Sie die Themenbox mit 23 Puzzles f\u00fcr Kinder<\/h2>\n<p>Entdecken Sie eine zauberhafte Welt mit unserem <strong>Themenbox mit 23 Puzzles<\/strong>. Perfekt f\u00fcr das Lernen und die Unterhaltung von Kindern. Dieses Set bringt nicht nur Spa\u00df, sondern f\u00f6rdert auch die Konzentration und die Feinmotorik. Jedes Puzzle besteht aus zwei Teilen und ist f\u00fcr Kinder ab 3 Jahren geeignet.<\/p>\n<ul>\n<li><strong>Lernen macht Spa\u00df:<\/strong> Puzzles helfen, die Hand-Augen-Koordination zu verbessern.<\/li>\n<li><strong>Kreativit\u00e4t:<\/strong> Eine gro\u00dfe Auswahl an Themen, um die Fantasie anzuregen.<\/li>\n<li><strong>H\u00f6chste Qualit\u00e4t:<\/strong> Hergestellt aus haltbarem Material, um eine lange Lebensdauer zu gew\u00e4hrleisten.<\/li>\n<\/ul>\n<h2>Ein Nest des Lernens und der Unterhaltung<\/h2>\n<p>Jede <em>Themenbox mit 23 Puzzles<\/em> strotzt nur so vor Abenteuern und Entdeckungen. Verschiedene Themen regen die Sinne Ihrer Kinder an und entf\u00fchren sie in eine Welt voller \u00fcberbordender Kreativit\u00e4t. Ob Tiere, Autos oder Prinzessinnen - f\u00fcr jeden Geschmack gibt es das passende Puzzle.<\/p>\n<h3>W\u00e4hlen Sie Exzellenz f\u00fcr Ihre Kinder<\/h3>\n<p>Diese Puzzles sind mehr als nur ein Spielzeug. Sie sind so konzipiert, dass sie sowohl lehrreich als auch unterhaltsam sind. Bieten Sie Ihren Kindern also die M\u00f6glichkeit, Spa\u00df zu haben und gleichzeitig zu lernen.<\/p>\n<h3>Entscheiden Sie sich f\u00fcr Qualit\u00e4tsspielzeug<\/h3>\n<p>Hergestellt mit besonderem Augenmerk auf Haltbarkeit, h\u00e4lt jedes Puzzleteil dem Lauf der Zeit stand. Der Spa\u00df und das Lernen h\u00f6ren nie auf mit unserem <u>Themenbox mit 23 Puzzles.<\/u><\/p>\n<p>Lassen Sie sich diese Gelegenheit nicht entgehen, Ihre Kinder zu erfreuen und zu erziehen. <strong>F\u00fcgen Sie die Themenbox mit 23 Puzzles jetzt Ihrem Warenkorb hinzu!<\/strong><\/p>","protected":false},"excerpt":{"rendered":"<p>Erleben Sie Bildungsspa\u00df mit unserem eleganten <strong>Themenbox mit 23 Puzzles<\/strong>Mit diesem Spiel k\u00f6nnen Sie die Sinne Ihrer Kinder anregen und gleichzeitig Spa\u00df haben!<\/p>\n<ul>\n<li>Stimuliert die kreative Intelligenz<\/li>\n<li>St\u00e4rkt die motorische Koordination<\/li>\n<li>Garantiert au\u00dfergew\u00f6hnliche Haltbarkeit<\/li>\n<\/ul>","protected":false},"featured_media":28185,"template":"","meta":[],"product_brand":[],"product_cat":[359,347,343,344],"product_tag":[],"class_list":{"0":"post-28255","1":"product","2":"type-product","3":"status-publish","4":"has-post-thumbnail","6":"product_cat-jouet-assemblage","7":"product_cat-puzzle-enfant","8":"product_cat-jeux-montessori-18mois-2ans","9":"product_cat-jeux-montessori-2ans-3-ans","11":"first","12":"instock","13":"shipping-taxable","14":"purchasable","15":"product-type-variable"},"_links":{"self":[{"href":"https:\/\/das-montessori-spielzeug.de\/de\/wp-json\/wp\/v2\/product\/28255","targetHints":{"allow":["GET"]}}],"collection":[{"href":"https:\/\/das-montessori-spielzeug.de\/de\/wp-json\/wp\/v2\/product"}],"about":[{"href":"https:\/\/das-montessori-spielzeug.de\/de\/wp-json\/wp\/v2\/types\/product"}],"version-history":[{"count":0,"href":"https:\/\/das-montessori-spielzeug.de\/de\/wp-json\/wp\/v2\/product\/28255\/revisions"}],"wp:featuredmedia":[{"embeddable":true,"href":"https:\/\/das-montessori-spielzeug.de\/de\/wp-json\/wp\/v2\/media\/28185"}],"wp:attachment":[{"href":"https:\/\/das-montessori-spielzeug.de\/de\/wp-json\/wp\/v2\/media?parent=28255"}],"wp:term":[{"taxonomy":"product_brand","embeddable":true,"href":"https:\/\/das-montessori-spielzeug.de\/de\/wp-json\/wp\/v2\/product_brand?post=28255"},{"taxonomy":"product_cat","embeddable":true,"href":"https:\/\/das-montessori-spielzeug.de\/de\/wp-json\/wp\/v2\/product_cat?post=28255"},{"taxonomy":"product_tag","embeddable":true,"href":"https:\/\/das-montessori-spielzeug.de\/de\/wp-json\/wp\/v2\/product_tag?post=28255"}],"curies":[{"name":"wp","href":"https:\/\/api.w.org\/{rel}","templated":true}]}}