{"id":28239,"date":"2023-12-30T21:54:46","date_gmt":"2023-12-30T21:54:46","guid":{"rendered":"https:\/\/das-montessori-spielzeug.de\/?post_type=product&#038;p=28239"},"modified":"2026-05-04T07:43:17","modified_gmt":"2026-05-04T05:43:17","slug":"magische-taschentuchbox","status":"publish","type":"product","link":"https:\/\/das-montessori-spielzeug.de\/de\/product\/magische-taschentuchbox","title":{"rendered":"Magische Taschentuchbox"},"content":{"rendered":"<h2>Verwandeln Sie das Spiel Ihres Kindes mit unserer Magischen Taschentuchbox<\/h2>\n<p>Entdecken Sie unsere Magische Taschentuchbox<b>,<\/b> wurde entwickelt, um die Sinneswahrnehmung von Kleinkindern zu f\u00f6rdern. Mit farbenfrohen und lehrreichen Aufdrucken f\u00f6rdert dieses Spielzeug das H\u00f6r- und Sehverm\u00f6gen Ihres Kindes durch das Erkennen von Texturen, Ger\u00e4uschen und Farben.<\/p>\n<ul>\n<li>Verbessert die fr\u00fche Entwicklung des Gehirns<\/li>\n<li>Weckt die Sinne Ihrer Kleinsten<\/li>\n<li>F\u00f6rdert die sensorische Erkennung<\/li>\n<\/ul>\n<h3>Weiche, sichere und wiederverwendbare Materialien f\u00fcr den Komfort Ihres Kindes<\/h3>\n<p>Aus hochwertigem, weichem Stoff gefertigt, erm\u00f6glicht dieses kreative Lernspielzeug Ihrem Kind ein sicheres Spielen. Es ist <b>waschbar, verblasst nicht und verformt sich nicht<\/b> . Kein Risiko, selbst wenn Ihr Kleines das Spielzeug in den Mund nimmt!<\/p>\n<h2>Ein komplettes Set f\u00fcr stundenlange Abwechslung<\/h2>\n<p>Das Set enth\u00e4lt unz\u00e4hlige Lernelemente: Zahlen, Buchstaben, Fr\u00fcchte, Tiere, Farben... Mit dieser magischen Box k\u00f6nnen Babys stundenlang entdecken und lernen.<\/p>\n<h3>Bunt und Fr\u00f6hlich: Eine Erkundungstour f\u00fcr alle Sinne<\/h3>\n<p>Lassen Sie Ihr Baby mit den verschiedenen Stoffarten dieses Montessori-Spielzeugs neue Texturen und Kl\u00e4nge entdecken. Jede Seite hat ein anderes, gl\u00e4nzendes und farbenfrohes Muster. Um die Neugier Ihres Kindes zu wecken, knistern die Stoffe, wenn sie angefasst werden.<\/p>\n<p><i>Bereiten Sie sich darauf vor, dass das Gesicht Ihres Kindes mit unserer Magischen Taschentuchbox vor Freude strahlen wird. <u>Nicht verpassen!<\/u> Bei einem Kauf kommt es auf den Zeitpunkt an.<\/i><\/p>","protected":false},"excerpt":{"rendered":"<p>L\u00f6sen Sie das Erwachen Ihres Kindes mit unserer Magischen Taschentuchbox aus, die mit viel Feingef\u00fchl f\u00fcr eine sinnliche Erkundung entworfen wurde.<\/p>\n<ul>\n<li>Stimuliert die sensorischen Sinne<\/li>\n<li>Sicher und ungef\u00e4hrlich<\/li>\n<li>Entdecken mit Spa\u00df<\/li>\n<\/ul>","protected":false},"featured_media":28196,"template":"","meta":[],"product_brand":[],"product_cat":[360,361,459,350,335,341],"product_tag":[],"class_list":{"0":"post-28239","1":"product","2":"type-product","3":"status-publish","4":"has-post-thumbnail","6":"product_cat-jouet-eveil","7":"product_cat-jouet-tissu","8":"product_cat-materiel-deveil","9":"product_cat-materiel-eveil","10":"product_cat-jeux-montessori-0-3mois","11":"product_cat-jeux-montessori-6mois-1an","13":"first","14":"instock","15":"sale","16":"shipping-taxable","17":"purchasable","18":"product-type-variable"},"_links":{"self":[{"href":"https:\/\/das-montessori-spielzeug.de\/de\/wp-json\/wp\/v2\/product\/28239","targetHints":{"allow":["GET"]}}],"collection":[{"href":"https:\/\/das-montessori-spielzeug.de\/de\/wp-json\/wp\/v2\/product"}],"about":[{"href":"https:\/\/das-montessori-spielzeug.de\/de\/wp-json\/wp\/v2\/types\/product"}],"version-history":[{"count":0,"href":"https:\/\/das-montessori-spielzeug.de\/de\/wp-json\/wp\/v2\/product\/28239\/revisions"}],"wp:featuredmedia":[{"embeddable":true,"href":"https:\/\/das-montessori-spielzeug.de\/de\/wp-json\/wp\/v2\/media\/28196"}],"wp:attachment":[{"href":"https:\/\/das-montessori-spielzeug.de\/de\/wp-json\/wp\/v2\/media?parent=28239"}],"wp:term":[{"taxonomy":"product_brand","embeddable":true,"href":"https:\/\/das-montessori-spielzeug.de\/de\/wp-json\/wp\/v2\/product_brand?post=28239"},{"taxonomy":"product_cat","embeddable":true,"href":"https:\/\/das-montessori-spielzeug.de\/de\/wp-json\/wp\/v2\/product_cat?post=28239"},{"taxonomy":"product_tag","embeddable":true,"href":"https:\/\/das-montessori-spielzeug.de\/de\/wp-json\/wp\/v2\/product_tag?post=28239"}],"curies":[{"name":"wp","href":"https:\/\/api.w.org\/{rel}","templated":true}]}}