{"id":28238,"date":"2023-12-30T21:54:46","date_gmt":"2023-12-30T21:54:46","guid":{"rendered":"https:\/\/das-montessori-spielzeug.de\/?post_type=product&#038;p=28238"},"modified":"2026-02-09T16:23:14","modified_gmt":"2026-02-09T15:23:14","slug":"puzzle-kind-2-jahre-assoziation-bilder","status":"publish","type":"product","link":"https:\/\/das-montessori-spielzeug.de\/de\/product\/puzzle-kind-2-jahre-assoziation-bilder","title":{"rendered":"Puzzle Kind 2 Jahre - Bildzuordnung"},"content":{"rendered":"<h2>Entdecken Sie 4 verschiedene Farbk\u00e4sten mit zweigeteilten Bildern, die Sie zusammensetzen k\u00f6nnen.<\/h2>\n<p>Stunden voller Spa\u00df und Entwicklung erwarten Ihre Kinder mit unseren <b>4 Schachteln in verschiedenen Farben<\/b>Jede Box enth\u00e4lt <u>halbierte Bilder bereit zum Zusammensetzen<\/u>. Tauchen Sie ein in eine faszinierende Welt, in der Lernen spielerisch auf Lernen trifft.<\/p>\n<ul>\n<li><b>Stimuliert die Wachheit :<\/b> Begleiten Sie die Fortschritte Ihres Kindes, indem Sie es ermutigen, die Bilder zusammenzusetzen.<\/li>\n<li><b>Vielfalt und \u00dcberraschung :<\/b> Jede der vier Boxen bietet ein einzigartiges Abenteuer mit abwechslungsreichen Bildern, die es zu entdecken gilt.<\/li>\n<li><b>Attraktives Design :<\/b> Bunte Boxen, die die Aufmerksamkeit auf sich ziehen und die Kreativit\u00e4t anregen.<\/li>\n<\/ul>\n<h2>Eine ideale Wahl f\u00fcr ein Geschenk<\/h2>\n<p>Suchen Sie nach dem perfekten Geschenk, um die Entwicklung Ihres Kindes zu f\u00f6rdern? Dann brauchen Sie nicht weiter zu suchen. Die robusten und farbenfrohen Teile unserer Boxen werden kleine, lernbegierige H\u00e4nde begeistern. Sie f\u00f6rdern die <i>Feinmotorik<\/i> und das <b>Logik<\/b> Ihres Kleinkindes, w\u00e4hrend es Spa\u00df macht.<\/p>\n<h3>Praktisch zu verstauen und zu transportieren<\/h3>\n<p>Nach dem Spielen aufzur\u00e4umen war noch nie so einfach. Jede Schachtel ist so gestaltet, dass <u>Bilder aufnehmen<\/u> nach ihrer Verwendung. Die Boxen sind leicht zu transportieren und werden schnell zu einem unverzichtbaren Accessoire f\u00fcr unterwegs.<\/p>\n<h2>Anpassbar und erweiterbar<\/h2>\n<p>F\u00fchren Sie Ihr Kind schon fr\u00fch an die Freuden des Zusammensetzens heran. Wenn es \u00e4lter wird, werden die Herausforderungen, die die Bilder zum Zusammensetzen bieten, immer komplexer. Das ist eine <i>skalierbare Aktivit\u00e4t<\/i> der mit ihm w\u00e4chst.<\/p>\n<h3>Eine Investition in die Entwicklung Ihres Kindes<\/h3>\n<p><b>Unsere 4 Schachteln ausw\u00e4hlen<\/b> in verschiedenen Farben zu kaufen, ist eine Investition in die Entwicklung Ihres Kindes.<\/p>\n<p>Lassen Sie sich diese Chance nicht entgehen. <u>Legen Sie jetzt alle 4 Schachteln in Ihren Warenkorb<\/u> und beobachten Sie, wie das L\u00e4cheln auf dem Gesicht Ihres Kindes immer breiter wird, w\u00e4hrend es die Bilder zusammensetzt.<\/p>","protected":false},"excerpt":{"rendered":"<p>Tauchen Sie mit unseren vier verschiedenfarbigen Schachteln in eine bunte Welt des Entdeckens und Lernens ein. Dieses spielerische Werkzeug wurde entwickelt, um die Wachheit und die Feinmotorik Ihres Kindes zu f\u00f6rdern.<\/p>\n<ul>\n<li><b>Spielerisches Erwachen :<\/b> Lernen mit Spa\u00df.<\/li>\n<li><b>Farbvielfalt :<\/b> F\u00f6rdert die Kreativit\u00e4t.<\/li>\n<li><b>Skalierbare Funktion :<\/b> W\u00e4chst mit dem Kind.<\/li>\n<\/ul>","protected":false},"featured_media":28186,"template":"","meta":[],"product_brand":[],"product_cat":[343,344],"product_tag":[],"class_list":{"0":"post-28238","1":"product","2":"type-product","3":"status-publish","4":"has-post-thumbnail","6":"product_cat-jeux-montessori-18mois-2ans","7":"product_cat-jeux-montessori-2ans-3-ans","9":"first","10":"instock","11":"sale","12":"shipping-taxable","13":"purchasable","14":"product-type-variable"},"_links":{"self":[{"href":"https:\/\/das-montessori-spielzeug.de\/de\/wp-json\/wp\/v2\/product\/28238","targetHints":{"allow":["GET"]}}],"collection":[{"href":"https:\/\/das-montessori-spielzeug.de\/de\/wp-json\/wp\/v2\/product"}],"about":[{"href":"https:\/\/das-montessori-spielzeug.de\/de\/wp-json\/wp\/v2\/types\/product"}],"version-history":[{"count":0,"href":"https:\/\/das-montessori-spielzeug.de\/de\/wp-json\/wp\/v2\/product\/28238\/revisions"}],"wp:featuredmedia":[{"embeddable":true,"href":"https:\/\/das-montessori-spielzeug.de\/de\/wp-json\/wp\/v2\/media\/28186"}],"wp:attachment":[{"href":"https:\/\/das-montessori-spielzeug.de\/de\/wp-json\/wp\/v2\/media?parent=28238"}],"wp:term":[{"taxonomy":"product_brand","embeddable":true,"href":"https:\/\/das-montessori-spielzeug.de\/de\/wp-json\/wp\/v2\/product_brand?post=28238"},{"taxonomy":"product_cat","embeddable":true,"href":"https:\/\/das-montessori-spielzeug.de\/de\/wp-json\/wp\/v2\/product_cat?post=28238"},{"taxonomy":"product_tag","embeddable":true,"href":"https:\/\/das-montessori-spielzeug.de\/de\/wp-json\/wp\/v2\/product_tag?post=28238"}],"curies":[{"name":"wp","href":"https:\/\/api.w.org\/{rel}","templated":true}]}}