{"id":25197,"date":"2023-12-10T13:38:19","date_gmt":"2023-12-10T13:38:19","guid":{"rendered":"https:\/\/das-montessori-spielzeug.de\/?post_type=product&#038;p=25197"},"modified":"2025-06-29T21:54:15","modified_gmt":"2025-06-29T19:54:15","slug":"meine-ersten-worte-leser-flashkarten-sprechende-padagogische-kind","status":"publish","type":"product","link":"https:\/\/das-montessori-spielzeug.de\/de\/product\/meine-ersten-worte-leser-flashkarten-sprechende-padagogische-kind","title":{"rendered":"Meine ersten W\u00f6rter | Sprechende Lernkarten auf Deutsch | 1 bis 6 Jahre"},"content":{"rendered":"<h2><strong>Das spielerische Lernen von Vokabeln f\u00fcr Kinder<\/strong><\/h2>\n<p>Von Bildungsexperten entworfen, um anzuregen <strong>das Lernen<\/strong> ganz in <strong>sich am\u00fcsieren<\/strong>Diese Karten revolutionieren die Art und Weise, wie Kinder neue W\u00f6rter lernen. Neben den Lesezeiten mit den Eltern ist dies wirklich der ideale Begleiter beim Lernen von W\u00f6rtern.<\/p>\n<ul>\n<li><strong>Interaktives Lernen<\/strong> : Unsere Karten sprechen und imitieren die Tiere, wodurch das Lernen lebendiger und spannender wird.<\/li>\n<li><strong>Vielfalt der Themen<\/strong> : Ob Gegenst\u00e4nde, Zahlen oder Fahrzeuge - unsere Karten decken 12 Kategorien f\u00fcr die ersten W\u00f6rter Ihres Kindes ab.<\/li>\n<li><strong>Einfache Handhabung<\/strong> : Unsere Karten Meine ersten W\u00f6rter wurden intuitiv gestaltet und sind f\u00fcr kleine Kinderh\u00e4nde leicht zu verwenden.<a href=\"https:\/\/das-montessori-spielzeug.de\/wp-content\/uploads\/2023\/12\/ezgif.com-optimize.gif\"><img fetchpriority=\"high\" decoding=\"async\" class=\"wp-image-28799 aligncenter\" src=\"https:\/\/das-montessori-spielzeug.de\/wp-content\/uploads\/2023\/12\/ezgif.com-optimize.gif\" alt=\"Ein kleines M\u00e4dchen sitzt auf einem Sofa und h\u00e4lt Meine ersten W\u00f6rter - Lern-Sprachkarten f\u00fcr Kinder von 1 bis 6 Jahren, die Lernanwendungen oder interaktive sprechende Flashcards verwenden.\" width=\"523\" height=\"523\" title=\"\"><\/a><\/li>\n<\/ul>\n<h2>Erkunde 224 W\u00f6rter zu 12 verschiedenen Themenbereichen<\/h2>\n<p>Ausgehend von der Neugier der Kinder haben wir eine st\u00e4ndig wachsende Wortbibliothek zu verschiedenen Themen wie Tiere, Lebensmittel, Kleidung, Farben und Fahrzeuge geschaffen.<\/p>\n<p><a href=\"https:\/\/das-montessori-spielzeug.de\/wp-content\/uploads\/2023\/12\/mpp-carte-flash-224-copie.webp\"><img decoding=\"async\" class=\"aligncenter wp-image-25699\" src=\"https:\/\/das-montessori-spielzeug.de\/wp-content\/uploads\/2023\/12\/mpp-carte-flash-224-copie-804x800.webp\" alt=\"Ein kleines M\u00e4dchen h\u00e4lt ein Spiel von &quot;Meine ersten W\u00f6rter&quot; hoch - sprechende Flash-Karten f\u00fcr Kinder.\" width=\"648\" height=\"644\" title=\"\" srcset=\"https:\/\/das-montessori-spielzeug.de\/wp-content\/uploads\/2023\/12\/mpp-carte-flash-224-copie-804x800.webp 804w, https:\/\/das-montessori-spielzeug.de\/wp-content\/uploads\/2023\/12\/mpp-carte-flash-224-copie-301x300.webp 301w, https:\/\/das-montessori-spielzeug.de\/wp-content\/uploads\/2023\/12\/mpp-carte-flash-224-copie-150x149.webp 150w, https:\/\/das-montessori-spielzeug.de\/wp-content\/uploads\/2023\/12\/mpp-carte-flash-224-copie-768x764.webp 768w, https:\/\/das-montessori-spielzeug.de\/wp-content\/uploads\/2023\/12\/mpp-carte-flash-224-copie-40x40.webp 40w, https:\/\/das-montessori-spielzeug.de\/wp-content\/uploads\/2023\/12\/mpp-carte-flash-224-copie-132x132.webp 132w, https:\/\/das-montessori-spielzeug.de\/wp-content\/uploads\/2023\/12\/mpp-carte-flash-224-copie-12x12.webp 12w, https:\/\/das-montessori-spielzeug.de\/wp-content\/uploads\/2023\/12\/mpp-carte-flash-224-copie-860x856.webp 860w, https:\/\/das-montessori-spielzeug.de\/wp-content\/uploads\/2023\/12\/mpp-carte-flash-224-copie-430x428.webp 430w, https:\/\/das-montessori-spielzeug.de\/wp-content\/uploads\/2023\/12\/mpp-carte-flash-224-copie-700x697.webp 700w, https:\/\/das-montessori-spielzeug.de\/wp-content\/uploads\/2023\/12\/mpp-carte-flash-224-copie.webp 1500w\" sizes=\"(max-width: 648px) 100vw, 648px\" \/><\/a><\/p>\n<h2>Lassen Sie ihn die Ger\u00e4usche von Tieren entdecken<\/h2>\n<p>Der Spa\u00df h\u00f6rt mit dem Lernen nicht auf, er wird begleitet von einem B\u00fcndel von <em>lacht<\/em> und von<strong>Interaktionen <\/strong>indem Sie mit Ihrem Kind spielen. Nachdem Sie die W\u00f6rter \"Wal\" gelesen haben, machen Sie sich auf ein s\u00fc\u00dfes Walgesang bereit, das Ihr Kind gefesselt und am\u00fcsiert halten wird!<\/p>\n<p><a href=\"https:\/\/das-montessori-spielzeug.de\/wp-content\/uploads\/2023\/12\/mpp-carte-flash-maman-enfant-copie-2.webp\"><img decoding=\"async\" class=\"aligncenter wp-image-25701\" src=\"https:\/\/das-montessori-spielzeug.de\/wp-content\/uploads\/2023\/12\/mpp-carte-flash-maman-enfant-copie-2-800x800.webp\" alt=\"Zwei Kinder sitzen an einem Tisch mit Meine ersten W\u00f6rter - Lernspa\u00df sprechende Flashkarten f\u00fcr Kinder vor sich.\" width=\"616\" height=\"616\" title=\"\" srcset=\"https:\/\/das-montessori-spielzeug.de\/wp-content\/uploads\/2023\/12\/mpp-carte-flash-maman-enfant-copie-2-800x800.webp 800w, https:\/\/das-montessori-spielzeug.de\/wp-content\/uploads\/2023\/12\/mpp-carte-flash-maman-enfant-copie-2-300x300.webp 300w, https:\/\/das-montessori-spielzeug.de\/wp-content\/uploads\/2023\/12\/mpp-carte-flash-maman-enfant-copie-2-150x150.webp 150w, https:\/\/das-montessori-spielzeug.de\/wp-content\/uploads\/2023\/12\/mpp-carte-flash-maman-enfant-copie-2-768x768.webp 768w, https:\/\/das-montessori-spielzeug.de\/wp-content\/uploads\/2023\/12\/mpp-carte-flash-maman-enfant-copie-2-40x40.webp 40w, https:\/\/das-montessori-spielzeug.de\/wp-content\/uploads\/2023\/12\/mpp-carte-flash-maman-enfant-copie-2-132x132.webp 132w, https:\/\/das-montessori-spielzeug.de\/wp-content\/uploads\/2023\/12\/mpp-carte-flash-maman-enfant-copie-2-12x12.webp 12w, https:\/\/das-montessori-spielzeug.de\/wp-content\/uploads\/2023\/12\/mpp-carte-flash-maman-enfant-copie-2-860x860.webp 860w, https:\/\/das-montessori-spielzeug.de\/wp-content\/uploads\/2023\/12\/mpp-carte-flash-maman-enfant-copie-2-430x430.webp 430w, https:\/\/das-montessori-spielzeug.de\/wp-content\/uploads\/2023\/12\/mpp-carte-flash-maman-enfant-copie-2-700x700.webp 700w, https:\/\/das-montessori-spielzeug.de\/wp-content\/uploads\/2023\/12\/mpp-carte-flash-maman-enfant-copie-2.webp 1500w\" sizes=\"(max-width: 616px) 100vw, 616px\" \/><\/a><\/p>\n<h2>Super einfach zu bedienen und solide<\/h2>\n<p>Dieses speziell f\u00fcr Kleinkinder entwickelte Lernspielzeug ist einfach zu bedienen und wurde f\u00fcr Kinder im Alter von 1 bis 6 Jahren konzipiert. Es ist leicht und robust und h\u00e4lt auch kleinen H\u00e4nden, St\u00fcrzen und vielen Stunden Musikh\u00f6ren stand.<\/p>\n<p><a href=\"https:\/\/das-montessori-spielzeug.de\/wp-content\/uploads\/2023\/12\/utlisation-mpm.webp\"><img loading=\"lazy\" decoding=\"async\" class=\"wp-image-28794 aligncenter\" src=\"https:\/\/das-montessori-spielzeug.de\/wp-content\/uploads\/2023\/12\/utlisation-mpm.webp\" alt=\"Wie Sie Meine ersten W\u00f6rter - Sprechende Lernkarten f\u00fcr Kinder von 1 bis 6 Jahren zu p\u00e4dagogischen Zwecken mithilfe von sprechenden Wortkarten verwenden k\u00f6nnen.\" width=\"664\" height=\"664\" title=\"\" srcset=\"https:\/\/das-montessori-spielzeug.de\/wp-content\/uploads\/2023\/12\/utlisation-mpm.webp 800w, https:\/\/das-montessori-spielzeug.de\/wp-content\/uploads\/2023\/12\/utlisation-mpm-300x300.webp 300w, https:\/\/das-montessori-spielzeug.de\/wp-content\/uploads\/2023\/12\/utlisation-mpm-150x150.webp 150w, https:\/\/das-montessori-spielzeug.de\/wp-content\/uploads\/2023\/12\/utlisation-mpm-768x768.webp 768w, https:\/\/das-montessori-spielzeug.de\/wp-content\/uploads\/2023\/12\/utlisation-mpm-40x40.webp 40w, https:\/\/das-montessori-spielzeug.de\/wp-content\/uploads\/2023\/12\/utlisation-mpm-132x132.webp 132w, https:\/\/das-montessori-spielzeug.de\/wp-content\/uploads\/2023\/12\/utlisation-mpm-12x12.webp 12w, https:\/\/das-montessori-spielzeug.de\/wp-content\/uploads\/2023\/12\/utlisation-mpm-430x430.webp 430w, https:\/\/das-montessori-spielzeug.de\/wp-content\/uploads\/2023\/12\/utlisation-mpm-700x700.webp 700w\" sizes=\"(max-width: 664px) 100vw, 664px\" \/><\/a><\/p>\n<p>&nbsp;<\/p>\n<h2>Unterhalten Sie Ihr Kind stundenlang mit diesem Lernspiel<\/h2>\n<p>Machen Sie sich keine Sorgen um die Akkulaufzeit, sie h\u00e4lt bis zu 4 Stunden! Wenn er inaktiv ist, schaltet er sich au\u00dferdem automatisch aus, um Energie zu sparen.<\/p>\n<p><strong>Schlie\u00dfen Sie sich jetzt \u00fcber 500 Eltern an, die dieses Spiel gew\u00e4hlt haben, um mit ihren Kindern neue W\u00f6rter zu lernen! <\/strong>Machen Sie Ihrem Kleinen das altersgem\u00e4\u00dfe Geschenk des interaktiven Lernens, <u>kaufen Sie jetzt Mes Premiers Mots<\/u>.<\/p>\n<h2>Inhalt :<\/h2>\n<ul>\n<li>1 Reader Mes Premiers Mots<\/li>\n<li>112 Karten - 224 franz\u00f6sische W\u00f6rter<\/li>\n<li>Gebrauchsanweisung<\/li>\n<li>USB-Kabel<\/li>\n<\/ul>\n<p>&nbsp;<\/p>","protected":false},"excerpt":{"rendered":"<p class=\"translation-block\">Der ideale Begleiter, um den Wortschatz Ihres Kleinkindes zu verbessern und neue W\u00f6rter zu lernen!<\/p>\n<ul>\n<li>224 W\u00f6rter in 12 verschiedenen Kategorien<\/li>\n<li>Von Bildungsexperten entworfen, um das Lernen spielerisch zu f\u00f6rdern. Diese Karten revolutionieren die Art und Weise, wie Kinder neue W\u00f6rter lernen.<\/li>\n<li>Verbessert die Aussprache von W\u00f6rtern<\/li>\n<li>F\u00f6rdert das Wortged\u00e4chtnis<\/li>\n<\/ul>\n<p>&nbsp;<\/p>","protected":false},"featured_media":54761,"template":"","meta":[],"product_brand":[],"product_cat":[385,392,388,905,436,403,343,344,345],"product_tag":[],"class_list":{"0":"post-25197","1":"product","2":"type-product","3":"status-publish","4":"has-post-thumbnail","6":"product_cat-apprendre-chiffres","7":"product_cat-apprentissage-autonomie","8":"product_cat-apprentissage-lettres","9":"product_cat-bestseller","10":"product_cat-jeu-memoire","11":"product_cat-vie-pratique","12":"product_cat-jeux-montessori-18mois-2ans","13":"product_cat-jeux-montessori-2ans-3-ans","14":"product_cat-jeux-montessori-3ans-4-ans","16":"first","17":"instock","18":"sale","19":"shipping-taxable","20":"purchasable","21":"product-type-variable","22":"has-default-attributes"},"_links":{"self":[{"href":"https:\/\/das-montessori-spielzeug.de\/de\/wp-json\/wp\/v2\/product\/25197","targetHints":{"allow":["GET"]}}],"collection":[{"href":"https:\/\/das-montessori-spielzeug.de\/de\/wp-json\/wp\/v2\/product"}],"about":[{"href":"https:\/\/das-montessori-spielzeug.de\/de\/wp-json\/wp\/v2\/types\/product"}],"version-history":[{"count":0,"href":"https:\/\/das-montessori-spielzeug.de\/de\/wp-json\/wp\/v2\/product\/25197\/revisions"}],"wp:featuredmedia":[{"embeddable":true,"href":"https:\/\/das-montessori-spielzeug.de\/de\/wp-json\/wp\/v2\/media\/54761"}],"wp:attachment":[{"href":"https:\/\/das-montessori-spielzeug.de\/de\/wp-json\/wp\/v2\/media?parent=25197"}],"wp:term":[{"taxonomy":"product_brand","embeddable":true,"href":"https:\/\/das-montessori-spielzeug.de\/de\/wp-json\/wp\/v2\/product_brand?post=25197"},{"taxonomy":"product_cat","embeddable":true,"href":"https:\/\/das-montessori-spielzeug.de\/de\/wp-json\/wp\/v2\/product_cat?post=25197"},{"taxonomy":"product_tag","embeddable":true,"href":"https:\/\/das-montessori-spielzeug.de\/de\/wp-json\/wp\/v2\/product_tag?post=25197"}],"curies":[{"name":"wp","href":"https:\/\/api.w.org\/{rel}","templated":true}]}}