{"id":23083,"date":"2023-12-02T22:38:40","date_gmt":"2023-12-02T22:38:40","guid":{"rendered":"https:\/\/das-montessori-spielzeug.de\/?post_type=product&#038;p=23083"},"modified":"2025-06-29T21:55:15","modified_gmt":"2025-06-29T19:55:15","slug":"kindermikroskop-tragbar-tasche","status":"publish","type":"product","link":"https:\/\/das-montessori-spielzeug.de\/de\/product\/kindermikroskop-tragbar-tasche","title":{"rendered":"Taschenmikroskop f\u00fcr Kinder - Tragbar - Vergr\u00f6\u00dfert bis zu 120x"},"content":{"rendered":"<h2>Die Miniaturwelt an den Fingerspitzen mit dem tragbaren Taschenmikroskop<\/h2>\n<p>Nehmen Sie Ihre Kinder mit auf die spannende Entdeckungsreise in den Mikrokosmos mit unserem <b>Taschenmikroskop<\/b>. Ein faszinierendes Lernwerkzeug, mit dem das Lernen Spa\u00df macht und einnehmend ist.<\/p>\n<ul>\n<li><b>Sensationelle Vergr\u00f6\u00dferung von 60x-120x<\/b> : Erm\u00f6glicht eine klare und pr\u00e4zise Sicht auf einzelne Zellen.<\/li>\n<li><strong>Einfach zu verwenden:<\/strong> Einfache Fokussierung, perfekt f\u00fcr kleine, neugierige H\u00e4nde.<\/li>\n<li><strong>Tragbar und robust :<\/strong> In der Gr\u00f6\u00dfe eines Schl\u00fcsselanh\u00e4ngers, leicht \u00fcberall mitzunehmen und so gebaut, dass es den Abenteuern der Kleinsten standh\u00e4lt.<\/li>\n<li><strong>P\u00e4dagogisch wertvoll und unterhaltsam :<\/strong> Bietet stundenlangen Spa\u00df, f\u00f6rdert das Lernen und Entdecken.<\/li>\n<\/ul>\n<p><a href=\"https:\/\/das-montessori-spielzeug.de\/wp-content\/uploads\/2023\/12\/microscope-de-poche-portable-6.webp\"><img fetchpriority=\"high\" decoding=\"async\" class=\"wp-image-24234 aligncenter\" src=\"https:\/\/das-montessori-spielzeug.de\/wp-content\/uploads\/2023\/12\/microscope-de-poche-portable-6.webp\" alt=\"\" width=\"578\" height=\"578\" title=\"\" srcset=\"https:\/\/das-montessori-spielzeug.de\/wp-content\/uploads\/2023\/12\/microscope-de-poche-portable-6.webp 800w, https:\/\/das-montessori-spielzeug.de\/wp-content\/uploads\/2023\/12\/microscope-de-poche-portable-6-300x300.webp 300w, https:\/\/das-montessori-spielzeug.de\/wp-content\/uploads\/2023\/12\/microscope-de-poche-portable-6-150x150.webp 150w, https:\/\/das-montessori-spielzeug.de\/wp-content\/uploads\/2023\/12\/microscope-de-poche-portable-6-768x768.webp 768w, https:\/\/das-montessori-spielzeug.de\/wp-content\/uploads\/2023\/12\/microscope-de-poche-portable-6-40x40.webp 40w, https:\/\/das-montessori-spielzeug.de\/wp-content\/uploads\/2023\/12\/microscope-de-poche-portable-6-132x132.webp 132w, https:\/\/das-montessori-spielzeug.de\/wp-content\/uploads\/2023\/12\/microscope-de-poche-portable-6-12x12.webp 12w, https:\/\/das-montessori-spielzeug.de\/wp-content\/uploads\/2023\/12\/microscope-de-poche-portable-6-430x430.webp 430w, https:\/\/das-montessori-spielzeug.de\/wp-content\/uploads\/2023\/12\/microscope-de-poche-portable-6-700x700.webp 700w\" sizes=\"(max-width: 578px) 100vw, 578px\" \/><\/a><\/p>\n<h2>Ideal f\u00fcr Praktisches Lernen<\/h2>\n<p>Unser <i>Taschenmikroskop<\/i> bietet Kindern eine interaktive Lernerfahrung, indem es ihnen hilft, die Sch\u00f6nheit der mikroskopischen Welt zu entdecken und zu genie\u00dfen. Dank seiner kompakten Gr\u00f6\u00dfe und einfachen Handhabung k\u00f6nnen Kinder es \u00fcberall hin mitnehmen: nach Hause, in die Schule, in den Kindergarten, auf Reisen usw.<\/p>\n<p><a href=\"https:\/\/das-montessori-spielzeug.de\/wp-content\/uploads\/2023\/12\/Minicroscope-2.webp\"><img decoding=\"async\" class=\"wp-image-24249 aligncenter\" src=\"https:\/\/das-montessori-spielzeug.de\/wp-content\/uploads\/2023\/12\/Minicroscope-2.webp\" alt=\"Ein Junge spielt mit einem Taschenmikroskop f\u00fcr Kinder - Tragbar und bis zu 200x vergr\u00f6\u00dfert.\" width=\"487\" height=\"487\" title=\"\" srcset=\"https:\/\/das-montessori-spielzeug.de\/wp-content\/uploads\/2023\/12\/Minicroscope-2.webp 593w, https:\/\/das-montessori-spielzeug.de\/wp-content\/uploads\/2023\/12\/Minicroscope-2-300x300.webp 300w, https:\/\/das-montessori-spielzeug.de\/wp-content\/uploads\/2023\/12\/Minicroscope-2-150x150.webp 150w, https:\/\/das-montessori-spielzeug.de\/wp-content\/uploads\/2023\/12\/Minicroscope-2-40x40.webp 40w, https:\/\/das-montessori-spielzeug.de\/wp-content\/uploads\/2023\/12\/Minicroscope-2-132x132.webp 132w, https:\/\/das-montessori-spielzeug.de\/wp-content\/uploads\/2023\/12\/Minicroscope-2-12x12.webp 12w, https:\/\/das-montessori-spielzeug.de\/wp-content\/uploads\/2023\/12\/Minicroscope-2-430x430.webp 430w\" sizes=\"(max-width: 487px) 100vw, 487px\" \/><\/a><\/p>\n<h2>Ein Tor zu einer unbekannten Welt<\/h2>\n<p>Lassen Sie Ihre Kinder die Details von Briefmarken, M\u00fcnzen, Stoffen, Insekten und vielem mehr mit diesem <b>Taschenmikroskop<\/b>. Die Kinder werden gefesselt sein, wenn sie durch die Linse eine v\u00f6llig neue Welt sehen. Es ist ein wunderbares Werkzeug, um Teenagern die T\u00fcr zum Mikrokosmos zu \u00f6ffnen.<\/p>\n<p><a href=\"https:\/\/das-montessori-spielzeug.de\/wp-content\/uploads\/2023\/12\/Spider-min-1.webp\"><img decoding=\"async\" class=\"wp-image-28415 aligncenter\" src=\"https:\/\/das-montessori-spielzeug.de\/wp-content\/uploads\/2023\/12\/Spider-min-1.webp\" alt=\"Eine mikroskopische Nahaufnahme des Kopfes eines Taschenmikroskops f\u00fcr Kinder - Tragbar - Vergr\u00f6\u00dfert bis zu 120x.\" width=\"501\" height=\"501\" title=\"\" srcset=\"https:\/\/das-montessori-spielzeug.de\/wp-content\/uploads\/2023\/12\/Spider-min-1.webp 741w, https:\/\/das-montessori-spielzeug.de\/wp-content\/uploads\/2023\/12\/Spider-min-1-300x300.webp 300w, https:\/\/das-montessori-spielzeug.de\/wp-content\/uploads\/2023\/12\/Spider-min-1-150x150.webp 150w, https:\/\/das-montessori-spielzeug.de\/wp-content\/uploads\/2023\/12\/Spider-min-1-40x40.webp 40w, https:\/\/das-montessori-spielzeug.de\/wp-content\/uploads\/2023\/12\/Spider-min-1-132x132.webp 132w, https:\/\/das-montessori-spielzeug.de\/wp-content\/uploads\/2023\/12\/Spider-min-1-12x12.webp 12w, https:\/\/das-montessori-spielzeug.de\/wp-content\/uploads\/2023\/12\/Spider-min-1-430x430.webp 430w, https:\/\/das-montessori-spielzeug.de\/wp-content\/uploads\/2023\/12\/Spider-min-1-700x700.webp 700w\" sizes=\"(max-width: 501px) 100vw, 501px\" \/><\/a><\/p>\n<h3>Tragbar und praktisch<\/h3>\n<p>Mit einer Gr\u00f6\u00dfe von nur 9,6 x 4,5 CM ist dieses Mikroskop so klein, dass es bequem in jede Tasche passt. Es ist <b>leicht<\/b>, <u>leicht zu transportieren<\/u> und perfekt f\u00fcr den Einsatz im Feld.<\/p>\n<h3>Eine neue Art zu entdecken<\/h3>\n<p>Unser <i>Taschenmikroskop<\/i> ist nicht einfach nur ein Spielzeug. Es ist ein Lernmittel, das Neugier und Entdeckungsfreude f\u00f6rdert. Es ist einfach zu bedienen, sicher genug f\u00fcr kleine H\u00e4nde und schafft eine Liebe zur Wissenschaft<\/p>\n<p>Z\u00f6gern Sie nicht! Bieten Sie Ihren Kindern heute eine endlose Entdeckungsreise in die mikroskopische Welt. <b>F\u00fcgen Sie das Taschenmikroskop jetzt Ihrem Warenkorb hinzu!<\/b><\/p>","protected":false},"excerpt":{"rendered":"<p>Tauchen Sie mit Ihren Kindern in das unendlich kleine Universum ein mit unserem <b>Kinder Taschenmikroskop, <\/b>ein fesselndes Werkzeug, das das Lernen zu einem immersiven Abenteuer macht.<\/p>\n<ul>\n<li><b>Vergr\u00f6\u00dferung 60x-120x<\/b><\/li>\n<li><b>Leicht und robust f\u00fcr die Erkundung<\/b><\/li>\n<li><b>LED-Beleuchtung f\u00fcr klare Beobachtungen<\/b><\/li>\n<\/ul>","protected":false},"featured_media":24251,"template":"","meta":[],"product_brand":[],"product_cat":[905,372,345,346],"product_tag":[],"class_list":{"0":"post-23083","1":"product","2":"type-product","3":"status-publish","4":"has-post-thumbnail","6":"product_cat-bestseller","7":"product_cat-jeu-plein-air","8":"product_cat-jeux-montessori-3ans-4-ans","9":"product_cat-jeux-montessori-4ans-5-plus-ans","11":"first","12":"instock","13":"sale","14":"shipping-taxable","15":"purchasable","16":"product-type-variable","17":"has-default-attributes"},"_links":{"self":[{"href":"https:\/\/das-montessori-spielzeug.de\/de\/wp-json\/wp\/v2\/product\/23083","targetHints":{"allow":["GET"]}}],"collection":[{"href":"https:\/\/das-montessori-spielzeug.de\/de\/wp-json\/wp\/v2\/product"}],"about":[{"href":"https:\/\/das-montessori-spielzeug.de\/de\/wp-json\/wp\/v2\/types\/product"}],"version-history":[{"count":0,"href":"https:\/\/das-montessori-spielzeug.de\/de\/wp-json\/wp\/v2\/product\/23083\/revisions"}],"wp:featuredmedia":[{"embeddable":true,"href":"https:\/\/das-montessori-spielzeug.de\/de\/wp-json\/wp\/v2\/media\/24251"}],"wp:attachment":[{"href":"https:\/\/das-montessori-spielzeug.de\/de\/wp-json\/wp\/v2\/media?parent=23083"}],"wp:term":[{"taxonomy":"product_brand","embeddable":true,"href":"https:\/\/das-montessori-spielzeug.de\/de\/wp-json\/wp\/v2\/product_brand?post=23083"},{"taxonomy":"product_cat","embeddable":true,"href":"https:\/\/das-montessori-spielzeug.de\/de\/wp-json\/wp\/v2\/product_cat?post=23083"},{"taxonomy":"product_tag","embeddable":true,"href":"https:\/\/das-montessori-spielzeug.de\/de\/wp-json\/wp\/v2\/product_tag?post=23083"}],"curies":[{"name":"wp","href":"https:\/\/api.w.org\/{rel}","templated":true}]}}