{"id":19047,"date":"2023-11-07T23:56:03","date_gmt":"2023-11-07T23:56:03","guid":{"rendered":"https:\/\/das-montessori-spielzeug.de\/?post_type=product&#038;p=19047"},"modified":"2026-02-22T10:19:11","modified_gmt":"2026-02-22T09:19:11","slug":"holzmesser-fur-kinder","status":"publish","type":"product","link":"https:\/\/das-montessori-spielzeug.de\/de\/product\/holzmesser-fur-kinder","title":{"rendered":"Holzmesser f\u00fcr Kinder"},"content":{"rendered":"<h2>Entdecken Sie unsere Holzmesser f\u00fcr Kinder - das perfekte Werkzeug f\u00fcr die H\u00e4nde Ihrer Kleinen!<\/h2>\n<p>Erlauben Sie Ihren Kindern, sich an der Zubereitung der Mahlzeiten mit unseren <strong>holzmesser f\u00fcr kinder<\/strong>. Speziell f\u00fcr kleine H\u00e4nde hergestellt, k\u00f6nnen Ihre Kleinen damit schneiden, ohne sich jemals zu verletzen. An Vorteilen mangelt es nicht :<\/p>\n<ul>\n<li><strong>Sicherheit garantiert :<\/strong> Keine Verletzungssorgen mehr mit ihrer Scheibenform und dem Griff an der Oberseite f\u00fcr einen sicheren Halt.<\/li>\n<li><strong>Perfekte Anpassung :<\/strong>Da sie mit der ganzen Hand greifbar sind, sind sie selbst f\u00fcr kleine Kinder leicht zu handhaben.<\/li>\n<li><strong>Vollst\u00e4ndig eintauchen :<\/strong> Sie helfen Ihren Kindern, sich aktiv an der Zubereitung von Mahlzeiten zu beteiligen, und st\u00e4rken so ihr Interesse am Kochen.<\/li>\n<\/ul>\n<h2>Eine vorsichtige und spielerische Wahl f\u00fcr Ihre Kinder<\/h2>\n<p>Mit diesen au\u00dfergew\u00f6hnlichen Messern ist es jetzt einfacher denn je, Ihren Kindern die Welt des Kochens n\u00e4her zu bringen. Dank ihrer Verwendung werden Ihre Kinder <em>aufwachsen<\/em>sich <em>bef\u00e4higen<\/em> und <em>lernen<\/em>und dabei Spa\u00df haben.<\/p>\n<h3>F\u00f6rdern Sie Autonomie und Selbstvertrauen<\/h3>\n<p>Mit unseren Holzmessern k\u00f6nnen Sie die Entwicklung Ihrer Kinder angemessen begleiten. Wenn Sie sie verwenden, gewinnen Ihre Kinder an <strong>Autonomie<\/strong> und in <strong>Selbstvertrauen<\/strong>. Sie werden in der K\u00fcche zu echten kleinen K\u00f6chen, und das alles in einer sicheren Umgebung.<\/p>\n<h3>Nachhaltiges und umweltfreundliches Material<\/h3>\n<p>Diese Holzmesser werden in <strong>\u00f6kologisch<\/strong>. Und ihre Haltbarkeit ist unbestritten! Sie sind sch\u00f6n, schlicht und elegant und passen perfekt in jede K\u00fcche. Au\u00dferdem sind sie eine tolle Idee f\u00fcr <em>Geschenk<\/em>.<\/p>\n<h2>Warten Sie nicht l\u00e4nger, Ihre Kinder verdienen das Beste!<\/h2>\n<p>Freuen Sie sich nicht auch darauf, dass Ihre Kinder sich weiterentwickeln und neue F\u00e4higkeiten erlernen? Dann treffen Sie eine kluge und sichere Wahl f\u00fcr sie. <em>Warten Sie nicht l\u00e4nger und schenken Sie ihnen unsere wundersch\u00f6nen Kindermesser aus Holz.<\/em>.<\/p>\n<p><strong>Geben Sie jetzt Ihre Bestellung auf und f\u00fchren Sie Ihre Kinder auf sichere und unterhaltsame Weise an das Kochen heran.<\/strong><\/p>","protected":false},"excerpt":{"rendered":"<p>Hei\u00dfen Sie das perfekte Werkzeug willkommen, um Ihre Kinder zu wahren Kochk\u00fcnstlern zu machen - unsere Holzmesser f\u00fcr Kinder!<\/p>\n<ul>\n<li><strong>Sicherheit geht vor :<\/strong> Sie erm\u00f6glichen eine sichere Nutzung.<\/li>\n<li><strong>Einfache Handhabung :<\/strong> F\u00fcr kleine H\u00e4nde geeignet.<\/li>\n<li><strong>P\u00e4dagogisch wertvoll und unterhaltsam :<\/strong> Sie f\u00f6rdern die Selbstst\u00e4ndigkeit und das aktive Lernen.<\/li>\n<\/ul>\n<p>Mit unseren Holzmessern wird das Kochen zum Kinderspiel. Sie sind f\u00fcr kleine H\u00e4nde modelliert und sorgen f\u00fcr eine bequeme und sichere Handhabung. Neben ihrer spielerischen Seite tragen sie auch zur sensorischen Entwicklung und Unabh\u00e4ngigkeit von Kleinkindern bei. Bestellen Sie jetzt, um Ihren Kindern ein sicheres und lehrreiches Erlebnis zu bieten!<\/p>","protected":false},"featured_media":19004,"template":"","meta":[],"product_brand":[],"product_cat":[389],"product_tag":[],"class_list":{"0":"post-19047","1":"product","2":"type-product","3":"status-publish","4":"has-post-thumbnail","6":"product_cat-apprentissage-cuisine","8":"first","9":"instock","10":"sale","11":"shipping-taxable","12":"purchasable","13":"product-type-variable"},"_links":{"self":[{"href":"https:\/\/das-montessori-spielzeug.de\/de\/wp-json\/wp\/v2\/product\/19047","targetHints":{"allow":["GET"]}}],"collection":[{"href":"https:\/\/das-montessori-spielzeug.de\/de\/wp-json\/wp\/v2\/product"}],"about":[{"href":"https:\/\/das-montessori-spielzeug.de\/de\/wp-json\/wp\/v2\/types\/product"}],"version-history":[{"count":0,"href":"https:\/\/das-montessori-spielzeug.de\/de\/wp-json\/wp\/v2\/product\/19047\/revisions"}],"wp:featuredmedia":[{"embeddable":true,"href":"https:\/\/das-montessori-spielzeug.de\/de\/wp-json\/wp\/v2\/media\/19004"}],"wp:attachment":[{"href":"https:\/\/das-montessori-spielzeug.de\/de\/wp-json\/wp\/v2\/media?parent=19047"}],"wp:term":[{"taxonomy":"product_brand","embeddable":true,"href":"https:\/\/das-montessori-spielzeug.de\/de\/wp-json\/wp\/v2\/product_brand?post=19047"},{"taxonomy":"product_cat","embeddable":true,"href":"https:\/\/das-montessori-spielzeug.de\/de\/wp-json\/wp\/v2\/product_cat?post=19047"},{"taxonomy":"product_tag","embeddable":true,"href":"https:\/\/das-montessori-spielzeug.de\/de\/wp-json\/wp\/v2\/product_tag?post=19047"}],"curies":[{"name":"wp","href":"https:\/\/api.w.org\/{rel}","templated":true}]}}