{"id":19010,"date":"2023-11-07T23:53:37","date_gmt":"2023-11-07T23:53:37","guid":{"rendered":"https:\/\/das-montessori-spielzeug.de\/?post_type=product&#038;p=19010"},"modified":"2025-09-22T01:07:49","modified_gmt":"2025-09-21T23:07:49","slug":"kindermesser-13-kuchenwerkzeuge","status":"publish","type":"product","link":"https:\/\/das-montessori-spielzeug.de\/de\/product\/kindermesser-13-kuchenwerkzeuge","title":{"rendered":"Kindermesser - 13-teiliges Kochset - ab 2 Jahren"},"content":{"rendered":"<h2 data-pm-slice=\"1 1 []\"><strong>Pflegen Sie das kulinarische Talent Ihres Kindes mit diesem Messerset<\/strong><\/h2>\n<p>Ideal, um junge Feinschmecker einzuf\u00fchren, ist unser <strong>13-teiliges Set, einschlie\u00dflich sechs kinderfreundlicher Messer,<\/strong> wurde entwickelt, um Ihrem Kleinkind eine sichere Unterhaltung zu erm\u00f6glichen.<br \/>\nDiese speziellen Messer schneiden die Lebensmittel, nicht die Finger, und versprechen Momente des Genusses und des kulinarischen Lernens.<\/p>\n<p>\u2705 Erlaubt Ihrem Kind, beim Kochen mitzuhelfen<br \/>\n\u2705 Experimentieren mit dem Schneiden ohne Gefahren<br \/>\n\u2705 Koordination und Genauigkeit st\u00e4rken<\/p>\n<p>&nbsp;<\/p>\n<h2 data-pm-slice=\"1 1 []\"><strong>Qualit\u00e4t und Sicherheit - Das Messer, das nicht in die Finger schneidet<\/strong><\/h2>\n<p>Jedes Utensil wird aus erstklassigen, sicheren und nicht scharfkantigen Materialien hergestellt, die Robustheit mit der Einhaltung von Lebensmittelstandards verbinden. Die robusten und sicheren Materialien wurden speziell zum Schutz Ihrer Kinder ausgew\u00e4hlt. So ist jede Bewegung sicher und kontrolliert und sorgt f\u00fcr ein unbeschwertes Kocherlebnis.<\/p>\n<p><a href=\"https:\/\/das-montessori-spielzeug.de\/wp-content\/uploads\/2023\/11\/image.webp\"><img fetchpriority=\"high\" decoding=\"async\" class=\"wp-image-21525 aligncenter\" src=\"https:\/\/das-montessori-spielzeug.de\/wp-content\/uploads\/2023\/11\/image.webp\" alt=\"Ein M\u00e4dchen benutzt das Kindermesser - Set aus 13 kinderfreundlichen K\u00fcchenwerkzeugen, um Gem\u00fcse auf einem Schneidebrett zu zerkleinern.\" width=\"597\" height=\"597\" title=\"\" srcset=\"https:\/\/das-montessori-spielzeug.de\/wp-content\/uploads\/2023\/11\/image.webp 1200w, https:\/\/das-montessori-spielzeug.de\/wp-content\/uploads\/2023\/11\/image-300x300.webp 300w, https:\/\/das-montessori-spielzeug.de\/wp-content\/uploads\/2023\/11\/image-800x800.webp 800w, https:\/\/das-montessori-spielzeug.de\/wp-content\/uploads\/2023\/11\/image-150x150.webp 150w, https:\/\/das-montessori-spielzeug.de\/wp-content\/uploads\/2023\/11\/image-768x768.webp 768w, https:\/\/das-montessori-spielzeug.de\/wp-content\/uploads\/2023\/11\/image-40x40.webp 40w, https:\/\/das-montessori-spielzeug.de\/wp-content\/uploads\/2023\/11\/image-132x132.webp 132w, https:\/\/das-montessori-spielzeug.de\/wp-content\/uploads\/2023\/11\/image-12x12.webp 12w, https:\/\/das-montessori-spielzeug.de\/wp-content\/uploads\/2023\/11\/image-860x860.webp 860w, https:\/\/das-montessori-spielzeug.de\/wp-content\/uploads\/2023\/11\/image-430x430.webp 430w, https:\/\/das-montessori-spielzeug.de\/wp-content\/uploads\/2023\/11\/image-700x700.webp 700w\" sizes=\"(max-width: 597px) 100vw, 597px\" \/><\/a><\/p>\n<h2 data-pm-slice=\"1 1 []\"><strong>Ein komplettes Set f\u00fcr Ihre kleinen K\u00f6che<\/strong><\/h2>\n<p>Das Set enth\u00e4lt verschiedene Messer, die f\u00fcr jede Aufgabe geeignet sind: ein Holzmesser f\u00fcr die ersten Schritte, ein gro\u00dfes Messer f\u00fcr angehende K\u00f6che und andere Modelle, um ihre Technik zu perfektionieren. Ein Sch\u00e4ler, ein Slicer und ein Schneidebrett vervollst\u00e4ndigen das Set und sorgen f\u00fcr optimale Sicherheit der jungen H\u00e4nde beim Schneiden und Zubereiten.<\/p>\n<p><a href=\"https:\/\/das-montessori-spielzeug.de\/wp-content\/uploads\/2023\/11\/couteau-lot.webp\"><img decoding=\"async\" class=\"wp-image-19735 aligncenter\" src=\"https:\/\/das-montessori-spielzeug.de\/wp-content\/uploads\/2023\/11\/couteau-lot.webp\" alt=\"An Couteau Enfant - Set aus 8 K\u00fcchenwerkzeugen mit einem gr\u00fcnen Schneidebrett.\" width=\"504\" height=\"312\" title=\"\" srcset=\"https:\/\/das-montessori-spielzeug.de\/wp-content\/uploads\/2023\/11\/couteau-lot.webp 970w, https:\/\/das-montessori-spielzeug.de\/wp-content\/uploads\/2023\/11\/couteau-lot-400x247.webp 400w, https:\/\/das-montessori-spielzeug.de\/wp-content\/uploads\/2023\/11\/couteau-lot-768x475.webp 768w, https:\/\/das-montessori-spielzeug.de\/wp-content\/uploads\/2023\/11\/couteau-lot-18x12.webp 18w, https:\/\/das-montessori-spielzeug.de\/wp-content\/uploads\/2023\/11\/couteau-lot-860x532.webp 860w, https:\/\/das-montessori-spielzeug.de\/wp-content\/uploads\/2023\/11\/couteau-lot-430x266.webp 430w, https:\/\/das-montessori-spielzeug.de\/wp-content\/uploads\/2023\/11\/couteau-lot-700x433.webp 700w, https:\/\/das-montessori-spielzeug.de\/wp-content\/uploads\/2023\/11\/couteau-lot-150x93.webp 150w\" sizes=\"(max-width: 504px) 100vw, 504px\" \/><\/a><\/p>\n<p>&nbsp;<\/p>\n<h2><strong>Verpassen Sie nicht diese Gelegenheit, Ihren Kindern das Schneiden beizubringen, und bestellen Sie jetzt<\/strong><\/h2>\n<p>Verpassen Sie nicht diese einmalige Gelegenheit, um<strong>das sichere Schneiden lehren<\/strong>. Bringen Sie Ihre Kinder mit diesem speziell f\u00fcr sie entwickelten Set auf den Geschmack des Kochens. Legen Sie unser Junior-Messerset noch heute in Ihren Warenkorb und beobachten Sie, wie Ihre Kinder in ihrem neuen, unabh\u00e4ngigen kulinarischen Bereich aufbl\u00fchen!<\/p>","protected":false},"excerpt":{"rendered":"<p data-pm-slice=\"1 3 []\">.Geben Sie Ihrem Kind mit unserem Kindermesser-Set die Freiheit, sich auf <strong>sichere<\/strong> und <strong>lehrreiche<\/strong> Weise in <strong>der K\u00fcche zu engagieren.<\/strong><\/p>\n<ul>\n<li>Schneidet Lebensmittel, aber nicht die Haut<\/li>\n<li>Mit der ganzen Familie kochen lernen<\/li>\n<li>Widerstandsf\u00e4hig gegen St\u00fcrze und St\u00f6\u00dfe<\/li>\n<\/ul>","protected":false},"featured_media":19727,"template":"","meta":[],"product_brand":[],"product_cat":[389,905,343,344,345],"product_tag":[],"class_list":{"0":"post-19010","1":"product","2":"type-product","3":"status-publish","4":"has-post-thumbnail","6":"product_cat-apprentissage-cuisine","7":"product_cat-bestseller","8":"product_cat-jeux-montessori-18mois-2ans","9":"product_cat-jeux-montessori-2ans-3-ans","10":"product_cat-jeux-montessori-3ans-4-ans","12":"first","13":"instock","14":"sale","15":"shipping-taxable","16":"purchasable","17":"product-type-simple"},"_links":{"self":[{"href":"https:\/\/das-montessori-spielzeug.de\/de\/wp-json\/wp\/v2\/product\/19010","targetHints":{"allow":["GET"]}}],"collection":[{"href":"https:\/\/das-montessori-spielzeug.de\/de\/wp-json\/wp\/v2\/product"}],"about":[{"href":"https:\/\/das-montessori-spielzeug.de\/de\/wp-json\/wp\/v2\/types\/product"}],"version-history":[{"count":0,"href":"https:\/\/das-montessori-spielzeug.de\/de\/wp-json\/wp\/v2\/product\/19010\/revisions"}],"wp:featuredmedia":[{"embeddable":true,"href":"https:\/\/das-montessori-spielzeug.de\/de\/wp-json\/wp\/v2\/media\/19727"}],"wp:attachment":[{"href":"https:\/\/das-montessori-spielzeug.de\/de\/wp-json\/wp\/v2\/media?parent=19010"}],"wp:term":[{"taxonomy":"product_brand","embeddable":true,"href":"https:\/\/das-montessori-spielzeug.de\/de\/wp-json\/wp\/v2\/product_brand?post=19010"},{"taxonomy":"product_cat","embeddable":true,"href":"https:\/\/das-montessori-spielzeug.de\/de\/wp-json\/wp\/v2\/product_cat?post=19010"},{"taxonomy":"product_tag","embeddable":true,"href":"https:\/\/das-montessori-spielzeug.de\/de\/wp-json\/wp\/v2\/product_tag?post=19010"}],"curies":[{"name":"wp","href":"https:\/\/api.w.org\/{rel}","templated":true}]}}