{"id":17818,"date":"2023-10-24T23:30:40","date_gmt":"2023-10-24T23:30:40","guid":{"rendered":"https:\/\/das-montessori-spielzeug.de\/?post_type=product&#038;p=17818"},"modified":"2024-08-27T12:52:49","modified_gmt":"2024-08-27T11:52:49","slug":"magisches-heft-alphabet-mathe-zahlen-zeichnen","status":"publish","type":"product","link":"https:\/\/das-montessori-spielzeug.de\/de\/product\/magisches-heft-alphabet-mathe-zahlen-zeichnen","title":{"rendered":"Magic Notebook | Verbessern Sie die Handschrift Ihrer Kinder in 10 Tagen"},"content":{"rendered":"<h2>Makelloses Schreiben mit unseren 4 Magischen Schreibheften<\/h2>\n<p>Helfen Sie Ihren Kindern, das Schreiben von Zahlen, Buchstaben und sogar das Zeichnen zu verbessern mit unseren <strong>4 innovative Schreibhefte<\/strong>.<\/p>\n<ul>\n<li><strong>Optimale Stiftf\u00fchrung :<\/strong> Die integrierten Rillen auf jeder Seite erleichtern das Einpr\u00e4gen von Buchstaben und Zahlen.<\/li>\n<li><strong>Stressfreies Lernen :<\/strong> Mit der Zaubertinte k\u00f6nnen Sie sich von endg\u00fcltigen Fehlern verabschieden. Nach 10 Minuten ist die Tinte verblasst und kann wiederverwendet werden.<\/li>\n<li><strong>Unendliche Wiederverwendung :<\/strong> Unsere magischen Notizb\u00fccher k\u00f6nnen n\u00e4mlich mit der magischen Tinte unendlich oft verwendet werden!<\/li>\n<\/ul>\n<p><a href=\"https:\/\/das-montessori-spielzeug.de\/wp-content\/uploads\/2023\/10\/1027.gif\"><img fetchpriority=\"high\" decoding=\"async\" class=\"wp-image-17937 aligncenter\" src=\"https:\/\/das-montessori-spielzeug.de\/wp-content\/uploads\/2023\/10\/1027.gif\" alt=\"Eine Person benutzt einen Stift, um eine Linie auf ein Blatt Papier zu zeichnen. Sie verwenden das Magic Notebook | Verbessern Sie die Handschrift Ihrer Kinder in 10 Tagen | Angeboten: 1 Stift + 1 Grip + 5 Magic Ink Nachf\u00fcllpackungen, das das Angebot von 1 Stift + 1 Grip beinhaltet.\" width=\"320\" height=\"320\" title=\"\"><\/a><\/p>\n<h2>Eine magische Tinte, die in 10 Minuten verblasst<\/h2>\n<p>Dank unserer Magischen Tinte k\u00f6nnen Hefte immer wieder verwendet werden. Diese Tinte l\u00f6scht sich innerhalb von 10 Minuten von selbst. Selbst wenn Ihr Kind \u00fcberfordert ist, kann es 10 Minuten sp\u00e4ter wieder von vorne anfangen. Das Kind ist weniger frustriert \u00fcber Fehler, was sein Selbstvertrauen st\u00e4rkt.<\/p>\n<h3>F\u00fcr Eltern, die sich um die Umwelt und ihren Geldbeutel sorgen<\/h3>\n<p>Entlasten Sie sich von dem Druck, st\u00e4ndig neue Hefte kaufen zu m\u00fcssen. Sparen Sie mit unserer L\u00f6sung auf einmal <strong>nachhaltig<\/strong> und <strong>wiederverwendbar<\/strong>.<\/p>\n<h2>Helfen Sie Ihrem Kind, seine Grenzen zu \u00fcberschreiten<\/h2>\n<p>Mit den Schreibheften wird Ihr Kind <strong>bereit, sich auszuzeichnen<\/strong> in der Schule und dar\u00fcber hinaus. Bestellen Sie jetzt f\u00fcr eine hellere Zukunft.<\/p>","protected":false},"excerpt":{"rendered":"<p>Helfen Sie Ihrem Kind, seine Handschrift zu verbessern und dabei Spa\u00df zu haben - mit unseren Zauberheften.<br \/>\n<strong>\ud83c\udf81 Promo: 1 Stift, 1 Grip und 5 Magic Ink Nachf\u00fcllungen als Geschenk \ud83c\udf81.<\/strong><\/p>\n<ul>\n<li>F\u00fchrt das Schreiben durch den gerillten Buchstabenverlauf.<\/li>\n<li>Magisch, die Tinte ist nach 10 Minuten weggewischt und dann geht es wieder von vorne los!<\/li>\n<li>Lernen ohne Angst vor irreversiblen Fehlern, die Stress verursachen k\u00f6nnen<\/li>\n<li>4er-Set Hefte - Mathe, Zahlen, Zeichnen und Alphabet<\/li>\n<\/ul>","protected":false},"featured_media":54689,"template":"","meta":[],"product_brand":[],"product_cat":[385,386,381,383,387,388],"product_tag":[],"class_list":{"0":"post-17818","1":"product","2":"type-product","3":"status-publish","4":"has-post-thumbnail","6":"product_cat-apprendre-chiffres","7":"product_cat-appendre-calculer","8":"product_cat-apprendre-compter","9":"product_cat-apprendre-fractions","10":"product_cat-apprentissage-formes","11":"product_cat-apprentissage-lettres","13":"first","14":"instock","15":"sale","16":"shipping-taxable","17":"purchasable","18":"product-type-simple"},"_links":{"self":[{"href":"https:\/\/das-montessori-spielzeug.de\/de\/wp-json\/wp\/v2\/product\/17818","targetHints":{"allow":["GET"]}}],"collection":[{"href":"https:\/\/das-montessori-spielzeug.de\/de\/wp-json\/wp\/v2\/product"}],"about":[{"href":"https:\/\/das-montessori-spielzeug.de\/de\/wp-json\/wp\/v2\/types\/product"}],"version-history":[{"count":0,"href":"https:\/\/das-montessori-spielzeug.de\/de\/wp-json\/wp\/v2\/product\/17818\/revisions"}],"wp:featuredmedia":[{"embeddable":true,"href":"https:\/\/das-montessori-spielzeug.de\/de\/wp-json\/wp\/v2\/media\/54689"}],"wp:attachment":[{"href":"https:\/\/das-montessori-spielzeug.de\/de\/wp-json\/wp\/v2\/media?parent=17818"}],"wp:term":[{"taxonomy":"product_brand","embeddable":true,"href":"https:\/\/das-montessori-spielzeug.de\/de\/wp-json\/wp\/v2\/product_brand?post=17818"},{"taxonomy":"product_cat","embeddable":true,"href":"https:\/\/das-montessori-spielzeug.de\/de\/wp-json\/wp\/v2\/product_cat?post=17818"},{"taxonomy":"product_tag","embeddable":true,"href":"https:\/\/das-montessori-spielzeug.de\/de\/wp-json\/wp\/v2\/product_tag?post=17818"}],"curies":[{"name":"wp","href":"https:\/\/api.w.org\/{rel}","templated":true}]}}