{"id":17367,"date":"2023-10-20T15:26:58","date_gmt":"2023-10-20T15:26:58","guid":{"rendered":"https:\/\/das-montessori-spielzeug.de\/?post_type=product&#038;p=17367"},"modified":"2024-04-03T22:39:59","modified_gmt":"2024-04-03T21:39:59","slug":"busy-board-montessori-transportabel-naturholz-10-elemente","status":"publish","type":"product","link":"https:\/\/das-montessori-spielzeug.de\/de\/product\/busy-board-montessori-transportabel-naturholz-10-elemente","title":{"rendered":"Busy Board Montessori Transportable Naturholz - 10 Elemente"},"content":{"rendered":"<h2>Verschenken Sie das ungleiche Busy Board mit Tragegriff<\/h2>\n<p><strong>Entdecken Sie die unglaubliche<\/strong> \"Busy Board mit Tragegriff\", ein <u>spielerisches und p\u00e4dagogisches Werkzeug zur Erweckung von Interesse<\/u> speziell entwickelt f\u00fcr <i>die Vorstellungskraft und den psychomotorischen Bereich anregen<\/i> Ihrer Kleinen. Diese Besch\u00e4ftigungstafel integriert:<\/p>\n<ul>\n<li>Ein einnehmender Spinner, der sich schnell dreht,<\/li>\n<li>Ein spielerischer Wasserhahn zum Drehen, um die manuelle Geschicklichkeit zu verbessern,<\/li>\n<li>Schl\u00f6sser f\u00fcr eine sichere Lernerfahrung.<\/li>\n<\/ul>\n<h2>Unsere unglaublichen Vorteile f\u00fcr Ihr Kind<\/h2>\n<p>Ist es nicht wunderbar, wenn Ihr Kind <strong>spielerisch lernen<\/strong>? Mit dieser Tafel entdecken Sie ein echtes Schmuckst\u00fcck, das aus einem Schalter f\u00fcr ihre ersten elektronischen Entdeckungen, Schrauben zum L\u00f6sen, um ihre Pr\u00e4zision zu sch\u00e4rfen, und einer Spieluhr, um ihre k\u00fcnstlerischen Sinne zu wecken, besteht. Unsere <u>Besch\u00e4ftigungselemente<\/u> sind <i>intelligent erstellt<\/i> um Ihrer Liebe eine ruhige und bedeutsame Lernerfahrung zu bieten.<\/p>\n<h2>Kaufen Sie Ihr \"Busy Board\" noch heute!<\/h2>\n<p>&nbsp;<\/p>\n<h3>Ihre Zufriedenheit ist unsere Priorit\u00e4t<\/h3>\n<p>Wir haben <strong>viel Respekt<\/strong> f\u00fcr die p\u00e4dagogische Arbeit, die Sie f\u00fcr Ihr Kind leisten. Mit dem Tragegriff kann unser wundersch\u00f6nes \"Busy Board\" Ihr Kind auf all seinen Abenteuern begleiten und gleichzeitig f\u00fcr seine Sicherheit sorgen. Es ist die perfekte Wahl, um ihre Sinne, ihre Kreativit\u00e4t und ihre F\u00e4higkeit, Probleme zu l\u00f6sen, zu f\u00f6rdern.<\/p>\n<h3>Versch\u00f6nern Sie das Leben Ihres Kleinen mit unserem Busy Board<\/h3>\n<p><strong>Lassen Sie sich diese Gelegenheit nicht entgehen<\/strong> eines unterhaltsamen und lohnenden Lernens f\u00fcr Ihr Kind. Beteiligen Sie sich aktiv an der psychomotorischen Entwicklung Ihres Kleinen mit unserem \"Busy Board mit Tragegriff\".<\/p>\n<p><strong><u>Jetzt kaufen!<\/u><\/strong> Und geben Sie Ihrem Kind die Kraft, zu lernen und dabei Spa\u00df zu haben!<\/p>","protected":false},"excerpt":{"rendered":"<p>Schenken Sie Ihrem Kind eine Welt voller Anregungen mit dem \"Busy Board mit Tragegriff\", einem spielerischen und p\u00e4dagogischen Wunderwerk.<\/p>\n<ul>\n<li>Inspiriert Kreativit\u00e4t und Vorstellungskraft,<\/li>\n<li>Sch\u00e4rft die manuelle Geschicklichkeit,<\/li>\n<li>Bietet eine sichere und unterhaltsame Lernerfahrung.<\/li>\n<\/ul>","protected":false},"featured_media":17366,"template":"","meta":[],"product_brand":[],"product_cat":[406,342,343],"product_tag":[],"class_list":{"0":"post-17367","1":"product","2":"type-product","3":"status-publish","4":"has-post-thumbnail","6":"product_cat-busy-board-montessori","7":"product_cat-jeux-montessori-1an-18mois","8":"product_cat-jeux-montessori-18mois-2ans","10":"first","11":"instock","12":"shipping-taxable","13":"purchasable","14":"product-type-simple"},"_links":{"self":[{"href":"https:\/\/das-montessori-spielzeug.de\/de\/wp-json\/wp\/v2\/product\/17367","targetHints":{"allow":["GET"]}}],"collection":[{"href":"https:\/\/das-montessori-spielzeug.de\/de\/wp-json\/wp\/v2\/product"}],"about":[{"href":"https:\/\/das-montessori-spielzeug.de\/de\/wp-json\/wp\/v2\/types\/product"}],"version-history":[{"count":0,"href":"https:\/\/das-montessori-spielzeug.de\/de\/wp-json\/wp\/v2\/product\/17367\/revisions"}],"wp:featuredmedia":[{"embeddable":true,"href":"https:\/\/das-montessori-spielzeug.de\/de\/wp-json\/wp\/v2\/media\/17366"}],"wp:attachment":[{"href":"https:\/\/das-montessori-spielzeug.de\/de\/wp-json\/wp\/v2\/media?parent=17367"}],"wp:term":[{"taxonomy":"product_brand","embeddable":true,"href":"https:\/\/das-montessori-spielzeug.de\/de\/wp-json\/wp\/v2\/product_brand?post=17367"},{"taxonomy":"product_cat","embeddable":true,"href":"https:\/\/das-montessori-spielzeug.de\/de\/wp-json\/wp\/v2\/product_cat?post=17367"},{"taxonomy":"product_tag","embeddable":true,"href":"https:\/\/das-montessori-spielzeug.de\/de\/wp-json\/wp\/v2\/product_tag?post=17367"}],"curies":[{"name":"wp","href":"https:\/\/api.w.org\/{rel}","templated":true}]}}