{"id":17361,"date":"2023-10-20T15:16:21","date_gmt":"2023-10-20T15:16:21","guid":{"rendered":"https:\/\/das-montessori-spielzeug.de\/?post_type=product&#038;p=17361"},"modified":"2025-03-22T23:44:10","modified_gmt":"2025-03-22T22:44:10","slug":"busy-board-montessori-automobil-2","status":"publish","type":"product","link":"https:\/\/das-montessori-spielzeug.de\/de\/product\/busy-board-montessori-automobil-2","title":{"rendered":"Busy Board Montessori Auto"},"content":{"rendered":"<h2>Entdecken Sie das Busy Board <\/h2>\n<p> Machen Sie das Lernen zum Spiel mit dem <strong>Busy Board im Look eines Lenkrads und Armaturenbretts eines Autos<\/strong>. Speziell entwickelt, um die motorischen F\u00e4higkeiten und den Einfallsreichtum Ihrer Kinder zu wecken und zu f\u00f6rdern. <\/p>\n<ul>\n<li><strong>Imagination :<\/strong> F\u00f6rdert die Entwicklung von Kreativit\u00e4t<\/li>\n<li><strong>Bildung :<\/strong> Stimuliert die Feinmotorik<\/li>\n<li><strong>Unterhaltung :<\/strong>  Garantiert stundenlangen, spannenden Spielspa\u00df<\/li>\n<\/ul>\n<h3>Ein Spielzeug, das das Lernen f\u00f6rdert<\/h3>\n<p>Die <em>Busy Board<\/em> ist kein Spielzeug wie jedes andere. Neben der Unterhaltung Ihrer Kinder bringt es <strong>eine unbestreitbare p\u00e4dagogische Seite<\/strong>. Die Schalter, der Schalthebel und die verschiedenen beweglichen Elemente erm\u00f6glichen es Ihrem Kind, seine Feinmotorik zu entwickeln und dabei Spa\u00df zu haben.<\/p>\n<h3>Die Aufregung des angehenden Autofahrers<\/h3>\n<p>Was gibt es Sch\u00f6neres f\u00fcr ein Kind, als in die Rolle eines echten Autofahrers zu schl\u00fcpfen? Mit dem <u>Busy Board<\/u>Wenn Sie sich mit dem Auto anfreunden, wird Ihr kleiner Fahrer das Gef\u00fchl haben, ein echtes Auto zu fahren. <\/p>\n<h2> Schenken Sie das beste Geschenk: das Busy Board \"Auto <\/h2>\n<p>Jetzt ist es an der Zeit, Ihrem Kind eine Freude zu machen. <strong>Schenken Sie ihr den <u>Busy Board<\/u><\/strong> und beobachten Sie, wie sein L\u00e4cheln mit jeder Drehung des Lenkrads breiter wird. Entscheiden Sie sich f\u00fcr intelligenten Spa\u00df - ein Zeichen f\u00fcr f\u00fcrsorgliche und moderne Eltern. <\/p>\n<h3>Abenteuer und Lernen garantiert<\/h3>\n<p>Das \"Busy Board\" ist mehr als nur ein Spielzeug. Es ist <em>ein Abenteuer<\/em>Eine Gelegenheit f\u00fcr Ihr Kind, zu wachsen und dabei Spa\u00df zu haben. Es ist eine einzigartige Erfahrung, das Lenkrad in der Hand zu halten, ein spielerischer Parcours f\u00fcr ein abwechslungsreiches und inspirierendes Lernen. <\/p>\n<h3>Handeln Sie f\u00fcr das Gl\u00fcck Ihres Kindes<\/h3>\n<p>Warten Sie keinen Augenblick mehr. <strong>Treffen Sie die Wahl des <u>Busy Board<\/u><\/strong> f\u00fcr das Gl\u00fcck und die Entwicklung Ihres Kindes. Besuchen Sie unseren Online-Shop und bestellen Sie jetzt. Seien Sie der aufgekl\u00e4rte Elternteil, der Spielen und Lernen miteinander verbindet. <\/p>\n<div>\n  <button>Klicken Sie hier, um das Busy Board zu kaufen<\/button>\n<\/div>","protected":false},"excerpt":{"rendered":"<p>Verschenken Sie das Abenteuer einer imagin\u00e4ren Fahrt mit dem <strong>Busy Board Version Auto<\/strong>Das Spiel, das entwickelt wurde, um Spiel, Bildung und die F\u00f6rderung des Einfallsreichtums miteinander zu verbinden. <\/p>\n<ul>\n<li><strong>Kreativit\u00e4t :<\/strong> Weckt die Fantasie<\/li>\n<li><strong>Lernen :<\/strong> Entwickelt die Feinmotorik<\/li>\n<li><strong>Unterhaltung :<\/strong>  Sorgt f\u00fcr stundenlangen Spa\u00df<\/li>\n<\/ul>","protected":false},"featured_media":17324,"template":"","meta":[],"product_brand":[],"product_cat":[406,342,343],"product_tag":[],"class_list":{"0":"post-17361","1":"product","2":"type-product","3":"status-publish","4":"has-post-thumbnail","6":"product_cat-busy-board-montessori","7":"product_cat-jeux-montessori-1an-18mois","8":"product_cat-jeux-montessori-18mois-2ans","10":"first","11":"outofstock","12":"shipping-taxable","13":"purchasable","14":"product-type-simple"},"_links":{"self":[{"href":"https:\/\/das-montessori-spielzeug.de\/de\/wp-json\/wp\/v2\/product\/17361","targetHints":{"allow":["GET"]}}],"collection":[{"href":"https:\/\/das-montessori-spielzeug.de\/de\/wp-json\/wp\/v2\/product"}],"about":[{"href":"https:\/\/das-montessori-spielzeug.de\/de\/wp-json\/wp\/v2\/types\/product"}],"version-history":[{"count":0,"href":"https:\/\/das-montessori-spielzeug.de\/de\/wp-json\/wp\/v2\/product\/17361\/revisions"}],"wp:featuredmedia":[{"embeddable":true,"href":"https:\/\/das-montessori-spielzeug.de\/de\/wp-json\/wp\/v2\/media\/17324"}],"wp:attachment":[{"href":"https:\/\/das-montessori-spielzeug.de\/de\/wp-json\/wp\/v2\/media?parent=17361"}],"wp:term":[{"taxonomy":"product_brand","embeddable":true,"href":"https:\/\/das-montessori-spielzeug.de\/de\/wp-json\/wp\/v2\/product_brand?post=17361"},{"taxonomy":"product_cat","embeddable":true,"href":"https:\/\/das-montessori-spielzeug.de\/de\/wp-json\/wp\/v2\/product_cat?post=17361"},{"taxonomy":"product_tag","embeddable":true,"href":"https:\/\/das-montessori-spielzeug.de\/de\/wp-json\/wp\/v2\/product_tag?post=17361"}],"curies":[{"name":"wp","href":"https:\/\/api.w.org\/{rel}","templated":true}]}}