{"id":17353,"date":"2023-10-20T15:16:07","date_gmt":"2023-10-20T15:16:07","guid":{"rendered":"https:\/\/das-montessori-spielzeug.de\/?post_type=product&#038;p=17353"},"modified":"2023-11-01T21:45:23","modified_gmt":"2023-11-01T21:45:23","slug":"magnetisches-sortierspiel-aus-holz-fur-kinder","status":"publish","type":"product","link":"https:\/\/das-montessori-spielzeug.de\/de\/product\/magnetisches-sortierspiel-aus-holz-fur-kinder","title":{"rendered":"Magnetisches Sortierspiel aus Holz f\u00fcr Kinder"},"content":{"rendered":"<h2>Entdecken Sie die Magnettafel Pickup Trucks<\/h2>\n<p>Pr\u00e4sentieren wir die <strong><i>Magnetbrett Pickup Truck<\/i><\/strong>- Ein spannendes Spielzeug, das die Feinmotorik f\u00f6rdert und gleichzeitig das Bewusstsein f\u00fcr die Bedeutung der M\u00fclltrennung sch\u00e4rft.<\/p>\n<ul>\n<li><b>Interaktivit\u00e4t garantiert:<\/b> Mit dem Magnetstift lassen sich kleine magnetische Abf\u00e4lle leicht bewegen!<\/li>\n<li><i>Erzieherisch und spielerisch:<\/i> F\u00f6rdert die Entwicklung der Feinmotorik und lehrt gute Recyclinggewohnheiten.<\/li>\n<li><strong>Ansprechendes Design:<\/strong> Das Bild des M\u00fcllwagens ist klar, farbenfroh und f\u00fcr Kinder ansprechend.<\/li>\n<\/ul>\n<h2>P\u00e4dagogisches und lustiges Spielzeug<\/h2>\n<p>Die <i><b>Magnetbrett Pickup Truck<\/b><\/i> ist nicht nur ein Spielzeug, sondern ein p\u00e4dagogisches Hilfsmittel. Mit diesem Spiel lernt Ihr Kind auf spielerische und interaktive Weise, wie wichtig Recycling ist. Die Aktivit\u00e4t des M\u00fclltrennens bietet eine Gelegenheit, spielerisch zu lernen.<\/p>\n<h3>Ein Spiel f\u00fcr flinke H\u00e4nde<\/h3>\n<p>Dieses Spiel f\u00f6rdert mit seinem Magnetstift die Entwicklung der Feinmotorik. Ideal f\u00fcr Kinder in der Lernphase.<\/p>\n<h2>Eine ideale Wahl f\u00fcr eine Geschenkidee<\/h2>\n<p> Suchen Sie ein einzigartiges und lehrreiches Geschenk f\u00fcr einen Geburtstag oder einen besonderen Anlass? Diese <u><b>Magnetbrett Pickup Truck<\/b><\/u> ist eine hervorragende Option.<\/p>\n<h3>Entdecken Sie den Umweltsch\u00fctzer in Ihrem Kind<\/h3>\n<p>Wenn Ihr Kind mit diesem Brett spielt, wird es sich der Bedeutung der M\u00fclltrennung bewusst. Eine sch\u00f6ne und spielerische Art, den Kleinen das Umweltbewusstsein zu vermitteln.<\/p>\n<p><b>Ihr Kind verdient dieses tolle Lernspielzeug, das ihm Freude bereitet und ihm gleichzeitig wichtige Werte vermittelt. Z\u00f6gern Sie nicht l\u00e4nger, legen Sie das Magnetbrett Pickup Truck jetzt in Ihren Warenkorb und machen Sie Ihren Kleinen eine Freude!<\/b><\/p>","protected":false},"excerpt":{"rendered":"<p>Machen Sie Ihren Kindern das Geschenk des bewussten Spiels mit der <i><b>Magnetbrett Pickup Truck<\/b><\/i>!<\/p>\n<ul>\n<li><b>Spielerisches Lernen:<\/b> F\u00f6rdert die Motorik und das Umweltbewusstsein.<\/li>\n<li><strong>Interaktives Spiel:<\/strong> M\u00fclltrennung macht Spa\u00df!<\/li>\n<li><i>Einzigartiges und lehrreiches Geschenk:<\/i> Originelle und bereichernde Geschenkidee.<\/li>\n<\/ul>","protected":false},"featured_media":17289,"template":"","meta":[],"product_brand":[],"product_cat":[374,344,345],"product_tag":[],"class_list":{"0":"post-17353","1":"product","2":"type-product","3":"status-publish","4":"has-post-thumbnail","6":"product_cat-jeu-adresse","7":"product_cat-jeux-montessori-2ans-3-ans","8":"product_cat-jeux-montessori-3ans-4-ans","10":"first","11":"instock","12":"shipping-taxable","13":"purchasable","14":"product-type-simple"},"_links":{"self":[{"href":"https:\/\/das-montessori-spielzeug.de\/de\/wp-json\/wp\/v2\/product\/17353","targetHints":{"allow":["GET"]}}],"collection":[{"href":"https:\/\/das-montessori-spielzeug.de\/de\/wp-json\/wp\/v2\/product"}],"about":[{"href":"https:\/\/das-montessori-spielzeug.de\/de\/wp-json\/wp\/v2\/types\/product"}],"version-history":[{"count":0,"href":"https:\/\/das-montessori-spielzeug.de\/de\/wp-json\/wp\/v2\/product\/17353\/revisions"}],"wp:featuredmedia":[{"embeddable":true,"href":"https:\/\/das-montessori-spielzeug.de\/de\/wp-json\/wp\/v2\/media\/17289"}],"wp:attachment":[{"href":"https:\/\/das-montessori-spielzeug.de\/de\/wp-json\/wp\/v2\/media?parent=17353"}],"wp:term":[{"taxonomy":"product_brand","embeddable":true,"href":"https:\/\/das-montessori-spielzeug.de\/de\/wp-json\/wp\/v2\/product_brand?post=17353"},{"taxonomy":"product_cat","embeddable":true,"href":"https:\/\/das-montessori-spielzeug.de\/de\/wp-json\/wp\/v2\/product_cat?post=17353"},{"taxonomy":"product_tag","embeddable":true,"href":"https:\/\/das-montessori-spielzeug.de\/de\/wp-json\/wp\/v2\/product_tag?post=17353"}],"curies":[{"name":"wp","href":"https:\/\/api.w.org\/{rel}","templated":true}]}}