{"id":17338,"date":"2023-10-20T15:15:47","date_gmt":"2023-10-20T15:15:47","guid":{"rendered":"https:\/\/das-montessori-spielzeug.de\/?post_type=product&#038;p=17338"},"modified":"2023-11-01T21:45:23","modified_gmt":"2023-11-01T21:45:23","slug":"busy-board-haus-montessori","status":"publish","type":"product","link":"https:\/\/das-montessori-spielzeug.de\/de\/product\/busy-board-haus-montessori","title":{"rendered":"Busy Board Montessori-Haus"},"content":{"rendered":"<h2> Entdecken Sie das Busy Board Maison, Ein Lernspielzeug par excellence <\/h2>\n<p>Die <strong>Busy Board Haus<\/strong> ist viel mehr als nur ein Spiel. Es ist eine Entdeckungswerkstatt, die jeden Winkel des Geistes Ihres Kindes anregt. Sorgf\u00e4ltig gefertigt, bietet es:<\/p>\n<p>- <strong>Vielfalt<\/strong>: 8 verschiedene interaktive Elemente, um die Aufmerksamkeit zu fesseln<br \/>\n- <strong>Bildung<\/strong>: F\u00f6rdert die sensorische Entwicklung und die Feinmotorik<br \/>\n- <strong>Engagement<\/strong>: Lernen geschieht spielerisch und sicher<\/p>\n<h3>F\u00f6rdern Sie die Neugier und Kreativit\u00e4t Ihres Kindes mit dem Busy Board Haus<\/h3>\n<p>Unser <u>Busy Board Haus<\/u> ist mehr als nur ein Spielzeug: Es ist ein Konzentrat aus Abenteuer und Entdeckungen. Kinder lieben es von Natur aus, zu erforschen, und dieses Tablett wurde entwickelt, um diese f\u00fcr ihre Entwicklung notwendige Neugier zu befriedigen. Sie werden es lieben, zu drehen, zu \u00f6ffnen, zu schlie\u00dfen und die acht Aktivit\u00e4ten voller \u00dcberraschungen zu entschl\u00fcsseln.<\/p>\n<h3>Feinmotorik und Erwachen der Sinne<\/h3>\n<p> Jede Interaktion mit dem <em>Busy Board Haus<\/em> ist eine Gelegenheit, zu lernen und zu wachsen. Manipulationsfertigkeiten, logisches Denken und Probleml\u00f6sung werden gef\u00f6rdert, und das alles in einem spielerischen Kontext.<\/p>\n<h2>Geben Sie Ihrem Kind das Beste mit dem Busy Board Haus<\/h2>\n<p> Das Spielzeug wurde streng auf die Sicherheit der Kinder getestet. Die verwendeten Materialien sind ungiftig und langlebig, so dass Eltern beruhigt sein k\u00f6nnen. <\/p>\n<h3>Un\u00fcbertroffener Bildungswert<\/h3>\n<p> Es ist an der Zeit, in ein Spielzeug zu investieren, das nicht nur eine gute Zeit, sondern vor allem intelligentes Lernen und kreative Erkundung bietet. Eine fr\u00f6hliche Lernreise wartet auf Ihr Kind. <\/p>\n<p> Machen Sie Ihrem Kleinkind eine Freude, klicken Sie auf \"Zum Warenkorb hinzuf\u00fcgen\". <strong><em>jetzt!<\/em><\/strong><\/p>","protected":false},"excerpt":{"rendered":"<p>Legen Sie die Welt der Entdeckungen auf die Fingerspitzen Ihres Kindes mit unserem unvergleichlichen <strong>Busy Board Haus<\/strong>.<\/p>\n<ul>\n<li>Acht fesselnde interaktive Aktivit\u00e4ten<\/li>\n<li>Feinmotorik und sensorisches Erwachen angeregt<\/li>\n<li>Langlebige und sichere Materialien<\/li>\n<\/ul>\n<p>Investieren Sie in die Entwicklung Ihres Kindes auf spielerische und intelligente Weise mit dem ultimativen Lernspielzeug, dem <strong>Busy Board Haus<\/strong>.<\/p>","protected":false},"featured_media":17333,"template":"","meta":[],"product_brand":[],"product_cat":[406,342,343],"product_tag":[],"class_list":{"0":"post-17338","1":"product","2":"type-product","3":"status-publish","4":"has-post-thumbnail","6":"product_cat-busy-board-montessori","7":"product_cat-jeux-montessori-1an-18mois","8":"product_cat-jeux-montessori-18mois-2ans","10":"first","11":"instock","12":"shipping-taxable","13":"purchasable","14":"product-type-simple"},"_links":{"self":[{"href":"https:\/\/das-montessori-spielzeug.de\/de\/wp-json\/wp\/v2\/product\/17338","targetHints":{"allow":["GET"]}}],"collection":[{"href":"https:\/\/das-montessori-spielzeug.de\/de\/wp-json\/wp\/v2\/product"}],"about":[{"href":"https:\/\/das-montessori-spielzeug.de\/de\/wp-json\/wp\/v2\/types\/product"}],"version-history":[{"count":0,"href":"https:\/\/das-montessori-spielzeug.de\/de\/wp-json\/wp\/v2\/product\/17338\/revisions"}],"wp:featuredmedia":[{"embeddable":true,"href":"https:\/\/das-montessori-spielzeug.de\/de\/wp-json\/wp\/v2\/media\/17333"}],"wp:attachment":[{"href":"https:\/\/das-montessori-spielzeug.de\/de\/wp-json\/wp\/v2\/media?parent=17338"}],"wp:term":[{"taxonomy":"product_brand","embeddable":true,"href":"https:\/\/das-montessori-spielzeug.de\/de\/wp-json\/wp\/v2\/product_brand?post=17338"},{"taxonomy":"product_cat","embeddable":true,"href":"https:\/\/das-montessori-spielzeug.de\/de\/wp-json\/wp\/v2\/product_cat?post=17338"},{"taxonomy":"product_tag","embeddable":true,"href":"https:\/\/das-montessori-spielzeug.de\/de\/wp-json\/wp\/v2\/product_tag?post=17338"}],"curies":[{"name":"wp","href":"https:\/\/api.w.org\/{rel}","templated":true}]}}