{"id":17323,"date":"2023-10-20T15:15:32","date_gmt":"2023-10-20T15:15:32","guid":{"rendered":"https:\/\/das-montessori-spielzeug.de\/?post_type=product&#038;p=17323"},"modified":"2023-11-01T21:45:14","modified_gmt":"2023-11-01T21:45:14","slug":"montessori-aktivitatswurfel-raketenform","status":"publish","type":"product","link":"https:\/\/das-montessori-spielzeug.de\/de\/product\/montessori-aktivitatswurfel-raketenform","title":{"rendered":"Montessori Aktivit\u00e4tsw\u00fcrfel - Raketenform"},"content":{"rendered":"<h2>Entdecken Sie unseren Montessori Activity Cube - Exzellente Lernunterhaltung!<\/h2>\n<p>Gleichzeitig spielerisch <strong>und<\/strong> Bildungswesen, unsere <u><em>W\u00fcrfel Montessori-Aktivit\u00e4ten<\/em><\/u> ist viel mehr als nur ein Spielzeug. Es regt die Neugier und Fantasie von Kleinkindern an und f\u00f6rdert ihre kognitive Entwicklung.<\/p>\n<ul>\n<li>F\u00f6rdert die Wachheit und die kognitive Entwicklung<\/li>\n<li>Regt die Vorstellungskraft und die Neugier an<\/li>\n<li>Bietet viele verschiedene Aktivit\u00e4ten an<\/li>\n<\/ul>\n<h2>Eine perfekte Wahl f\u00fcr die Bildung Ihrer Kinder<\/h2>\n<p>Die <strong><em>W\u00fcrfel Montessori-Aktivit\u00e4ten<\/em><\/strong>Das innovative und interaktive Spielbrett ist auf jeder Seite mit verschiedenen Aktivit\u00e4ten versehen, die ein vielseitiges und spielerisches Lernen erm\u00f6glichen. Lizenziert nach der ber\u00fchmten Montessori-Bildungsmethode, hilft es, die Konzentration, Koordination, Feinmotorik und Beobachtungsgabe des Kindes zu entwickeln.<\/p>\n<h3>Ein sicheres und hochwertiges Spielzeug<\/h3>\n<p>Dieser W\u00fcrfel wurde aus ungiftigen und umweltfreundlichen Materialien hergestellt, um die Sicherheit Ihrer Kinder zu gew\u00e4hrleisten. Dank seiner robusten und langlebigen Konstruktion ist er sto\u00dffest und widerstandsf\u00e4hig gegen wiederholte Handhabung.<\/p>\n<h3>Speziell f\u00fcr kleine H\u00e4nde entwickelt<\/h3>\n<p>Mit seinen weichen Kanten und den leicht zu greifenden Teilen ist der <strong>W\u00fcrfel Montessori-Aktivit\u00e4ten<\/strong> hat eine ideale Gr\u00f6\u00dfe f\u00fcr kleine, neugierige H\u00e4nde. Seine abnehmbare Konstruktion macht das Verstauen au\u00dferdem schnell und einfach.<\/p>\n<h2>Warum sollten Sie sich f\u00fcr den Montessori Activity Cube entscheiden?<\/h2>\n<p>Das Beste an unserem <u>W\u00fcrfel Montessori-Aktivit\u00e4ten<\/u>Es bietet Kindern Spa\u00df beim Lernen und sorgt f\u00fcr stundenlanges Vergn\u00fcgen. Die Investition in dieses Spielzeug garantiert Ihrem Kind eine optimale F\u00f6rderung seiner Entwicklung und eine bereichernde Entdeckung der Welt um es herum.<\/p>\n<h3><em>Handeln Sie jetzt!<\/em><\/h3>\n<p>Lassen Sie sich diese Gelegenheit nicht entgehen, Ihrem Kind ein hochwertiges Lernmittel an die Hand zu geben, das unterh\u00e4lt und gleichzeitig bildet. <strong>Bestellen Sie Ihren Montessori Aktivit\u00e4ten W\u00fcrfel jetzt und beobachten Sie Ihr Kind beim Erforschen, Lernen und Wachsen!<\/strong><\/p>","protected":false},"excerpt":{"rendered":"<p>Der Montessori Activity Cube - Ein spielerischer und p\u00e4dagogischer Verb\u00fcndeter f\u00fcr die F\u00f6rderung Ihrer Kinder!<\/p>\n<ul>\n<li>Vielseitiges und interaktives Lernen<\/li>\n<li>Hergestellt aus sicheren Materialien<\/li>\n<li>Design f\u00fcr kleine H\u00e4nde geeignet<\/li>\n<\/ul>","protected":false},"featured_media":17294,"template":"","meta":[],"product_brand":[],"product_cat":[406,342,343],"product_tag":[],"class_list":{"0":"post-17323","1":"product","2":"type-product","3":"status-publish","4":"has-post-thumbnail","6":"product_cat-busy-board-montessori","7":"product_cat-jeux-montessori-1an-18mois","8":"product_cat-jeux-montessori-18mois-2ans","10":"first","11":"instock","12":"shipping-taxable","13":"purchasable","14":"product-type-simple"},"_links":{"self":[{"href":"https:\/\/das-montessori-spielzeug.de\/de\/wp-json\/wp\/v2\/product\/17323","targetHints":{"allow":["GET"]}}],"collection":[{"href":"https:\/\/das-montessori-spielzeug.de\/de\/wp-json\/wp\/v2\/product"}],"about":[{"href":"https:\/\/das-montessori-spielzeug.de\/de\/wp-json\/wp\/v2\/types\/product"}],"version-history":[{"count":0,"href":"https:\/\/das-montessori-spielzeug.de\/de\/wp-json\/wp\/v2\/product\/17323\/revisions"}],"wp:featuredmedia":[{"embeddable":true,"href":"https:\/\/das-montessori-spielzeug.de\/de\/wp-json\/wp\/v2\/media\/17294"}],"wp:attachment":[{"href":"https:\/\/das-montessori-spielzeug.de\/de\/wp-json\/wp\/v2\/media?parent=17323"}],"wp:term":[{"taxonomy":"product_brand","embeddable":true,"href":"https:\/\/das-montessori-spielzeug.de\/de\/wp-json\/wp\/v2\/product_brand?post=17323"},{"taxonomy":"product_cat","embeddable":true,"href":"https:\/\/das-montessori-spielzeug.de\/de\/wp-json\/wp\/v2\/product_cat?post=17323"},{"taxonomy":"product_tag","embeddable":true,"href":"https:\/\/das-montessori-spielzeug.de\/de\/wp-json\/wp\/v2\/product_tag?post=17323"}],"curies":[{"name":"wp","href":"https:\/\/api.w.org\/{rel}","templated":true}]}}