{"id":17319,"date":"2023-10-20T15:15:29","date_gmt":"2023-10-20T15:15:29","guid":{"rendered":"https:\/\/das-montessori-spielzeug.de\/?post_type=product&#038;p=17319"},"modified":"2023-11-01T21:45:14","modified_gmt":"2023-11-01T21:45:14","slug":"mom-dad-busy-board-montessori-naturholz","status":"publish","type":"product","link":"https:\/\/das-montessori-spielzeug.de\/de\/product\/mom-dad-busy-board-montessori-naturholz","title":{"rendered":"Mom Dad Busy Board Montessori Holz Natur"},"content":{"rendered":"<h2> Vorstellung des Holzbusyboards <\/h2>\n<p> Entdecken Sie unsere <b>Busyboard fast vollst\u00e4ndig aus Holz<\/b>ist Ihr neuer Verb\u00fcndeter, um Ihren kleinen Schatz zu besch\u00e4ftigen und zu f\u00f6rdern. Mit Leidenschaft und Liebe zum Detail gestaltet, beherbergt dieses Activity Board 11 spielerische Komponenten, die die Fantasie und die Motorik Ihres Kindes anregen sollen.<\/p>\n<ul>\n<li><b>Regt die Vorstellungskraft an:<\/b> Jedes Element wurde so ausgew\u00e4hlt, dass es die Kreativit\u00e4t und Fantasie Ihres Kleinen f\u00f6rdert.<\/li>\n<li><b>Verbessert die motorischen F\u00e4higkeiten:<\/b> Die Verwendung dieses Activity Boards st\u00e4rkt die Feinmotorik und die Hand-Augen-Koordination.<\/li>\n<li><b>Qualitativ hochwertige Materialien:<\/b> Das erstklassige Holz garantiert die Langlebigkeit und Sicherheit des Spielzeugs.<\/li>\n<\/ul>\n<h2> Ein vielseitiges Spielzeug f\u00fcr ein komplettes Erwachen <\/h2>\n<p> Unser <i>Busyboard aus Holz<\/i> ist nicht einfach nur ein Spielzeug. Es wurde als echte Spielstation konzipiert, die Ihrem Kind stundenlange Unterhaltung garantiert. Jede Komponente wurde sorgf\u00e4ltig durchdacht, um eine angemessene und ausgewogene Stimulation zu bieten und so die vollst\u00e4ndige Entwicklung des Kindes zu f\u00f6rdern.<\/p>\n<h2> Warum sollten Sie sich f\u00fcr Unser Holzbusyboard entscheiden? <\/h2>\n<h3> Nachhaltig und sicher <\/h3>\n<p> Unser <u>Busyboard aus Holz<\/u> ist aus hochwertigsten Materialien gefertigt, die sowohl die Haltbarkeit des Spielzeugs als auch die Sicherheit Ihres Kindes gew\u00e4hrleisten. Die abgerundeten Ecken und die sorgf\u00e4ltige Verarbeitung machen es zu einem zuverl\u00e4ssigen und beruhigenden Produkt f\u00fcr die Eltern. <\/p>\n<h3> Ein perfektes Geschenk <\/h3>\n<p> Diese <b>Busyboard<\/b> ist das ideale Geschenk f\u00fcr kleine, neugierige Kinder. Es verspricht eine Zeit voller Spa\u00df und Entdeckungen f\u00fcr Ihr Kind. Au\u00dferdem passt sein elegantes und nat\u00fcrliches Design perfekt in jedes Kinderzimmer.<\/p>\n<p> Verpassen Sie nicht diese einmalige Gelegenheit, auf spielerische Weise zur F\u00f6rderung und Entwicklung Ihres Kindes beizutragen! <\/b>Bestellen Sie jetzt Ihr Busyboard aus Holz.<\/b> <\/p>","protected":false},"excerpt":{"rendered":"<p>F\u00f6rdern Sie die Entwicklung Ihres Kindes mit unserem Busyboard aus echtem Holz, das von spielerischen und anregenden Aktivit\u00e4ten vibriert!<\/p>\n<ul>\n<li><b>Vorstellungskraft in Aufruhr<\/b><\/li>\n<li><b>\u00dcbung zur Feinmotorik<\/b><\/li>\n<li><b>Langlebiges und sicheres Spielzeug<\/b><\/li>\n<\/ul>\n<p>Das Busyboard aus Holz bietet eine brillante Kombination aus spielerischem Lernen und nat\u00fcrlicher Einfachheit. Es ist nicht nur ein Spielzeug, sondern eine F\u00fclle von Erfahrungen f\u00fcr Ihren kleinen Entdecker!<\/p>","protected":false},"featured_media":17299,"template":"","meta":[],"product_brand":[],"product_cat":[406,342,343],"product_tag":[],"class_list":{"0":"post-17319","1":"product","2":"type-product","3":"status-publish","4":"has-post-thumbnail","6":"product_cat-busy-board-montessori","7":"product_cat-jeux-montessori-1an-18mois","8":"product_cat-jeux-montessori-18mois-2ans","10":"first","11":"instock","12":"shipping-taxable","13":"purchasable","14":"product-type-simple"},"_links":{"self":[{"href":"https:\/\/das-montessori-spielzeug.de\/de\/wp-json\/wp\/v2\/product\/17319","targetHints":{"allow":["GET"]}}],"collection":[{"href":"https:\/\/das-montessori-spielzeug.de\/de\/wp-json\/wp\/v2\/product"}],"about":[{"href":"https:\/\/das-montessori-spielzeug.de\/de\/wp-json\/wp\/v2\/types\/product"}],"version-history":[{"count":0,"href":"https:\/\/das-montessori-spielzeug.de\/de\/wp-json\/wp\/v2\/product\/17319\/revisions"}],"wp:featuredmedia":[{"embeddable":true,"href":"https:\/\/das-montessori-spielzeug.de\/de\/wp-json\/wp\/v2\/media\/17299"}],"wp:attachment":[{"href":"https:\/\/das-montessori-spielzeug.de\/de\/wp-json\/wp\/v2\/media?parent=17319"}],"wp:term":[{"taxonomy":"product_brand","embeddable":true,"href":"https:\/\/das-montessori-spielzeug.de\/de\/wp-json\/wp\/v2\/product_brand?post=17319"},{"taxonomy":"product_cat","embeddable":true,"href":"https:\/\/das-montessori-spielzeug.de\/de\/wp-json\/wp\/v2\/product_cat?post=17319"},{"taxonomy":"product_tag","embeddable":true,"href":"https:\/\/das-montessori-spielzeug.de\/de\/wp-json\/wp\/v2\/product_tag?post=17319"}],"curies":[{"name":"wp","href":"https:\/\/api.w.org\/{rel}","templated":true}]}}