{"id":17311,"date":"2023-10-20T15:15:19","date_gmt":"2023-10-20T15:15:19","guid":{"rendered":"https:\/\/das-montessori-spielzeug.de\/?post_type=product&#038;p=17311"},"modified":"2023-11-01T21:45:14","modified_gmt":"2023-11-01T21:45:14","slug":"busy-board-montessori-feuerwehrauto","status":"publish","type":"product","link":"https:\/\/das-montessori-spielzeug.de\/de\/product\/busy-board-montessori-feuerwehrauto","title":{"rendered":"Busy Board Montessori Feuerwehrauto"},"content":{"rendered":"<p><h2>Verwandeln Sie die Spielzeit mit unserem unglaublichen <strong>Buy Board in Form eines Feuerwehrautos mit Schrauben zum Anschrauben<\/strong>!<\/h2><\/p>\n<p>Verschaffen Sie Ihren Kindern ein unvergessliches Spielerlebnis mit unserem <u>Buy Board<\/u> in Form eines Feuerwehrautos. Es ist viel mehr als nur ein Spielzeug. Finden Sie heraus, warum:<\/p>\n<ul>\n<li>F\u00f6rdert die motorische Geschicklichkeit und das kognitive Lernen<\/li>\n<li>regt die Kreativit\u00e4t und Fantasie der Kinder an<\/li>\n<li>Entwickelt, um Sicherheit beim Spielen zu gew\u00e4hrleisten<\/li>\n<\/ul>\n<p><h3>Faszinieren Sie mit Emotional Learning<\/h3><\/p>\n<p>Unser <em>Buy Board<\/em> ist ein perfektes Lehrmittel, mit dem Sie Ihren Kindern helfen k\u00f6nnen, ihre motorischen F\u00e4higkeiten zu entwickeln. <b>Schrauben Sie<\/b> und <b>abschrauben<\/b> der M\u00fcnzen f\u00f6rdert das Erlernen pr\u00e4ziser Bewegungen und die Hand-Augen-Koordination.<\/p>\n<p><h3>Entfesseln Sie Kreativit\u00e4t und Vorstellungskraft<\/h3><\/p>\n<p>Die einzigartige Form des Feuerwehrautos wird die Aufmerksamkeit Ihrer Kinder auf sich ziehen und ihre Neugierde anregen. Sie werden es lieben, ihre Lieblingsszenarien von Notf\u00e4llen und Rettungsaktionen nachzuspielen, und ihnen so erm\u00f6glichen <i>ihre Vorstellungskraft entfesseln<\/i> und neue Ideen zu erforschen.<\/p>\n<p><h2>Maximale Sicherheit f\u00fcr Ihren Seelenfrieden<\/h2><\/p>\n<p>Wir verstehen, dass die Sicherheit Ihrer Kinder Ihr wichtigstes Anliegen ist. Unser Buy Board ist mit weichen Kanten und ungiftigen Materialien gestaltet. Au\u00dferdem sind die Teile gro\u00df genug, um die Erstickungsgefahr zu beseitigen.<\/p>\n<p><h3>Das perfekte Geschenk f\u00fcr jedes Kind<\/h3><\/p>\n<p>Wenn Sie ein Geschenk suchen, das sowohl unterhaltsam als auch lehrreich ist, brauchen Sie nicht weiter zu suchen. Schenken Sie es den kleinen Helden Ihres Lebens und beobachten Sie, wie ihre Augen vor Freude und Aufregung leuchten!<\/p>\n<p><strong>Warten Sie nicht l\u00e4nger, bestellen Sie das Buy Board in Form eines Feuerwehrautos mit Schrauben noch heute und verwandeln Sie die Spielstunde Ihrer Kinder!<\/strong><\/p>","protected":false},"excerpt":{"rendered":"<p>Bieten Sie Ihren kleinen Helden ein anregendes und sicheres Spielerlebnis mit unserem Buy Board in Form eines Feuerwehrautos mit Schrauben zum Anschrauben. Finden Sie heraus, wodurch es sich auszeichnet:<\/p>\n<ul>\n<li>F\u00f6rdert motorische Geschicklichkeit und Lernen<\/li>\n<li>Befreit Kreativit\u00e4t und Vorstellungskraft<\/li>\n<li>Garantiert maximale Sicherheit<\/li>\n<\/ul>","protected":false},"featured_media":17307,"template":"","meta":[],"product_brand":[],"product_cat":[406,342,343],"product_tag":[],"class_list":{"0":"post-17311","1":"product","2":"type-product","3":"status-publish","4":"has-post-thumbnail","6":"product_cat-busy-board-montessori","7":"product_cat-jeux-montessori-1an-18mois","8":"product_cat-jeux-montessori-18mois-2ans","10":"first","11":"instock","12":"shipping-taxable","13":"purchasable","14":"product-type-simple"},"_links":{"self":[{"href":"https:\/\/das-montessori-spielzeug.de\/de\/wp-json\/wp\/v2\/product\/17311","targetHints":{"allow":["GET"]}}],"collection":[{"href":"https:\/\/das-montessori-spielzeug.de\/de\/wp-json\/wp\/v2\/product"}],"about":[{"href":"https:\/\/das-montessori-spielzeug.de\/de\/wp-json\/wp\/v2\/types\/product"}],"version-history":[{"count":0,"href":"https:\/\/das-montessori-spielzeug.de\/de\/wp-json\/wp\/v2\/product\/17311\/revisions"}],"wp:featuredmedia":[{"embeddable":true,"href":"https:\/\/das-montessori-spielzeug.de\/de\/wp-json\/wp\/v2\/media\/17307"}],"wp:attachment":[{"href":"https:\/\/das-montessori-spielzeug.de\/de\/wp-json\/wp\/v2\/media?parent=17311"}],"wp:term":[{"taxonomy":"product_brand","embeddable":true,"href":"https:\/\/das-montessori-spielzeug.de\/de\/wp-json\/wp\/v2\/product_brand?post=17311"},{"taxonomy":"product_cat","embeddable":true,"href":"https:\/\/das-montessori-spielzeug.de\/de\/wp-json\/wp\/v2\/product_cat?post=17311"},{"taxonomy":"product_tag","embeddable":true,"href":"https:\/\/das-montessori-spielzeug.de\/de\/wp-json\/wp\/v2\/product_tag?post=17311"}],"curies":[{"name":"wp","href":"https:\/\/api.w.org\/{rel}","templated":true}]}}