{"id":17290,"date":"2023-10-20T15:14:45","date_gmt":"2023-10-20T15:14:45","guid":{"rendered":"https:\/\/das-montessori-spielzeug.de\/?post_type=product&#038;p=17290"},"modified":"2023-11-01T21:45:14","modified_gmt":"2023-11-01T21:45:14","slug":"montessori-aktivitatsbrett-transportabel-9-elemente","status":"publish","type":"product","link":"https:\/\/das-montessori-spielzeug.de\/de\/product\/montessori-aktivitatsbrett-transportabel-9-elemente","title":{"rendered":"Montessori Activity Board Transportable - 9 Elemente"},"content":{"rendered":"<p><h2>Einf\u00fchrung des \"Busy Board\" mit Tragegriff<\/h2><\/p>\n<p>Entdecken Sie unsere <b>Busy Board<\/b>. Eine farbenfrohe und interaktive Aktivit\u00e4tentafel mit <u>Tragegriff<\/u>Dieses Spielger\u00e4t wurde entwickelt, um die Sinne Ihres Kindes zu stimulieren und seine motorischen F\u00e4higkeiten zu entwickeln. Vollst\u00e4ndig ausgestattet mit <b>neun Besch\u00e4ftigungselemente<\/b>Das ist das perfekte Werkzeug, um Ihrem Kind etwas beizubringen und dabei Spa\u00df zu haben.<\/p>\n<ul>\n<li>Verbessert die feinmotorischen F\u00e4higkeiten<\/li>\n<li>Regt spielerisch zum Lernen an <\/li>\n<li>Einfacher Transport dank des Tragegriffs<\/li>\n<\/ul>\n<p><h3>Besch\u00e4ftigungsstunden mit Lernzuwachs!<\/h3><br \/>\nDenken Sie an all die Zeiten, in denen Sie einen Superhelfer h\u00e4tten einsetzen k\u00f6nnen, um Ihr Kind zu besch\u00e4ftigen. Nun, Ihr Retter ist hier. Lernen und Spielen verbinden sich in diesem <b>Busy Board<\/b>. Die neun Besch\u00e4ftigungselemente bieten eine Reihe von spielerischen Aktivit\u00e4ten, die Ihr Kind stundenlang fesseln werden.<\/p>\n<p><h3>Einfach zu transportieren, spa\u00dfig zu benutzen!<\/h3><br \/>\nDank des integrierten Tragegriffs kann Ihr Kind diesen einfach mitnehmen <u>Busy Board<\/u> \u00fcberall hin. Egal, ob Sie auf Reisen gehen, einen Besuch machen oder einfach nur in einem anderen Raum sind, der Spa\u00df Ihres Kindes wird Ihnen folgen!<\/p>\n<p><h2>Das perfekte Lernmittel f\u00fcr Ihr Kind<\/h2><br \/>\nAusgestattet mit verschiedenen Lernaktivit\u00e4ten ist unser <u>Busy Board<\/u> regt nicht nur die Fantasie Ihres Kindes an, sondern weckt auch seine Neugierde auf die Welt um ihn herum. Ideal f\u00fcr Eltern, die ihrem Kind eine anregungsreiche Umgebung bieten m\u00f6chten.<\/p>\n<p><h3> Nutzen Sie diese Gelegenheit!<\/h3><br \/>\nKurz gesagt: F\u00fcr Eltern, denen die spielerische Erziehung ihres Kindes am Herzen liegt, ist dieses Werkzeug <b>unverzichtbar<\/b>. Worauf warten Sie also noch? Besuchen Sie unseren E-Commerce, f\u00fcgen Sie die <b>Busy Board mit Tragegriff<\/b> noch heute in den Warenkorb und schenken Sie Ihrem Kind das Geschenk des lustigen und interaktiven Lernens!<\/p>","protected":false},"excerpt":{"rendered":"<p>Garantiert spielerisches Eintauchen mit unserem <b>Busy Board<\/b> mit Tragegriff, der ideale Lernbegleiter f\u00fcr neugierige und aktive Kinder!<\/p>\n<ul>\n<li>Steigert das spielerische Lernen<\/li>\n<li>Stimuliert die Feinmotorik<\/li>\n<li>Einfacher und bequemer Transport <\/li>\n<\/ul>\n<p>W\u00e4hlen Sie den <b>Busy Board<\/b>ist eine Investition in die Entwicklung Ihres Kindes und garantiert stundenlanges, bereicherndes Vergn\u00fcgen in greifbarer N\u00e4he. Die Abenteuer sind nun grenzenlos, mit einfachem Zugang zu einer Vielzahl von Bildungsanreizen, zu Hause oder unterwegs.<\/p>\n<ul>\n<li>Weckt nat\u00fcrliche Neugier<\/li>\n<li>Begleitet Reisen und Reisen<\/li>\n<li>F\u00f6rdert die Selbstst\u00e4ndigkeit des Kindes<\/li>\n<\/ul>","protected":false},"featured_media":17288,"template":"","meta":[],"product_brand":[],"product_cat":[406,342,343],"product_tag":[],"class_list":{"0":"post-17290","1":"product","2":"type-product","3":"status-publish","4":"has-post-thumbnail","6":"product_cat-busy-board-montessori","7":"product_cat-jeux-montessori-1an-18mois","8":"product_cat-jeux-montessori-18mois-2ans","10":"first","11":"instock","12":"shipping-taxable","13":"purchasable","14":"product-type-simple"},"_links":{"self":[{"href":"https:\/\/das-montessori-spielzeug.de\/de\/wp-json\/wp\/v2\/product\/17290","targetHints":{"allow":["GET"]}}],"collection":[{"href":"https:\/\/das-montessori-spielzeug.de\/de\/wp-json\/wp\/v2\/product"}],"about":[{"href":"https:\/\/das-montessori-spielzeug.de\/de\/wp-json\/wp\/v2\/types\/product"}],"version-history":[{"count":0,"href":"https:\/\/das-montessori-spielzeug.de\/de\/wp-json\/wp\/v2\/product\/17290\/revisions"}],"wp:featuredmedia":[{"embeddable":true,"href":"https:\/\/das-montessori-spielzeug.de\/de\/wp-json\/wp\/v2\/media\/17288"}],"wp:attachment":[{"href":"https:\/\/das-montessori-spielzeug.de\/de\/wp-json\/wp\/v2\/media?parent=17290"}],"wp:term":[{"taxonomy":"product_brand","embeddable":true,"href":"https:\/\/das-montessori-spielzeug.de\/de\/wp-json\/wp\/v2\/product_brand?post=17290"},{"taxonomy":"product_cat","embeddable":true,"href":"https:\/\/das-montessori-spielzeug.de\/de\/wp-json\/wp\/v2\/product_cat?post=17290"},{"taxonomy":"product_tag","embeddable":true,"href":"https:\/\/das-montessori-spielzeug.de\/de\/wp-json\/wp\/v2\/product_tag?post=17290"}],"curies":[{"name":"wp","href":"https:\/\/api.w.org\/{rel}","templated":true}]}}